{"id":501,"date":"2023-07-07T08:17:53","date_gmt":"2023-07-07T11:17:53","guid":{"rendered":"https:\/\/portal.uern.br\/facem\/detur\/?page_id=501"},"modified":"2023-10-24T09:34:54","modified_gmt":"2023-10-24T12:34:54","slug":"corpo-docente","status":"publish","type":"page","link":"https:\/\/portal.uern.br\/facem\/detur\/corpo-docente\/","title":{"rendered":"Corpo Docente"},"content":{"rendered":"<p><strong><img fetchpriority=\"high\" decoding=\"async\" class=\"aligncenter\" src=\"https:\/\/www.uern.br\/controledepaginas\/depto-turismo-corpo-docente\/imagens\/1333corpo_docente.jpg\" alt=\"\" width=\"576\" height=\"251\" \/><\/strong><\/p>\n<hr \/>\n<p style=\"text-align: left\"><strong><img decoding=\"async\" class=\"alignnone\" src=\"https:\/\/www.uern.br\/controledepaginas\/depto-turismo-corpo-docente\/imagens\/1333foto_andrea.jpeg\" alt=\"\" width=\"145\" height=\"143\" \/> <\/strong><\/p>\n<p style=\"text-align: left\"><strong>Professora Mestre Andr\u00e9a Ara\u00fajo de Jesus<\/strong><\/p>\n<p style=\"text-align: left\">Email:\u00a0andreaaraujo@uern.br<\/p>\n<p style=\"text-align: left\">Curr\u00edculo Lattes:\u00a0<a href=\"http:\/\/lattes.cnpq.br\/9147669721761961\" target=\"_blank\" rel=\"noopener\"><img decoding=\"async\" src=\"https:\/\/www.uern.br\/controledepaginas\/depto-turismo-corpo-docente\/imagens\/133315.png\" alt=\"\" width=\"50\" height=\"50\" align=\"middle\" \/><\/a><\/p>\n<hr \/>\n<p style=\"text-align: left\"><img loading=\"lazy\" decoding=\"async\" class=\"\" src=\"https:\/\/www.uern.br\/controledepaginas\/depto-turismo-corpo-docente\/imagens\/1333foto_claudia.jpg\" alt=\"\" width=\"145\" height=\"191\" \/><\/p>\n<p style=\"text-align: left\"><strong>Professora Mestre Cl\u00e1udia Regina Tavares do Nascimento<\/strong><\/p>\n<p style=\"text-align: left\">E-mail: claudiatavares@uern.br<\/p>\n<p style=\"text-align: left\">Curr\u00edculo Lattes: <a href=\"http:\/\/lattes.cnpq.br\/4698215373459783\" target=\"_blank\" rel=\"noopener\"><img decoding=\"async\" src=\"https:\/\/www.uern.br\/controledepaginas\/depto-turismo-corpo-docente\/imagens\/133315.png\" alt=\"\" width=\"50\" height=\"50\" align=\"middle\" \/><\/a><\/p>\n<hr \/>\n<p style=\"text-align: left\"><img loading=\"lazy\" decoding=\"async\" class=\"\" src=\"https:\/\/www.uern.br\/controledepaginas\/depto-turismo-corpo-docente\/imagens\/1333foto_jean.jpeg\" alt=\"\" width=\"145\" height=\"189\" \/><\/p>\n<p style=\"text-align: left\"><strong>Professor Doutor Jean Henrique Costa<\/strong><\/p>\n<p style=\"text-align: left\">E-mail: jeanhenrique@uern.br<\/p>\n<p style=\"text-align: left\">Curr\u00edculo Lattes: <a href=\"http:\/\/lattes.cnpq.br\/1637929291576764\" target=\"_blank\" rel=\"noopener\"><img decoding=\"async\" src=\"https:\/\/www.uern.br\/controledepaginas\/depto-turismo-corpo-docente\/imagens\/133315.png\" alt=\"\" width=\"50\" height=\"50\" align=\"middle\" \/><\/a><\/p>\n<hr \/>\n<p style=\"text-align: left\"><img loading=\"lazy\" decoding=\"async\" class=\"\" src=\"https:\/\/www.uern.br\/controledepaginas\/depto-turismo-corpo-docente\/imagens\/1333whatsapp_image_2020_06_04_at_11.48.14.jpeg\" alt=\"MICHELE DE SOUSA\" width=\"145\" height=\"177\" \/><\/p>\n<p style=\"text-align: left\"><strong>Professora Doutora Michele de Sousa<\/strong><\/p>\n<p style=\"text-align: left\">E-mail: michelesousa@uern.br<\/p>\n<p style=\"text-align: left\">Curr\u00edculo Lattes: <a href=\"http:\/\/lattes.cnpq.br\/6455223131688574\" target=\"_blank\" rel=\"noopener\"><img decoding=\"async\" src=\"https:\/\/www.uern.br\/controledepaginas\/depto-turismo-corpo-docente\/imagens\/133315.png\" alt=\"\" width=\"50\" height=\"50\" align=\"middle\" \/><\/a><\/p>\n<hr \/>\n<p style=\"text-align: left\"><strong><img loading=\"lazy\" decoding=\"async\" class=\"\" src=\"https:\/\/www.uern.br\/controledepaginas\/depto-turismo-corpo-docente\/imagens\/1333foto_rai_2.jpeg\" alt=\"\" width=\"145\" height=\"182\" \/><\/strong><\/p>\n<p style=\"text-align: left\"><strong>Professora Mestre Raimunda Maria Marques de Azevedo<\/strong><\/p>\n<p style=\"text-align: left\">E-mail: marquesazevedo@uern.br<\/p>\n<p style=\"text-align: left\">Curr\u00edculo Lattes: <a href=\"http:\/\/lattes.cnpq.br\/9280823541520144\" target=\"_blank\" rel=\"noopener\"><img decoding=\"async\" src=\"https:\/\/www.uern.br\/controledepaginas\/depto-turismo-corpo-docente\/imagens\/133315.png\" alt=\"\" width=\"50\" height=\"50\" align=\"middle\" \/><\/a><\/p>\n<hr \/>\n<p style=\"text-align: left\"><strong><img loading=\"lazy\" decoding=\"async\" class=\"\" src=\"https:\/\/www.uern.br\/controledepaginas\/depto-turismo-corpo-docente\/imagens\/1333foto_rangel.jpeg\" alt=\"\" width=\"145\" height=\"202\" \/><\/strong><\/p>\n<p style=\"text-align: left\"><strong>Professor Mestre Roberto Rangel Pereira<\/strong><\/p>\n<p style=\"text-align: left\">E-mail: robertorangel@uern.br<\/p>\n<p style=\"text-align: left\">Curr\u00edculo Lattes: <a href=\"http:\/\/lattes.cnpq.br\/0600978862994888\" target=\"_blank\" rel=\"noopener\"><img decoding=\"async\" src=\"https:\/\/www.uern.br\/controledepaginas\/depto-turismo-corpo-docente\/imagens\/133315.png\" alt=\"\" width=\"50\" height=\"50\" align=\"middle\" \/><\/a><\/p>\n<hr \/>\n<p style=\"text-align: left\"><strong><img loading=\"lazy\" decoding=\"async\" class=\"\" src=\"https:\/\/www.uern.br\/controledepaginas\/depto-turismo-corpo-docente\/imagens\/1333foto_rosa.jpg\" alt=\"\" width=\"145\" height=\"241\" \/><\/strong><\/p>\n<p style=\"text-align: left\"><strong>Professora Doutora Rosa Maria Rodrigues Lopes<\/strong><\/p>\n<p style=\"text-align: left\">E-mail: rosarodrigues@uern.br<\/p>\n<p style=\"text-align: left\">Curr\u00edculo Lattes: <a href=\"http:\/\/lattes.cnpq.br\/7794500005574533\" target=\"_blank\" rel=\"noopener\"><img decoding=\"async\" src=\"https:\/\/www.uern.br\/controledepaginas\/depto-turismo-corpo-docente\/imagens\/133315.png\" alt=\"\" width=\"50\" height=\"50\" align=\"middle\" \/><\/a><\/p>\n<hr \/>\n<p style=\"text-align: left\"><strong><img loading=\"lazy\" decoding=\"async\" class=\"\" src=\"https:\/\/www.uern.br\/controledepaginas\/depto-turismo-corpo-docente\/imagens\/1333foto_salete.jpeg\" alt=\"\" width=\"145\" height=\"204\" \/><\/strong><\/p>\n<p style=\"text-align: left\"><strong>Professora Doutora Salete Gon\u00e7alves<\/strong><\/p>\n<p style=\"text-align: left\">E-mail: saletegoncalves@uern.br<\/p>\n<p style=\"text-align: left\">Curr\u00edculo Lattes: <a href=\"http:\/\/lattes.cnpq.br\/9041519482141854\" target=\"_blank\" rel=\"noopener\"><img decoding=\"async\" src=\"https:\/\/www.uern.br\/controledepaginas\/depto-turismo-corpo-docente\/imagens\/133315.png\" alt=\"\" width=\"50\" height=\"50\" align=\"middle\" \/><\/a><a href=\"http:\/\/lattes.cnpq.br\/9041519482141854\" target=\"_blank\" rel=\"noopener\"><br \/>\n<\/a><\/p>\n<hr \/>\n<p style=\"text-align: left\"><strong><img loading=\"lazy\" decoding=\"async\" class=\"\" src=\"https:\/\/www.uern.br\/controledepaginas\/depto-turismo-corpo-docente\/imagens\/1333img_20170609_wa0023.jpg\" alt=\"SAULO GOMES\" width=\"145\" height=\"198\" \/><\/strong><\/p>\n<p style=\"text-align: left\"><strong>Professor Doutor Saulo Gomes Batista<\/strong><\/p>\n<p style=\"text-align: left\">E-mail: gomesbatista@uern.br<\/p>\n<p style=\"text-align: left\">Curr\u00edculo Lattes:<a href=\"http:\/\/lattes.cnpq.br\/4472031870569213\" target=\"_blank\" rel=\"noopener\"><img loading=\"lazy\" decoding=\"async\" class=\"alignnone\" src=\"https:\/\/www.uern.br\/controledepaginas\/depto-turismo-corpo-docente\/imagens\/133315.png\" alt=\"\" width=\"50\" height=\"50\" align=\"middle\" \/><\/a><\/p>\n","protected":false},"excerpt":{"rendered":"<p>Professora Mestre Andr\u00e9a Ara\u00fajo de Jesus Email:\u00a0andreaaraujo@uern.br Curr\u00edculo Lattes:\u00a0 Professora Mestre Cl\u00e1udia Regina Tavares do Nascimento E-mail: claudiatavares@uern.br Curr\u00edculo Lattes: Professor Doutor Jean Henrique Costa E-mail: jeanhenrique@uern.br Curr\u00edculo Lattes: Professora Doutora Michele de Sousa E-mail: michelesousa@uern.br Curr\u00edculo Lattes: Professora Mestre Raimunda Maria Marques de Azevedo E-mail: marquesazevedo@uern.br Curr\u00edculo Lattes: Professor Mestre Roberto Rangel Pereira E-mail: [&hellip;]<\/p>\n","protected":false},"author":2,"featured_media":0,"parent":0,"menu_order":0,"comment_status":"closed","ping_status":"closed","template":"","meta":{"footnotes":""},"class_list":["post-501","page","type-page","status-publish","hentry"],"_links":{"self":[{"href":"https:\/\/portal.uern.br\/facem\/detur\/wp-json\/wp\/v2\/pages\/501","targetHints":{"allow":["GET"]}}],"collection":[{"href":"https:\/\/portal.uern.br\/facem\/detur\/wp-json\/wp\/v2\/pages"}],"about":[{"href":"https:\/\/portal.uern.br\/facem\/detur\/wp-json\/wp\/v2\/types\/page"}],"author":[{"embeddable":true,"href":"https:\/\/portal.uern.br\/facem\/detur\/wp-json\/wp\/v2\/users\/2"}],"replies":[{"embeddable":true,"href":"https:\/\/portal.uern.br\/facem\/detur\/wp-json\/wp\/v2\/comments?post=501"}],"version-history":[{"count":9,"href":"https:\/\/portal.uern.br\/facem\/detur\/wp-json\/wp\/v2\/pages\/501\/revisions"}],"predecessor-version":[{"id":540,"href":"https:\/\/portal.uern.br\/facem\/detur\/wp-json\/wp\/v2\/pages\/501\/revisions\/540"}],"wp:attachment":[{"href":"https:\/\/portal.uern.br\/facem\/detur\/wp-json\/wp\/v2\/media?parent=501"}],"curies":[{"name":"wp","href":"https:\/\/api.w.org\/{rel}","templated":true}]}}