{"id":947,"date":"2024-09-04T07:17:05","date_gmt":"2024-09-04T10:17:05","guid":{"rendered":"https:\/\/portal.uern.br\/facem\/ciencias-economicas\/?page_id=947"},"modified":"2024-09-04T07:18:08","modified_gmt":"2024-09-04T10:18:08","slug":"eventos","status":"publish","type":"page","link":"https:\/\/portal.uern.br\/facem\/ciencias-economicas\/eventos\/","title":{"rendered":"Eventos"},"content":{"rendered":"<p><img fetchpriority=\"high\" decoding=\"async\" class=\"alignnone  wp-image-948\" src=\"https:\/\/portal.uern.br\/facem\/ciencias-economicas\/wp-content\/uploads\/sites\/4\/2024\/09\/WhatsApp-Image-2024-09-03-at-11.05.00-300x101.jpeg\" alt=\"\" width=\"455\" height=\"153\" srcset=\"https:\/\/portal.uern.br\/facem\/ciencias-economicas\/wp-content\/uploads\/sites\/4\/2024\/09\/WhatsApp-Image-2024-09-03-at-11.05.00-300x101.jpeg 300w, https:\/\/portal.uern.br\/facem\/ciencias-economicas\/wp-content\/uploads\/sites\/4\/2024\/09\/WhatsApp-Image-2024-09-03-at-11.05.00-1024x344.jpeg 1024w, https:\/\/portal.uern.br\/facem\/ciencias-economicas\/wp-content\/uploads\/sites\/4\/2024\/09\/WhatsApp-Image-2024-09-03-at-11.05.00-768x258.jpeg 768w, https:\/\/portal.uern.br\/facem\/ciencias-economicas\/wp-content\/uploads\/sites\/4\/2024\/09\/WhatsApp-Image-2024-09-03-at-11.05.00.jpeg 1330w\" sizes=\"(max-width: 455px) 100vw, 455px\" \/><\/p>\n<p>&nbsp;<\/p>\n<p><strong><em>Publica\u00e7\u00f5es:<\/em><\/strong><\/p>\n<ul>\n<li><a href=\"https:\/\/portal.uern.br\/wp-content\/uploads\/2024\/06\/Submissao-de-Trabalhos-X-Congest-2024.pdf\">Informa\u00e7\u00f5es sobre Submiss\u00e3o e Avalia\u00e7\u00e3o dos Trabalhos \/<\/a><br \/>\nCient\u00edficos no X Congresso de Economia &amp; Gest\u00e3o \u2013 CONgest \u2013 2024;<\/li>\n<\/ul>\n<p>&nbsp;<\/p>\n","protected":false},"excerpt":{"rendered":"<p>&nbsp; Publica\u00e7\u00f5es: Informa\u00e7\u00f5es sobre Submiss\u00e3o e Avalia\u00e7\u00e3o dos Trabalhos \/ Cient\u00edficos no X Congresso de Economia &amp; Gest\u00e3o \u2013 CONgest \u2013 2024; &nbsp;<\/p>\n","protected":false},"author":7,"featured_media":0,"parent":0,"menu_order":0,"comment_status":"closed","ping_status":"closed","template":"","meta":{"footnotes":""},"class_list":["post-947","page","type-page","status-publish","hentry"],"_links":{"self":[{"href":"https:\/\/portal.uern.br\/facem\/ciencias-economicas\/wp-json\/wp\/v2\/pages\/947","targetHints":{"allow":["GET"]}}],"collection":[{"href":"https:\/\/portal.uern.br\/facem\/ciencias-economicas\/wp-json\/wp\/v2\/pages"}],"about":[{"href":"https:\/\/portal.uern.br\/facem\/ciencias-economicas\/wp-json\/wp\/v2\/types\/page"}],"author":[{"embeddable":true,"href":"https:\/\/portal.uern.br\/facem\/ciencias-economicas\/wp-json\/wp\/v2\/users\/7"}],"replies":[{"embeddable":true,"href":"https:\/\/portal.uern.br\/facem\/ciencias-economicas\/wp-json\/wp\/v2\/comments?post=947"}],"version-history":[{"count":2,"href":"https:\/\/portal.uern.br\/facem\/ciencias-economicas\/wp-json\/wp\/v2\/pages\/947\/revisions"}],"predecessor-version":[{"id":950,"href":"https:\/\/portal.uern.br\/facem\/ciencias-economicas\/wp-json\/wp\/v2\/pages\/947\/revisions\/950"}],"wp:attachment":[{"href":"https:\/\/portal.uern.br\/facem\/ciencias-economicas\/wp-json\/wp\/v2\/media?parent=947"}],"curies":[{"name":"wp","href":"https:\/\/api.w.org\/{rel}","templated":true}]}}