{"id":7,"date":"2022-10-25T14:20:36","date_gmt":"2022-10-25T17:20:36","guid":{"rendered":"https:\/\/paisdemossoro.com.br\/wordpress\/egressos\/?page_id=7"},"modified":"2024-09-25T20:06:13","modified_gmt":"2024-09-25T23:06:13","slug":"acompanhamento-de-egressos","status":"publish","type":"page","link":"https:\/\/portal.uern.br\/egressos\/acompanhamento-de-egressos\/","title":{"rendered":"Acompanhamento de Egressos"},"content":{"rendered":"<p style=\"text-align: left\">\u00a0 \u00a0 \u00a0 O processo de acompanhamento e avalia\u00e7\u00e3o dos egressos desempenha um papel crucial na busca pela excel\u00eancia acad\u00eamica e institucional. Os feedbacks obtidos fornecem uma perspectiva valiosa sobre a experi\u00eancia dos alunos ap\u00f3s sua forma\u00e7\u00e3o, destacando \u00e1reas de sucesso e identificando oportunidades de melhoria. Ao exercermos a escuta sens\u00edvel e atenta das opini\u00f5es e experi\u00eancias dos egressos, a universidade pode adaptar suas pol\u00edticas, programas, curr\u00edculos e servi\u00e7os para garantir que estejam alinhados com as demandas da sociedade e do mundo do trabalho, bem como com as expectativas dos alunos, promovendo, dessa forma, um ambiente educacional cada vez mais eficaz e relevante.<\/p>\n<p>\u00a0 \u00a0 \u00a0 Dessa forma, a Universidade do Estado do Rio Grande do Norte objetiva identificar a trajet\u00f3ria, \u00e1rea de atua\u00e7\u00e3o e inser\u00e7\u00e3o profissional de seus egressos, possibilitando a implanta\u00e7\u00e3o de a\u00e7\u00f5es que visem a uma forma\u00e7\u00e3o continuada. Destarte,\u00a0 <strong>convidamos os egressos da Uern a preencherem o Formul\u00e1rio do Egresso<\/strong>, <a href=\"https:\/\/forms.gle\/CKXd8RQjkhVW7izq9\"><span style=\"color: #800000\"><strong>clicando AQUI.<\/strong><\/span><\/a><\/p>\n<p>Participe!!!!<\/p>\n<p>&nbsp;<\/p>\n<p style=\"text-align: center\">\u00a0<img fetchpriority=\"high\" decoding=\"async\" class=\"alignnone wp-image-869\" src=\"https:\/\/portal.uern.br\/egressos\/wp-content\/uploads\/sites\/9\/2024\/09\/Novo-Portal-do-Egresso-Uern_Imagem-para-materia-1-1-300x170.png\" alt=\"\" width=\"685\" height=\"388\" srcset=\"https:\/\/portal.uern.br\/egressos\/wp-content\/uploads\/sites\/9\/2024\/09\/Novo-Portal-do-Egresso-Uern_Imagem-para-materia-1-1-300x170.png 300w, https:\/\/portal.uern.br\/egressos\/wp-content\/uploads\/sites\/9\/2024\/09\/Novo-Portal-do-Egresso-Uern_Imagem-para-materia-1-1-768x436.png 768w, https:\/\/portal.uern.br\/egressos\/wp-content\/uploads\/sites\/9\/2024\/09\/Novo-Portal-do-Egresso-Uern_Imagem-para-materia-1-1.png 880w\" sizes=\"(max-width: 685px) 100vw, 685px\" \/><\/p>\n<p>&nbsp;<\/p>\n<p>&nbsp;<\/p>\n<p>&nbsp;<\/p>\n<p>&nbsp;<\/p>\n","protected":false},"excerpt":{"rendered":"<p>\u00a0 \u00a0 \u00a0 O processo de acompanhamento e avalia\u00e7\u00e3o dos egressos desempenha um papel crucial na busca pela excel\u00eancia acad\u00eamica e institucional. Os feedbacks obtidos fornecem uma perspectiva valiosa sobre a experi\u00eancia dos alunos ap\u00f3s sua forma\u00e7\u00e3o, destacando \u00e1reas de sucesso e identificando oportunidades de melhoria. Ao exercermos a escuta sens\u00edvel e atenta das opini\u00f5es [&hellip;]<\/p>\n","protected":false},"author":1,"featured_media":0,"parent":0,"menu_order":0,"comment_status":"closed","ping_status":"closed","template":"","meta":[],"_links":{"self":[{"href":"https:\/\/portal.uern.br\/egressos\/wp-json\/wp\/v2\/pages\/7"}],"collection":[{"href":"https:\/\/portal.uern.br\/egressos\/wp-json\/wp\/v2\/pages"}],"about":[{"href":"https:\/\/portal.uern.br\/egressos\/wp-json\/wp\/v2\/types\/page"}],"author":[{"embeddable":true,"href":"https:\/\/portal.uern.br\/egressos\/wp-json\/wp\/v2\/users\/1"}],"replies":[{"embeddable":true,"href":"https:\/\/portal.uern.br\/egressos\/wp-json\/wp\/v2\/comments?post=7"}],"version-history":[{"count":20,"href":"https:\/\/portal.uern.br\/egressos\/wp-json\/wp\/v2\/pages\/7\/revisions"}],"predecessor-version":[{"id":870,"href":"https:\/\/portal.uern.br\/egressos\/wp-json\/wp\/v2\/pages\/7\/revisions\/870"}],"wp:attachment":[{"href":"https:\/\/portal.uern.br\/egressos\/wp-json\/wp\/v2\/media?parent=7"}],"curies":[{"name":"wp","href":"https:\/\/api.w.org\/{rel}","templated":true}]}}