{"id":5,"date":"2022-10-25T14:20:17","date_gmt":"2022-10-25T17:20:17","guid":{"rendered":"https:\/\/paisdemossoro.com.br\/wordpress\/egressos\/?page_id=5"},"modified":"2024-09-25T19:51:17","modified_gmt":"2024-09-25T22:51:17","slug":"apresentacao","status":"publish","type":"page","link":"https:\/\/portal.uern.br\/egressos\/","title":{"rendered":"Apresenta\u00e7\u00e3o"},"content":{"rendered":"<p><img fetchpriority=\"high\" decoding=\"async\" class=\"alignnone  wp-image-865 aligncenter\" src=\"https:\/\/portal.uern.br\/egressos\/wp-content\/uploads\/sites\/9\/2024\/09\/Novo-Portal-do-Egresso-Uern_Imagen-destaque-para-pagina-dos-Egressos-1-300x83.png\" alt=\"\" width=\"767\" height=\"212\" srcset=\"https:\/\/portal.uern.br\/egressos\/wp-content\/uploads\/sites\/9\/2024\/09\/Novo-Portal-do-Egresso-Uern_Imagen-destaque-para-pagina-dos-Egressos-1-300x83.png 300w, https:\/\/portal.uern.br\/egressos\/wp-content\/uploads\/sites\/9\/2024\/09\/Novo-Portal-do-Egresso-Uern_Imagen-destaque-para-pagina-dos-Egressos-1-1024x284.png 1024w, https:\/\/portal.uern.br\/egressos\/wp-content\/uploads\/sites\/9\/2024\/09\/Novo-Portal-do-Egresso-Uern_Imagen-destaque-para-pagina-dos-Egressos-1-768x213.png 768w, https:\/\/portal.uern.br\/egressos\/wp-content\/uploads\/sites\/9\/2024\/09\/Novo-Portal-do-Egresso-Uern_Imagen-destaque-para-pagina-dos-Egressos-1.png 1260w\" sizes=\"(max-width: 767px) 100vw, 767px\" \/><\/p>\n<p>&nbsp;<\/p>\n<p><span style=\"font-weight: 400\">A Avalia\u00e7\u00e3o Institucional dos Egressos \u00e9 de grande import\u00e2ncia para a Uern, uma vez que oferece dados concretos que orientam as tomadas de decis\u00f5es e pol\u00edticas acad\u00eamicas voltadas para o aperfei\u00e7oamento dos cursos e para a excel\u00eancia na forma\u00e7\u00e3o oferecida. Esse ciclo de avalia\u00e7\u00e3o cont\u00ednua fortalece o compromisso da institui\u00e7\u00e3o em oferecer um ensino de qualidade, alinhado \u00e0s demandas do mercado de trabalho e da sociedade.<\/span><\/p>\n<p><span style=\"font-weight: 400\">O Portal do Egresso \u00e9 uma plataforma essencial para fortalecer o v\u00ednculo entre a institui\u00e7\u00e3o e seus ex-alunos. Atrav\u00e9s do portal, voc\u00ea pode compartilhar depoimentos, avaliar o curso em que se formou, solicitar documentos e acompanhar oportunidades como est\u00e1gios, eventos e programas de forma\u00e7\u00e3o continuada, incluindo especializa\u00e7\u00e3o, mestrado e doutorado.<\/span><\/p>\n<p><span style=\"font-weight: 400\">Al\u00e9m de ser um espa\u00e7o de intera\u00e7\u00e3o, o portal desempenha um papel estrat\u00e9gico na avalia\u00e7\u00e3o institucional dos cursos, permitindo que a Uern obtenha dados valiosos sobre a forma\u00e7\u00e3o oferecida e o impacto na vida profissional de seus egressos. Sua participa\u00e7\u00e3o \u00e9 fundamental para que a universidade continue aprimorando suas atividades acad\u00eamicas e mantendo a qualidade dos cursos, alinhada \u00e0s exig\u00eancias do mercado e da sociedade.<\/span><\/p>\n<p><span style=\"font-weight: 400\">Participe ativamente e ajude a fortalecer a rela\u00e7\u00e3o entre a Uern e seus ex-alunos, contribuindo para o reconhecimento e crescimento da nossa universidade.<\/span><\/p>\n<p>Seja bem-vindo(a)! Este espa\u00e7o \u00e9 seu!<\/p>\n","protected":false},"excerpt":{"rendered":"<p>&nbsp; A Avalia\u00e7\u00e3o Institucional dos Egressos \u00e9 de grande import\u00e2ncia para a Uern, uma vez que oferece dados concretos que orientam as tomadas de decis\u00f5es e pol\u00edticas acad\u00eamicas voltadas para o aperfei\u00e7oamento dos cursos e para a excel\u00eancia na forma\u00e7\u00e3o oferecida. Esse ciclo de avalia\u00e7\u00e3o cont\u00ednua fortalece o compromisso da institui\u00e7\u00e3o em oferecer um ensino [&hellip;]<\/p>\n","protected":false},"author":1,"featured_media":0,"parent":0,"menu_order":0,"comment_status":"closed","ping_status":"closed","template":"","meta":[],"_links":{"self":[{"href":"https:\/\/portal.uern.br\/egressos\/wp-json\/wp\/v2\/pages\/5"}],"collection":[{"href":"https:\/\/portal.uern.br\/egressos\/wp-json\/wp\/v2\/pages"}],"about":[{"href":"https:\/\/portal.uern.br\/egressos\/wp-json\/wp\/v2\/types\/page"}],"author":[{"embeddable":true,"href":"https:\/\/portal.uern.br\/egressos\/wp-json\/wp\/v2\/users\/1"}],"replies":[{"embeddable":true,"href":"https:\/\/portal.uern.br\/egressos\/wp-json\/wp\/v2\/comments?post=5"}],"version-history":[{"count":13,"href":"https:\/\/portal.uern.br\/egressos\/wp-json\/wp\/v2\/pages\/5\/revisions"}],"predecessor-version":[{"id":864,"href":"https:\/\/portal.uern.br\/egressos\/wp-json\/wp\/v2\/pages\/5\/revisions\/864"}],"wp:attachment":[{"href":"https:\/\/portal.uern.br\/egressos\/wp-json\/wp\/v2\/media?parent=5"}],"curies":[{"name":"wp","href":"https:\/\/api.w.org\/{rel}","templated":true}]}}