{"id":13,"date":"2022-10-25T14:27:09","date_gmt":"2022-10-25T17:27:09","guid":{"rendered":"https:\/\/paisdemossoro.com.br\/wordpress\/egressos\/?page_id=13"},"modified":"2024-09-25T12:02:50","modified_gmt":"2024-09-25T15:02:50","slug":"servicos","status":"publish","type":"page","link":"https:\/\/portal.uern.br\/egressos\/servicos\/","title":{"rendered":"Servi\u00e7os"},"content":{"rendered":"<p><strong>Formul\u00e1rio\u00a0online:<\/strong><\/p>\n<p><a href=\"https:\/\/docs.google.com\/forms\/d\/e\/1FAIpQLSd7cC3_7Yk7ib6NDO1bCu9nIxqSMTPsODG8F02t1S__urlcuw\/closedform\">Solicita\u00e7\u00e3o de emiss\u00e3o de documento acad\u00eamico (aluno e ex-aluno) \u2013 DIRCA \u2013 PROEG \u2013 UERN<\/a><\/p>\n<p><strong>Oportunidades de P\u00f3s &#8211; gradua\u00e7\u00e3o:<\/strong><\/p>\n<ul>\n<li>Stricto Sensu\u00a0 &#8211; Acad\u00eamicos: <a href=\"https:\/\/portal.uern.br\/propeg\/academico\/\">https:\/\/portal.uern.br\/propeg\/academico\/<\/a><\/li>\n<li>Stricto Sensu\u00a0 &#8211; Profissional: <a href=\"https:\/\/portal.uern.br\/propeg\/profissional\/\">https:\/\/portal.uern.br\/propeg\/profissional\/<\/a><\/li>\n<li>Lato Sensu: <a href=\"https:\/\/portal.uern.br\/propeg\/cursos-de-pos-graduacao-lato-sensu-especializacao\/\">https:\/\/portal.uern.br\/propeg\/cursos-de-pos-graduacao-lato-sensu-especializacao\/<\/a><\/li>\n<\/ul>\n","protected":false},"excerpt":{"rendered":"<p>Formul\u00e1rio\u00a0online: Solicita\u00e7\u00e3o de emiss\u00e3o de documento acad\u00eamico (aluno e ex-aluno) \u2013 DIRCA \u2013 PROEG \u2013 UERN Oportunidades de P\u00f3s &#8211; gradua\u00e7\u00e3o: Stricto Sensu\u00a0 &#8211; Acad\u00eamicos: https:\/\/portal.uern.br\/propeg\/academico\/ Stricto Sensu\u00a0 &#8211; Profissional: https:\/\/portal.uern.br\/propeg\/profissional\/ Lato Sensu: https:\/\/portal.uern.br\/propeg\/cursos-de-pos-graduacao-lato-sensu-especializacao\/<\/p>\n","protected":false},"author":1,"featured_media":0,"parent":0,"menu_order":0,"comment_status":"closed","ping_status":"closed","template":"","meta":[],"_links":{"self":[{"href":"https:\/\/portal.uern.br\/egressos\/wp-json\/wp\/v2\/pages\/13"}],"collection":[{"href":"https:\/\/portal.uern.br\/egressos\/wp-json\/wp\/v2\/pages"}],"about":[{"href":"https:\/\/portal.uern.br\/egressos\/wp-json\/wp\/v2\/types\/page"}],"author":[{"embeddable":true,"href":"https:\/\/portal.uern.br\/egressos\/wp-json\/wp\/v2\/users\/1"}],"replies":[{"embeddable":true,"href":"https:\/\/portal.uern.br\/egressos\/wp-json\/wp\/v2\/comments?post=13"}],"version-history":[{"count":8,"href":"https:\/\/portal.uern.br\/egressos\/wp-json\/wp\/v2\/pages\/13\/revisions"}],"predecessor-version":[{"id":863,"href":"https:\/\/portal.uern.br\/egressos\/wp-json\/wp\/v2\/pages\/13\/revisions\/863"}],"wp:attachment":[{"href":"https:\/\/portal.uern.br\/egressos\/wp-json\/wp\/v2\/media?parent=13"}],"curies":[{"name":"wp","href":"https:\/\/api.w.org\/{rel}","templated":true}]}}