{"id":744,"date":"2023-03-01T08:42:59","date_gmt":"2023-03-01T11:42:59","guid":{"rendered":"https:\/\/portal.uern.br\/eduern\/?page_id=744"},"modified":"2026-02-24T10:58:37","modified_gmt":"2026-02-24T13:58:37","slug":"editais","status":"publish","type":"page","link":"https:\/\/portal.uern.br\/eduern\/editais\/","title":{"rendered":"Editais em Andamento"},"content":{"rendered":"<p><strong>Edital\u00a0 de Fluxo Cont\u00ednuo<\/strong><\/p>\n<p><a href=\"https:\/\/portal.uern.br\/eduern\/wp-content\/uploads\/sites\/14\/2026\/02\/Edital-01-2026-Eduern-Fluxo-Continuo.pdf\">Edital 01\/2026-EDUERN-Fluxo Cont\u00ednuo<\/a><\/p>\n<p>Anexo I-Declara\u00e7\u00e3o de Ci\u00eancia, autoria e compromisso- ( <a href=\"https:\/\/portal.uern.br\/eduern\/wp-content\/uploads\/sites\/14\/2026\/02\/Anexo-I-edital-01-2026.docx\">Doc<\/a>. e <a href=\"https:\/\/portal.uern.br\/eduern\/wp-content\/uploads\/sites\/14\/2026\/02\/Anexo-I-edital-01-2026.pdf\">PDF<\/a>)<\/p>\n<p>&nbsp;<\/p>\n<p>&nbsp;<\/p>\n<p>&nbsp;<\/p>\n<p>&nbsp;<\/p>\n<p>&nbsp;<\/p>\n<p>&nbsp;<\/p>\n","protected":false},"excerpt":{"rendered":"<p>Edital\u00a0 de Fluxo Cont\u00ednuo Edital 01\/2026-EDUERN-Fluxo Cont\u00ednuo Anexo I-Declara\u00e7\u00e3o de Ci\u00eancia, autoria e compromisso- ( Doc. e PDF) &nbsp; &nbsp; &nbsp; &nbsp; &nbsp; &nbsp;<\/p>\n","protected":false},"author":29,"featured_media":0,"parent":0,"menu_order":0,"comment_status":"closed","ping_status":"closed","template":"","meta":[],"_links":{"self":[{"href":"https:\/\/portal.uern.br\/eduern\/wp-json\/wp\/v2\/pages\/744"}],"collection":[{"href":"https:\/\/portal.uern.br\/eduern\/wp-json\/wp\/v2\/pages"}],"about":[{"href":"https:\/\/portal.uern.br\/eduern\/wp-json\/wp\/v2\/types\/page"}],"author":[{"embeddable":true,"href":"https:\/\/portal.uern.br\/eduern\/wp-json\/wp\/v2\/users\/29"}],"replies":[{"embeddable":true,"href":"https:\/\/portal.uern.br\/eduern\/wp-json\/wp\/v2\/comments?post=744"}],"version-history":[{"count":80,"href":"https:\/\/portal.uern.br\/eduern\/wp-json\/wp\/v2\/pages\/744\/revisions"}],"predecessor-version":[{"id":4863,"href":"https:\/\/portal.uern.br\/eduern\/wp-json\/wp\/v2\/pages\/744\/revisions\/4863"}],"wp:attachment":[{"href":"https:\/\/portal.uern.br\/eduern\/wp-json\/wp\/v2\/media?parent=744"}],"curies":[{"name":"wp","href":"https:\/\/api.w.org\/{rel}","templated":true}]}}