{"id":726,"date":"2023-02-27T09:46:21","date_gmt":"2023-02-27T12:46:21","guid":{"rendered":"https:\/\/portal.uern.br\/eduern\/?page_id=726"},"modified":"2026-03-26T09:33:13","modified_gmt":"2026-03-26T12:33:13","slug":"equipe","status":"publish","type":"page","link":"https:\/\/portal.uern.br\/eduern\/equipe\/","title":{"rendered":"Equipe"},"content":{"rendered":"<h4><strong>Diretor da Edi\u00e7\u00f5es UERN<\/strong><\/h4>\n<p style=\"text-align: left\">Francisco Fabiano de Freitas Mendes<\/p>\n<p>&nbsp;<\/p>\n<p><strong>Chefe do Setor Executivo<\/strong><\/p>\n<p style=\"text-align: left\">Jacim\u00e1ria Fonseca de Medeiros<\/p>\n<p>&nbsp;<\/p>\n<p><strong>Chefe do Setor de Editora\u00e7\u00e3o\u00a0<\/strong><\/p>\n<p>Lindercy Francisco Tom\u00e9 de Souza Lins<\/p>\n<p>&nbsp;<\/p>\n<p style=\"text-align: left\"><strong>Secret\u00e1ria\u00a0<\/strong><\/p>\n<p style=\"text-align: left\">Sara Rutin\u00e9ia Medeiros da Silva<\/p>\n<p>&nbsp;<\/p>\n<p style=\"text-align: left\"><strong>Estagi\u00e1rias de Diagrama\u00e7\u00e3o<\/strong><\/p>\n<p>Alicya Rebeca Moura de Medeiros<\/p>\n<p>Bruna Ricarte Andrade<\/p>\n<p><span class=\"gD\" data-hovercard-id=\"enne20240047519@alu.uern.br\" data-hovercard-owner-id=\"16\">Enne Yeriel Medeiros de Freitas<\/span><\/p>\n<p>Maria Fl\u00e1via Mendon\u00e7a Ferreira<\/p>\n<p>&nbsp;<\/p>\n<p style=\"text-align: left\"><strong>Estagi\u00e1rios de L\u00edngua Portuguesa<\/strong><\/p>\n<p style=\"text-align: left\">\n<p>&nbsp;<\/p>\n<p>&nbsp;<\/p>\n<p>&nbsp;<\/p>\n","protected":false},"excerpt":{"rendered":"<p>Diretor da Edi\u00e7\u00f5es UERN Francisco Fabiano de Freitas Mendes &nbsp; Chefe do Setor Executivo Jacim\u00e1ria Fonseca de Medeiros &nbsp; Chefe do Setor de Editora\u00e7\u00e3o\u00a0 Lindercy Francisco Tom\u00e9 de Souza Lins &nbsp; Secret\u00e1ria\u00a0 Sara Rutin\u00e9ia Medeiros da Silva &nbsp; Estagi\u00e1rias de Diagrama\u00e7\u00e3o Alicya Rebeca Moura de Medeiros Bruna Ricarte Andrade Enne Yeriel Medeiros de Freitas Maria [&hellip;]<\/p>\n","protected":false},"author":29,"featured_media":0,"parent":0,"menu_order":0,"comment_status":"closed","ping_status":"closed","template":"","meta":[],"_links":{"self":[{"href":"https:\/\/portal.uern.br\/eduern\/wp-json\/wp\/v2\/pages\/726"}],"collection":[{"href":"https:\/\/portal.uern.br\/eduern\/wp-json\/wp\/v2\/pages"}],"about":[{"href":"https:\/\/portal.uern.br\/eduern\/wp-json\/wp\/v2\/types\/page"}],"author":[{"embeddable":true,"href":"https:\/\/portal.uern.br\/eduern\/wp-json\/wp\/v2\/users\/29"}],"replies":[{"embeddable":true,"href":"https:\/\/portal.uern.br\/eduern\/wp-json\/wp\/v2\/comments?post=726"}],"version-history":[{"count":47,"href":"https:\/\/portal.uern.br\/eduern\/wp-json\/wp\/v2\/pages\/726\/revisions"}],"predecessor-version":[{"id":4896,"href":"https:\/\/portal.uern.br\/eduern\/wp-json\/wp\/v2\/pages\/726\/revisions\/4896"}],"wp:attachment":[{"href":"https:\/\/portal.uern.br\/eduern\/wp-json\/wp\/v2\/media?parent=726"}],"curies":[{"name":"wp","href":"https:\/\/api.w.org\/{rel}","templated":true}]}}