{"id":5,"date":"2022-10-26T14:51:27","date_gmt":"2022-10-26T17:51:27","guid":{"rendered":"https:\/\/paisdemossoro.com.br\/wordpress\/eduern\/?page_id=5"},"modified":"2026-03-26T09:27:46","modified_gmt":"2026-03-26T12:27:46","slug":"apresentacao","status":"publish","type":"page","link":"https:\/\/portal.uern.br\/eduern\/apresentacao\/","title":{"rendered":"Apresenta\u00e7\u00e3o"},"content":{"rendered":"<p><a href=\"https:\/\/portal.uern.br\/eduern\/wp-content\/uploads\/sites\/14\/2024\/06\/slides.gif\"><img fetchpriority=\"high\" decoding=\"async\" class=\"aligncenter\" src=\"https:\/\/portal.uern.br\/eduern\/wp-content\/uploads\/sites\/14\/2024\/06\/slides.gif\" width=\"766\" height=\"510\" \/><\/a><\/p>\n<p>A Editora Universit\u00e1ria da UERN \u2013 EDUERN &#8211; subsidia a publica\u00e7\u00e3o e divulga\u00e7\u00e3o de livros (e-book e impresso) oriundos do\u00a0 \u00a0 \u00a0 conhecimento produzido pela comunidade acad\u00eamica (docentes, t\u00e9cnicos e discentes). As obras s\u00e3o lan\u00e7adas com certifica\u00e7\u00e3o &#8211; ISBN &#8211; junto \u00e0 C\u00e2mara Brasileira do Livro &#8211; CBL e a divulga\u00e7\u00e3o dos e-books \u00e9 feita atrav\u00e9s da hospedagem do link na p\u00e1gina da\u00a0 Universidade.\u00a0 As obras impressas ficam dispon\u00edveis na sede da editora, Campus Central, Mossor\u00f3\/RN.<\/p>\n<p>A Eduern reger-se-\u00e1 pelos seguintes princ\u00edpios:<\/p>\n<p>I &#8211; valoriza\u00e7\u00e3o e cumprimento da fun\u00e7\u00e3o social da Universidade, a partir da divulga\u00e7\u00e3o do patrim\u00f4nio cultural e da produ\u00e7\u00e3o t\u00e9cnico-cient\u00edfica por meio da publica\u00e7\u00e3o de obras digitais e impressas;<\/p>\n<p>II &#8211; socializa\u00e7\u00e3o do conhecimento gerado na Uern ou ainda pela comunidade externa na forma deste regulamento, inclusive por meio de parcerias com outras editoras e institui\u00e7\u00f5es nacionais ou internacionais, especialmente outras universidades;<\/p>\n<p>III \u2013 reconhecimento do car\u00e1ter p\u00fablico e institucional de suas publica\u00e7\u00f5es, vedando-se, em qualquer produto editorial, a publicidade que, direta ou indiretamente, caracterize promo\u00e7\u00e3o pessoal, fins eminentemente comerciais ou que firam os princ\u00edpios constitucionais de garantia da dignidade humana.<\/p>\n<p>A Eduern tem por objetivos:<\/p>\n<p>I &#8211; orientar e promover a edi\u00e7\u00e3o de obras de relev\u00e2ncia sociocultural e acad\u00eamica, de forma a garantir a difus\u00e3o do conhecimento t\u00e9cnico-cient\u00edfico, educacional e art\u00edstico-cultural de interesse da universidade;<\/p>\n<p>II &#8211; apoiar e fortalecer o ensino, a pesquisa, a extens\u00e3o e a administra\u00e7\u00e3o em conson\u00e2ncia com a pol\u00edtica geral da Uern.<\/p>\n<p>&nbsp;<\/p>\n<p><strong>Conselho Editorial da Edi\u00e7\u00f5es Uern (Eduern)<\/strong><\/p>\n<p><strong>Titular<\/strong><\/p>\n<p class=\"western\" lang=\"pt-PT\">Andreza Tacyana F\u00e9lix Carvalho<\/p>\n<p class=\"western\" lang=\"pt-PT\">Francisco Fabiano de Freitas Mendes<\/p>\n<p class=\"western\" lang=\"pt-PT\">Franklin Roberto da Costa<\/p>\n<p class=\"western\" lang=\"pt-PT\">Fernanda Abreu de Oliveira<\/p>\n<p class=\"western\" lang=\"pt-PT\">Gleisson do Carmo Oliveira<\/p>\n<p class=\"western\" lang=\"pt-PT\">Ism\u00eania Gurgel Martins<\/p>\n<p class=\"western\" lang=\"pt-PT\">Jacim\u00e1ria Fonseca de Medeiros<\/p>\n<p class=\"western\" lang=\"pt-PT\">Lindercy Francisco Tom\u00e9 de Souza Lins<\/p>\n<p class=\"western\" lang=\"pt-PT\">Maria Ione da Silva<\/p>\n<p class=\"western\" lang=\"pt-PT\">Otoniel Fernandes da Silva J\u00fanior<\/p>\n<p class=\"western\" lang=\"pt-PT\">Patr\u00edcia Batista Barra<\/p>\n<p class=\"western\" lang=\"pt-PT\">Kalidia Felipe de Lima Costa<\/p>\n<p class=\"western\" lang=\"pt-PT\">Saulo Gomes Batista<\/p>\n<p class=\"western\" lang=\"pt-PT\">S\u00e9rgio Luiz Pedrosa Silva<\/p>\n<p>&nbsp;<\/p>\n<p><strong>Editora da Universidade do Estado do Rio Grande do Norte (Eduern)<\/strong><\/p>\n<p>Redes Sociais da Eduern:<\/p>\n<p>-Siga o nosso Instagram ( @uern_edicoes)<\/p>\n<p><a href=\"https:\/\/instagram.com\/uern_edicoes?igshid=YmMyMTA2M2Y=\">Clique Aqui<\/a><\/p>\n<p><a href=\"https:\/\/instagram.com\/uern_edicoes?utm_source=qr&amp;igshid=NGExMmI2YTkyZg%3D%3D\"><img decoding=\"async\" class=\"wp-image-1179 alignnone\" src=\"https:\/\/portal.uern.br\/eduern\/wp-content\/uploads\/sites\/14\/2023\/03\/novo-logo-instagram-blog-gkpb-destaque-696x364-1-300x157.jpg\" alt=\"\" width=\"73\" height=\"38\" srcset=\"https:\/\/portal.uern.br\/eduern\/wp-content\/uploads\/sites\/14\/2023\/03\/novo-logo-instagram-blog-gkpb-destaque-696x364-1-300x157.jpg 300w, https:\/\/portal.uern.br\/eduern\/wp-content\/uploads\/sites\/14\/2023\/03\/novo-logo-instagram-blog-gkpb-destaque-696x364-1.jpg 696w\" sizes=\"(max-width: 73px) 100vw, 73px\" \/><\/a><\/p>\n<p>&nbsp;<\/p>\n<p>______________________________________________________________________________________________________<\/p>\n<p>Editora filiada \u00e0:\u00a0 \u00a0 \u00a0 \u00a0 \u00a0 \u00a0 \u00a0 \u00a0 Apoio:<\/p>\n<p><a href=\"https:\/\/portal.uern.br\/eduern\/wp-content\/uploads\/sites\/14\/2023\/03\/download.png\"><img decoding=\"async\" class=\"wp-image-1174 alignnone\" src=\"https:\/\/portal.uern.br\/eduern\/wp-content\/uploads\/sites\/14\/2023\/03\/download.png\" alt=\"\" width=\"103\" height=\"103\" srcset=\"https:\/\/portal.uern.br\/eduern\/wp-content\/uploads\/sites\/14\/2023\/03\/download.png 224w, https:\/\/portal.uern.br\/eduern\/wp-content\/uploads\/sites\/14\/2023\/03\/download-150x150.png 150w\" sizes=\"(max-width: 103px) 100vw, 103px\" \/><\/a>\u00a0 \u00a0 \u00a0 \u00a0 \u00a0 <a href=\"https:\/\/portal.uern.br\/eduern\/wp-content\/uploads\/sites\/14\/2023\/03\/download-1preto.png\"><img loading=\"lazy\" decoding=\"async\" class=\"\" src=\"https:\/\/portal.uern.br\/eduern\/wp-content\/uploads\/sites\/14\/2023\/03\/download-1preto.png\" width=\"101\" height=\"101\" \/><\/a><\/p>\n<p>&nbsp;<\/p>\n<p>&nbsp;<\/p>\n<p>&nbsp;<\/p>\n","protected":false},"excerpt":{"rendered":"<p>A Editora Universit\u00e1ria da UERN \u2013 EDUERN &#8211; subsidia a publica\u00e7\u00e3o e divulga\u00e7\u00e3o de livros (e-book e impresso) oriundos do\u00a0 \u00a0 \u00a0 conhecimento produzido pela comunidade acad\u00eamica (docentes, t\u00e9cnicos e discentes). As obras s\u00e3o lan\u00e7adas com certifica\u00e7\u00e3o &#8211; ISBN &#8211; junto \u00e0 C\u00e2mara Brasileira do Livro &#8211; CBL e a divulga\u00e7\u00e3o dos e-books \u00e9 feita [&hellip;]<\/p>\n","protected":false},"author":1,"featured_media":0,"parent":0,"menu_order":0,"comment_status":"closed","ping_status":"closed","template":"","meta":[],"_links":{"self":[{"href":"https:\/\/portal.uern.br\/eduern\/wp-json\/wp\/v2\/pages\/5"}],"collection":[{"href":"https:\/\/portal.uern.br\/eduern\/wp-json\/wp\/v2\/pages"}],"about":[{"href":"https:\/\/portal.uern.br\/eduern\/wp-json\/wp\/v2\/types\/page"}],"author":[{"embeddable":true,"href":"https:\/\/portal.uern.br\/eduern\/wp-json\/wp\/v2\/users\/1"}],"replies":[{"embeddable":true,"href":"https:\/\/portal.uern.br\/eduern\/wp-json\/wp\/v2\/comments?post=5"}],"version-history":[{"count":94,"href":"https:\/\/portal.uern.br\/eduern\/wp-json\/wp\/v2\/pages\/5\/revisions"}],"predecessor-version":[{"id":4895,"href":"https:\/\/portal.uern.br\/eduern\/wp-json\/wp\/v2\/pages\/5\/revisions\/4895"}],"wp:attachment":[{"href":"https:\/\/portal.uern.br\/eduern\/wp-json\/wp\/v2\/media?parent=5"}],"curies":[{"name":"wp","href":"https:\/\/api.w.org\/{rel}","templated":true}]}}