{"id":47,"date":"2022-10-26T16:14:14","date_gmt":"2022-10-26T19:14:14","guid":{"rendered":"https:\/\/paisdemossoro.com.br\/wordpress\/eduern\/?page_id=47"},"modified":"2024-08-23T11:03:33","modified_gmt":"2024-08-23T14:03:33","slug":"obras-2018","status":"publish","type":"page","link":"https:\/\/portal.uern.br\/eduern\/obras-2018\/","title":{"rendered":"Obras 2018"},"content":{"rendered":"<p><strong>Ecologia de ambientes aqu\u00e1ticos continentais: estudos aplicado \u00e0 Bacia Hidrogr\u00e1fica do Rio Apodi-Mossor\u00f3, Rio Grande do Norte<\/strong><\/p>\n<p>Organizadores: J\u00f4nnata F. Oliveira e Danielle Peretti<\/p>\n<p><a href=\"https:\/\/portal.uern.br\/eduern\/wp-content\/uploads\/sites\/14\/2023\/03\/53372018_1_easy_resize.com_.jpg\"><img decoding=\"async\" class=\"\" src=\"https:\/\/portal.uern.br\/eduern\/wp-content\/uploads\/sites\/14\/2023\/03\/53372018_1_easy_resize.com_.jpg\" width=\"121\" height=\"188\" \/><\/a><\/p>\n<p><a href=\"https:\/\/portal.uern.br\/eduern\/wp-content\/uploads\/sites\/14\/2024\/02\/E-book-Ecologia-de-Ambientes-Aquaticos-Continentais.pdf\">VISUALIZAR OBRA\u00a0<\/a><\/p>\n<p>&nbsp;<\/p>\n<p><strong>Os Dois Circuitos da Economia Urbana dos pa\u00edses subdesenvolvidos hoje<\/strong><\/p>\n<p>Organizador: Rosalvo Nobre Carneiro<\/p>\n<p><a href=\"https:\/\/portal.uern.br\/eduern\/wp-content\/uploads\/sites\/14\/2023\/03\/53372018_2_easy_resize.com_.jpg\"><img decoding=\"async\" class=\"\" src=\"https:\/\/portal.uern.br\/eduern\/wp-content\/uploads\/sites\/14\/2023\/03\/53372018_2_easy_resize.com_.jpg\" width=\"122\" height=\"187\" \/><\/a><\/p>\n<p><a href=\"https:\/\/portal.uern.br\/eduern\/wp-content\/uploads\/sites\/14\/2024\/02\/E-book-Os-dois-circuitos-da-economia-urbana-dos-paises-subdesenvolvidos-hoje.pdf\">VISUALIZAR OBRA\u00a0<\/a><\/p>\n<p>&nbsp;<\/p>\n<p><strong>Ensino e foma\u00e7\u00e3o: novas perspectivas para o cotidiano\u00a0 \u00a0 \u00a0 \u00a0 \u00a0 \u00a0 \u00a0<\/strong><\/p>\n<p>Organizadores: Lucas S\u00fallivan Marques Leite, Aryanne S\u00e9rgia Queiroz de Oliveira, Helder Cavalcante C\u00e2mara e Luiz Gomes da Silva Filho<\/p>\n<p><a href=\"https:\/\/portal.uern.br\/eduern\/wp-content\/uploads\/sites\/14\/2023\/03\/53372018_3_easy_resize.com_.jpg\"><img decoding=\"async\" class=\"\" src=\"https:\/\/portal.uern.br\/eduern\/wp-content\/uploads\/sites\/14\/2023\/03\/53372018_3_easy_resize.com_.jpg\" width=\"125\" height=\"193\" \/><\/a><\/p>\n<p><a href=\"https:\/\/portal.uern.br\/eduern\/wp-content\/uploads\/sites\/14\/2024\/02\/E-book-Ensino-e-formacao-novas-perspectivas-para-o-cotidiano.pdf\">VISUALIZAR OBRA\u00a0<\/a><\/p>\n<p>&nbsp;<\/p>\n<p><strong>Anais do I Col\u00f3quio Nacional em \u00caxito Escolar, Empoderamento e Ascens\u00e3o Social: II Semin\u00e1rio Luso-brasileiro em Ci\u00eancias da Educa\u00e7\u00e3o: III Simp\u00f3sio Interdisciplinar de P\u00f3s-gradua\u00e7\u00e3o em Ci\u00eancias Sociais e Humanas.\u00a0\u00a0<\/strong><\/p>\n<p>Organizadores: Constantim Xypas , Bet\u00e2nia Ribeiro Torres, Marcos de Camargo Von Zuben, Joaquim Gon\u00e7alves Barbosa, Rosa Adeyse Silva e Ant\u00f4nio Edson Oliveira Honorato.<\/p>\n<p><a href=\"https:\/\/portal.uern.br\/eduern\/wp-content\/uploads\/sites\/14\/2023\/03\/5337mockup_anais_betania_easy_resize.com_.jpg\"><img loading=\"lazy\" decoding=\"async\" class=\"\" src=\"https:\/\/portal.uern.br\/eduern\/wp-content\/uploads\/sites\/14\/2023\/03\/5337mockup_anais_betania_easy_resize.com_.jpg\" width=\"125\" height=\"190\" \/><\/a><\/p>\n<p>VISUALIZAR OBRA<\/p>\n<p>&nbsp;<\/p>\n<p><strong>Comit\u00ea de \u00c9tica em Pesquisa com Seres Humanos: o que \u00e9 necess\u00e1rio saber para aprovar um projeto de pesquisa?<\/strong><\/p>\n<p>Organizadores: Pablo de Castro Santos e Ellany Gurgel C. do Nascimento<\/p>\n<p><a href=\"https:\/\/portal.uern.br\/eduern\/wp-content\/uploads\/sites\/14\/2022\/10\/1204olpwt71_easy_resize.com_.jpg\"><img loading=\"lazy\" decoding=\"async\" class=\"\" src=\"https:\/\/portal.uern.br\/eduern\/wp-content\/uploads\/sites\/14\/2022\/10\/1204olpwt71_easy_resize.com_.jpg\" width=\"127\" height=\"181\" \/><\/a><\/p>\n<p><a href=\"https:\/\/portal.uern.br\/eduern\/wp-content\/uploads\/sites\/14\/2024\/02\/E-book-Comite-de-Etica-em-Pesquisa-com-Seres-Humanos.pdf\"><em>VISUALIZAR OBRA<\/em><\/a><\/p>\n<p>&nbsp;<\/p>\n<p><strong>Plenitude e Completude de Fazer Ci\u00eancia<\/strong><\/p>\n<p>Organizadores: Cicilia Raquel Maia Leite, Felipe Soares Macedo, M\u00e1rio Fabr\u00edcio Fleury Rosa e Su\u00e9lia de Siqueira Rodrigues Fleury Rosa<\/p>\n<p><a href=\"https:\/\/portal.uern.br\/eduern\/wp-content\/uploads\/sites\/14\/2024\/05\/MOCKUP-plenitude-e-completude.png\"><img loading=\"lazy\" decoding=\"async\" class=\"\" src=\"https:\/\/portal.uern.br\/eduern\/wp-content\/uploads\/sites\/14\/2024\/05\/MOCKUP-plenitude-e-completude.png\" width=\"125\" height=\"190\" \/><\/a><\/p>\n<p><a href=\"https:\/\/portal.uern.br\/eduern\/wp-content\/uploads\/sites\/14\/2024\/05\/E-book-Plenitude-e-Completude-de-fazer-Ciencia-1.pdf\"><em>VISUALIZAR OBRA<\/em><\/a><\/p>\n<p>&nbsp;<\/p>\n<p><strong>Anais do Encontro Nacional de Economia do Vale do A\u00e7u: planejamento econ\u00f4mico e novas possibilidades<\/strong><\/p>\n<p>Organizador: William Gledson e Silva<\/p>\n<p><a href=\"https:\/\/portal.uern.br\/eduern\/wp-content\/uploads\/sites\/14\/2024\/03\/MOCKUP-CAPA-8.png\"><img loading=\"lazy\" decoding=\"async\" class=\"\" src=\"https:\/\/portal.uern.br\/eduern\/wp-content\/uploads\/sites\/14\/2024\/03\/MOCKUP-CAPA-8.png\" width=\"125\" height=\"189\" \/><\/a><\/p>\n<p><a href=\"https:\/\/portal.uern.br\/eduern\/wp-content\/uploads\/sites\/14\/2024\/08\/ENCONT1.pdf\"><em>VISUALIZAR OBRA<\/em><\/a><\/p>\n<p>&nbsp;<\/p>\n<p><strong>Caderno de Resumos do IIV Encontro Internacional de Hist\u00f3ria Colonial- Espa\u00e7os coloniais: dom\u00ednios, poderes e representa\u00e7\u00f5es<\/strong><\/p>\n<p>Organizadores: Carmen Margarida Oliveira Alveal, Leonardo C\u00e2ndido Rolim, Soraya Genorrazo Ara\u00fajo e Thiago Alves Dias<\/p>\n<p><a href=\"https:\/\/portal.uern.br\/eduern\/wp-content\/uploads\/sites\/14\/2024\/03\/MOCKUP-CAPA-DOS-9.png\"><img loading=\"lazy\" decoding=\"async\" class=\"\" src=\"https:\/\/portal.uern.br\/eduern\/wp-content\/uploads\/sites\/14\/2024\/03\/MOCKUP-CAPA-DOS-9.png\" width=\"120\" height=\"182\" \/><\/a><\/p>\n<p><a href=\"https:\/\/portal.uern.br\/eduern\/wp-content\/uploads\/sites\/14\/2024\/08\/Caderno-de-Resumos-VII-Encontro-Internacional-de-Historia-Colonial.pdf\"><em>VISUALIZAR OBRA<\/em><\/a><\/p>\n","protected":false},"excerpt":{"rendered":"<p>Ecologia de ambientes aqu\u00e1ticos continentais: estudos aplicado \u00e0 Bacia Hidrogr\u00e1fica do Rio Apodi-Mossor\u00f3, Rio Grande do Norte Organizadores: J\u00f4nnata F. Oliveira e Danielle Peretti VISUALIZAR OBRA\u00a0 &nbsp; Os Dois Circuitos da Economia Urbana dos pa\u00edses subdesenvolvidos hoje Organizador: Rosalvo Nobre Carneiro VISUALIZAR OBRA\u00a0 &nbsp; Ensino e foma\u00e7\u00e3o: novas perspectivas para o cotidiano\u00a0 \u00a0 \u00a0 \u00a0 [&hellip;]<\/p>\n","protected":false},"author":1,"featured_media":0,"parent":0,"menu_order":0,"comment_status":"closed","ping_status":"closed","template":"","meta":[],"_links":{"self":[{"href":"https:\/\/portal.uern.br\/eduern\/wp-json\/wp\/v2\/pages\/47"}],"collection":[{"href":"https:\/\/portal.uern.br\/eduern\/wp-json\/wp\/v2\/pages"}],"about":[{"href":"https:\/\/portal.uern.br\/eduern\/wp-json\/wp\/v2\/types\/page"}],"author":[{"embeddable":true,"href":"https:\/\/portal.uern.br\/eduern\/wp-json\/wp\/v2\/users\/1"}],"replies":[{"embeddable":true,"href":"https:\/\/portal.uern.br\/eduern\/wp-json\/wp\/v2\/comments?post=47"}],"version-history":[{"count":29,"href":"https:\/\/portal.uern.br\/eduern\/wp-json\/wp\/v2\/pages\/47\/revisions"}],"predecessor-version":[{"id":3005,"href":"https:\/\/portal.uern.br\/eduern\/wp-json\/wp\/v2\/pages\/47\/revisions\/3005"}],"wp:attachment":[{"href":"https:\/\/portal.uern.br\/eduern\/wp-json\/wp\/v2\/media?parent=47"}],"curies":[{"name":"wp","href":"https:\/\/api.w.org\/{rel}","templated":true}]}}