{"id":4265,"date":"2025-01-07T11:17:18","date_gmt":"2025-01-07T14:17:18","guid":{"rendered":"https:\/\/portal.uern.br\/eduern\/?page_id=4265"},"modified":"2025-04-23T10:27:41","modified_gmt":"2025-04-23T13:27:41","slug":"obras-2025","status":"publish","type":"page","link":"https:\/\/portal.uern.br\/eduern\/obras-2025\/","title":{"rendered":"Obras 2025"},"content":{"rendered":"<p><strong>Conselhos Escolares e Pandemia Covid-19: do fechamento \u00e0 abertura das institui\u00e7\u00f5es de ensino<\/strong><\/p>\n<p>Autoras: Selma Mendon\u00e7a Bezerra e Arilene Maria Soares de Medeiros<\/p>\n<p><a href=\"https:\/\/portal.uern.br\/eduern\/wp-content\/uploads\/sites\/14\/2025\/04\/MOCKUP-FINALIZADO-Copia-13.jpg\"><img fetchpriority=\"high\" decoding=\"async\" class=\"\" src=\"https:\/\/portal.uern.br\/eduern\/wp-content\/uploads\/sites\/14\/2025\/04\/MOCKUP-FINALIZADO-Copia-13.jpg\" width=\"183\" height=\"277\" \/><\/a><\/p>\n<p><a href=\"https:\/\/portal.uern.br\/eduern\/wp-content\/uploads\/sites\/14\/2025\/04\/E-book-Conselhos-Escolares-e-Pandemia-Covid-19-do-fechamento-a-abertura-das-instituicoes-de-ensino.pdf\"><em>VISUALIZAR OBRA<\/em><\/a><\/p>\n<p>&nbsp;<\/p>\n<p><strong>Conhecendo o Sistema Imunol\u00f3gico<\/strong><\/p>\n<p>Autores: Francisco Geraldo Gomes Naz\u00e1rio, Dayseanne Ara\u00faijo Falc\u00e3o e Regina C\u00e9lia Pereira Marques<\/p>\n<p><a href=\"https:\/\/portal.uern.br\/eduern\/wp-content\/uploads\/sites\/14\/2025\/04\/MOCKUP-FINALIZADO-Copia-12.jpg\"><img decoding=\"async\" class=\"\" src=\"https:\/\/portal.uern.br\/eduern\/wp-content\/uploads\/sites\/14\/2025\/04\/MOCKUP-FINALIZADO-Copia-12.jpg\" width=\"183\" height=\"277\" \/><\/a><\/p>\n<p><a href=\"https:\/\/portal.uern.br\/eduern\/wp-content\/uploads\/sites\/14\/2025\/04\/E-book-Conhecendo-o-Sistema-Imunologico.pdf\">VISUALIZAR OBRA<\/a><\/p>\n<p>&nbsp;<\/p>\n<p><strong>Os Agentes do Al\u00e9m: tipos e comportamentos<\/strong><\/p>\n<p>Autor: Ricardo Luiz de Souza<\/p>\n<p><a href=\"https:\/\/portal.uern.br\/eduern\/wp-content\/uploads\/sites\/14\/2025\/04\/Mockup-capa-finalizada.png\"><img decoding=\"async\" class=\"\" src=\"https:\/\/portal.uern.br\/eduern\/wp-content\/uploads\/sites\/14\/2025\/04\/Mockup-capa-finalizada.png\" width=\"169\" height=\"256\" \/><\/a><\/p>\n<p><a href=\"https:\/\/portal.uern.br\/eduern\/wp-content\/uploads\/sites\/14\/2025\/04\/E-book-Os-Agentes-do-Alem-tipos-e-comportamentos.pdf\"><em>VISUALIZAR OBRA<\/em><\/a><\/p>\n<p>&nbsp;<\/p>\n<p><strong>Conhecendo o Rei dos Mares: cartilha ilustrada sobre tubar\u00f5es<\/strong><\/p>\n<p>Autores: Alan Victor Andrade Canton e Ana Bernadete Lima Fragoso<\/p>\n<p><a href=\"https:\/\/portal.uern.br\/eduern\/wp-content\/uploads\/sites\/14\/2025\/03\/mocukup-cartilhatubaroes_digital_final.jpg\"><img loading=\"lazy\" decoding=\"async\" class=\"\" src=\"https:\/\/portal.uern.br\/eduern\/wp-content\/uploads\/sites\/14\/2025\/03\/mocukup-cartilhatubaroes_digital_final.jpg\" width=\"157\" height=\"237\" \/><\/a><\/p>\n<p><a href=\"https:\/\/portal.uern.br\/eduern\/wp-content\/uploads\/sites\/14\/2025\/03\/Conhecendo-o-Rei-dos-Mares-cartilha-ilustrada-sobre-tubaroes.pdf\"><em>VISUALIZAR OBRA<\/em><\/a><\/p>\n<p>&nbsp;<\/p>\n<p><strong>Google for Education: conex\u00e3o de saberes tutorial<\/strong><\/p>\n<p>Autores: Anna Gyzelle L. H. Holanda e Francelmo Farias<\/p>\n<p><a href=\"https:\/\/portal.uern.br\/eduern\/wp-content\/uploads\/sites\/14\/2025\/03\/MOCKUP-FINALIZADO-Copia-11.jpg\"><img loading=\"lazy\" decoding=\"async\" class=\"\" src=\"https:\/\/portal.uern.br\/eduern\/wp-content\/uploads\/sites\/14\/2025\/03\/MOCKUP-FINALIZADO-Copia-11.jpg\" width=\"149\" height=\"226\" \/><\/a><\/p>\n<p><a href=\"https:\/\/portal.uern.br\/eduern\/wp-content\/uploads\/sites\/14\/2025\/03\/E-book-Google-for-Education-conexao-de-saberes-tutorial.pdf\">VISUALIZAR OBRA<\/a><\/p>\n<p>&nbsp;<\/p>\n<p><strong>Teste de Provoca\u00e7\u00e3o Oral, Protocolos e Ferramentas Assistenciais da Unidade Curricular de Extens\u00e3o <\/strong><\/p>\n<p><strong>desenvolvidas no Hospital da Mulher<\/strong><\/p>\n<p>Organizadores: Alcivan Nunes Vieira, Kalidia Felipe de Lima Costa e Salatyel Haran Caetano da Silva Paiva<\/p>\n<p><a href=\"https:\/\/portal.uern.br\/eduern\/wp-content\/uploads\/sites\/14\/2025\/03\/MOCKUP-FINALIZADO-Copia-10.jpg\"><img loading=\"lazy\" decoding=\"async\" class=\"\" src=\"https:\/\/portal.uern.br\/eduern\/wp-content\/uploads\/sites\/14\/2025\/03\/MOCKUP-FINALIZADO-Copia-10.jpg\" width=\"139\" height=\"211\" \/><\/a><\/p>\n<p><a href=\"https:\/\/portal.uern.br\/eduern\/wp-content\/uploads\/sites\/14\/2025\/03\/E-book-Teste-de-Provocacao-Oral-Protocolos-e-Ferramentas-Assistenciais-da-Unidade-Curricular-de-Extensao-Desenvolvidas-no-Hospital-da-Mulher.pdf\"><em>VISUALIZAR OBRA<\/em><\/a><\/p>\n<p>&nbsp;<\/p>\n<p><strong>Cartilha- A Voz da Prote\u00e7\u00e3o: programa Maria da Penha vai \u00e0s escolas<\/strong><\/p>\n<p>Organizadoras: Terezinha Cabral de Albuquerque Neta Barros e Cyntia Carolina Beserra Brasileiro<\/p>\n<p><a href=\"https:\/\/portal.uern.br\/eduern\/wp-content\/uploads\/sites\/14\/2025\/03\/MOCKUP-FINALIZADO-Copia-9.jpg\"><img loading=\"lazy\" decoding=\"async\" class=\"\" src=\"https:\/\/portal.uern.br\/eduern\/wp-content\/uploads\/sites\/14\/2025\/03\/MOCKUP-FINALIZADO-Copia-9.jpg\" width=\"139\" height=\"210\" \/><\/a><\/p>\n<p><a href=\"https:\/\/portal.uern.br\/eduern\/wp-content\/uploads\/sites\/14\/2025\/03\/Digital-Cartilha-A-voz-da-Protecao-Programa-Maria-da-Penha-vai-as-Escolas.pdf\"><em>VISUALIZAR OBRA<\/em><\/a><\/p>\n<p>&nbsp;<\/p>\n<p><strong>Ci\u00eancia e Desenvolvimento em 15 anos de PPGL\/UERN-Vol.1<\/strong><\/p>\n<p>Organizadores: Lidiane de Morais Di\u00f3genes Bezerra, Jos\u00e9 Marcos Rosendo de Souza e Wellington Vieira Mendes<\/p>\n<p><a href=\"https:\/\/portal.uern.br\/eduern\/wp-content\/uploads\/sites\/14\/2025\/02\/mockup-ebook-15-anos-de-ppgl.png\"><img loading=\"lazy\" decoding=\"async\" class=\"\" src=\"https:\/\/portal.uern.br\/eduern\/wp-content\/uploads\/sites\/14\/2025\/02\/mockup-ebook-15-anos-de-ppgl.png\" width=\"131\" height=\"199\" \/><\/a><\/p>\n<p><a href=\"https:\/\/portal.uern.br\/eduern\/wp-content\/uploads\/sites\/14\/2025\/03\/E-book-Ciencia-e-Desenvolvimento-em-15-anos-de-PPGL-UERN-Vol-1.pdf\"><em>VISUALIZAR OBRA<\/em><\/a><\/p>\n<p>&nbsp;<\/p>\n<p><strong>Cartilha- Vamos Falar sobre Vacinas?<\/strong><\/p>\n<p>Autoras: Renata Michely Ribeiro Ros\u00e1rio, Regina C\u00e9lia Pereira Marques e Dayseanne Araujo Falc\u00e3o<\/p>\n<p><a href=\"https:\/\/portal.uern.br\/eduern\/wp-content\/uploads\/sites\/14\/2025\/02\/MOCKUP-FINALIZADO-vacinas-copiar_page-0001.jpg\"><img loading=\"lazy\" decoding=\"async\" class=\"alignleft\" src=\"https:\/\/portal.uern.br\/eduern\/wp-content\/uploads\/sites\/14\/2025\/02\/MOCKUP-FINALIZADO-vacinas-copiar_page-0001.jpg\" width=\"132\" height=\"200\" \/><\/a><\/p>\n<p>&nbsp;<\/p>\n<p>&nbsp;<\/p>\n<p>&nbsp;<\/p>\n<p>&nbsp;<\/p>\n<p>&nbsp;<\/p>\n<p>&nbsp;<\/p>\n<p style=\"text-align: left\"><a href=\"https:\/\/portal.uern.br\/eduern\/wp-content\/uploads\/sites\/14\/2025\/02\/Cartilha-Vamos-Falar-sobre-Vacinas.pdf\"><em>VISUALIZAR OBRA<\/em><\/a><\/p>\n<p>&nbsp;<\/p>\n<p><strong>Servi\u00e7o Social e a Luta contra a Transfobia como Express\u00e3o da Quest\u00e3o Social<\/strong><\/p>\n<p>Autora: Mayara da Silva Saraiva<\/p>\n<p><a href=\"https:\/\/portal.uern.br\/eduern\/wp-content\/uploads\/sites\/14\/2025\/02\/MOCKUP-DA-CAPA-DOS-LIVROS-PARA-ENVIO-AS-EDICOES-UERN-2-6.png\"><img loading=\"lazy\" decoding=\"async\" class=\"\" src=\"https:\/\/portal.uern.br\/eduern\/wp-content\/uploads\/sites\/14\/2025\/02\/MOCKUP-DA-CAPA-DOS-LIVROS-PARA-ENVIO-AS-EDICOES-UERN-2-6.png\" width=\"127\" height=\"193\" \/><\/a><\/p>\n<p><a href=\"https:\/\/portal.uern.br\/eduern\/wp-content\/uploads\/sites\/14\/2025\/02\/E-book-Servico-Social-e-a-Luta-contra-a-Transfobia-como-Expressao-da-Questao-Social.pdf\"><em>VISUALIZAR OBRA<\/em><\/a><\/p>\n<p>&nbsp;<\/p>\n<p><strong>Cartilha- Chegou a Hora de Conversarmos sobre Halitose<\/strong><\/p>\n<p>Autores: Wellington Gabriel Silva de Almeida, Isabel Cristina da Silva Costa, <span class=\"\">Pablo de Castro Santos e Juliana Carvalho S\u00e1<\/span><\/p>\n<p><a href=\"https:\/\/portal.uern.br\/eduern\/wp-content\/uploads\/sites\/14\/2025\/02\/MOCKUP-FINALIZADO-Copia-8.jpg\"><img loading=\"lazy\" decoding=\"async\" class=\"\" src=\"https:\/\/portal.uern.br\/eduern\/wp-content\/uploads\/sites\/14\/2025\/02\/MOCKUP-FINALIZADO-Copia-8.jpg\" width=\"130\" height=\"197\" \/><\/a><\/p>\n<p><a href=\"https:\/\/portal.uern.br\/eduern\/wp-content\/uploads\/sites\/14\/2025\/02\/Cartilha-Chegou-a-Hora-de-Conversarmos-sobre-Halitose.pdf\"><em>VISUALIZAR OBRA<\/em><\/a><\/p>\n<p>&nbsp;<\/p>\n<p><strong>Cartilha- Tudo que Voc\u00ea Precisa saber sobre o Curso de Enfermagem\u00a0<\/strong><\/p>\n<p>Autores: Ana Karinne de Moura Saraiva, Maria Carm\u00e9lia Sales do Amaral, Amanda Kelly Jales Ezequiel, Anabel Zuleide Marcelino Pereira e Eliandra Vit\u00f3ria Gurgel da Silva<\/p>\n<p><a href=\"https:\/\/portal.uern.br\/eduern\/wp-content\/uploads\/sites\/14\/2025\/02\/MOCKUP-FINALIZADO-Copia-.jpg\"><img loading=\"lazy\" decoding=\"async\" class=\"\" src=\"https:\/\/portal.uern.br\/eduern\/wp-content\/uploads\/sites\/14\/2025\/02\/MOCKUP-FINALIZADO-Copia-.jpg\" width=\"128\" height=\"194\" \/><\/a><\/p>\n<p><a href=\"https:\/\/portal.uern.br\/eduern\/wp-content\/uploads\/sites\/14\/2025\/02\/Cartilha-Tudo-que-voce-precisa-saber-sobre-o-curso-de-Enfermagem.pdf\"><em>VISUALIZAR OBRA<\/em><\/a><\/p>\n<p>&nbsp;<\/p>\n<p><strong>Cartilha-Conhecendo Direitos e Deveres do\/a Estudante FAEN\/UERN<\/strong><\/p>\n<p>Autores: \u00cdkaro Ramon Marques Alves, <span class=\"\">Lara L\u00edvia Vieira Viana, Mailton Alves De Mendon\u00e7a, Maria Carm\u00e9lia Sales do Amaral e Ana Karinne de Moura Saraiva<\/span><\/p>\n<p><a href=\"https:\/\/portal.uern.br\/eduern\/wp-content\/uploads\/sites\/14\/2025\/02\/MOCKUP-FINALIZADO-Copia-5.jpg\"><img loading=\"lazy\" decoding=\"async\" class=\"\" src=\"https:\/\/portal.uern.br\/eduern\/wp-content\/uploads\/sites\/14\/2025\/02\/MOCKUP-FINALIZADO-Copia-5.jpg\" width=\"125\" height=\"189\" \/><\/a><\/p>\n<p><a href=\"https:\/\/portal.uern.br\/eduern\/wp-content\/uploads\/sites\/14\/2025\/02\/Cartilha-Conhecendo-Direitos-e-Deveres-do-Estudante-FAEN-UERN.pdf\"><em>VISUALIZAR OBRA<\/em><\/a><\/p>\n<p>&nbsp;<\/p>\n<p><strong>A Possibilidade de Sucesso Escolar do aluno Pobre: estudo de dois casos contrastantes no estado do Cear\u00e1<\/strong><\/p>\n<p>Autor: M\u00e1rcio Kleber Morais Pessoa<\/p>\n<p><a href=\"https:\/\/portal.uern.br\/eduern\/wp-content\/uploads\/sites\/14\/2025\/02\/MOCKUP-POSSIBILIDADE-DE-SUCESSO-FINALIZADO.jpg\"><img loading=\"lazy\" decoding=\"async\" class=\"\" src=\"https:\/\/portal.uern.br\/eduern\/wp-content\/uploads\/sites\/14\/2025\/02\/MOCKUP-POSSIBILIDADE-DE-SUCESSO-FINALIZADO.jpg\" width=\"123\" height=\"186\" \/><\/a><\/p>\n<p><a href=\"https:\/\/portal.uern.br\/eduern\/wp-content\/uploads\/sites\/14\/2025\/02\/E-book-A-Possibilidade-de-sucesso-Escolar-do-Aluno-pobre-estudo-de-dois-casos-contrastantes-no-estdao-do-Ceara.pdf\"><em>VISUALIZAR OBRA<\/em><\/a><\/p>\n<p>&nbsp;<\/p>\n<p><strong>DH na Pr\u00e1tica: 10 Anos de extens\u00e3o universit\u00e1ria e justi\u00e7a restaurativa no campo da inf\u00e2ncia e juventude<\/strong><\/p>\n<p>Organizadores: <span style=\"font-weight: 400\">Ramon Rebou\u00e7as Nolasco de Oliveira, Jailson Alves Nogueira, Erik D\u00eanio Gomes de Oliveira Filho, Clea de Lima Nunes,<\/span><\/p>\n<p><span style=\"font-weight: 400\"> Jos\u00e9 Alessandro Amaral Paiva, Juan Carlos Vasconcelos Almeida, Maria Eduarda Aquino de Morais e Adeliana Luise Andrade Dias<\/span><\/p>\n<p><a href=\"https:\/\/portal.uern.br\/eduern\/wp-content\/uploads\/sites\/14\/2025\/02\/MOCKUP-FINALIZADO-Copia-4.jpg\"><img loading=\"lazy\" decoding=\"async\" class=\"\" src=\"https:\/\/portal.uern.br\/eduern\/wp-content\/uploads\/sites\/14\/2025\/02\/MOCKUP-FINALIZADO-Copia-4.jpg\" width=\"121\" height=\"184\" \/><\/a><\/p>\n<p><a href=\"https:\/\/portal.uern.br\/eduern\/wp-content\/uploads\/sites\/14\/2025\/02\/E-book-DH-na-Pratica-10-anos-de-extensao-Universitaria-e-justica-restaurativa-no-campo-da-infancia-e-juventude.pdf\"><em>VISUALIZAR OBRA<\/em><\/a><\/p>\n<p>&nbsp;<\/p>\n<p><strong>Pr\u00e1ticas Laboratoriais para o Ensino de Ci\u00eancias e Biologia<\/strong><\/p>\n<p>Organizadores: Regina C\u00e9lia Pereira Marques, Marcelo de Lima Guimar\u00e3es, Lara Fabiana Lopes Castro e Andreza Saiane de Almeida Silva<\/p>\n<p><a href=\"https:\/\/portal.uern.br\/eduern\/wp-content\/uploads\/sites\/14\/2025\/01\/MOCKUP-FINALIZADO-Copia-3.jpg\"><img loading=\"lazy\" decoding=\"async\" class=\"\" src=\"https:\/\/portal.uern.br\/eduern\/wp-content\/uploads\/sites\/14\/2025\/01\/MOCKUP-FINALIZADO-Copia-3.jpg\" width=\"117\" height=\"177\" \/><\/a><\/p>\n<p><a href=\"https:\/\/portal.uern.br\/eduern\/wp-content\/uploads\/sites\/14\/2025\/01\/Ebook-Praticas-Laboratoriais-para-o-Ensino-de-Ciencias-e-Biologia.pdf\"><em>VISUALIZAR OBRA<\/em><\/a><\/p>\n<p>&nbsp;<\/p>\n<p><strong>A &#8221; Cura Gay&#8221; no Div\u00e3: de Olavo de Carvalho \u00e0 terapia de revers\u00e3o sexual no Poder Judici\u00e1rio brasileiro<\/strong><\/p>\n<p>Autor: Williams Vicente da Silva<\/p>\n<p><a href=\"https:\/\/portal.uern.br\/eduern\/wp-content\/uploads\/sites\/14\/2025\/01\/MOCKUP-FINALIZADO-Copia-2.jpg\"><img loading=\"lazy\" decoding=\"async\" class=\"\" src=\"https:\/\/portal.uern.br\/eduern\/wp-content\/uploads\/sites\/14\/2025\/01\/MOCKUP-FINALIZADO-Copia-2.jpg\" width=\"120\" height=\"182\" \/><\/a><\/p>\n<p><a href=\"https:\/\/portal.uern.br\/eduern\/wp-content\/uploads\/sites\/14\/2025\/01\/E-book-A-Cura-Gay-no-Diva-de-Olavo-de-Carvalho-a-terapia-de-reversao-sexual-no-Poder-Judiciario-brasileiro.pdf\"><em>VISUALIZAR OBRA<\/em><\/a><\/p>\n<p>&nbsp;<\/p>\n<p>&nbsp;<\/p>\n<p>&nbsp;<\/p>\n<p>&nbsp;<\/p>\n<p>&nbsp;<\/p>\n<p>&nbsp;<\/p>\n<p>&nbsp;<\/p>\n<p>&nbsp;<\/p>\n<p>&nbsp;<\/p>\n<p>&nbsp;<\/p>\n<p>&nbsp;<\/p>\n<p>&nbsp;<\/p>\n","protected":false},"excerpt":{"rendered":"<p>Conselhos Escolares e Pandemia Covid-19: do fechamento \u00e0 abertura das institui\u00e7\u00f5es de ensino Autoras: Selma Mendon\u00e7a Bezerra e Arilene Maria Soares de Medeiros VISUALIZAR OBRA &nbsp; Conhecendo o Sistema Imunol\u00f3gico Autores: Francisco Geraldo Gomes Naz\u00e1rio, Dayseanne Ara\u00faijo Falc\u00e3o e Regina C\u00e9lia Pereira Marques VISUALIZAR OBRA &nbsp; Os Agentes do Al\u00e9m: tipos e comportamentos Autor: Ricardo [&hellip;]<\/p>\n","protected":false},"author":29,"featured_media":0,"parent":0,"menu_order":0,"comment_status":"closed","ping_status":"closed","template":"","meta":[],"_links":{"self":[{"href":"https:\/\/portal.uern.br\/eduern\/wp-json\/wp\/v2\/pages\/4265"}],"collection":[{"href":"https:\/\/portal.uern.br\/eduern\/wp-json\/wp\/v2\/pages"}],"about":[{"href":"https:\/\/portal.uern.br\/eduern\/wp-json\/wp\/v2\/types\/page"}],"author":[{"embeddable":true,"href":"https:\/\/portal.uern.br\/eduern\/wp-json\/wp\/v2\/users\/29"}],"replies":[{"embeddable":true,"href":"https:\/\/portal.uern.br\/eduern\/wp-json\/wp\/v2\/comments?post=4265"}],"version-history":[{"count":65,"href":"https:\/\/portal.uern.br\/eduern\/wp-json\/wp\/v2\/pages\/4265\/revisions"}],"predecessor-version":[{"id":4409,"href":"https:\/\/portal.uern.br\/eduern\/wp-json\/wp\/v2\/pages\/4265\/revisions\/4409"}],"wp:attachment":[{"href":"https:\/\/portal.uern.br\/eduern\/wp-json\/wp\/v2\/media?parent=4265"}],"curies":[{"name":"wp","href":"https:\/\/api.w.org\/{rel}","templated":true}]}}