{"id":2686,"date":"2024-06-05T11:32:49","date_gmt":"2024-06-05T14:32:49","guid":{"rendered":"https:\/\/portal.uern.br\/eduern\/?page_id=2686"},"modified":"2025-05-16T12:48:16","modified_gmt":"2025-05-16T15:48:16","slug":"perguntas-e-respostas-frequentes","status":"publish","type":"page","link":"https:\/\/portal.uern.br\/eduern\/perguntas-e-respostas-frequentes\/","title":{"rendered":"Faq"},"content":{"rendered":"\t\t<div data-elementor-type=\"wp-page\" data-elementor-id=\"2686\" class=\"elementor elementor-2686\" data-elementor-post-type=\"page\">\n\t\t\t\t<div class=\"elementor-element elementor-element-718baf30 e-flex e-con-boxed e-con e-parent\" data-id=\"718baf30\" data-element_type=\"container\" data-settings=\"{&quot;content_width&quot;:&quot;boxed&quot;}\" data-core-v316-plus=\"true\">\n\t\t\t\t\t<div class=\"e-con-inner\">\n\t\t\t\t<div class=\"elementor-element elementor-element-e2ad72c elementor-widget elementor-widget-toggle\" data-id=\"e2ad72c\" data-element_type=\"widget\" data-widget_type=\"toggle.default\">\n\t\t\t\t<div class=\"elementor-widget-container\">\n\t\t\t<style>\/*! elementor - v3.19.0 - 07-02-2024 *\/\n.elementor-toggle{text-align:left}.elementor-toggle .elementor-tab-title{font-weight:700;line-height:1;margin:0;padding:15px;border-bottom:1px solid #d5d8dc;cursor:pointer;outline:none}.elementor-toggle .elementor-tab-title .elementor-toggle-icon{display:inline-block;width:1em}.elementor-toggle .elementor-tab-title .elementor-toggle-icon svg{margin-inline-start:-5px;width:1em;height:1em}.elementor-toggle .elementor-tab-title .elementor-toggle-icon.elementor-toggle-icon-right{float:right;text-align:right}.elementor-toggle .elementor-tab-title .elementor-toggle-icon.elementor-toggle-icon-left{float:left;text-align:left}.elementor-toggle .elementor-tab-title .elementor-toggle-icon .elementor-toggle-icon-closed{display:block}.elementor-toggle .elementor-tab-title .elementor-toggle-icon .elementor-toggle-icon-opened{display:none}.elementor-toggle .elementor-tab-title.elementor-active{border-bottom:none}.elementor-toggle .elementor-tab-title.elementor-active .elementor-toggle-icon-closed{display:none}.elementor-toggle .elementor-tab-title.elementor-active .elementor-toggle-icon-opened{display:block}.elementor-toggle .elementor-tab-content{padding:15px;border-bottom:1px solid #d5d8dc;display:none}@media (max-width:767px){.elementor-toggle .elementor-tab-title{padding:12px}.elementor-toggle .elementor-tab-content{padding:12px 10px}}.e-con-inner>.elementor-widget-toggle,.e-con>.elementor-widget-toggle{width:var(--container-widget-width);--flex-grow:var(--container-widget-flex-grow)}<\/style>\t\t<div class=\"elementor-toggle\">\n\t\t\t\t\t\t\t<div class=\"elementor-toggle-item\">\n\t\t\t\t\t<div id=\"elementor-tab-title-2371\" class=\"elementor-tab-title\" data-tab=\"1\" role=\"button\" aria-controls=\"elementor-tab-content-2371\" aria-expanded=\"false\">\n\t\t\t\t\t\t\t\t\t\t\t\t<span class=\"elementor-toggle-icon elementor-toggle-icon-left\" aria-hidden=\"true\">\n\t\t\t\t\t\t\t\t\t\t\t\t\t\t\t<span class=\"elementor-toggle-icon-closed\"><i class=\"fas fa-caret-right\"><\/i><\/span>\n\t\t\t\t\t\t\t\t<span class=\"elementor-toggle-icon-opened\"><i class=\"elementor-toggle-icon-opened fas fa-caret-up\"><\/i><\/span>\n\t\t\t\t\t\t\t\t\t\t\t\t\t<\/span>\n\t\t\t\t\t\t\t\t\t\t\t\t<a class=\"elementor-toggle-title\" tabindex=\"0\">Quem pode publicar um livro pela Eduern?<\/a>\n\t\t\t\t\t<\/div>\n\n\t\t\t\t\t<div id=\"elementor-tab-content-2371\" class=\"elementor-tab-content elementor-clearfix\" data-tab=\"1\" role=\"region\" aria-labelledby=\"elementor-tab-title-2371\"><p>A Editora Universit\u00e1ria da Uern \u2013 Eduern \u2013 objetiva a valoriza\u00e7\u00e3o e o cumprimento da fun\u00e7\u00e3o social da Universidade, a partir da divulga\u00e7\u00e3o do patrim\u00f4nio cultural e da produ\u00e7\u00e3o cient\u00edfica, bem como a<br \/>socializa\u00e7\u00e3o do conhecimento gerado na Uern ou ainda pela comunidade externa, por meio da publica\u00e7\u00e3o de obras digitais e impressas.<\/p><p>Nesse sentido, para publicar um livro pela Eduern \u00e9 necess\u00e1rio que o autor(a) ou organizador(a) de colet\u00e2nea seja docente e\/ou t\u00e9cnico(a) administrativo(s) com t\u00edtulo de Mestre e\/ou Doutor e com v\u00ecnculo ativo na Uern.<\/p><p>O mesmo aplica-se tamb\u00e9m para submiss\u00f5es advindas de outras institui\u00e7\u00f5es. H\u00e1 ainda a possibilidade de autores convidados que sejam de interesse estrat\u00e9gico da editora.<\/p><\/div>\n\t\t\t\t<\/div>\n\t\t\t\t\t\t\t<div class=\"elementor-toggle-item\">\n\t\t\t\t\t<div id=\"elementor-tab-title-2372\" class=\"elementor-tab-title\" data-tab=\"2\" role=\"button\" aria-controls=\"elementor-tab-content-2372\" aria-expanded=\"false\">\n\t\t\t\t\t\t\t\t\t\t\t\t<span class=\"elementor-toggle-icon elementor-toggle-icon-left\" aria-hidden=\"true\">\n\t\t\t\t\t\t\t\t\t\t\t\t\t\t\t<span class=\"elementor-toggle-icon-closed\"><i class=\"fas fa-caret-right\"><\/i><\/span>\n\t\t\t\t\t\t\t\t<span class=\"elementor-toggle-icon-opened\"><i class=\"elementor-toggle-icon-opened fas fa-caret-up\"><\/i><\/span>\n\t\t\t\t\t\t\t\t\t\t\t\t\t<\/span>\n\t\t\t\t\t\t\t\t\t\t\t\t<a class=\"elementor-toggle-title\" tabindex=\"0\">Quais as etapas de publica\u00e7\u00e3o de um livro?<\/a>\n\t\t\t\t\t<\/div>\n\n\t\t\t\t\t<div id=\"elementor-tab-content-2372\" class=\"elementor-tab-content elementor-clearfix\" data-tab=\"2\" role=\"region\" aria-labelledby=\"elementor-tab-title-2372\"><p>As etapas para a publica\u00e7\u00e3o de um livro obedecer\u00e3o ao seguinte processo:<\/p><ul><li><strong>Submiss\u00e3o da proposta: <\/strong>os interessados dever\u00e3o fazer a submiss\u00e3o da proposta atendendo a um<br \/>edital espec\u00edfico da Eduern;<\/li><li><strong>An\u00e1lise Preliminar:<\/strong>\u00a0consiste na an\u00e1lise preliminar e valida\u00e7\u00e3o dos livros propostos para publica\u00e7\u00e3o,<br \/>realizada pelo Setor de Editora\u00e7\u00e3o da Eduern;<\/li><li><strong>An\u00e1lise de M\u00e9rito:<\/strong>\u00a0 consiste no julgamento dos livros propostos para publica\u00e7\u00e3o por pareceristas ad<br \/>hoc (no m\u00ednimo um parecerista ad hoc, no sistema de avalia\u00e7\u00e3o duplo-cego) e pelo Conselho Editorial<br \/>da Eduern. Nesta fase de an\u00e1lise de m\u00e9rito, salienta-se que a obra pode ser: aprovada, aprovada com a<br \/>necessidade de altera\u00e7\u00f5es e reprovada;<\/li><li><strong>Revis\u00e3o e Diagrama\u00e7\u00e3o:<\/strong> ap\u00f3s aprova\u00e7\u00e3o da obra pelo parecerista, esta ser\u00e1 direcionada para os<br \/>tr\u00e2mites editoriais necess\u00e1rios de revis\u00e3o e diagrama\u00e7\u00e3o. Nessa etapa, a depender das informa\u00e7\u00f5es<br \/>lan\u00e7adas no ato de submiss\u00e3o da proposta, a obra pode ou n\u00e3o passar pela revis\u00e3o de texto e\/ou<br \/>diagrama\u00e7\u00e3o;<\/li><li><strong>Cadastro e publica\u00e7\u00e3o<\/strong>: vencida a etapa anterior, a obra ser\u00e1 cadastrada junto \u00e0 C\u00e2mara Brasileira<br \/>do Livro(CBL) pela secretaria da Eduern e posteriormente lan\u00e7ada no portal da editora ou ter\u00e1 arquivo<br \/>encaminhado ao(s) autor(res) para providenciar impress\u00e3o.<\/li><\/ul><\/div>\n\t\t\t\t<\/div>\n\t\t\t\t\t\t\t<div class=\"elementor-toggle-item\">\n\t\t\t\t\t<div id=\"elementor-tab-title-2373\" class=\"elementor-tab-title\" data-tab=\"3\" role=\"button\" aria-controls=\"elementor-tab-content-2373\" aria-expanded=\"false\">\n\t\t\t\t\t\t\t\t\t\t\t\t<span class=\"elementor-toggle-icon elementor-toggle-icon-left\" aria-hidden=\"true\">\n\t\t\t\t\t\t\t\t\t\t\t\t\t\t\t<span class=\"elementor-toggle-icon-closed\"><i class=\"fas fa-caret-right\"><\/i><\/span>\n\t\t\t\t\t\t\t\t<span class=\"elementor-toggle-icon-opened\"><i class=\"elementor-toggle-icon-opened fas fa-caret-up\"><\/i><\/span>\n\t\t\t\t\t\t\t\t\t\t\t\t\t<\/span>\n\t\t\t\t\t\t\t\t\t\t\t\t<a class=\"elementor-toggle-title\" tabindex=\"0\">Como devo solicitar a publica\u00e7\u00e3o de um livro pela a Eduern?<\/a>\n\t\t\t\t\t<\/div>\n\n\t\t\t\t\t<div id=\"elementor-tab-content-2373\" class=\"elementor-tab-content elementor-clearfix\" data-tab=\"3\" role=\"region\" aria-labelledby=\"elementor-tab-title-2373\"><p>Os interessados devem fazer a submiss\u00e3o das propostas mediante editais ativos da editora, atentando-se para os requisitos necess\u00e1rios \u00e0 inscri\u00e7\u00e3o de propostas, como per\u00edodo, preenchimento correto e completo de anexos e encaminhamento correto dos arquivos.<\/p><\/div>\n\t\t\t\t<\/div>\n\t\t\t\t\t\t\t<div class=\"elementor-toggle-item\">\n\t\t\t\t\t<div id=\"elementor-tab-title-2374\" class=\"elementor-tab-title\" data-tab=\"4\" role=\"button\" aria-controls=\"elementor-tab-content-2374\" aria-expanded=\"false\">\n\t\t\t\t\t\t\t\t\t\t\t\t<span class=\"elementor-toggle-icon elementor-toggle-icon-left\" aria-hidden=\"true\">\n\t\t\t\t\t\t\t\t\t\t\t\t\t\t\t<span class=\"elementor-toggle-icon-closed\"><i class=\"fas fa-caret-right\"><\/i><\/span>\n\t\t\t\t\t\t\t\t<span class=\"elementor-toggle-icon-opened\"><i class=\"elementor-toggle-icon-opened fas fa-caret-up\"><\/i><\/span>\n\t\t\t\t\t\t\t\t\t\t\t\t\t<\/span>\n\t\t\t\t\t\t\t\t\t\t\t\t<a class=\"elementor-toggle-title\" tabindex=\"0\">Em quanto tempo ocorre o processo de publica\u00e7\u00e3o de um livro pela a Eduern?<\/a>\n\t\t\t\t\t<\/div>\n\n\t\t\t\t\t<div id=\"elementor-tab-content-2374\" class=\"elementor-tab-content elementor-clearfix\" data-tab=\"4\" role=\"region\" aria-labelledby=\"elementor-tab-title-2374\"><p>Os editais da Eduern apresentam cronograma pr\u00f3prios que respondem sobre o tempo necess\u00e1rio at\u00e9 o lan\u00e7amento de uma obra. No entanto, segue-se uma orienta\u00e7\u00e3o de que as etapas para publica\u00e7\u00e3o<br \/>atentem para os seguintes prazos:<\/p><ul><li><strong>Prazo para an\u00e1lise das proposta:<\/strong>\u00a0at\u00e9 60 dias ap\u00f3s an\u00e1lise preliminar;<\/li><li><strong>Prazo para lan\u00e7amento das obras:<\/strong>\u00a0at\u00e9 90 dias ap\u00f3s a an\u00e1lise da proposta.<\/li><\/ul><p><br \/>Esclarece-se que, os prazos de an\u00e1lise e de editora\u00e7\u00e3o, que culmina com o lan\u00e7amento da obra podem sofrer altera\u00e7\u00e3o, tanto em adiantamento quanto em atraso, devido a fatores que v\u00e3o de problemas na emiss\u00e3o de parecer dos analistas, aprova\u00e7\u00f5es com extensas corre\u00e7\u00f5es, a situa\u00e7\u00f5es administrativas imprevistas, principalmente envolvendo estagi\u00e1rios.<\/p><\/div>\n\t\t\t\t<\/div>\n\t\t\t\t\t\t\t<div class=\"elementor-toggle-item\">\n\t\t\t\t\t<div id=\"elementor-tab-title-2375\" class=\"elementor-tab-title\" data-tab=\"5\" role=\"button\" aria-controls=\"elementor-tab-content-2375\" aria-expanded=\"false\">\n\t\t\t\t\t\t\t\t\t\t\t\t<span class=\"elementor-toggle-icon elementor-toggle-icon-left\" aria-hidden=\"true\">\n\t\t\t\t\t\t\t\t\t\t\t\t\t\t\t<span class=\"elementor-toggle-icon-closed\"><i class=\"fas fa-caret-right\"><\/i><\/span>\n\t\t\t\t\t\t\t\t<span class=\"elementor-toggle-icon-opened\"><i class=\"elementor-toggle-icon-opened fas fa-caret-up\"><\/i><\/span>\n\t\t\t\t\t\t\t\t\t\t\t\t\t<\/span>\n\t\t\t\t\t\t\t\t\t\t\t\t<a class=\"elementor-toggle-title\" tabindex=\"0\">A EDUERN faz a impress\u00e3o de obras?<\/a>\n\t\t\t\t\t<\/div>\n\n\t\t\t\t\t<div id=\"elementor-tab-content-2375\" class=\"elementor-tab-content elementor-clearfix\" data-tab=\"5\" role=\"region\" aria-labelledby=\"elementor-tab-title-2375\"><p>A Eduern n\u00e3o realiza a impress\u00e3o de obras, pois n\u00e3o dispomos de parque gr\u00e1fico. No entanto, subsidiamos a publica\u00e7\u00e3o e divulga\u00e7\u00e3o de obras, ou seja, a intermedia\u00e7\u00e3o entre a CBL- C\u00e2mara Brasileira de Livros, para a gera\u00e7\u00e3o do n\u00famero de ISBN, no formato papel e e-book, conforme previsto nos editais pr\u00f3prios que podem ou n\u00e3o ser continuados.<\/p><\/div>\n\t\t\t\t<\/div>\n\t\t\t\t\t\t\t<div class=\"elementor-toggle-item\">\n\t\t\t\t\t<div id=\"elementor-tab-title-2376\" class=\"elementor-tab-title\" data-tab=\"6\" role=\"button\" aria-controls=\"elementor-tab-content-2376\" aria-expanded=\"false\">\n\t\t\t\t\t\t\t\t\t\t\t\t<span class=\"elementor-toggle-icon elementor-toggle-icon-left\" aria-hidden=\"true\">\n\t\t\t\t\t\t\t\t\t\t\t\t\t\t\t<span class=\"elementor-toggle-icon-closed\"><i class=\"fas fa-caret-right\"><\/i><\/span>\n\t\t\t\t\t\t\t\t<span class=\"elementor-toggle-icon-opened\"><i class=\"elementor-toggle-icon-opened fas fa-caret-up\"><\/i><\/span>\n\t\t\t\t\t\t\t\t\t\t\t\t\t<\/span>\n\t\t\t\t\t\t\t\t\t\t\t\t<a class=\"elementor-toggle-title\" tabindex=\"0\">Como fa\u00e7o para adquirir um livro no formato papel do acervo da Eduern?<\/a>\n\t\t\t\t\t<\/div>\n\n\t\t\t\t\t<div id=\"elementor-tab-content-2376\" class=\"elementor-tab-content elementor-clearfix\" data-tab=\"6\" role=\"region\" aria-labelledby=\"elementor-tab-title-2376\"><p>Atualmente a Eduern n\u00e3o est\u00e1 comercializando livros. A decis\u00e3o est\u00e1 embasada em duas justificativas:<br \/>a primeira \u00e9 o interesse imediato em distribuir ao m\u00e1ximo poss\u00edvel o acervo existente na editora,<br \/>tentado, assim, conciliar divulga\u00e7\u00e3o cient\u00edfica para a populariza\u00e7\u00e3o da ci\u00eancia com incentivo \u00e0 leitura;<br \/>a segunda \u00e9 a constru\u00e7\u00e3o segura e eficiente de meios para a comercializa\u00e7\u00e3o tanto de e-books quanto<br \/>de obras impressas.<\/p><\/div>\n\t\t\t\t<\/div>\n\t\t\t\t\t\t\t<div class=\"elementor-toggle-item\">\n\t\t\t\t\t<div id=\"elementor-tab-title-2377\" class=\"elementor-tab-title\" data-tab=\"7\" role=\"button\" aria-controls=\"elementor-tab-content-2377\" aria-expanded=\"false\">\n\t\t\t\t\t\t\t\t\t\t\t\t<span class=\"elementor-toggle-icon elementor-toggle-icon-left\" aria-hidden=\"true\">\n\t\t\t\t\t\t\t\t\t\t\t\t\t\t\t<span class=\"elementor-toggle-icon-closed\"><i class=\"fas fa-caret-right\"><\/i><\/span>\n\t\t\t\t\t\t\t\t<span class=\"elementor-toggle-icon-opened\"><i class=\"elementor-toggle-icon-opened fas fa-caret-up\"><\/i><\/span>\n\t\t\t\t\t\t\t\t\t\t\t\t\t<\/span>\n\t\t\t\t\t\t\t\t\t\t\t\t<a class=\"elementor-toggle-title\" tabindex=\"0\">Como fa\u00e7o para acessar a p\u00e1gina da Eduern?<\/a>\n\t\t\t\t\t<\/div>\n\n\t\t\t\t\t<div id=\"elementor-tab-content-2377\" class=\"elementor-tab-content elementor-clearfix\" data-tab=\"7\" role=\"region\" aria-labelledby=\"elementor-tab-title-2377\"><p>O portal da Eduern est\u00e1 sediado no s\u00edtio eletr\u00f4nico da Uern, na aba Diretorias, podendo ser facilmente acessado no link: <a href=\"https:\/\/portal.uern.br\/eduern\/\">https:\/\/portal.uern.br\/eduern\/<\/a><\/p><\/div>\n\t\t\t\t<\/div>\n\t\t\t\t\t\t\t<div class=\"elementor-toggle-item\">\n\t\t\t\t\t<div id=\"elementor-tab-title-2378\" class=\"elementor-tab-title\" data-tab=\"8\" role=\"button\" aria-controls=\"elementor-tab-content-2378\" aria-expanded=\"false\">\n\t\t\t\t\t\t\t\t\t\t\t\t<span class=\"elementor-toggle-icon elementor-toggle-icon-left\" aria-hidden=\"true\">\n\t\t\t\t\t\t\t\t\t\t\t\t\t\t\t<span class=\"elementor-toggle-icon-closed\"><i class=\"fas fa-caret-right\"><\/i><\/span>\n\t\t\t\t\t\t\t\t<span class=\"elementor-toggle-icon-opened\"><i class=\"elementor-toggle-icon-opened fas fa-caret-up\"><\/i><\/span>\n\t\t\t\t\t\t\t\t\t\t\t\t\t<\/span>\n\t\t\t\t\t\t\t\t\t\t\t\t<a class=\"elementor-toggle-title\" tabindex=\"0\">Quais os tipos de obras publicadas pela Eduern?<\/a>\n\t\t\t\t\t<\/div>\n\n\t\t\t\t\t<div id=\"elementor-tab-content-2378\" class=\"elementor-tab-content elementor-clearfix\" data-tab=\"8\" role=\"region\" aria-labelledby=\"elementor-tab-title-2378\"><p>A Eduern apreciar\u00e1 as submiss\u00f5es que se enquadrem nas seguintes defini\u00e7\u00f5es: livros; colet\u00e2neas;<br \/>cartilhas e manuais t\u00e9cnicos e que se enquadrem em alguma das linhas editoriais: T\u00e9cnicoacad\u00eamico-cient\u00edfica; Recursos did\u00e1tico-pedag\u00f3gicos; Art\u00edstico-cultural; Publica\u00e7\u00e3o institucional.<\/p><\/div>\n\t\t\t\t<\/div>\n\t\t\t\t\t\t\t<div class=\"elementor-toggle-item\">\n\t\t\t\t\t<div id=\"elementor-tab-title-2379\" class=\"elementor-tab-title\" data-tab=\"9\" role=\"button\" aria-controls=\"elementor-tab-content-2379\" aria-expanded=\"false\">\n\t\t\t\t\t\t\t\t\t\t\t\t<span class=\"elementor-toggle-icon elementor-toggle-icon-left\" aria-hidden=\"true\">\n\t\t\t\t\t\t\t\t\t\t\t\t\t\t\t<span class=\"elementor-toggle-icon-closed\"><i class=\"fas fa-caret-right\"><\/i><\/span>\n\t\t\t\t\t\t\t\t<span class=\"elementor-toggle-icon-opened\"><i class=\"elementor-toggle-icon-opened fas fa-caret-up\"><\/i><\/span>\n\t\t\t\t\t\t\t\t\t\t\t\t\t<\/span>\n\t\t\t\t\t\t\t\t\t\t\t\t<a class=\"elementor-toggle-title\" tabindex=\"0\">Quais os formatos de obras publicados pela Eduern?<\/a>\n\t\t\t\t\t<\/div>\n\n\t\t\t\t\t<div id=\"elementor-tab-content-2379\" class=\"elementor-tab-content elementor-clearfix\" data-tab=\"9\" role=\"region\" aria-labelledby=\"elementor-tab-title-2379\"><p>A Eduern disp\u00f5e de publica\u00e7\u00f5es nas modalidades impressa e digital, conforme expresso nos editais pr\u00f3prios; e nos formatos livros, colet\u00e2neas, cartilhas e manuais t\u00e9cnicos.<\/p><\/div>\n\t\t\t\t<\/div>\n\t\t\t\t\t\t\t<div class=\"elementor-toggle-item\">\n\t\t\t\t\t<div id=\"elementor-tab-title-23710\" class=\"elementor-tab-title\" data-tab=\"10\" role=\"button\" aria-controls=\"elementor-tab-content-23710\" aria-expanded=\"false\">\n\t\t\t\t\t\t\t\t\t\t\t\t<span class=\"elementor-toggle-icon elementor-toggle-icon-left\" aria-hidden=\"true\">\n\t\t\t\t\t\t\t\t\t\t\t\t\t\t\t<span class=\"elementor-toggle-icon-closed\"><i class=\"fas fa-caret-right\"><\/i><\/span>\n\t\t\t\t\t\t\t\t<span class=\"elementor-toggle-icon-opened\"><i class=\"elementor-toggle-icon-opened fas fa-caret-up\"><\/i><\/span>\n\t\t\t\t\t\t\t\t\t\t\t\t\t<\/span>\n\t\t\t\t\t\t\t\t\t\t\t\t<a class=\"elementor-toggle-title\" tabindex=\"0\">Quanto custa publicar obras do tipo livro, Anais ou cartilha no formato papel ou em Ebook?<\/a>\n\t\t\t\t\t<\/div>\n\n\t\t\t\t\t<div id=\"elementor-tab-content-23710\" class=\"elementor-tab-content elementor-clearfix\" data-tab=\"10\" role=\"region\" aria-labelledby=\"elementor-tab-title-23710\"><p>O custo para a publica\u00e7\u00e3o de uma obra pela Eduern refere-se ao pagamento do ISBN, por entender que este \u00e9 de responsabilidade do autor da obra.<\/p><p>Os valores atuais (com possibilidade de reajuste pela C\u00e2mara Brasileira do Livro) s\u00e3o: R$ 26.15 para e-book e R$ 63.85 para obras impressas.<\/p><p>Custos extras, como contrata\u00e7\u00e3o de diagramadores e\/ou revisores para agilizar o processo, assim como contrata\u00e7\u00e3o de gr\u00e1ficas para eventuais tiragens por demanda, ficam a cargo do(s) autor(es) e n\u00e3o s\u00e3o mediados pela Eduern.<\/p><\/div>\n\t\t\t\t<\/div>\n\t\t\t\t\t\t\t<div class=\"elementor-toggle-item\">\n\t\t\t\t\t<div id=\"elementor-tab-title-23711\" class=\"elementor-tab-title\" data-tab=\"11\" role=\"button\" aria-controls=\"elementor-tab-content-23711\" aria-expanded=\"false\">\n\t\t\t\t\t\t\t\t\t\t\t\t<span class=\"elementor-toggle-icon elementor-toggle-icon-left\" aria-hidden=\"true\">\n\t\t\t\t\t\t\t\t\t\t\t\t\t\t\t<span class=\"elementor-toggle-icon-closed\"><i class=\"fas fa-caret-right\"><\/i><\/span>\n\t\t\t\t\t\t\t\t<span class=\"elementor-toggle-icon-opened\"><i class=\"elementor-toggle-icon-opened fas fa-caret-up\"><\/i><\/span>\n\t\t\t\t\t\t\t\t\t\t\t\t\t<\/span>\n\t\t\t\t\t\t\t\t\t\t\t\t<a class=\"elementor-toggle-title\" tabindex=\"0\">Hor\u00e1rio de funcionamento e contatos?<\/a>\n\t\t\t\t\t<\/div>\n\n\t\t\t\t\t<div id=\"elementor-tab-content-23711\" class=\"elementor-tab-content elementor-clearfix\" data-tab=\"11\" role=\"region\" aria-labelledby=\"elementor-tab-title-23711\"><p>A Eduern funciona presencialmente todas as manh\u00e3s, de segunda a sexta-feira, das 07 \u00e0s 13h.<\/p><p>Expedientes internos acontecem no per\u00edodo da tarde, conforme a escala da dire\u00e7\u00e3o e das chefias.<\/p><p><strong>Localiza\u00e7\u00e3o<\/strong>: Centro de Conviv\u00eancia do Campus Mossor\u00f3, ao lado do Restaurante Popular.<br \/><strong>E-mail:<\/strong> edicoes.uern@uern.br<br \/><strong>Instagram<\/strong> (direct): @uern_edicoes<br \/><strong>Telefone\/Whatsapp:<\/strong> 84 987891-0225 (telefone do diretor)<\/p><\/div>\n\t\t\t\t<\/div>\n\t\t\t\t\t\t\t\t<\/div>\n\t\t\t\t<\/div>\n\t\t\t\t<\/div>\n\t\t\t\t\t<\/div>\n\t\t\t\t<\/div>\n\t\t\t\t<\/div>\n\t\t","protected":false},"excerpt":{"rendered":"<p>Quem pode publicar um livro pela Eduern? A Editora Universit\u00e1ria da Uern \u2013 Eduern \u2013 objetiva a valoriza\u00e7\u00e3o e o cumprimento da fun\u00e7\u00e3o social da Universidade, a partir da divulga\u00e7\u00e3o do patrim\u00f4nio cultural e da produ\u00e7\u00e3o cient\u00edfica, bem como asocializa\u00e7\u00e3o do conhecimento gerado na Uern ou ainda pela comunidade externa, por meio da publica\u00e7\u00e3o de [&hellip;]<\/p>\n","protected":false},"author":29,"featured_media":0,"parent":0,"menu_order":0,"comment_status":"closed","ping_status":"closed","template":"","meta":[],"_links":{"self":[{"href":"https:\/\/portal.uern.br\/eduern\/wp-json\/wp\/v2\/pages\/2686"}],"collection":[{"href":"https:\/\/portal.uern.br\/eduern\/wp-json\/wp\/v2\/pages"}],"about":[{"href":"https:\/\/portal.uern.br\/eduern\/wp-json\/wp\/v2\/types\/page"}],"author":[{"embeddable":true,"href":"https:\/\/portal.uern.br\/eduern\/wp-json\/wp\/v2\/users\/29"}],"replies":[{"embeddable":true,"href":"https:\/\/portal.uern.br\/eduern\/wp-json\/wp\/v2\/comments?post=2686"}],"version-history":[{"count":14,"href":"https:\/\/portal.uern.br\/eduern\/wp-json\/wp\/v2\/pages\/2686\/revisions"}],"predecessor-version":[{"id":4562,"href":"https:\/\/portal.uern.br\/eduern\/wp-json\/wp\/v2\/pages\/2686\/revisions\/4562"}],"wp:attachment":[{"href":"https:\/\/portal.uern.br\/eduern\/wp-json\/wp\/v2\/media?parent=2686"}],"curies":[{"name":"wp","href":"https:\/\/api.w.org\/{rel}","templated":true}]}}