{"id":2450,"date":"2024-03-11T12:09:44","date_gmt":"2024-03-11T15:09:44","guid":{"rendered":"https:\/\/portal.uern.br\/eduern\/?page_id=2450"},"modified":"2024-12-19T10:12:53","modified_gmt":"2024-12-19T13:12:53","slug":"obras-2024","status":"publish","type":"page","link":"https:\/\/portal.uern.br\/eduern\/obras-2024\/","title":{"rendered":"Obras 2024"},"content":{"rendered":"<p><strong>Manual de Boas Vindas do Hospital Regional da Mulher Parteira Maria Correia<\/strong><\/p>\n<p>Organizadores: Ana Clarisse de Freitas Maia, <span style=\"font-weight: 400\">Davd Lopes de Ara\u00fajo, Elenimar Costa Bezerra e <\/span><span style=\"font-weight: 400\">Elisiana dos Reis Miranda et al.<\/span><\/p>\n<p><a href=\"https:\/\/portal.uern.br\/eduern\/wp-content\/uploads\/sites\/14\/2024\/12\/WhatsApp-Image-2024-12-10-at-10.39.44.jpeg\"><img decoding=\"async\" class=\"\" src=\"https:\/\/portal.uern.br\/eduern\/wp-content\/uploads\/sites\/14\/2024\/12\/WhatsApp-Image-2024-12-10-at-10.39.44.jpeg\" width=\"180\" height=\"272\" \/><\/a><\/p>\n<p><a href=\"https:\/\/portal.uern.br\/eduern\/wp-content\/uploads\/sites\/14\/2024\/12\/E-book-Manual-de-Boas-Vindas-do-Hospital-Regional-da-Mulher-Parteira-Maria-Correia-1.pdf\"><em>VISUALIZAR OBRA<\/em><\/a><\/p>\n<p>&nbsp;<\/p>\n<p><strong>Manual de Boas Vindas do Hospital Regional da Mulher Parteira Maria Correia: alunos, residentes e preceptores<\/strong><\/p>\n<p>Organizadores: Ana Clarisse de Freitas Maia, <span style=\"font-weight: 400\">Davd Lopes de Ara\u00fajo, Elenimar Costa Bezerra e <\/span><span style=\"font-weight: 400\">Elisiana dos Reis Miranda et al.<\/span><\/p>\n<p><a href=\"https:\/\/portal.uern.br\/eduern\/wp-content\/uploads\/sites\/14\/2024\/12\/MOCKUP-FINALIZADO-Copia.jpg\"><img decoding=\"async\" class=\"\" src=\"https:\/\/portal.uern.br\/eduern\/wp-content\/uploads\/sites\/14\/2024\/12\/MOCKUP-FINALIZADO-Copia.jpg\" width=\"174\" height=\"263\" \/><\/a><\/p>\n<p><a href=\"https:\/\/portal.uern.br\/eduern\/wp-content\/uploads\/sites\/14\/2024\/12\/E-book-Manual-de-Boas-Vindas-do-Hospital-Regional-da-Mulher-Parteira-Maria-Correia-alunos-residentes-e-preceptores.pdf\"><em>VISUALIZAR OBRA<\/em><\/a><\/p>\n<p>&nbsp;<\/p>\n<p><strong>Fala A\u00ed, Prof!: experi\u00eancias em forma\u00e7\u00e3o docente em Ci\u00eancias Sociais na UERN<\/strong><\/p>\n<p>Organizadores: M\u00e1rcio Kleber Morais Pessoa e Karlla Christine Ara\u00fajo Souza<\/p>\n<p><a href=\"https:\/\/portal.uern.br\/eduern\/wp-content\/uploads\/sites\/14\/2024\/12\/Fala-ai-Prof-Experiencias-em-formacao-docente-em-Ciencias-Sociais-na-UERN.png\"><img decoding=\"async\" class=\"\" src=\"https:\/\/portal.uern.br\/eduern\/wp-content\/uploads\/sites\/14\/2024\/12\/Fala-ai-Prof-Experiencias-em-formacao-docente-em-Ciencias-Sociais-na-UERN.png\" width=\"165\" height=\"250\" \/><\/a><\/p>\n<p><a href=\"https:\/\/portal.uern.br\/eduern\/wp-content\/uploads\/sites\/14\/2024\/12\/E-book-Fala-Ai-Prof-Experiencias-em-Formacao-Docente-em-Ciencias-Sociais-na-UERN-1.pdf\"><em>VISUALIZAR OBRA<\/em><\/a><\/p>\n<p>&nbsp;<\/p>\n<p><strong>Cartilha para Pessoas Gestantes<\/strong><\/p>\n<p>Organizadores: D<span style=\"font-weight: 400\">avd Lopes de Ara\u00fajo, Hosana Mirelle Goes e Silva Costa e U\u00e9vila Fons\u00eaca Corcino<\/span><\/p>\n<p><a href=\"https:\/\/portal.uern.br\/eduern\/wp-content\/uploads\/sites\/14\/2024\/12\/MOCKUP-CARTILHA.jpg\"><img loading=\"lazy\" decoding=\"async\" class=\"\" src=\"https:\/\/portal.uern.br\/eduern\/wp-content\/uploads\/sites\/14\/2024\/12\/MOCKUP-CARTILHA.jpg\" width=\"162\" height=\"245\" \/><\/a><\/p>\n<p><a href=\"https:\/\/portal.uern.br\/eduern\/wp-content\/uploads\/sites\/14\/2024\/12\/Cartilha-para-Pessoas-Gestantes.pdf\"><em>VISUALIZAR OBRA<\/em><\/a><\/p>\n<p>&nbsp;<\/p>\n<p><strong>O Instituto de M\u00fasica do Rio Grande do Norte ( 1933-1961)<\/strong><\/p>\n<p>Autor: <span style=\"font-weight: 400\">Alanderson Maxson Ferreira do Nascimento<\/span><\/p>\n<p><a href=\"https:\/\/portal.uern.br\/eduern\/wp-content\/uploads\/sites\/14\/2024\/12\/MOCKUP-FINALIZADO-3.jpg\"><img loading=\"lazy\" decoding=\"async\" class=\"\" src=\"https:\/\/portal.uern.br\/eduern\/wp-content\/uploads\/sites\/14\/2024\/12\/MOCKUP-FINALIZADO-3.jpg\" width=\"155\" height=\"235\" \/><\/a><\/p>\n<p><em><a href=\"https:\/\/portal.uern.br\/eduern\/wp-content\/uploads\/sites\/14\/2024\/12\/E-book-O-Instituto-de-Musica-do-Rio-Grande-do-Norte-1933-1961.pdf\">VISUALIZAR OBRA<\/a><\/em><\/p>\n<p>&nbsp;<\/p>\n<p><strong>Guia Ilustrado de Plantas da Caatinga<\/strong><\/p>\n<p>Autores: Adrielly k\u00e9tcia de Souza Marinho Ara\u00fajo e Diego Nathan do Nascimento Souza<\/p>\n<p><a href=\"https:\/\/portal.uern.br\/eduern\/wp-content\/uploads\/sites\/14\/2024\/11\/MOCKUP-FINALIZADO-1.jpg\"><img loading=\"lazy\" decoding=\"async\" class=\"\" src=\"https:\/\/portal.uern.br\/eduern\/wp-content\/uploads\/sites\/14\/2024\/11\/MOCKUP-FINALIZADO-1.jpg\" width=\"156\" height=\"236\" \/><\/a><\/p>\n<p><a href=\"https:\/\/portal.uern.br\/eduern\/wp-content\/uploads\/sites\/14\/2024\/11\/E-book-Guia-Ilustrado-de-Plantas-da-Caatinga.pdf\"><em>VISUALIZAR OBRA<\/em><\/a><\/p>\n<p>&nbsp;<\/p>\n<p><strong>Did\u00e1tica da Geografia: seus elementos e suas linguagens<\/strong><\/p>\n<p>Organizadores: Rosalvo Nobre Carneiro e Raimundo Lenilde de Ara\u00fajo<\/p>\n<p><a href=\"https:\/\/portal.uern.br\/eduern\/wp-content\/uploads\/sites\/14\/2024\/11\/mockup-didatica-da-geografia-ebook.png\"><img loading=\"lazy\" decoding=\"async\" class=\"\" src=\"https:\/\/portal.uern.br\/eduern\/wp-content\/uploads\/sites\/14\/2024\/11\/mockup-didatica-da-geografia-ebook.png\" width=\"155\" height=\"235\" \/><\/a><\/p>\n<p><a href=\"https:\/\/portal.uern.br\/eduern\/wp-content\/uploads\/sites\/14\/2024\/11\/E-book-Didatica-da-Geografia-seus-elementos-e-suas-linguagens.pdf\"><em>VISUALIZAR OBRA<\/em><\/a><\/p>\n<p>&nbsp;<\/p>\n<p><strong>Instrumentos Odontol\u00f3gicos: fun\u00e7\u00f5es, indica\u00e7\u00f5es e utiliza\u00e7\u00f5es por especialidade<\/strong><\/p>\n<p>Organizadores: Erik Vin\u00edcius Martins J\u00e1come, Eduardo Jos\u00e9 Guerra Seabra e Ana Clara Soares Paiva Torres<\/p>\n<p><a href=\"https:\/\/portal.uern.br\/eduern\/wp-content\/uploads\/sites\/14\/2024\/11\/MOCKUP-FINALIZADO.jpg\"><img loading=\"lazy\" decoding=\"async\" class=\"\" src=\"https:\/\/portal.uern.br\/eduern\/wp-content\/uploads\/sites\/14\/2024\/11\/MOCKUP-FINALIZADO.jpg\" width=\"153\" height=\"232\" \/><\/a><\/p>\n<p><a href=\"https:\/\/portal.uern.br\/eduern\/wp-content\/uploads\/sites\/14\/2024\/11\/E-book-Instrumentos-Odontologicos-funcoes-indicacoes-e-utilizacoes-por-especialidade.pdf\"><em>VISUALIZAR OBRA<\/em><\/a><\/p>\n<p>&nbsp;<\/p>\n<p><strong>Superviventes<\/strong><\/p>\n<p>Organizadora: Aryanne Queiroz<\/p>\n<p><a href=\"https:\/\/portal.uern.br\/eduern\/wp-content\/uploads\/sites\/14\/2024\/11\/LIVRO-SUPERVIVENTES.jpg\"><img loading=\"lazy\" decoding=\"async\" class=\"\" src=\"https:\/\/portal.uern.br\/eduern\/wp-content\/uploads\/sites\/14\/2024\/11\/LIVRO-SUPERVIVENTES.jpg\" width=\"153\" height=\"232\" \/><\/a><\/p>\n<p><a href=\"https:\/\/portal.uern.br\/eduern\/wp-content\/uploads\/sites\/14\/2024\/11\/E-book-Superviventes.pdf\"><em>VISUALIZAR OBRA<\/em><\/a><\/p>\n<p>&nbsp;<\/p>\n<p><strong>O Show da Qu\u00edmica<\/strong><\/p>\n<p>Autores: <span class=\"\">Anne Gabriella Dias Santos, Fernando Rodrigo Dantas Fernandes, Kel\u00e2nia Freire Martins Mesquita e Keurison Figueredo Magalh\u00e3es\u00a0<\/span><\/p>\n<p><a href=\"https:\/\/portal.uern.br\/eduern\/wp-content\/uploads\/sites\/14\/2024\/10\/o-show-de-quimica-mockup.png\"><img loading=\"lazy\" decoding=\"async\" class=\"\" src=\"https:\/\/portal.uern.br\/eduern\/wp-content\/uploads\/sites\/14\/2024\/10\/o-show-de-quimica-mockup.png\" width=\"158\" height=\"239\" \/><\/a><\/p>\n<p><a href=\"https:\/\/portal.uern.br\/eduern\/wp-content\/uploads\/sites\/14\/2024\/10\/E-book-O-Show-da-Quimica.pdf\"><em>VISUALIZAR OBRA<\/em><\/a><\/p>\n<p>&nbsp;<\/p>\n<p><strong>Atlas Geogr\u00e1fico Escolar de Ass\u00fa<\/strong><\/p>\n<p>Autores: Ger\u00f4nimo da Silva Costa, Josiel de Alencar Guedes e Miriam Aparecida Bueno<\/p>\n<p><a href=\"https:\/\/portal.uern.br\/eduern\/wp-content\/uploads\/sites\/14\/2024\/10\/atlas-geografico-assu-mockup.png\"><img loading=\"lazy\" decoding=\"async\" class=\"\" src=\"https:\/\/portal.uern.br\/eduern\/wp-content\/uploads\/sites\/14\/2024\/10\/atlas-geografico-assu-mockup.png\" width=\"152\" height=\"230\" \/><\/a><\/p>\n<p><a href=\"https:\/\/portal.uern.br\/eduern\/wp-content\/uploads\/sites\/14\/2024\/10\/E-book-Atlas-Geografico-Escolar-de-Assu.pdf\"><em>VISUALIZAR OBRA<\/em><\/a><\/p>\n<p>&nbsp;<\/p>\n<p><strong>Cartilha- 30 de setembro: por uma hist\u00f3ria da liberta\u00e7\u00e3o<\/strong><\/p>\n<p>Organizadores: Aryana Lima Costa e Marcilio Lima Falc\u00e3o<\/p>\n<p><a href=\"https:\/\/portal.uern.br\/eduern\/wp-content\/uploads\/sites\/14\/2024\/09\/MOCKUP-1.png\"><img loading=\"lazy\" decoding=\"async\" class=\"\" src=\"https:\/\/portal.uern.br\/eduern\/wp-content\/uploads\/sites\/14\/2024\/09\/MOCKUP-1.png\" width=\"152\" height=\"230\" \/><\/a><\/p>\n<p><a href=\"https:\/\/portal.uern.br\/eduern\/wp-content\/uploads\/sites\/14\/2024\/09\/E-book-30-de-Setembro-por-uma-historia-da-libertacao.pdf\">VISUALIZAR OBRA<\/a><\/p>\n<p>&nbsp;<\/p>\n<p><strong>Pr\u00e1ticas integrativas e complementares: viv\u00eancias, reflex\u00f5es e ci\u00eancia<\/strong><\/p>\n<p>Organizadora: Isabel Cristina Amaral de Sousa Rosso Nelson<\/p>\n<p><a href=\"https:\/\/portal.uern.br\/eduern\/wp-content\/uploads\/sites\/14\/2024\/08\/praticas-integrativas-e-complementares-mockup.png\"><img loading=\"lazy\" decoding=\"async\" class=\"\" src=\"https:\/\/portal.uern.br\/eduern\/wp-content\/uploads\/sites\/14\/2024\/08\/praticas-integrativas-e-complementares-mockup.png\" width=\"140\" height=\"212\" \/><\/a><\/p>\n<p><a href=\"https:\/\/portal.uern.br\/eduern\/wp-content\/uploads\/sites\/14\/2024\/08\/E-book-Praticas-Integrativas-e-Complementares-vivencias-reflexoes-e-ciencia.pdf\"><em>VISUALIZAR OBRA<\/em><\/a><\/p>\n<p>&nbsp;<\/p>\n<p><strong>A Sociolingu\u00edstica em Perspectiva: pesquisa e ensino de l\u00ednguas<\/strong><\/p>\n<p>Organizadores: Gilson Chicon Alves, Cid Ivan da Costa Carvalho e Jos\u00e9 Roberto Alves Barbosa<\/p>\n<p><a href=\"https:\/\/portal.uern.br\/eduern\/wp-content\/uploads\/sites\/14\/2024\/08\/MOCKUP-A-Sociolingistica-em-perspectiva.png\"><img loading=\"lazy\" decoding=\"async\" class=\"\" src=\"https:\/\/portal.uern.br\/eduern\/wp-content\/uploads\/sites\/14\/2024\/08\/MOCKUP-A-Sociolingistica-em-perspectiva.png\" width=\"136\" height=\"206\" \/><\/a><\/p>\n<p><a href=\"https:\/\/portal.uern.br\/eduern\/wp-content\/uploads\/sites\/14\/2024\/08\/E-book-A-Sociolinguistica-em-Perspectiva-pesquisa-e-ensino-de-linguas.pdf\"><em>VISUALIZAR OBRA<\/em><\/a><\/p>\n<p>&nbsp;<\/p>\n<p><strong>O Movimento de Cultura Popular do Recife ( 1959-1964)<\/strong><\/p>\n<p>Organizador: Fabio Silva de Souza<\/p>\n<p><a href=\"https:\/\/portal.uern.br\/eduern\/wp-content\/uploads\/sites\/14\/2024\/08\/MOCKUP.png\"><img loading=\"lazy\" decoding=\"async\" class=\"\" src=\"https:\/\/portal.uern.br\/eduern\/wp-content\/uploads\/sites\/14\/2024\/08\/MOCKUP.png\" width=\"136\" height=\"206\" \/><\/a><\/p>\n<p><a href=\"https:\/\/portal.uern.br\/eduern\/wp-content\/uploads\/sites\/14\/2024\/09\/E-book-O-Movimento-de-Cultura-Popular-do-Recife-1959-1964.pdf\"><em>VISUALIZAR OBRA<\/em><\/a><\/p>\n<p>&nbsp;<\/p>\n<p><strong>Gera\u00e7\u00f5es de Luta: honrando as faces da resist\u00eancia<\/strong><\/p>\n<p>Organizadores: Raquel Assun\u00e7\u00e3o Oliveira, Ana G. Echaz\u00fc B\u00f6schemeier, Breno da Silva Carvalho, Jocyele Ferreira Marinho, Maria Teresa Nobre, Matheus Rios Silva Santos, Jasmin Immonen e Raphael Schapira<\/p>\n<p><a href=\"https:\/\/portal.uern.br\/eduern\/wp-content\/uploads\/sites\/14\/2024\/08\/e-book-geracoes-de-luta-honrando-as-faces-da-resistencia-mockup.png\"><img loading=\"lazy\" decoding=\"async\" class=\"\" src=\"https:\/\/portal.uern.br\/eduern\/wp-content\/uploads\/sites\/14\/2024\/08\/e-book-geracoes-de-luta-honrando-as-faces-da-resistencia-mockup.png\" width=\"136\" height=\"206\" \/><\/a><\/p>\n<p><a href=\"https:\/\/portal.uern.br\/eduern\/wp-content\/uploads\/sites\/14\/2024\/08\/E-book-Geracoes-de-Luta-honrando-as-faces-da-resistencia.pdf\"><em>VISUALIZAR OBRA<\/em><\/a><\/p>\n<p>&nbsp;<\/p>\n<p><strong>Estudos em Ci\u00eancias da Linguagem: aspectos multimodais, discursivos e liter\u00e1rios<\/strong><\/p>\n<p>Organizadores: Em\u00edlio Ribeiro, Josailton de Mendon\u00e7a e Francisco Paulo da Silva<\/p>\n<p><a href=\"https:\/\/portal.uern.br\/eduern\/wp-content\/uploads\/sites\/14\/2024\/08\/livrolinguagem-3_page-0001.jpg\"><img loading=\"lazy\" decoding=\"async\" class=\"\" src=\"https:\/\/portal.uern.br\/eduern\/wp-content\/uploads\/sites\/14\/2024\/08\/livrolinguagem-3_page-0001.jpg\" width=\"140\" height=\"212\" \/><\/a><\/p>\n<p><a href=\"https:\/\/portal.uern.br\/eduern\/wp-content\/uploads\/sites\/14\/2024\/08\/E-book-Estudos-em-ciencias-da-linguagem-Aspectos-multimodais-discursivos-e-literarios.pdf\"><em>VISUALIZAR OBRA<\/em><\/a><\/p>\n<p>&nbsp;<\/p>\n<p><strong>Anais do X Sal\u00e3o de Extens\u00e3o: III ELO UERN a Universidade junto \u00e0 comunidade ( Publica\u00e7\u00e3o Institucional)<\/strong><\/p>\n<p>Organizadores: Esdra Marchezan Sales, Anairam de Medeiros e Silva, <span class=\"\">Denise dos Santos Vasconcelos Silva, Geordana Fernandes Souto do Monte Vasconcelos e Vilsem\u00e1cia Alves Costa<\/span><\/p>\n<p><a href=\"https:\/\/portal.uern.br\/eduern\/wp-content\/uploads\/sites\/14\/2024\/08\/MOCKUPCAPAEDICOESUERN_page-0001.jpg\"><img loading=\"lazy\" decoding=\"async\" class=\"\" src=\"https:\/\/portal.uern.br\/eduern\/wp-content\/uploads\/sites\/14\/2024\/08\/MOCKUPCAPAEDICOESUERN_page-0001.jpg\" width=\"137\" height=\"207\" \/><\/a><\/p>\n<p><a href=\"https:\/\/portal.uern.br\/eduern\/wp-content\/uploads\/sites\/14\/2024\/08\/Anais-do-X-Salao-de-Extensao-III-ELO-UERN-a-Universidade-junto-a-comunidade.pdf\">VISUALIZAR OBRA<\/a><\/p>\n<p>&nbsp;<\/p>\n<p><strong>Mulheres Potiguares no Ensino da Hist\u00f3ria Local: um protagonismo atenuado<\/strong><\/p>\n<p>Autores: Vanusa Maria Gomes Noronha Medeiros e Paulo Augusto Tamanini<\/p>\n<p><a href=\"https:\/\/portal.uern.br\/eduern\/wp-content\/uploads\/sites\/14\/2024\/12\/MOCKUP-FINALIZADO-Copia-1.jpg\"><img loading=\"lazy\" decoding=\"async\" class=\"\" src=\"https:\/\/portal.uern.br\/eduern\/wp-content\/uploads\/sites\/14\/2024\/12\/MOCKUP-FINALIZADO-Copia-1.jpg\" width=\"138\" height=\"209\" \/><\/a><\/p>\n<p><em><a href=\"https:\/\/portal.uern.br\/eduern\/wp-content\/uploads\/sites\/14\/2024\/12\/E-book-Mulheres-Potiguares-no-Ensino-da-Historia-Local-um-protagonismo-atenuado.pdf\">VISUALIZAR OBRA<\/a><\/em><\/p>\n<p>&nbsp;<\/p>\n<p><strong>Pesquisa, Educa\u00e7\u00e3o e Pr\u00e1tica Pedag\u00f3gica: contribui\u00e7\u00f5es ao estudo da forma\u00e7\u00e3o humana<\/strong><\/p>\n<p>Organizadores: J\u00falio Ribeiro Soares, M\u00e1rcia N\u00fabia da Silva Oliveira e Zenaide Maria da Silva Santiago<\/p>\n<p><a href=\"https:\/\/portal.uern.br\/eduern\/wp-content\/uploads\/sites\/14\/2024\/07\/27-07-24-Mockup.jpeg\"><img loading=\"lazy\" decoding=\"async\" class=\"\" src=\"https:\/\/portal.uern.br\/eduern\/wp-content\/uploads\/sites\/14\/2024\/07\/27-07-24-Mockup.jpeg\" width=\"137\" height=\"208\" \/><\/a><\/p>\n<p><a href=\"https:\/\/portal.uern.br\/eduern\/wp-content\/uploads\/sites\/14\/2024\/07\/E-book-Pesquisa-Educacao-e-Pratica-Pedagogica-contribuicoes-ao-estudo-da-formacao-humana.pdf\"><em>VISUALIZAR OBRA<\/em><\/a><\/p>\n<p>&nbsp;<\/p>\n<p><strong>Cartilha- Roteiro Pedag\u00f3gico na Lagoa do Apodi<\/strong><\/p>\n<p>Autores: Carla Matozo Lopes e Pablo de Castro Santos<\/p>\n<p><a href=\"https:\/\/portal.uern.br\/eduern\/wp-content\/uploads\/sites\/14\/2024\/07\/WhatsApp-Image-2024-07-17-at-08.56.08.jpeg\"><img loading=\"lazy\" decoding=\"async\" class=\"\" src=\"https:\/\/portal.uern.br\/eduern\/wp-content\/uploads\/sites\/14\/2024\/07\/WhatsApp-Image-2024-07-17-at-08.56.08.jpeg\" width=\"140\" height=\"212\" \/><\/a><\/p>\n<p><a href=\"https:\/\/portal.uern.br\/eduern\/wp-content\/uploads\/sites\/14\/2024\/07\/E-book-Cartilha-Roteiro-Pedagogico-na-Lago-do-Apodi.pdf\"><em>VISUALIZAR OBRA<\/em><\/a><\/p>\n<p>&nbsp;<\/p>\n<p><strong>C\u00edrculos que n\u00e3o Fecham: das oficinas biogr\u00e1ficas de projeto \u00e0 constru\u00e7\u00e3o de la\u00e7os humanos na universidade<\/strong><\/p>\n<p>Organizadoras: Elsa Lechner e Karlla Christine Ara\u00fajo Souza<\/p>\n<p><a href=\"https:\/\/portal.uern.br\/eduern\/wp-content\/uploads\/sites\/14\/2024\/06\/Circulos-que-nao-fecham.png\"><img loading=\"lazy\" decoding=\"async\" class=\"\" src=\"https:\/\/portal.uern.br\/eduern\/wp-content\/uploads\/sites\/14\/2024\/06\/Circulos-que-nao-fecham.png\" width=\"136\" height=\"206\" \/><\/a><\/p>\n<p><a href=\"https:\/\/portal.uern.br\/eduern\/wp-content\/uploads\/sites\/14\/2024\/08\/E-book-Circulos-que-nao-Fecham-das-oficinas-biograficas-de-projeto-a-construcao-de-lacos-humanos-na-universidade.pdf\"><em>VISUALIZAR OBRA<\/em><\/a><\/p>\n<p>&nbsp;<\/p>\n<p><strong>Anais do VII Sal\u00e3o de Extens\u00e3o da Uern ( Publica\u00e7\u00e3o Institucional)<\/strong><\/p>\n<p>Organizadores: <span class=\"\">Esdra Marchezan Sales, Anairam de Medeiros e Silva, Denise dos Santos Vesconcelos Silva e Geordana Fernandes Souto do Monte Vasconcelos<\/span><\/p>\n<p><a href=\"https:\/\/portal.uern.br\/eduern\/wp-content\/uploads\/sites\/14\/2024\/06\/MOCKUP-DA-CAPA-DOS-LIVROS-PARA-ENVIO-AS-EDICOES-UERN-2-5.png\"><img loading=\"lazy\" decoding=\"async\" class=\"\" src=\"https:\/\/portal.uern.br\/eduern\/wp-content\/uploads\/sites\/14\/2024\/06\/MOCKUP-DA-CAPA-DOS-LIVROS-PARA-ENVIO-AS-EDICOES-UERN-2-5.png\" width=\"136\" height=\"206\" \/><\/a><\/p>\n<p><a href=\"https:\/\/portal.uern.br\/eduern\/wp-content\/uploads\/sites\/14\/2024\/08\/Anais-do-VII-Salao-de-Extensao-da-Uern-1.pdf\"><em>VISUALIZAR OBRA<\/em><\/a><\/p>\n<p>&nbsp;<\/p>\n<p><strong>Revis\u00e3o Sistem\u00e1tica da Literatura<\/strong><\/p>\n<p>Autores: Hugo Sarmento, N\u00e9stor Ordonez Saavedra e Ant\u00f3nio Rosado<\/p>\n<p><a href=\"https:\/\/portal.uern.br\/eduern\/wp-content\/uploads\/sites\/14\/2024\/06\/MOCKUP-00524.png\"><img loading=\"lazy\" decoding=\"async\" class=\"\" src=\"https:\/\/portal.uern.br\/eduern\/wp-content\/uploads\/sites\/14\/2024\/06\/MOCKUP-00524.png\" width=\"134\" height=\"203\" \/><\/a><\/p>\n<p><a href=\"https:\/\/portal.uern.br\/eduern\/wp-content\/uploads\/sites\/14\/2024\/06\/E-book-Revisao-Sistematica-da-Literatura.pdf\">VISUALIZAR OBRA<\/a><\/p>\n<p>&nbsp;<\/p>\n<p><strong>Direito do Ambiente em Foco: a efetividade do dever de tutela ambiental<\/strong><\/p>\n<p>Organizador: Carlos S\u00e9rgio Gurgel da Silva<\/p>\n<p><a href=\"https:\/\/portal.uern.br\/eduern\/wp-content\/uploads\/sites\/14\/2024\/06\/MOCKUP-EDICOES-UERN.png\"><img loading=\"lazy\" decoding=\"async\" class=\"\" src=\"https:\/\/portal.uern.br\/eduern\/wp-content\/uploads\/sites\/14\/2024\/06\/MOCKUP-EDICOES-UERN.png\" width=\"130\" height=\"197\" \/><\/a><\/p>\n<p><a href=\"https:\/\/portal.uern.br\/eduern\/wp-content\/uploads\/sites\/14\/2024\/06\/E-book-Direito-do-Ambiente-em-Foco-a-efetividade-do-dever-de-tutela-ambiental.pdf\"><em>VISUALIZAR OBRA<\/em><\/a><\/p>\n<p>&nbsp;<\/p>\n<p><strong>Guia Flor\u00edstico do S\u00edtio Arqueol\u00f3gico Mirador<\/strong><\/p>\n<p>Autores: Mateus Lucas de Lima Lucena, Marcell Platini de Azevedo Vilar, Manoel Victor Dantas de Souza, Francisco T\u00e1llisson da Costa Melo, Francisco F\u00e1bio Mesquita Oliveira, Ramiro Gustavo Valera Camacho e Diego Nathan do Nascimento Souza<\/p>\n<p><a href=\"https:\/\/portal.uern.br\/eduern\/wp-content\/uploads\/sites\/14\/2024\/05\/MOCKUP-DA-CAPA-DOS-LIVROS-PARA-ENVIO-AS-EDICOES-UERN-2-2.png\"><img loading=\"lazy\" decoding=\"async\" class=\"\" src=\"https:\/\/portal.uern.br\/eduern\/wp-content\/uploads\/sites\/14\/2024\/05\/MOCKUP-DA-CAPA-DOS-LIVROS-PARA-ENVIO-AS-EDICOES-UERN-2-2.png\" width=\"128\" height=\"194\" \/><\/a><\/p>\n<p><a href=\"https:\/\/portal.uern.br\/eduern\/wp-content\/uploads\/sites\/14\/2024\/05\/E-book-Guia-floristico-do-Sitio-Arqueologico-Mirador.pdf\"><em>VISUALIZAR OBRA<\/em><\/a><\/p>\n<p>&nbsp;<\/p>\n<p><strong>Anais do IX Sal\u00e3o de Extens\u00e3o: II ELO Uern- a Universidade junto \u00e0 comunidade ( Publica\u00e7\u00e3o Institucional)<\/strong><\/p>\n<p>Organizadores: Esdra Marchezan Sales, <span class=\"\">Anairam de Medeiros e Silva, Denise dos Santos Vasconcelos Silva e Geordana Fernandes Souto do Monte Vasconcelos<\/span><\/p>\n<p><a href=\"https:\/\/portal.uern.br\/eduern\/wp-content\/uploads\/sites\/14\/2024\/04\/MOCKUP-II-elo-uern.png\"><img loading=\"lazy\" decoding=\"async\" class=\"\" src=\"https:\/\/portal.uern.br\/eduern\/wp-content\/uploads\/sites\/14\/2024\/04\/MOCKUP-II-elo-uern.png\" width=\"129\" height=\"195\" \/><\/a><\/p>\n<p><a href=\"https:\/\/portal.uern.br\/eduern\/wp-content\/uploads\/sites\/14\/2024\/05\/Anais-do-IX-Salao-de-Extensao-II-ELO-Uern-a-Universidade-junto-a-comunidade-1.pdf\"><em>VISUALIZAR OBRA<\/em><\/a><\/p>\n<p>&nbsp;<\/p>\n<p><strong>Perspectivas em Direito: di\u00e1logos interdisciplinares explorando t\u00f3picos especiais em educa\u00e7\u00e3o jur\u00eddica e o direito da inova\u00e7\u00e3o<\/strong><\/p>\n<p>Organizadores: Jailson Alves Nogueira, Erik D\u00eanio Gomes de Oliveira Filho, Vin\u00edcius Augusto Alves e Wanessa Helena Duarte Favacho<\/p>\n<p><a href=\"https:\/\/portal.uern.br\/eduern\/wp-content\/uploads\/sites\/14\/2024\/04\/WhatsApp-Image-2024-04-08-at-17.58.16.jpeg\"><img loading=\"lazy\" decoding=\"async\" class=\"\" src=\"https:\/\/portal.uern.br\/eduern\/wp-content\/uploads\/sites\/14\/2024\/04\/WhatsApp-Image-2024-04-08-at-17.58.16.jpeg\" width=\"126\" height=\"191\" \/><\/a><\/p>\n<p><a href=\"https:\/\/portal.uern.br\/eduern\/wp-content\/uploads\/sites\/14\/2024\/04\/E-book-Perspectivas-em-Direito-dialogos-interdisciplinares.pdf\"><em>VISUALIZAR OBRA<\/em><\/a><\/p>\n<p>&nbsp;<\/p>\n<p><strong>Governan\u00e7a e Gest\u00e3o dos Recursos H\u00eddricos: aspectos jur\u00eddicos, institucionais e ambientais de uma bacia hidrogr\u00e1fica de dominialidade federal<\/strong><\/p>\n<p>Autor: Marcos Ant\u00f4nio de Oliveira<\/p>\n<p><a href=\"https:\/\/portal.uern.br\/eduern\/wp-content\/uploads\/sites\/14\/2024\/04\/MOCKUP-OBRA-30.png\"><img loading=\"lazy\" decoding=\"async\" class=\"\" src=\"https:\/\/portal.uern.br\/eduern\/wp-content\/uploads\/sites\/14\/2024\/04\/MOCKUP-OBRA-30.png\" width=\"126\" height=\"191\" \/><\/a><\/p>\n<p><a href=\"https:\/\/portal.uern.br\/eduern\/wp-content\/uploads\/sites\/14\/2024\/04\/30-E-book-Governanca-e-Gestao-dos-Recursos-Hidricos.pdf\"><em>VISUALIZAR OBRA<\/em><\/a><\/p>\n<p>&nbsp;<\/p>\n<p><strong>As Faces Urbanas Contempor\u00e2neas de Mossor\u00f3: intera\u00e7\u00f5es e din\u00e2micas geogr\u00e1ficas<\/strong><\/p>\n<p>Organizadores: Otoniel Fernandes da Silva J\u00fanior, Jamilson Azevedo Soares e Jionaldo Pereira de Oliveira.<\/p>\n<p><a href=\"https:\/\/portal.uern.br\/eduern\/wp-content\/uploads\/sites\/14\/2024\/03\/MOCKUP-DA-CAPA-DOS-LIVROS-PARA-ENVIO-AS-EDICOES-UERN-2-1.png\"><img loading=\"lazy\" decoding=\"async\" class=\"\" src=\"https:\/\/portal.uern.br\/eduern\/wp-content\/uploads\/sites\/14\/2024\/03\/MOCKUP-DA-CAPA-DOS-LIVROS-PARA-ENVIO-AS-EDICOES-UERN-2-1.png\" width=\"131\" height=\"199\" \/><\/a><\/p>\n<p><a href=\"https:\/\/portal.uern.br\/eduern\/wp-content\/uploads\/sites\/14\/2024\/03\/26-E-book-As-Faces-Urbanas-Contemporaneas-de-Mossoro-interacoes-e-dinamicas-geograficas.pdf\"><em>VISUALIZAR OBRA<\/em><\/a><\/p>\n<p>&nbsp;<\/p>\n<p><strong>Atlas Geogr\u00e1fico Escolar de Alto do Rodrigues<\/strong><\/p>\n<p>Autores: Jadna Mirelly Lopes Carlos, Josiel de Alencar Guedes e Ger\u00f4nimo da Silva Costa<\/p>\n<p><a href=\"https:\/\/portal.uern.br\/eduern\/wp-content\/uploads\/sites\/14\/2024\/03\/MOCKUP-DA-CAPA-DOS-LIVROS-PARA-ENVIO-AS-EDICOES-UERN1.png\"><img loading=\"lazy\" decoding=\"async\" class=\"\" src=\"https:\/\/portal.uern.br\/eduern\/wp-content\/uploads\/sites\/14\/2024\/03\/MOCKUP-DA-CAPA-DOS-LIVROS-PARA-ENVIO-AS-EDICOES-UERN1.png\" width=\"130\" height=\"197\" \/><\/a><\/p>\n<p><a href=\"https:\/\/portal.uern.br\/eduern\/wp-content\/uploads\/sites\/14\/2024\/03\/E-book-Atlas-Geografico-Escolar-do-AltodoRodrigues.pdf\"><em>VISUALIZAR OBRA<\/em><\/a><\/p>\n<p>&nbsp;<\/p>\n<p>&nbsp;<\/p>\n<p>&nbsp;<\/p>\n<p>&nbsp;<\/p>\n<p>&nbsp;<\/p>\n<p>&nbsp;<\/p>\n<p>&nbsp;<\/p>\n<p>&nbsp;<\/p>\n<p>&nbsp;<\/p>\n<p>&nbsp;<\/p>\n<p>&nbsp;<\/p>\n<p>&nbsp;<\/p>\n<p>&nbsp;<\/p>\n","protected":false},"excerpt":{"rendered":"<p>Manual de Boas Vindas do Hospital Regional da Mulher Parteira Maria Correia Organizadores: Ana Clarisse de Freitas Maia, Davd Lopes de Ara\u00fajo, Elenimar Costa Bezerra e Elisiana dos Reis Miranda et al. VISUALIZAR OBRA &nbsp; Manual de Boas Vindas do Hospital Regional da Mulher Parteira Maria Correia: alunos, residentes e preceptores Organizadores: Ana Clarisse de [&hellip;]<\/p>\n","protected":false},"author":29,"featured_media":0,"parent":0,"menu_order":0,"comment_status":"closed","ping_status":"closed","template":"","meta":[],"_links":{"self":[{"href":"https:\/\/portal.uern.br\/eduern\/wp-json\/wp\/v2\/pages\/2450"}],"collection":[{"href":"https:\/\/portal.uern.br\/eduern\/wp-json\/wp\/v2\/pages"}],"about":[{"href":"https:\/\/portal.uern.br\/eduern\/wp-json\/wp\/v2\/types\/page"}],"author":[{"embeddable":true,"href":"https:\/\/portal.uern.br\/eduern\/wp-json\/wp\/v2\/users\/29"}],"replies":[{"embeddable":true,"href":"https:\/\/portal.uern.br\/eduern\/wp-json\/wp\/v2\/comments?post=2450"}],"version-history":[{"count":121,"href":"https:\/\/portal.uern.br\/eduern\/wp-json\/wp\/v2\/pages\/2450\/revisions"}],"predecessor-version":[{"id":4263,"href":"https:\/\/portal.uern.br\/eduern\/wp-json\/wp\/v2\/pages\/2450\/revisions\/4263"}],"wp:attachment":[{"href":"https:\/\/portal.uern.br\/eduern\/wp-json\/wp\/v2\/media?parent=2450"}],"curies":[{"name":"wp","href":"https:\/\/api.w.org\/{rel}","templated":true}]}}