{"id":10,"date":"2022-10-26T14:55:41","date_gmt":"2022-10-26T17:55:41","guid":{"rendered":"https:\/\/paisdemossoro.com.br\/wordpress\/eduern\/?page_id=10"},"modified":"2026-02-24T08:39:20","modified_gmt":"2026-02-24T11:39:20","slug":"editais-fapern-2021","status":"publish","type":"page","link":"https:\/\/portal.uern.br\/eduern\/editais-fapern-2021\/","title":{"rendered":"Editais Encerrados"},"content":{"rendered":"<p>Editais FAPERN 2021<\/p>\n<p><a href=\"https:\/\/drive.google.com\/file\/d\/1CTq5v4a87aFLbpk2JmMpmzSqxvhG9a6L\/view?usp=drivesdk\">Edital\u00a0N\u00b017<\/a><\/p>\n<p><a href=\"https:\/\/drive.google.com\/file\/d\/1CU9PHw5Y04wo6SQO3nSp7c2pK3dnAkJh\/view?usp=drivesdk\">Edital N\u00b018<\/a><\/p>\n<p><a href=\"https:\/\/drive.google.com\/file\/d\/1CVJROyEZtgp2sEVkpxzQI9SSwEHUOfYf\/view?usp=drivesdk\">Edital N\u00b019<\/a><\/p>\n<p><a href=\"https:\/\/drive.google.com\/file\/d\/1Cq3elNS7NQL0lBq94xAjbrJCYmatT5Tp\/view?usp=drivesdk\">Edital N\u00b020<\/a><\/p>\n<p><a href=\"https:\/\/drive.google.com\/file\/d\/1CsQ77CgC7cdqqYKcGUK7l5DO2cvGhVwd\/view?usp=drivesdk\">Edital N\u00b021<\/a><\/p>\n<p><a href=\"https:\/\/drive.google.com\/file\/d\/1Ct4i-6pnbfmq314b30s_YBoEV9QR5ngv\/view\">Edital N\u00b022<\/a><\/p>\n<p><a href=\"https:\/\/drive.google.com\/file\/d\/1CyCh_wRq8Y3gejS6ncW3qTBxvVTgWfuw\/view\">Edital N\u00b023<\/a><\/p>\n<p>&nbsp;<\/p>\n<p>Edital FAPERN 2022<\/p>\n<p><a href=\"https:\/\/portal.uern.br\/eduern\/wp-content\/uploads\/sites\/14\/2023\/03\/edital-22-2022-FAPERN.pdf\">Edital n\u00b022<\/a><\/p>\n<p>&nbsp;<\/p>\n<p>Edital de Amplia\u00e7\u00e3o do Conselho Editorial da EDUERN<\/p>\n<p><a href=\"https:\/\/portal.uern.br\/eduern\/wp-content\/uploads\/sites\/14\/2023\/03\/Edital_01-22-Ampliacao-do-Conselho-Editorial-1.pdf\">Edital n\u00b001\/2022<\/a><\/p>\n<p><a href=\"https:\/\/portal.uern.br\/eduern\/wp-content\/uploads\/sites\/14\/2023\/03\/FORMULARIO-DE-INSCRICAO-Conselho-de-Editorial-Ampliacao.docx\">Formul\u00e1rio de Inscri\u00e7\u00e3o<\/a><\/p>\n<p><a href=\"https:\/\/portal.uern.br\/eduern\/wp-content\/uploads\/sites\/14\/2023\/03\/edital_01-22-aditivo.pdf\">Aditivo ao Edital n\u00b001\/2022<\/a><\/p>\n<p>&nbsp;<\/p>\n<p>Edital de Obras Impressas e e-books<\/p>\n<p><a href=\"https:\/\/portal.uern.br\/eduern\/wp-content\/uploads\/sites\/14\/2023\/11\/Edital_01_23_-de-obras-impressas-eduern_assinado.pdf\">Edital 01\/2023 de Obras Impressas e e-books<\/a><\/p>\n<p><a href=\"https:\/\/portal.uern.br\/eduern\/wp-content\/uploads\/sites\/14\/2024\/03\/aditivo01-edital01.23-jouern-1.pdf\">Aditivo n\u00b0 01, de 09 de mar\u00e7o de 2024, ao Edital 01\/2023 de Obras impressas e e-books<\/a><\/p>\n<p><a href=\"https:\/\/portal.uern.br\/eduern\/wp-content\/uploads\/sites\/14\/2023\/11\/Anexo-I-EDITAL-No-01_2023-\u2013-Eduern-GR.docx\">Anexo I- Ficha de Inscri\u00e7\u00e3o<\/a><\/p>\n<p><a href=\"https:\/\/portal.uern.br\/eduern\/wp-content\/uploads\/sites\/14\/2023\/11\/Anexo-II-EDITAL-No-01_2023-\u2013-Eduern-GR-.docx\">Anexo II- Declara\u00e7\u00e3o de Ci\u00eancia e concord\u00e2ncia<\/a><\/p>\n<p>&nbsp;<\/p>\n<p>Edital de Fluxo Cont\u00ednuo<\/p>\n<p><a href=\"https:\/\/portal.uern.br\/eduern\/wp-content\/uploads\/sites\/14\/2024\/02\/EDITAL-01-24-1.pdf\">Edital 01\/2024 de fluxo cont\u00ednuo<\/a><\/p>\n<p><a href=\"https:\/\/portal.uern.br\/eduern\/wp-content\/uploads\/sites\/14\/2024\/03\/Anexo-I-EDITAL-01-24-\u2013-Eduern-GR-19.docx\">Anexo I- Ficha de Inscri\u00e7\u00e3o<\/a><\/p>\n<p><a href=\"https:\/\/portal.uern.br\/eduern\/wp-content\/uploads\/sites\/14\/2024\/02\/Anexo-II-EDITAL-No-01_2024-\u2013-Eduern-GR-1.docx\">Anexo II-Declara\u00e7\u00e3o de Ci\u00eancia e concord\u00e2ncia<\/a><\/p>\n<p><a href=\"https:\/\/portal.uern.br\/eduern\/wp-content\/uploads\/sites\/14\/2024\/02\/Formulario-parecer-avaliacao-ah-hoc-1.pdf\">Formul\u00e1rio de avalia\u00e7\u00e3o de parecer<\/a><\/p>\n<p>&nbsp;<\/p>\n<p><strong>Edital\u00a0 de Fluxo Cont\u00ednuo<\/strong><\/p>\n<p><a href=\"https:\/\/portal.uern.br\/eduern\/wp-content\/uploads\/sites\/14\/2025\/02\/Edital-01-25_Eduern-GR.pdf\">Edital 01\/2025 de Fluxo Cont\u00ednuo<\/a><\/p>\n<p><a href=\"https:\/\/portal.uern.br\/eduern\/wp-content\/uploads\/sites\/14\/2025\/02\/Anexo-I-Edital01-25_Eduern-GR.pdf\">Anexo I- Ficha de Inscri\u00e7\u00e3o- Edital 01\/2025<\/a><\/p>\n<p><a href=\"https:\/\/portal.uern.br\/eduern\/wp-content\/uploads\/sites\/14\/2025\/02\/Anexo-II-Edital-01-25-Eduern-GR.pdf\">Anexo II- Declara\u00e7\u00e3o de Ci\u00eancia e concord\u00e2ncia-Edital 01\/2025<\/a><\/p>\n<p>&nbsp;<\/p>\n<p><strong>Editais de Obras Impressas e Digitais<\/strong><\/p>\n<p><a href=\"https:\/\/portal.uern.br\/eduern\/wp-content\/uploads\/sites\/14\/2024\/11\/Edital-02-2024-Eduern-GR.pdf\">Edital 02\/2024 de Obras Impressas e Digitais<\/a><\/p>\n<p><a href=\"https:\/\/portal.uern.br\/eduern\/wp-content\/uploads\/sites\/14\/2024\/11\/anexo-I-Edital-02-2024-Eduern-GR-1.docx\">Anexo I- Ficha de Inscri\u00e7\u00e3o- Edital 02\/2024<\/a><\/p>\n<p><a href=\"https:\/\/portal.uern.br\/eduern\/wp-content\/uploads\/sites\/14\/2024\/11\/anexo-II-Edital-02-2024-Eduern-GR.docx\">Anexo II- Declara\u00e7\u00e3o de Ci\u00eancia e concord\u00e2ncia- Edital 02\/2024<\/a><\/p>\n<p><a href=\"https:\/\/portal.uern.br\/eduern\/wp-content\/uploads\/sites\/14\/2025\/04\/Jouern-080325-prorroga-pazo-de-submissao-de-obra_250402_095201.pdf\">Prorroga\u00e7\u00e3o de prazo de\u00a0 Submiss\u00f5es do Edital 02\/2024<\/a><\/p>\n<p>&nbsp;<\/p>\n<p><a href=\"https:\/\/portal.uern.br\/eduern\/wp-content\/uploads\/sites\/14\/2024\/11\/Edital-03-2024-Eduern-GR.pdf\">Edital 03\/2024 de Obras Impressas e Digitais<\/a><\/p>\n<p><a href=\"https:\/\/portal.uern.br\/eduern\/wp-content\/uploads\/sites\/14\/2024\/11\/anexo-I-Edital-03-2024-Eduern-GR.docx\">Anexo I- Ficha de Inscri\u00e7\u00e3o- Edital 03\/2024<\/a><\/p>\n<p><a href=\"https:\/\/portal.uern.br\/eduern\/wp-content\/uploads\/sites\/14\/2024\/11\/anexo-II-Edital-03-2024-Eduern-GR.docx\">Anexo II- Declara\u00e7\u00e3o de Ci\u00eancia e concord\u00e2ncia-Edital 03\/2024<\/a><\/p>\n<p><a href=\"https:\/\/portal.uern.br\/eduern\/wp-content\/uploads\/sites\/14\/2025\/04\/Jouern-080325-prorroga-pazo-de-submissao-de-obra_250402_095201.pdf\">Prorroga\u00e7\u00e3o de prazo de Submiss\u00f5es do Edital 03\/2024<\/a><\/p>\n<p>&nbsp;<\/p>\n<p>Edital de sele\u00e7\u00e3o do Conselho Editorial da Edi\u00e7\u00f5es UERN<\/p>\n<p><a href=\"https:\/\/portal.uern.br\/eduern\/wp-content\/uploads\/sites\/14\/2026\/01\/Edital_02-25-aditivo.pdf\">Aditivo 01\/25<\/a><\/p>\n<p><a href=\"https:\/\/portal.uern.br\/eduern\/wp-content\/uploads\/sites\/14\/2025\/12\/01-12-25-Edital_conselho_editorial_eduern_2026-1.pdf\">Edital n\u00ba02\/2025<\/a><\/p>\n<p><a href=\"https:\/\/portal.uern.br\/eduern\/wp-content\/uploads\/sites\/14\/2025\/12\/01-12-25-Ficha_inscricao_conselho_editorial_eduern_2026.docx\">Formul\u00e1rio de Inscri\u00e7\u00e3o<\/a><\/p>\n","protected":false},"excerpt":{"rendered":"<p>Editais FAPERN 2021 Edital\u00a0N\u00b017 Edital N\u00b018 Edital N\u00b019 Edital N\u00b020 Edital N\u00b021 Edital N\u00b022 Edital N\u00b023 &nbsp; Edital FAPERN 2022 Edital n\u00b022 &nbsp; Edital de Amplia\u00e7\u00e3o do Conselho Editorial da EDUERN Edital n\u00b001\/2022 Formul\u00e1rio de Inscri\u00e7\u00e3o Aditivo ao Edital n\u00b001\/2022 &nbsp; Edital de Obras Impressas e e-books Edital 01\/2023 de Obras Impressas e e-books Aditivo [&hellip;]<\/p>\n","protected":false},"author":1,"featured_media":0,"parent":0,"menu_order":0,"comment_status":"closed","ping_status":"closed","template":"","meta":[],"_links":{"self":[{"href":"https:\/\/portal.uern.br\/eduern\/wp-json\/wp\/v2\/pages\/10"}],"collection":[{"href":"https:\/\/portal.uern.br\/eduern\/wp-json\/wp\/v2\/pages"}],"about":[{"href":"https:\/\/portal.uern.br\/eduern\/wp-json\/wp\/v2\/types\/page"}],"author":[{"embeddable":true,"href":"https:\/\/portal.uern.br\/eduern\/wp-json\/wp\/v2\/users\/1"}],"replies":[{"embeddable":true,"href":"https:\/\/portal.uern.br\/eduern\/wp-json\/wp\/v2\/comments?post=10"}],"version-history":[{"count":14,"href":"https:\/\/portal.uern.br\/eduern\/wp-json\/wp\/v2\/pages\/10\/revisions"}],"predecessor-version":[{"id":4852,"href":"https:\/\/portal.uern.br\/eduern\/wp-json\/wp\/v2\/pages\/10\/revisions\/4852"}],"wp:attachment":[{"href":"https:\/\/portal.uern.br\/eduern\/wp-json\/wp\/v2\/media?parent=10"}],"curies":[{"name":"wp","href":"https:\/\/api.w.org\/{rel}","templated":true}]}}