{"id":27,"date":"2022-10-17T13:28:57","date_gmt":"2022-10-17T16:28:57","guid":{"rendered":"https:\/\/paisdemossoro.com.br\/wordpress\/dsib\/?page_id=27"},"modified":"2022-10-17T13:28:57","modified_gmt":"2022-10-17T16:28:57","slug":"geracao-de-ficha-catalografica","status":"publish","type":"page","link":"https:\/\/portal.uern.br\/dsib\/geracao-de-ficha-catalografica\/","title":{"rendered":"Gera\u00e7\u00e3o de Ficha Catalogr\u00e1fica"},"content":{"rendered":"<p>TRABALHOS ACAD\u00caMICOS<br \/>\nCom o objetivo de aprimorar o processo de cataloga\u00e7\u00e3o nas publica\u00e7\u00f5es, o Sistema Integrado de Bibliotecas da UERN disponibiliza\u00a0on line\u00a0um m\u00f3dulo de elabora\u00e7\u00e3o e gera\u00e7\u00e3o de Ficha Catalogr\u00e1fica.<\/p>\n<p>A Ferramenta foi desenvolvida pela Diretoria de Informatiza\u00e7\u00e3o (DINF) da UERN.<\/p>\n<p>Para acessar o M\u00f3dulo de Gera\u00e7\u00e3o de Ficha Catalogr\u00e1fica, clique\u00a0<a href=\"https:\/\/fichacat-biblioteca.apps.uern.br\/#!\/\">AQUI<\/a>.<\/p>\n<p>Tutorial: Clique\u00a0<a href=\"https:\/\/portal.uern.br\/dsib\/wp-content\/uploads\/sites\/2\/2022\/10\/1563tutorial.pdf\">AQUI<\/a><\/p>\n<p>&nbsp;<\/p>\n<p>LIVROS<br \/>\nPara os casos de livros e colet\u00e2neas, a solicita\u00e7\u00e3o ser\u00e1 feita por e-mail\u00a0processo@biblioteca.uern.br,\u00a0informando\u00a0os seguintes itens:<\/p>\n<ul>\n<li>Capa;<\/li>\n<li>Sum\u00e1rio;<\/li>\n<li>ISBN;<\/li>\n<li>Resumo\/pref\u00e1cio\/apresenta\u00e7\u00e3o (com palavras chaves);<\/li>\n<li>O n\u00famero da \u00faltima p\u00e1gina.<\/li>\n<\/ul>\n<p>O retorno \u00e9 feito exclusivamente via email, no prazo m\u00e1ximo de 05 dias \u00fateis.<\/p>\n","protected":false},"excerpt":{"rendered":"<p>TRABALHOS ACAD\u00caMICOS Com o objetivo de aprimorar o processo de cataloga\u00e7\u00e3o nas publica\u00e7\u00f5es, o Sistema Integrado de Bibliotecas da UERN disponibiliza\u00a0on line\u00a0um m\u00f3dulo de elabora\u00e7\u00e3o e gera\u00e7\u00e3o de Ficha Catalogr\u00e1fica. A Ferramenta foi desenvolvida pela Diretoria de Informatiza\u00e7\u00e3o (DINF) da UERN. Para acessar o M\u00f3dulo de Gera\u00e7\u00e3o de Ficha Catalogr\u00e1fica, clique\u00a0AQUI. Tutorial: Clique\u00a0AQUI &nbsp; LIVROS [&hellip;]<\/p>\n","protected":false},"author":1,"featured_media":0,"parent":0,"menu_order":0,"comment_status":"closed","ping_status":"closed","template":"","meta":[],"_links":{"self":[{"href":"https:\/\/portal.uern.br\/dsib\/wp-json\/wp\/v2\/pages\/27"}],"collection":[{"href":"https:\/\/portal.uern.br\/dsib\/wp-json\/wp\/v2\/pages"}],"about":[{"href":"https:\/\/portal.uern.br\/dsib\/wp-json\/wp\/v2\/types\/page"}],"author":[{"embeddable":true,"href":"https:\/\/portal.uern.br\/dsib\/wp-json\/wp\/v2\/users\/1"}],"replies":[{"embeddable":true,"href":"https:\/\/portal.uern.br\/dsib\/wp-json\/wp\/v2\/comments?post=27"}],"version-history":[{"count":1,"href":"https:\/\/portal.uern.br\/dsib\/wp-json\/wp\/v2\/pages\/27\/revisions"}],"predecessor-version":[{"id":29,"href":"https:\/\/portal.uern.br\/dsib\/wp-json\/wp\/v2\/pages\/27\/revisions\/29"}],"wp:attachment":[{"href":"https:\/\/portal.uern.br\/dsib\/wp-json\/wp\/v2\/media?parent=27"}],"curies":[{"name":"wp","href":"https:\/\/api.w.org\/{rel}","templated":true}]}}