{"id":945,"date":"2024-04-10T08:26:12","date_gmt":"2024-04-10T11:26:12","guid":{"rendered":"https:\/\/portal.uern.br\/diri\/?page_id=945"},"modified":"2024-04-15T10:05:56","modified_gmt":"2024-04-15T13:05:56","slug":"perguntas-frequentes","status":"publish","type":"page","link":"https:\/\/portal.uern.br\/diri\/perguntas-frequentes\/","title":{"rendered":"Perguntas Frequentes"},"content":{"rendered":"<p class=\"western\" align=\"justify\"><b>1. O que \u00e9 a DIRI? <\/b><\/p>\n<p class=\"western\" align=\"justify\">\u00c9 a Diretoria de Rela\u00e7\u00f5es Internacionais e Interinstitucionais \u2013 DIRI. \u00c9 a diretoria respons\u00e1vel por promover eventos, realizar cursos e desenvolver projetos que fortale\u00e7am a internacionaliza\u00e7\u00e3o na UERN.<\/p>\n<p align=\"justify\">\n<p class=\"western\" align=\"justify\"><b>2. Como posso entrar em contato com a DIRI?<\/b><\/p>\n<p class=\"western\" align=\"justify\">Endere\u00e7o: Centro de Conviv\u00eancia do Campus Central, BR 110 \u2013 KM 46 \u2013 Rua Prof. Ant\u00f4nio Campos, s\/n \u2013 Costa e Silva CEP: 59.633-010 \u2013 Mossor\u00f3\/RN.<\/p>\n<p class=\"western\" align=\"justify\">E-mail: diri@uern.br Instagram: @diri.uern Website: <span style=\"color: #000080\"><span lang=\"zxx\"><u><a href=\"https:\/\/portal.uern.br\/diri\/\">https:\/\/portal.uern.br\/diri\/<\/a><\/u><\/span><\/span><\/p>\n<p align=\"justify\">\n<p class=\"western\" align=\"justify\"><b>3. Qual o hor\u00e1rio de funcionamento da DIRI?<\/b><\/p>\n<p class=\"western\" align=\"justify\">A DIRI funciona de segunda-feira a sexta-feira das 07 h \u00e0s 17 h.<\/p>\n<p align=\"justify\">\n<p class=\"western\" align=\"justify\"><b>4. A DIRI realiza tradu\u00e7\u00f5es?<\/b><\/p>\n<p class=\"western\" align=\"justify\">A DIRI limita-se a realizar tradu\u00e7\u00f5es de documentos institucionais.<\/p>\n<p align=\"justify\">\n<p class=\"western\" align=\"justify\"><b>5. Quais documentos institucionais podem ser traduzidos?<\/b><\/p>\n<p class=\"western\" align=\"justify\">Documentos que atestem v\u00ednculo com a UERN, sejam estes relativos \u00e0s fun\u00e7\u00f5es laborais e aos cursos de gradua\u00e7\u00e3o e p\u00f3s-gradua\u00e7\u00e3o: certid\u00e3o de v\u00ednculo, certificado, declara\u00e7\u00e3o, hist\u00f3rico, etc.<\/p>\n<p align=\"justify\">\n<p class=\"western\" align=\"justify\"><b>6. Quem pode solicitar a tradu\u00e7\u00e3o de documentos institucionais?<\/b><\/p>\n<p class=\"western\" align=\"justify\">Docentes, discentes e t\u00e9cnicos administrativos ativos e\/ou egressos da UERN, desde que seja apresentada a justificativa para a solicita\u00e7\u00e3o do servi\u00e7o.<\/p>\n<p align=\"justify\">\n<p class=\"western\" align=\"justify\"><b>7. Como solicitar o servi\u00e7o de tradu\u00e7\u00e3o de documentos?<\/b><\/p>\n<p class=\"western\" align=\"justify\">Os documentos institucionais a serem traduzidos dever\u00e3o ser enviados para o e-mail <span style=\"color: #000080\"><span lang=\"zxx\"><u><a href=\"mailto:diri@uern.br\">diri@uern.br<\/a><\/u><\/span><\/span>, com a devida justificativa para a solicita\u00e7\u00e3o de tradu\u00e7\u00e3o.<\/p>\n<p align=\"justify\">\n<p class=\"western\" align=\"justify\"><b>8. Qual o prazo estabelecido pela DIRI para a tradu\u00e7\u00e3o de documentos institucionais?<\/b><\/p>\n<p class=\"western\" align=\"justify\">Ap\u00f3s o recebimento do documento a ser traduzido, a DIRI estipula um prazo de at\u00e9 15 (quinze) dias \u00fateis para finaliza\u00e7\u00e3o da tradu\u00e7\u00e3o.<\/p>\n<p align=\"justify\">\n<p class=\"western\" align=\"justify\"><b>9. Existe algum programa de Mobilidade acad\u00eamica nacional na UERN?<\/b><\/p>\n<p class=\"western\" align=\"justify\">Como afiliada da Associa\u00e7\u00e3o Brasileira dos Reitores das Universidades Estaduais e Municipais-ABRUEM, a UERN participa do Programa de Mobilidade Nacional, o qual pode ser acessado pelo link: <span style=\"color: #000080\"><span lang=\"zxx\"><u><a href=\"https:\/\/www.abruem.org.br\/index.phpoption=com_content&amp;view=article&amp;id=114&amp;catid=80&amp;Itemid=278\">https:\/\/www.abruem.org.br\/index.phpoption=com_content&amp;view=article&amp;id=114&amp;catid=80&amp;Itemid=278<\/a><\/u><\/span><\/span><\/p>\n<p align=\"justify\">\n<p class=\"western\" align=\"justify\"><b>10. Existe algum programa de Mobilidade acad\u00eamica internacional na UERN?<\/b><\/p>\n<p class=\"western\" align=\"justify\">A UERN participa do Programa de Interc\u00e2mbio Acad\u00eamico Latinoamericano \u2013 na modalidade virtual. Mais informa\u00e7\u00f5es no link: <span style=\"color: #000080\"><span lang=\"zxx\"><u><a href=\"https:\/\/www.programapila.lat\/\">https:\/\/www.programapila.lat\/<\/a><\/u><\/span><\/span><\/p>\n<p align=\"justify\">\n<p class=\"western\" align=\"justify\"><b>11. A DIRI oferta testes de profici\u00eancia em alguma l\u00edngua estrangeira?<\/b><\/p>\n<p class=\"western\" align=\"justify\">A DIRI oferta o Teste Toefl\/ITP, exame de profici\u00eancia em l\u00edngua inglesa. Todos os discentes, docentes e t\u00e9cnicos administrativos ativos da UERN t\u00eam a possibilidade de realiz\u00e1-lo de forma gratuita.<\/p>\n<p class=\"western\" align=\"justify\"><b>12. O que \u00e9 o Test Toefl\/ITP?<\/b><\/p>\n<p class=\"western\" align=\"justify\"><a name=\"docs-internal-guid-a4f64598-7fff-0500-58\"><\/a><a name=\"docs-internal-guid-474b2f72-7fff-00c9-06\"><\/a><a name=\"docs-internal-guid-b73f1fb6-7fff-4b61-10\"><\/a><a name=\"docs-internal-guid-a5c78afc-7fff-aac2-48\"><\/a><a name=\"docs-internal-guid-279ae697-7fff-c96a-dc\"><\/a><a name=\"docs-internal-guid-784a6bd0-7fff-038f-57\"><\/a> O exame de profici\u00eancia TOEFL ITP, \u00e9 um teste de <span style=\"color: #000000\"><span style=\"font-family: Calibri, sans-serif\"><span style=\"font-size: medium\">profici\u00eancia que avalia os falantes n\u00e3o nativos da L\u00edngua Inglesa<\/span><\/span><\/span> <span style=\"color: #000000\"><span style=\"font-family: Calibri, sans-serif\"><span style=\"font-size: medium\">no n\u00edvel acad\u00eamico. O teste avalia 3 (tr\u00eas) diferentes habilidades em l\u00edngua inglesa: Compreens\u00e3o auditiva, estrutura e express\u00e3o escrita e \u00a0Leitura<\/span><\/span><\/span>. <span style=\"color: #000000\"><span style=\"font-family: Calibri, sans-serif\"><span style=\"font-size: medium\">Informa\u00e7\u00f5es complementares sobre a estrutura do teste<\/span><\/span><\/span> <span style=\"color: #000000\"><span style=\"font-family: Calibri, sans-serif\"><span style=\"font-size: medium\">est\u00e3o dispon\u00edveis no <\/span><\/span><\/span><span style=\"color: #000000\"><span style=\"font-family: Calibri, sans-serif\"><span style=\"font-size: medium\"><span lang=\"pt-BR\">link:<\/span><\/span><\/span><\/span> <span style=\"color: #000080\"><span lang=\"zxx\"><u><a href=\"https:\/\/drive.google.com\/file\/d\/1ePtEzUNEGH-SjfDq5xnmYv2anATJ2ySX\/view\"><span style=\"color: #1155cc\"><span style=\"font-family: Calibri, sans-serif\"><span style=\"font-size: medium\"><i>https:\/\/drive.google.com\/file\/d\/1ePtEzUNEGH-SjfDq5xnmYv2anATJ2ySX\/view<\/i><\/span><\/span><\/span><\/a><\/u><\/span><\/span><\/p>\n<p align=\"justify\">\n<p class=\"western\" align=\"justify\"><b>13. A DIRI oferta cursos de l\u00edngua estrangeiras gratuitos?<\/b><\/p>\n<p class=\"western\" align=\"justify\">A DIRI oferta cursos de l\u00ednguas estrangeiras gratuitos voltados para a compet\u00eancia comunicativa e para a\u00e7\u00f5es espec\u00edficas na \u00e1rea da internacionaliza\u00e7\u00e3o, destinados a docentes, discentes e t\u00e9cnicos administrativos.<\/p>\n<p class=\"western\" align=\"justify\">Tamb\u00e9m oferta o Curso de Extens\u00e3o Portugu\u00eas como L\u00edngua Adicional tendo como p\u00fablico-alvo os alunos das IES estrangeiras com as quais a UERN mant\u00e9m acordos de coopera\u00e7\u00e3o.<\/p>\n","protected":false},"excerpt":{"rendered":"<p>1. O que \u00e9 a DIRI? \u00c9 a Diretoria de Rela\u00e7\u00f5es Internacionais e Interinstitucionais \u2013 DIRI. \u00c9 a diretoria respons\u00e1vel por promover eventos, realizar cursos e desenvolver projetos que fortale\u00e7am a internacionaliza\u00e7\u00e3o na UERN. 2. Como posso entrar em contato com a DIRI? Endere\u00e7o: Centro de Conviv\u00eancia do Campus Central, BR 110 \u2013 KM 46 [&hellip;]<\/p>\n","protected":false},"author":21,"featured_media":0,"parent":0,"menu_order":0,"comment_status":"closed","ping_status":"closed","template":"","meta":[],"_links":{"self":[{"href":"https:\/\/portal.uern.br\/diri\/wp-json\/wp\/v2\/pages\/945"}],"collection":[{"href":"https:\/\/portal.uern.br\/diri\/wp-json\/wp\/v2\/pages"}],"about":[{"href":"https:\/\/portal.uern.br\/diri\/wp-json\/wp\/v2\/types\/page"}],"author":[{"embeddable":true,"href":"https:\/\/portal.uern.br\/diri\/wp-json\/wp\/v2\/users\/21"}],"replies":[{"embeddable":true,"href":"https:\/\/portal.uern.br\/diri\/wp-json\/wp\/v2\/comments?post=945"}],"version-history":[{"count":3,"href":"https:\/\/portal.uern.br\/diri\/wp-json\/wp\/v2\/pages\/945\/revisions"}],"predecessor-version":[{"id":950,"href":"https:\/\/portal.uern.br\/diri\/wp-json\/wp\/v2\/pages\/945\/revisions\/950"}],"wp:attachment":[{"href":"https:\/\/portal.uern.br\/diri\/wp-json\/wp\/v2\/media?parent=945"}],"curies":[{"name":"wp","href":"https:\/\/api.w.org\/{rel}","templated":true}]}}