{"id":721,"date":"2023-06-20T09:37:45","date_gmt":"2023-06-20T12:37:45","guid":{"rendered":"https:\/\/portal.uern.br\/diri\/?page_id=721"},"modified":"2024-07-02T12:21:08","modified_gmt":"2024-07-02T15:21:08","slug":"acordos-de-cooperacao","status":"publish","type":"page","link":"https:\/\/portal.uern.br\/diri\/acordos-de-cooperacao\/","title":{"rendered":"Acordos de Coopera\u00e7\u00e3o"},"content":{"rendered":"<p><strong><img decoding=\"async\" class=\"\" src=\"https:\/\/sri.ufrn.br\/img\/bandeiras\/portugal.png\" alt=\"Portugal\" width=\"26\" height=\"26\" \/>P<\/strong><strong>ortugal:<\/strong><\/p>\n<ul>\n<li>Universidade de \u00c9vora<\/li>\n<li>Universidade dos A\u00e7ores<\/li>\n<li>Universidade da Beira Interior<\/li>\n<li>Instituto Polit\u00e9cnico de Viseu<\/li>\n<\/ul>\n<p><strong><img decoding=\"async\" class=\"\" src=\"https:\/\/sri.ufrn.br\/img\/bandeiras\/spain.png\" alt=\"Espanha\" width=\"25\" height=\"25\" \/>Espanha<\/strong><\/p>\n<ul>\n<li>Universidad de Salamanca<\/li>\n<li>Universidad Rey Juan Carlos<\/li>\n<li>Universidad de Castilla La Mancha<\/li>\n<li>Universidade de Santiago de Compostela<\/li>\n<li>Universidad Cat\u00f3lica San Antonio<\/li>\n<li>Instituto Madrile\u00f1o de Estudios Avanzados &#8211; IMDEA<\/li>\n<\/ul>\n<p><strong><img decoding=\"async\" class=\"\" src=\"https:\/\/sri.ufrn.br\/img\/bandeiras\/cape_verde.png\" alt=\"Cabo Verde\" width=\"26\" height=\"26\" \/>Cabo Verde:<\/strong><\/p>\n<ul>\n<li>Universidade de Santiago<\/li>\n<\/ul>\n<p><strong><b><img loading=\"lazy\" decoding=\"async\" class=\"\" src=\"https:\/\/sri.ufrn.br\/img\/bandeiras\/czec_republic.png\" alt=\"Rep\u00fablica Tcheca\" width=\"24\" height=\"24\" \/>Rep\u00fablica Checa:<\/b><\/strong><\/p>\n<ul>\n<li>Universidade Tcheca de Ci\u00eancias da Vida<\/li>\n<\/ul>\n<p><strong><img loading=\"lazy\" decoding=\"async\" class=\"\" src=\"https:\/\/sri.ufrn.br\/img\/bandeiras\/mozambique.png\" alt=\"Mo\u00e7ambique\" width=\"26\" height=\"26\" \/>Mo\u00e7ambique:<\/strong><\/p>\n<ul>\n<li>Instituto Superior de Ci\u00eancias da Sa\u00fade<\/li>\n<li>Universidade Pedag\u00f3gica<\/li>\n<\/ul>\n<p><strong><img loading=\"lazy\" decoding=\"async\" class=\"\" src=\"https:\/\/sri.ufrn.br\/img\/bandeiras\/argentina.png\" alt=\"Argentina\" width=\"22\" height=\"22\" \/>Argentina:<\/strong><\/p>\n<ul>\n<li>\u00a0Universidad de Flores<\/li>\n<li>Universidade de Buenos Aires<\/li>\n<li>La Universidade Nacional de Ros\u00e1rio<\/li>\n<li>Universidad Nacional de San Lu\u00eds<\/li>\n<\/ul>\n<p><strong><img loading=\"lazy\" decoding=\"async\" class=\"\" src=\"https:\/\/sri.ufrn.br\/img\/bandeiras\/colombia.png\" alt=\"Colombia\" width=\"21\" height=\"21\" \/>Col\u00f4mbia:<\/strong><\/p>\n<ul>\n<li>Universidad de Medell\u00edn<\/li>\n<li>Fundaci\u00f3n Universitaria Cat\u00f3lica Lumen Gentium<\/li>\n<\/ul>\n<p><strong><img loading=\"lazy\" decoding=\"async\" class=\"\" src=\"https:\/\/sri.ufrn.br\/img\/bandeiras\/china.png\" alt=\"China\" width=\"22\" height=\"22\" \/>China:<\/strong><\/p>\n<ul>\n<li>Universidade Agr\u00edcola do Sul da China<\/li>\n<\/ul>\n<p><strong><img loading=\"lazy\" decoding=\"async\" class=\"\" src=\"https:\/\/sri.ufrn.br\/img\/bandeiras\/chile.png\" alt=\"Chile\" width=\"24\" height=\"24\" \/>Chile:<\/strong><\/p>\n<ul>\n<li>Universidad Tecnol\u00f3gica Metropolitana<\/li>\n<li>Universidad T\u00e9cnica Federico Santa Mar\u00eda<\/li>\n<li>Universidade de San Sebastian<\/li>\n<\/ul>\n<p><strong><img loading=\"lazy\" decoding=\"async\" class=\"\" src=\"https:\/\/sri.ufrn.br\/img\/bandeiras\/east_timor.png\" alt=\"Timor Leste\" width=\"27\" height=\"27\" \/>Timor-Leste:<\/strong><\/p>\n<ul>\n<li>Universidade Nacional de Timor-Lorosa&#8217;e<\/li>\n<\/ul>\n<p><strong><img loading=\"lazy\" decoding=\"async\" class=\"\" src=\"https:\/\/sri.ufrn.br\/img\/bandeiras\/italy.png\" alt=\"It\u00e1lia\" width=\"28\" height=\"28\" \/>It\u00e1lia:<\/strong><\/p>\n<ul>\n<li>Universit\u00e0 degli Studi di Cagliari &#8211; UNICA<\/li>\n<\/ul>\n<p><strong><img loading=\"lazy\" decoding=\"async\" class=\"\" src=\"https:\/\/sri.ufrn.br\/img\/bandeiras\/peru.png\" alt=\"Peru\" width=\"26\" height=\"26\" \/>Peru:<\/strong><\/p>\n<ul>\n<li>La Universidad Marcelino Champagnat<\/li>\n<\/ul>\n<p><strong><img loading=\"lazy\" decoding=\"async\" class=\"\" src=\"https:\/\/sri.ufrn.br\/img\/bandeiras\/czec_republic.png\" alt=\"Rep\u00fablica Tcheca\" width=\"26\" height=\"26\" \/>Rep\u00fablica Tcheca:<\/strong><\/p>\n<ul>\n<li>Universidade Tcheca de Ci\u00eancias da Vida<\/li>\n<\/ul>\n<p><strong><img loading=\"lazy\" decoding=\"async\" class=\"\" src=\"https:\/\/sri.ufrn.br\/img\/bandeiras\/south_africa.png\" alt=\"\u00c1frica do Sul\" width=\"26\" height=\"26\" \/>Guin\u00e9-Bissau:<\/strong><\/p>\n<ul>\n<li>Universidade Amilcar Cabral<\/li>\n<li>Instituto Superior Polit\u00e9cnico S\u00e3o Jo\u00e3o Bosco<\/li>\n<\/ul>\n<p><strong><img loading=\"lazy\" decoding=\"async\" class=\"\" src=\"https:\/\/sri.ufrn.br\/img\/bandeiras\/bolivia.png\" alt=\"Bol\u00edvia\" width=\"29\" height=\"29\" \/>Bol\u00edvia:<\/strong><\/p>\n<ul>\n<li>Universidad Mayor de San Sim\u00f3n<\/li>\n<\/ul>\n","protected":false},"excerpt":{"rendered":"<p>Portugal: Universidade de \u00c9vora Universidade dos A\u00e7ores Universidade da Beira Interior Instituto Polit\u00e9cnico de Viseu Espanha Universidad de Salamanca Universidad Rey Juan Carlos Universidad de Castilla La Mancha Universidade de Santiago de Compostela Universidad Cat\u00f3lica San Antonio Instituto Madrile\u00f1o de Estudios Avanzados &#8211; IMDEA Cabo Verde: Universidade de Santiago Rep\u00fablica Checa: Universidade Tcheca de Ci\u00eancias [&hellip;]<\/p>\n","protected":false},"author":21,"featured_media":0,"parent":0,"menu_order":0,"comment_status":"closed","ping_status":"closed","template":"","meta":[],"_links":{"self":[{"href":"https:\/\/portal.uern.br\/diri\/wp-json\/wp\/v2\/pages\/721"}],"collection":[{"href":"https:\/\/portal.uern.br\/diri\/wp-json\/wp\/v2\/pages"}],"about":[{"href":"https:\/\/portal.uern.br\/diri\/wp-json\/wp\/v2\/types\/page"}],"author":[{"embeddable":true,"href":"https:\/\/portal.uern.br\/diri\/wp-json\/wp\/v2\/users\/21"}],"replies":[{"embeddable":true,"href":"https:\/\/portal.uern.br\/diri\/wp-json\/wp\/v2\/comments?post=721"}],"version-history":[{"count":24,"href":"https:\/\/portal.uern.br\/diri\/wp-json\/wp\/v2\/pages\/721\/revisions"}],"predecessor-version":[{"id":951,"href":"https:\/\/portal.uern.br\/diri\/wp-json\/wp\/v2\/pages\/721\/revisions\/951"}],"wp:attachment":[{"href":"https:\/\/portal.uern.br\/diri\/wp-json\/wp\/v2\/media?parent=721"}],"curies":[{"name":"wp","href":"https:\/\/api.w.org\/{rel}","templated":true}]}}