{"id":36,"date":"2022-10-21T14:57:26","date_gmt":"2022-10-21T17:57:26","guid":{"rendered":"https:\/\/paisdemossoro.com.br\/wordpress\/diri\/?page_id=36"},"modified":"2022-10-21T14:57:26","modified_gmt":"2022-10-21T17:57:26","slug":"embaixadas-e-consulados","status":"publish","type":"page","link":"https:\/\/portal.uern.br\/diri\/embaixadas-e-consulados\/","title":{"rendered":"Embaixadas e Consulados"},"content":{"rendered":"<p>O Minist\u00e9rio das Rela\u00e7\u00f5es Exteriores (ou Itamaraty) \u00e9 o \u00f3rg\u00e3o do Poder Executivo respons\u00e1vel pela pol\u00edtica externa e pelas rela\u00e7\u00f5es internacionais do Brasil, nos planos bilateral, regional e multilateral. O Itamaraty assessora o Presidente da Rep\u00fablica na formula\u00e7\u00e3o da pol\u00edtica exterior do Brasil e na execu\u00e7\u00e3o das rela\u00e7\u00f5es diplom\u00e1ticas com Estados e organismos internacionais.<\/p>\n<p>Com uma rede de mais de 220 representa\u00e7\u00f5es no mundo, o Minist\u00e9rio promove os interesses do Pa\u00eds no exterior, presta assist\u00eancia aos cidad\u00e3os brasileiros e d\u00e1 apoio a empresas brasileiras.<\/p>\n<p>Al\u00e9m disso, o Itamaraty organiza as visitas oficiais ao Brasil de Chefes de Estado e de Governo e demais altas autoridades estrangeiras, bem como prepara e operacionaliza as visitas do Presidente da Rep\u00fablica, do Vice-Presidente da Rep\u00fablica e do Ministro das Rela\u00e7\u00f5es Exteriores a outros pa\u00edses.<\/p>\n<p>Para informa\u00e7\u00f5es sobre embaixadas e consulados, acesse o site do Minist\u00e9rio das Rela\u00e7\u00f5es Exteriores:\u00a0<a href=\"http:\/\/www.itamaraty.gov.br\/\">http:\/\/www.itamaraty.gov.br\/<\/a><\/p>\n","protected":false},"excerpt":{"rendered":"<p>O Minist\u00e9rio das Rela\u00e7\u00f5es Exteriores (ou Itamaraty) \u00e9 o \u00f3rg\u00e3o do Poder Executivo respons\u00e1vel pela pol\u00edtica externa e pelas rela\u00e7\u00f5es internacionais do Brasil, nos planos bilateral, regional e multilateral. O Itamaraty assessora o Presidente da Rep\u00fablica na formula\u00e7\u00e3o da pol\u00edtica exterior do Brasil e na execu\u00e7\u00e3o das rela\u00e7\u00f5es diplom\u00e1ticas com Estados e organismos internacionais. Com [&hellip;]<\/p>\n","protected":false},"author":1,"featured_media":0,"parent":0,"menu_order":0,"comment_status":"closed","ping_status":"closed","template":"","meta":[],"_links":{"self":[{"href":"https:\/\/portal.uern.br\/diri\/wp-json\/wp\/v2\/pages\/36"}],"collection":[{"href":"https:\/\/portal.uern.br\/diri\/wp-json\/wp\/v2\/pages"}],"about":[{"href":"https:\/\/portal.uern.br\/diri\/wp-json\/wp\/v2\/types\/page"}],"author":[{"embeddable":true,"href":"https:\/\/portal.uern.br\/diri\/wp-json\/wp\/v2\/users\/1"}],"replies":[{"embeddable":true,"href":"https:\/\/portal.uern.br\/diri\/wp-json\/wp\/v2\/comments?post=36"}],"version-history":[{"count":1,"href":"https:\/\/portal.uern.br\/diri\/wp-json\/wp\/v2\/pages\/36\/revisions"}],"predecessor-version":[{"id":37,"href":"https:\/\/portal.uern.br\/diri\/wp-json\/wp\/v2\/pages\/36\/revisions\/37"}],"wp:attachment":[{"href":"https:\/\/portal.uern.br\/diri\/wp-json\/wp\/v2\/media?parent=36"}],"curies":[{"name":"wp","href":"https:\/\/api.w.org\/{rel}","templated":true}]}}