{"id":323,"date":"2022-11-25T11:50:07","date_gmt":"2022-11-25T14:50:07","guid":{"rendered":"http:\/\/beta.apps.uern.br\/wordpress\/diri\/?page_id=323"},"modified":"2024-01-16T12:30:58","modified_gmt":"2024-01-16T15:30:58","slug":"noticias","status":"publish","type":"page","link":"https:\/\/portal.uern.br\/diri\/noticias\/","title":{"rendered":"Not\u00edcias"},"content":{"rendered":"<p><img fetchpriority=\"high\" decoding=\"async\" class=\"alignnone size-medium wp-image-941\" src=\"https:\/\/portal.uern.br\/diri\/wp-content\/uploads\/sites\/6\/2024\/01\/post-diri-selo-ods--300x300.png\" alt=\"\" width=\"300\" height=\"300\" srcset=\"https:\/\/portal.uern.br\/diri\/wp-content\/uploads\/sites\/6\/2024\/01\/post-diri-selo-ods--300x300.png 300w, https:\/\/portal.uern.br\/diri\/wp-content\/uploads\/sites\/6\/2024\/01\/post-diri-selo-ods--1024x1024.png 1024w, https:\/\/portal.uern.br\/diri\/wp-content\/uploads\/sites\/6\/2024\/01\/post-diri-selo-ods--150x150.png 150w, https:\/\/portal.uern.br\/diri\/wp-content\/uploads\/sites\/6\/2024\/01\/post-diri-selo-ods--768x768.png 768w, https:\/\/portal.uern.br\/diri\/wp-content\/uploads\/sites\/6\/2024\/01\/post-diri-selo-ods-.png 1080w\" sizes=\"(max-width: 300px) 100vw, 300px\" \/><\/p>\n<p>A Diretoria de Rela\u00e7\u00f5es Internacionais e Interinstitucionais (Diri) da Universidade do Estado do Rio Grande do Norte (Uern) celebra mais uma conquista significativa, desta vez por meio da divulga\u00e7\u00e3o da Lista Oficial de Projetos Certificados pelo Selo ODS Educa\u00e7\u00e3o 2023. 29 projetos da institui\u00e7\u00e3o tamb\u00e9m foram reconhecidos por seu dedicado comprometimento com os Objetivos de Desenvolvimento Sustent\u00e1vel (ODS), destacando a Uern como um agente fundamental na promo\u00e7\u00e3o da educa\u00e7\u00e3o sustent\u00e1vel.<\/p>\n<p>A Diri foi contemplada com a certifica\u00e7\u00e3o pelo projeto &#8220;Recursos Tecnol\u00f3gicos na Implementa\u00e7\u00e3o de A\u00e7\u00f5es de Internacionaliza\u00e7\u00e3o no Ensino Superior&#8221;. Este projeto se enquadra na categoria de Educa\u00e7\u00e3o de Qualidade, demonstrando a excel\u00eancia da Uern na promo\u00e7\u00e3o de pr\u00e1ticas alinhadas com os ODS. Vale ressaltar que apenas dois projetos na \u00e1rea de Internacionaliza\u00e7\u00e3o foram certificados pelo referido edital.<\/p>\n<p>Os Objetivos de Desenvolvimento Sustent\u00e1vel, desenvolvidos pela Organiza\u00e7\u00e3o das Na\u00e7\u00f5es Unidas (ONU), s\u00e3o fruto de uma coopera\u00e7\u00e3o internacional entre os pa\u00edses. A cerim\u00f4nia de certifica\u00e7\u00e3o est\u00e1 programada para ocorrer em mar\u00e7o, em S\u00e3o Paulo, onde 39 organiza\u00e7\u00f5es, incluindo a Uern, ser\u00e3o homenageadas por atenderem a todos os crit\u00e9rios estabelecidos.<\/p>\n<p>\u00c9 importante ressaltar que esta \u00e9 o segundo reconhecimento recebido pela Diretoria de Rela\u00e7\u00f5es Internacionais e Interinstitucionais em menos de dois meses. Em 17 de novembro de 2023, a Uern foi agraciada com o Pr\u00eamio de Internacionaliza\u00e7\u00e3o no Ranking de Universidades Empreendedoras, concedido pela Confedera\u00e7\u00e3o Brasileira de Empresas Juniores (Brasil J\u00fanior). O projeto &#8220;Guarda-Chuva Tecnol\u00f3gico&#8221; foi o respons\u00e1vel por essa distin\u00e7\u00e3o, reconhecendo a iniciativa da Uern na internacionaliza\u00e7\u00e3o do ensino superior. A entrega do pr\u00eamio ocorreu em uma solene sess\u00e3o na C\u00e2mara dos Deputados.<\/p>\n<p>Na ocasi\u00e3o, o pr\u00eamio pelo projeto &#8220;Guarda-Chuva Tecnol\u00f3gico&#8221; foi concedido a Diretoria de Rela\u00e7\u00f5es Internacionais e Interinstitucionais (Diri), com o apoio do Setor de Empreendedorismo da Ag\u00eancia Uern Inova. Este setor desempenhou um papel fundamental na promo\u00e7\u00e3o do edital, incentivando e organizando as propostas para participarem da sele\u00e7\u00e3o.<\/p>\n<p>Esses reconhecimentos refor\u00e7am o compromisso da Uern com a constru\u00e7\u00e3o de um futuro mais consciente e sustent\u00e1vel, destacando seu papel na promo\u00e7\u00e3o de uma educa\u00e7\u00e3o alinhada aos princ\u00edpios dos Objetivos de Desenvolvimento Sustent\u00e1vel. Os representantes da Diretoria se orgulham dessas conquistas e reafirmam seu comprometimento com a excel\u00eancia, inova\u00e7\u00e3o e responsabilidade social visando uma internacionaliza\u00e7\u00e3o universit\u00e1ria cada vez mais efetiva.<\/p>\n","protected":false},"excerpt":{"rendered":"<p>A Diretoria de Rela\u00e7\u00f5es Internacionais e Interinstitucionais (Diri) da Universidade do Estado do Rio Grande do Norte (Uern) celebra mais uma conquista significativa, desta vez por meio da divulga\u00e7\u00e3o da Lista Oficial de Projetos Certificados pelo Selo ODS Educa\u00e7\u00e3o 2023. 29 projetos da institui\u00e7\u00e3o tamb\u00e9m foram reconhecidos por seu dedicado comprometimento com os Objetivos de [&hellip;]<\/p>\n","protected":false},"author":21,"featured_media":0,"parent":0,"menu_order":0,"comment_status":"closed","ping_status":"closed","template":"","meta":[],"_links":{"self":[{"href":"https:\/\/portal.uern.br\/diri\/wp-json\/wp\/v2\/pages\/323"}],"collection":[{"href":"https:\/\/portal.uern.br\/diri\/wp-json\/wp\/v2\/pages"}],"about":[{"href":"https:\/\/portal.uern.br\/diri\/wp-json\/wp\/v2\/types\/page"}],"author":[{"embeddable":true,"href":"https:\/\/portal.uern.br\/diri\/wp-json\/wp\/v2\/users\/21"}],"replies":[{"embeddable":true,"href":"https:\/\/portal.uern.br\/diri\/wp-json\/wp\/v2\/comments?post=323"}],"version-history":[{"count":11,"href":"https:\/\/portal.uern.br\/diri\/wp-json\/wp\/v2\/pages\/323\/revisions"}],"predecessor-version":[{"id":900,"href":"https:\/\/portal.uern.br\/diri\/wp-json\/wp\/v2\/pages\/323\/revisions\/900"}],"wp:attachment":[{"href":"https:\/\/portal.uern.br\/diri\/wp-json\/wp\/v2\/media?parent=323"}],"curies":[{"name":"wp","href":"https:\/\/api.w.org\/{rel}","templated":true}]}}