{"id":291,"date":"2022-11-25T11:09:11","date_gmt":"2022-11-25T14:09:11","guid":{"rendered":"http:\/\/beta.apps.uern.br\/wordpress\/diri\/?page_id=291"},"modified":"2025-05-08T08:55:40","modified_gmt":"2025-05-08T11:55:40","slug":"documentos-2","status":"publish","type":"page","link":"https:\/\/portal.uern.br\/diri\/documentos-2\/","title":{"rendered":"Documentos"},"content":{"rendered":"<p><a href=\"https:\/\/portal.uern.br\/diri\/wp-content\/uploads\/sites\/6\/2022\/10\/5504resolua\u00a7ao_na020_2019_consepe.pdf\"><img decoding=\"async\" class=\"wp-image-919 aligncenter\" src=\"https:\/\/portal.uern.br\/diri\/wp-content\/uploads\/sites\/6\/2023\/10\/417213-300x300.png\" alt=\"\" width=\"171\" height=\"171\" srcset=\"https:\/\/portal.uern.br\/diri\/wp-content\/uploads\/sites\/6\/2023\/10\/417213-300x300.png 300w, https:\/\/portal.uern.br\/diri\/wp-content\/uploads\/sites\/6\/2023\/10\/417213-150x150.png 150w, https:\/\/portal.uern.br\/diri\/wp-content\/uploads\/sites\/6\/2023\/10\/417213.png 512w\" sizes=\"(max-width: 171px) 100vw, 171px\" \/><\/a><\/p>\n<h4><a href=\"https:\/\/portal.uern.br\/conselhos\/resolucoes-consepe\/?cp_1=3\">Resolu\u00e7\u00e3o n\u00ba 020\/2019 CONSEPE &#8211; Institucionaliza a Pol\u00edtica Lingu\u00edstica da UERN<\/a><\/h4>\n<h4><a href=\"https:\/\/portal.uern.br\/diri\/wp-content\/uploads\/sites\/6\/2023\/06\/Aprova-a-Resolucao-da-Institucionalizacao-do-Plano-Estrategico-de-Internacionalizacao-da-Uern.pdf\">Resolu\u00e7\u00e3o n\u00ba 02\/2023 CONSEPE &#8211; <\/a><a href=\"http:\/\/portal.uern.br\/wp-content\/uploads\/2023\/02\/PLANO-ESTRATEGICO-DIRI.pdf\">Aprova Plano Estrat\u00e9gico de Internacionaliza\u00e7\u00e3o da UERN<\/a><\/h4>\n<h4><a href=\"https:\/\/portal.uern.br\/diri\/wp-content\/uploads\/sites\/6\/2025\/05\/MODELO-ACORDO-DE-COOPERACAO-PORTUGUES-1.docx\">Minuta de Acordo de coopera\u00e7\u00e3o Portug\u00eas<\/a><\/h4>\n<h4><a href=\"https:\/\/portal.uern.br\/diri\/wp-content\/uploads\/sites\/6\/2025\/05\/MODELO-ACORDO-DE-COOPERACAO-INGLES-1-1.docx\">Minuta de Acordo de coopera\u00e7\u00e3o Ingl\u00eas<\/a><\/h4>\n<h4><a href=\"https:\/\/portal.uern.br\/diri\/wp-content\/uploads\/sites\/6\/2025\/05\/Minuta-de-Acordo-de-Cooperacao-Espanhol.docx\">Minuta de Acordo de Coopera\u00e7\u00e3o Espanhol<\/a><\/h4>\n<h4><a href=\"https:\/\/portal.uern.br\/diri\/wp-content\/uploads\/sites\/6\/2025\/05\/Minuta-de-Acordo-de-cooperacao-Italiano.docx\">Minuta de Acordo de coopera\u00e7\u00e3o Italiano<\/a><\/h4>\n","protected":false},"excerpt":{"rendered":"<p>Resolu\u00e7\u00e3o n\u00ba 020\/2019 CONSEPE &#8211; Institucionaliza a Pol\u00edtica Lingu\u00edstica da UERN Resolu\u00e7\u00e3o n\u00ba 02\/2023 CONSEPE &#8211; Aprova Plano Estrat\u00e9gico de Internacionaliza\u00e7\u00e3o da UERN Minuta de Acordo de coopera\u00e7\u00e3o Portug\u00eas Minuta de Acordo de coopera\u00e7\u00e3o Ingl\u00eas Minuta de Acordo de Coopera\u00e7\u00e3o Espanhol Minuta de Acordo de coopera\u00e7\u00e3o Italiano<\/p>\n","protected":false},"author":21,"featured_media":0,"parent":0,"menu_order":0,"comment_status":"closed","ping_status":"closed","template":"","meta":[],"_links":{"self":[{"href":"https:\/\/portal.uern.br\/diri\/wp-json\/wp\/v2\/pages\/291"}],"collection":[{"href":"https:\/\/portal.uern.br\/diri\/wp-json\/wp\/v2\/pages"}],"about":[{"href":"https:\/\/portal.uern.br\/diri\/wp-json\/wp\/v2\/types\/page"}],"author":[{"embeddable":true,"href":"https:\/\/portal.uern.br\/diri\/wp-json\/wp\/v2\/users\/21"}],"replies":[{"embeddable":true,"href":"https:\/\/portal.uern.br\/diri\/wp-json\/wp\/v2\/comments?post=291"}],"version-history":[{"count":30,"href":"https:\/\/portal.uern.br\/diri\/wp-json\/wp\/v2\/pages\/291\/revisions"}],"predecessor-version":[{"id":978,"href":"https:\/\/portal.uern.br\/diri\/wp-json\/wp\/v2\/pages\/291\/revisions\/978"}],"wp:attachment":[{"href":"https:\/\/portal.uern.br\/diri\/wp-json\/wp\/v2\/media?parent=291"}],"curies":[{"name":"wp","href":"https:\/\/api.w.org\/{rel}","templated":true}]}}