{"id":285,"date":"2022-11-25T10:58:16","date_gmt":"2022-11-25T13:58:16","guid":{"rendered":"http:\/\/beta.apps.uern.br\/wordpress\/diri\/?page_id=285"},"modified":"2022-12-14T07:46:56","modified_gmt":"2022-12-14T10:46:56","slug":"setor-de-acompanhamento-de-convenios-projetos-e-acordos-de-cooperacao-internacional","status":"publish","type":"page","link":"https:\/\/portal.uern.br\/diri\/setor-de-acompanhamento-de-convenios-projetos-e-acordos-de-cooperacao-internacional\/","title":{"rendered":"Setor de Acompanhamento de Conv\u00eanios, Projetos e Acordos de Coopera\u00e7\u00e3o Internacional"},"content":{"rendered":"<p>O Setor de Acompanhamento de Conv\u00eanios, Projetos e Acordos de Coopera\u00e7\u00e3o Internacional se dedica a firmar parcerias institucionais, especialmente com universidades estrangeiras, possibilitando\u00a0o estabelecimento da coopera\u00e7\u00e3o entre as institui\u00e7\u00f5es parceiras no que se refere a\u00a0promover a forma\u00e7\u00e3o integral, multicultural e pluril\u00edngue de excel\u00eancia acad\u00eamica nos n\u00edveis de ensino, pesquisa e extens\u00e3o tanto de alunos, como de professores e t\u00e9cnicos administrativos.<\/p>\n<p>&nbsp;<\/p>\n<p>&nbsp;<\/p>\n<p>&nbsp;<\/p>\n<p>&nbsp;<\/p>\n<p>&nbsp;<\/p>\n<p>&nbsp;<\/p>\n<p>&nbsp;<\/p>\n<p>&nbsp;<\/p>\n<p>&nbsp;<\/p>\n<p>&nbsp;<\/p>\n<p>&nbsp;<\/p>\n<p>&nbsp;<\/p>\n<p>&nbsp;<\/p>\n<p>&nbsp;<\/p>\n<p>&nbsp;<\/p>\n<p>&nbsp;<\/p>\n<p>&nbsp;<\/p>\n<p>&nbsp;<\/p>\n<p>&nbsp;<\/p>\n<p>&nbsp;<\/p>\n<p>&nbsp;<\/p>\n<p>&nbsp;<\/p>\n<p>&nbsp;<\/p>\n<p>&nbsp;<\/p>\n<p>&nbsp;<\/p>\n<p>&nbsp;<\/p>\n","protected":false},"excerpt":{"rendered":"<p>O Setor de Acompanhamento de Conv\u00eanios, Projetos e Acordos de Coopera\u00e7\u00e3o Internacional se dedica a firmar parcerias institucionais, especialmente com universidades estrangeiras, possibilitando\u00a0o estabelecimento da coopera\u00e7\u00e3o entre as institui\u00e7\u00f5es parceiras no que se refere a\u00a0promover a forma\u00e7\u00e3o integral, multicultural e pluril\u00edngue de excel\u00eancia acad\u00eamica nos n\u00edveis de ensino, pesquisa e extens\u00e3o tanto de alunos, como [&hellip;]<\/p>\n","protected":false},"author":21,"featured_media":0,"parent":0,"menu_order":0,"comment_status":"closed","ping_status":"closed","template":"","meta":[],"_links":{"self":[{"href":"https:\/\/portal.uern.br\/diri\/wp-json\/wp\/v2\/pages\/285"}],"collection":[{"href":"https:\/\/portal.uern.br\/diri\/wp-json\/wp\/v2\/pages"}],"about":[{"href":"https:\/\/portal.uern.br\/diri\/wp-json\/wp\/v2\/types\/page"}],"author":[{"embeddable":true,"href":"https:\/\/portal.uern.br\/diri\/wp-json\/wp\/v2\/users\/21"}],"replies":[{"embeddable":true,"href":"https:\/\/portal.uern.br\/diri\/wp-json\/wp\/v2\/comments?post=285"}],"version-history":[{"count":5,"href":"https:\/\/portal.uern.br\/diri\/wp-json\/wp\/v2\/pages\/285\/revisions"}],"predecessor-version":[{"id":364,"href":"https:\/\/portal.uern.br\/diri\/wp-json\/wp\/v2\/pages\/285\/revisions\/364"}],"wp:attachment":[{"href":"https:\/\/portal.uern.br\/diri\/wp-json\/wp\/v2\/media?parent=285"}],"curies":[{"name":"wp","href":"https:\/\/api.w.org\/{rel}","templated":true}]}}