{"id":282,"date":"2022-11-25T10:56:12","date_gmt":"2022-11-25T13:56:12","guid":{"rendered":"http:\/\/beta.apps.uern.br\/wordpress\/diri\/?page_id=282"},"modified":"2022-11-29T10:38:18","modified_gmt":"2022-11-29T13:38:18","slug":"setor-de-apoio-a-eventos-e-traducao-de-documentos-institucionais","status":"publish","type":"page","link":"https:\/\/portal.uern.br\/diri\/setor-de-apoio-a-eventos-e-traducao-de-documentos-institucionais\/","title":{"rendered":"Setor de Apoio a Eventos e Tradu\u00e7\u00e3o de Documentos Institucionais"},"content":{"rendered":"<p>O Setor de Apoio a Eventos e Tradu\u00e7\u00e3o de Documentos Institucionais da Diretoria de Rela\u00e7\u00f5es Internacionais se dedica a promo\u00e7\u00e3o de atividades acad\u00eamicas voltadas a capacita\u00e7\u00e3o, orienta\u00e7\u00e3o e socializa\u00e7\u00e3o de oportunidades voltadas \u00e0 internacionaliza\u00e7\u00e3o universit\u00e1ria, bem como a tradu\u00e7\u00e3o de documentos de interesses institucionais.<\/p>\n","protected":false},"excerpt":{"rendered":"<p>O Setor de Apoio a Eventos e Tradu\u00e7\u00e3o de Documentos Institucionais da Diretoria de Rela\u00e7\u00f5es Internacionais se dedica a promo\u00e7\u00e3o de atividades acad\u00eamicas voltadas a capacita\u00e7\u00e3o, orienta\u00e7\u00e3o e socializa\u00e7\u00e3o de oportunidades voltadas \u00e0 internacionaliza\u00e7\u00e3o universit\u00e1ria, bem como a tradu\u00e7\u00e3o de documentos de interesses institucionais.<\/p>\n","protected":false},"author":21,"featured_media":0,"parent":0,"menu_order":0,"comment_status":"closed","ping_status":"closed","template":"","meta":[],"_links":{"self":[{"href":"https:\/\/portal.uern.br\/diri\/wp-json\/wp\/v2\/pages\/282"}],"collection":[{"href":"https:\/\/portal.uern.br\/diri\/wp-json\/wp\/v2\/pages"}],"about":[{"href":"https:\/\/portal.uern.br\/diri\/wp-json\/wp\/v2\/types\/page"}],"author":[{"embeddable":true,"href":"https:\/\/portal.uern.br\/diri\/wp-json\/wp\/v2\/users\/21"}],"replies":[{"embeddable":true,"href":"https:\/\/portal.uern.br\/diri\/wp-json\/wp\/v2\/comments?post=282"}],"version-history":[{"count":4,"href":"https:\/\/portal.uern.br\/diri\/wp-json\/wp\/v2\/pages\/282\/revisions"}],"predecessor-version":[{"id":343,"href":"https:\/\/portal.uern.br\/diri\/wp-json\/wp\/v2\/pages\/282\/revisions\/343"}],"wp:attachment":[{"href":"https:\/\/portal.uern.br\/diri\/wp-json\/wp\/v2\/media?parent=282"}],"curies":[{"name":"wp","href":"https:\/\/api.w.org\/{rel}","templated":true}]}}