{"id":279,"date":"2022-11-25T10:54:03","date_gmt":"2022-11-25T13:54:03","guid":{"rendered":"http:\/\/beta.apps.uern.br\/wordpress\/diri\/?page_id=279"},"modified":"2023-09-14T11:45:00","modified_gmt":"2023-09-14T14:45:00","slug":"departamento-de-relacoes-internacionais-e-interinstitucionais","status":"publish","type":"page","link":"https:\/\/portal.uern.br\/diri\/departamento-de-relacoes-internacionais-e-interinstitucionais\/","title":{"rendered":"Departamento de Rela\u00e7\u00f5es Internacionais e Interinstitucionais"},"content":{"rendered":"<p>O\u00a0Departamento de Rela\u00e7\u00f5es Internacionais e Interinstitucionais\u00a0tem como fun\u00e7\u00e3o coordenar e orientar as a\u00e7\u00f5es dos setores de\u00a0Apoio a Eventos e Tradu\u00e7\u00e3o de Documentos Institucionais, de\u00a0Acompanhamento de Conv\u00eanios, Projetos e Acordos de Coopera\u00e7\u00e3o Internacional\u00a0e de\u00a0Mobilidade Acad\u00eamica.<\/p>\n<p>Junto ao\u00a0Setor de Apoio a Eventos e Tradu\u00e7\u00e3o de Documentos Institucionais, o Departamento idealiza e executa eventos de promo\u00e7\u00e3o da internacionaliza\u00e7\u00e3o da UERN dentro e fora da universidade, buscando n\u00e3o apenas que as a\u00e7\u00f5es de internacionaliza\u00e7\u00e3o sejam conhecidas, mas capacitando nossos docentes, discentes e t\u00e9cnicos para conhecer as oportunidades de interc\u00e2mbio. O departamento tamb\u00e9m orienta e direciona a atividade de tradu\u00e7\u00e3o de documentos que \u00e9 oferecida \u00e0 comunidade acad\u00eamica.<\/p>\n<p>Junto ao\u00a0Setor de Acompanhamento de Conv\u00eanios, Projetos e Acordos de Coopera\u00e7\u00e3o Internacional, o departamento busca parcerias com universidades estrangeiras que beneficiem o ensino, a pesquisa e a extens\u00e3o na UERN. O departamento tamb\u00e9m participa do processo de consolida\u00e7\u00e3o de acordos de coopera\u00e7\u00e3o atrav\u00e9s de reuni\u00f5es com representantes das institui\u00e7\u00f5es estrangeiras e orientando para que se providencie a documenta\u00e7\u00e3o necess\u00e1ria.<\/p>\n<p>Junto ao setor de\u00a0Mobilidade Acad\u00eamica, o departamento oferece assist\u00eancia a professores, alunos e t\u00e9cnicos administrativos que almejam vivenciar a mobilidade. Ele tamb\u00e9m orienta e supervisiona o acompanhamento das pessoas em mobilidade, da UERN para mundo e do mundo para a UERN.<\/p>\n","protected":false},"excerpt":{"rendered":"<p>O\u00a0Departamento de Rela\u00e7\u00f5es Internacionais e Interinstitucionais\u00a0tem como fun\u00e7\u00e3o coordenar e orientar as a\u00e7\u00f5es dos setores de\u00a0Apoio a Eventos e Tradu\u00e7\u00e3o de Documentos Institucionais, de\u00a0Acompanhamento de Conv\u00eanios, Projetos e Acordos de Coopera\u00e7\u00e3o Internacional\u00a0e de\u00a0Mobilidade Acad\u00eamica. Junto ao\u00a0Setor de Apoio a Eventos e Tradu\u00e7\u00e3o de Documentos Institucionais, o Departamento idealiza e executa eventos de promo\u00e7\u00e3o da internacionaliza\u00e7\u00e3o [&hellip;]<\/p>\n","protected":false},"author":21,"featured_media":0,"parent":0,"menu_order":0,"comment_status":"closed","ping_status":"closed","template":"","meta":[],"_links":{"self":[{"href":"https:\/\/portal.uern.br\/diri\/wp-json\/wp\/v2\/pages\/279"}],"collection":[{"href":"https:\/\/portal.uern.br\/diri\/wp-json\/wp\/v2\/pages"}],"about":[{"href":"https:\/\/portal.uern.br\/diri\/wp-json\/wp\/v2\/types\/page"}],"author":[{"embeddable":true,"href":"https:\/\/portal.uern.br\/diri\/wp-json\/wp\/v2\/users\/21"}],"replies":[{"embeddable":true,"href":"https:\/\/portal.uern.br\/diri\/wp-json\/wp\/v2\/comments?post=279"}],"version-history":[{"count":3,"href":"https:\/\/portal.uern.br\/diri\/wp-json\/wp\/v2\/pages\/279\/revisions"}],"predecessor-version":[{"id":872,"href":"https:\/\/portal.uern.br\/diri\/wp-json\/wp\/v2\/pages\/279\/revisions\/872"}],"wp:attachment":[{"href":"https:\/\/portal.uern.br\/diri\/wp-json\/wp\/v2\/media?parent=279"}],"curies":[{"name":"wp","href":"https:\/\/api.w.org\/{rel}","templated":true}]}}