{"id":276,"date":"2022-11-25T10:52:09","date_gmt":"2022-11-25T13:52:09","guid":{"rendered":"http:\/\/beta.apps.uern.br\/wordpress\/diri\/?page_id=276"},"modified":"2023-05-08T14:54:27","modified_gmt":"2023-05-08T17:54:27","slug":"diretoria-de-relacoes-internacionais-e-interinstitucionais","status":"publish","type":"page","link":"https:\/\/portal.uern.br\/diri\/diretoria-de-relacoes-internacionais-e-interinstitucionais\/","title":{"rendered":"Diretoria de Rela\u00e7\u00f5es Internacionais e Interinstitucionais"},"content":{"rendered":"<p align=\"justify\">A Pol\u00edtica de Internacionaliza\u00e7\u00e3o da Diretoria de\u00a0Rela\u00e7\u00f5es Internacionais e Interinstitucionais parte do interesse diplom\u00e1tico do di\u00e1logo e da\u00a0amizade entre a UERN e outras institui\u00e7\u00f5es de ensino superior, nacionais e estrangeiras. Visa estabelecer parcerias e celebrar conv\u00eanios, com acompanhamento e assessoria de atividades. Tem como motiva\u00e7\u00e3o principal o interc\u00e2mbio entre docentes, discentes e t\u00e9cnicos administrativos com\u00a0universidades no exterior que tenham conv\u00eanios com a UERN.<\/p>\n<p align=\"justify\">As a\u00e7\u00f5es realizadas por esta diretoria est\u00e3o em conson\u00e2ncia com o projeto de desenvolvimento de uma universidade p\u00fablica socialmente referenciada. Para tanto, os processos s\u00e3o realizados de forma planejada, considerando as diretrizes e metas do Plano de Desenvolvimento Institucional \u2013 PDI.<\/p>\n","protected":false},"excerpt":{"rendered":"<p>A Pol\u00edtica de Internacionaliza\u00e7\u00e3o da Diretoria de\u00a0Rela\u00e7\u00f5es Internacionais e Interinstitucionais parte do interesse diplom\u00e1tico do di\u00e1logo e da\u00a0amizade entre a UERN e outras institui\u00e7\u00f5es de ensino superior, nacionais e estrangeiras. Visa estabelecer parcerias e celebrar conv\u00eanios, com acompanhamento e assessoria de atividades. Tem como motiva\u00e7\u00e3o principal o interc\u00e2mbio entre docentes, discentes e t\u00e9cnicos administrativos com\u00a0universidades [&hellip;]<\/p>\n","protected":false},"author":21,"featured_media":0,"parent":0,"menu_order":0,"comment_status":"closed","ping_status":"closed","template":"","meta":[],"_links":{"self":[{"href":"https:\/\/portal.uern.br\/diri\/wp-json\/wp\/v2\/pages\/276"}],"collection":[{"href":"https:\/\/portal.uern.br\/diri\/wp-json\/wp\/v2\/pages"}],"about":[{"href":"https:\/\/portal.uern.br\/diri\/wp-json\/wp\/v2\/types\/page"}],"author":[{"embeddable":true,"href":"https:\/\/portal.uern.br\/diri\/wp-json\/wp\/v2\/users\/21"}],"replies":[{"embeddable":true,"href":"https:\/\/portal.uern.br\/diri\/wp-json\/wp\/v2\/comments?post=276"}],"version-history":[{"count":4,"href":"https:\/\/portal.uern.br\/diri\/wp-json\/wp\/v2\/pages\/276\/revisions"}],"predecessor-version":[{"id":709,"href":"https:\/\/portal.uern.br\/diri\/wp-json\/wp\/v2\/pages\/276\/revisions\/709"}],"wp:attachment":[{"href":"https:\/\/portal.uern.br\/diri\/wp-json\/wp\/v2\/media?parent=276"}],"curies":[{"name":"wp","href":"https:\/\/api.w.org\/{rel}","templated":true}]}}