{"id":266,"date":"2022-11-25T07:53:57","date_gmt":"2022-11-25T10:53:57","guid":{"rendered":"http:\/\/beta.apps.uern.br\/wordpress\/diri\/?page_id=266"},"modified":"2025-11-27T12:28:51","modified_gmt":"2025-11-27T15:28:51","slug":"gestao","status":"publish","type":"page","link":"https:\/\/portal.uern.br\/diri\/gestao\/","title":{"rendered":"Equipe"},"content":{"rendered":"<p><img fetchpriority=\"high\" decoding=\"async\" class=\"wp-image-921 aligncenter\" src=\"https:\/\/portal.uern.br\/diri\/wp-content\/uploads\/sites\/6\/2023\/10\/WhatsApp-Image-2023-10-26-at-12.47.41-242x300.jpeg\" alt=\"\" width=\"221\" height=\"274\" srcset=\"https:\/\/portal.uern.br\/diri\/wp-content\/uploads\/sites\/6\/2023\/10\/WhatsApp-Image-2023-10-26-at-12.47.41-242x300.jpeg 242w, https:\/\/portal.uern.br\/diri\/wp-content\/uploads\/sites\/6\/2023\/10\/WhatsApp-Image-2023-10-26-at-12.47.41.jpeg 763w\" sizes=\"(max-width: 221px) 100vw, 221px\" \/>Os membros da equipe da Diretoria de Rela\u00e7\u00f5es Internacionais e Interinstitucionais \u00e9 composta por profissionais da \u00e1rea de Letras L\u00edngua Inglesa, L\u00edngua Espanhola e Pedagogia. As estagi\u00e1rias s\u00e3o da \u00e1rea de Letras L\u00edngua Inglesa e Comunica\u00e7\u00e3o Social.<\/p>\n<h2><strong>Diretoria de Rela\u00e7\u00f5es Internacionais e Interinstitucionais<\/strong><\/h2>\n<p>Prof. Dr. Pedro Adri\u00e3o da Silva J\u00fanior<\/p>\n<h3><strong>Secretaria<\/strong><\/h3>\n<p>Ma. Ket\u00facia Mirlene Duarte de Lima<\/p>\n<p>&nbsp;<\/p>\n<h3><strong>Departamento de Rela\u00e7\u00f5es Internacionais e Interinstitucionais<\/strong><\/h3>\n<p>Prof. Dr. Jorge Luis Queiroz Carvalho<\/p>\n<p>&nbsp;<\/p>\n<h4 style=\"text-align: left\"><strong>Setor de Acompanhamento <\/strong><strong>de Conv\u00eanios, Projetos e Acordos de Coopera\u00e7\u00e3o<\/strong><br \/>\n<strong>Internacional<\/strong><\/h4>\n<p>Ma. TNS Za\u00edra Nakala da Silva C\u00e2mara<\/p>\n<h4><\/h4>\n<h4><strong>\u00a0Setor de Mobilidade Acad\u00eamica<\/strong><\/h4>\n<p>Prof. Dr\u00aa Keyla Maria Frota Lemos<\/p>\n<p>&nbsp;<\/p>\n<h5><strong>Estagi\u00e1ria de Letras L\u00edngua Inglesa\u00a0<\/strong><\/h5>\n<p>Clarielisse da Silva Alves<\/p>\n<p>&nbsp;<\/p>\n<h5><strong>Estagi\u00e1ria de Publicidade e Propaganda\u00a0<\/strong><\/h5>\n<p>Gl\u00f3ria Hellen Ferreira de Mendon\u00e7a<\/p>\n","protected":false},"excerpt":{"rendered":"<p>Os membros da equipe da Diretoria de Rela\u00e7\u00f5es Internacionais e Interinstitucionais \u00e9 composta por profissionais da \u00e1rea de Letras L\u00edngua Inglesa, L\u00edngua Espanhola e Pedagogia. As estagi\u00e1rias s\u00e3o da \u00e1rea de Letras L\u00edngua Inglesa e Comunica\u00e7\u00e3o Social. Diretoria de Rela\u00e7\u00f5es Internacionais e Interinstitucionais Prof. Dr. Pedro Adri\u00e3o da Silva J\u00fanior Secretaria Ma. Ket\u00facia Mirlene Duarte [&hellip;]<\/p>\n","protected":false},"author":21,"featured_media":0,"parent":0,"menu_order":0,"comment_status":"closed","ping_status":"closed","template":"","meta":[],"_links":{"self":[{"href":"https:\/\/portal.uern.br\/diri\/wp-json\/wp\/v2\/pages\/266"}],"collection":[{"href":"https:\/\/portal.uern.br\/diri\/wp-json\/wp\/v2\/pages"}],"about":[{"href":"https:\/\/portal.uern.br\/diri\/wp-json\/wp\/v2\/types\/page"}],"author":[{"embeddable":true,"href":"https:\/\/portal.uern.br\/diri\/wp-json\/wp\/v2\/users\/21"}],"replies":[{"embeddable":true,"href":"https:\/\/portal.uern.br\/diri\/wp-json\/wp\/v2\/comments?post=266"}],"version-history":[{"count":21,"href":"https:\/\/portal.uern.br\/diri\/wp-json\/wp\/v2\/pages\/266\/revisions"}],"predecessor-version":[{"id":1003,"href":"https:\/\/portal.uern.br\/diri\/wp-json\/wp\/v2\/pages\/266\/revisions\/1003"}],"wp:attachment":[{"href":"https:\/\/portal.uern.br\/diri\/wp-json\/wp\/v2\/media?parent=266"}],"curies":[{"name":"wp","href":"https:\/\/api.w.org\/{rel}","templated":true}]}}