{"id":262,"date":"2022-11-25T07:41:50","date_gmt":"2022-11-25T10:41:50","guid":{"rendered":"http:\/\/beta.apps.uern.br\/wordpress\/diri\/?page_id=262"},"modified":"2023-10-27T14:05:46","modified_gmt":"2023-10-27T17:05:46","slug":"conheca-a-diri","status":"publish","type":"page","link":"https:\/\/portal.uern.br\/diri\/","title":{"rendered":"Conhe\u00e7a a DIRI"},"content":{"rendered":"<p><img fetchpriority=\"high\" decoding=\"async\" class=\" wp-image-917 aligncenter\" src=\"https:\/\/portal.uern.br\/diri\/wp-content\/uploads\/sites\/6\/2023\/10\/Why-Running-Away-From-Home-Can-Open-A-New-World-_networking-advice-from-_Michelle-Church-Marketing-S-300x225.gif\" alt=\"\" width=\"456\" height=\"342\" \/><\/p>\n<p>A Diretoria de Rela\u00e7\u00f5es Internacionais e Interinstitucionais &#8211; DIRI da Universidade do Estado do Rio Grande do Norte, \u00f3rg\u00e3o vinculado \u00e0 Reitoria, respons\u00e1vel pelo planejamento, execu\u00e7\u00e3o e avalia\u00e7\u00e3o da pol\u00edtica institucional de internacionaliza\u00e7\u00e3o da UERN, tem como fun\u00e7\u00e3o promover a inser\u00e7\u00e3o internacional da IES, em conson\u00e2ncia com as diretrizes estabelecidas em seu Plano de Desenvolvimento Institucional \u2013 PDI.<\/p>\n<p>Nessa perspectiva, tem como objetivos:<\/p>\n<ul>\n<li>fortalecer e ampliar parcerias com centros de refer\u00eancia internacionais;<\/li>\n<li>estimular e assessorar a\u00e7\u00f5es que possam ampliar a visibilidade da UERN no cen\u00e1rio internacional.<\/li>\n<li>incentivar a mobilidade acad\u00eamica \u2013 nacional e internacionalmente \u2013 de docentes, t\u00e9cnicos e discentes dos cursos de gradua\u00e7\u00e3o e p\u00f3s-gradua\u00e7\u00e3o;<\/li>\n<li>promover a divulga\u00e7\u00e3o da produ\u00e7\u00e3o cient\u00edfica, tecnol\u00f3gica, cultural e acad\u00eamica da universidade no exterior.<\/li>\n<\/ul>\n<p>&nbsp;<\/p>\n<p>S\u00e3o atribui\u00e7\u00f5es da Diretoria de Rela\u00e7\u00f5es Internacionais e Interinstitucionais:<\/p>\n<ul>\n<li>propor, implementar, e fomentar atividades de coopera\u00e7\u00e3o internacional na UERN, em conson\u00e2ncia com as necessidades e orienta\u00e7\u00f5es dos conselhos superiores;<\/li>\n<li>fornecer informa\u00e7\u00f5es atualizadas acerca de programas de educa\u00e7\u00e3o e mobilidade para toda a comunidade acad\u00eamica;<\/li>\n<li>orientar os interessados em realizar atividades de mobilidade acad\u00eamica, tanto no \u00e2mbito nacional quanto internacional, assim como estrangeiros interessados em realizar mobilidade na UERN;<\/li>\n<li>discutir, planejar, orientar, promover e coordenar programas, projetos e atividades internacionais como a\u00e7\u00f5es da UERN;<\/li>\n<li>elaborar minutas de conv\u00eanios e acordos de coopera\u00e7\u00e3o e adequ\u00e1-los \u00e0s pol\u00edticas de coopera\u00e7\u00e3o da UERN e das institui\u00e7\u00f5es envolvidas;<\/li>\n<li>promover por meio de material impresso e eletr\u00f4nico, a divulga\u00e7\u00e3o das atividades desenvolvidas pela UERN em decorr\u00eancia de parcerias com outras IES brasileiras e internacionais;<\/li>\n<li>organizar e alimentar p\u00e1gina eletr\u00f4nica com informa\u00e7\u00f5es acerca de conv\u00eanios, acordos de coopera\u00e7\u00e3o e oportunidades de bolsas;<\/li>\n<li>representar a UERN em eventos que tenham como objetivo promover parcerias interinstitucionais e internacionais;<\/li>\n<li>assessorar a reitoria, pr\u00f3-reitorias e unidades acad\u00eamicas em assuntos referentes \u00e0 coopera\u00e7\u00e3o internacional.<\/li>\n<\/ul>\n<p>&nbsp;<\/p>\n<p>Tr\u00eas importantes pilares sustentam a elabora\u00e7\u00e3o de propostas e planejamento, na perspectiva de constru\u00e7\u00e3o e aprimoramento das a\u00e7\u00f5es e estrat\u00e9gias realizadas pela DIRI para o pleno desenvolvimento da internacionaliza\u00e7\u00e3o na UERN: a miss\u00e3o, a vis\u00e3o e a voca\u00e7\u00e3o.<\/p>\n<p><strong>Miss\u00e3o<\/strong><\/p>\n<p>Preparar e qualificar seu corpo docente, discente, t\u00e9cnico-administrativo e pesquisadores para uma sociedade multicultural, contribuindo para que todos tenham condi\u00e7\u00f5es de interagir em um mundo globalizado, assumindo uma identidade coletiva que ultrapasse as diferen\u00e7as individuais.<\/p>\n<p><strong>Vis\u00e3o<\/strong><\/p>\n<p>Tornar-se refer\u00eancia na promo\u00e7\u00e3o do desenvolvimento de habilidades e compet\u00eancias interculturais e internacionais de ensino, aprendizagem e trabalho, o qual traga benef\u00edcios para o processo democr\u00e1tico de uma forma\u00e7\u00e3o hol\u00edstica do sujeito.<\/p>\n<p><strong>Voca\u00e7\u00e3o<\/strong><\/p>\n<p>Formar cidad\u00e3os globalizados, com autonomia e consci\u00eancia de sua cidadania, que respeitem as diversidades culturais e possam contribuir com o desenvolvimento sustent\u00e1vel, com a inclus\u00e3o e com as pluralidades existentes numa universidade p\u00fablica, inclusiva e socialmente referenciada.<\/p>\n<p>&nbsp;<\/p>\n","protected":false},"excerpt":{"rendered":"<p>A Diretoria de Rela\u00e7\u00f5es Internacionais e Interinstitucionais &#8211; DIRI da Universidade do Estado do Rio Grande do Norte, \u00f3rg\u00e3o vinculado \u00e0 Reitoria, respons\u00e1vel pelo planejamento, execu\u00e7\u00e3o e avalia\u00e7\u00e3o da pol\u00edtica institucional de internacionaliza\u00e7\u00e3o da UERN, tem como fun\u00e7\u00e3o promover a inser\u00e7\u00e3o internacional da IES, em conson\u00e2ncia com as diretrizes estabelecidas em seu Plano de Desenvolvimento [&hellip;]<\/p>\n","protected":false},"author":21,"featured_media":0,"parent":0,"menu_order":0,"comment_status":"closed","ping_status":"closed","template":"","meta":[],"_links":{"self":[{"href":"https:\/\/portal.uern.br\/diri\/wp-json\/wp\/v2\/pages\/262"}],"collection":[{"href":"https:\/\/portal.uern.br\/diri\/wp-json\/wp\/v2\/pages"}],"about":[{"href":"https:\/\/portal.uern.br\/diri\/wp-json\/wp\/v2\/types\/page"}],"author":[{"embeddable":true,"href":"https:\/\/portal.uern.br\/diri\/wp-json\/wp\/v2\/users\/21"}],"replies":[{"embeddable":true,"href":"https:\/\/portal.uern.br\/diri\/wp-json\/wp\/v2\/comments?post=262"}],"version-history":[{"count":16,"href":"https:\/\/portal.uern.br\/diri\/wp-json\/wp\/v2\/pages\/262\/revisions"}],"predecessor-version":[{"id":932,"href":"https:\/\/portal.uern.br\/diri\/wp-json\/wp\/v2\/pages\/262\/revisions\/932"}],"wp:attachment":[{"href":"https:\/\/portal.uern.br\/diri\/wp-json\/wp\/v2\/media?parent=262"}],"curies":[{"name":"wp","href":"https:\/\/api.w.org\/{rel}","templated":true}]}}