{"id":35606,"date":"2026-01-26T16:11:53","date_gmt":"2026-01-26T19:11:53","guid":{"rendered":"https:\/\/portal.uern.br\/digah\/?page_id=35606"},"modified":"2026-01-26T16:11:57","modified_gmt":"2026-01-26T19:11:57","slug":"novas-residencias","status":"publish","type":"page","link":"https:\/\/portal.uern.br\/digah\/novas-residencias\/","title":{"rendered":"Novas Resid\u00eancias"},"content":{"rendered":"<ul>\n<li>\n<h5><strong>Resid\u00eancia em Enfermagem Obst\u00e9trica<\/strong><\/h5>\n<\/li>\n<\/ul>\n<p><span style=\"font-weight: 400\">A implanta\u00e7\u00e3o da Resid\u00eancia em Enfermagem Obst\u00e9trica no ano de 2026 no Hospital Regional da Mulher Parteira Maria Correia (HRMPMC), representa um avan\u00e7o estrat\u00e9gico para a rede de aten\u00e7\u00e3o \u00e0 sa\u00fade da mulher no estado. Essa iniciativa fortalece a forma\u00e7\u00e3o de profissionais qualificados, promove a integra\u00e7\u00e3o ensino-servi\u00e7o e contribui diretamente para a melhoria dos indicadores de sa\u00fade materno-infantil, al\u00e9m de consolidar o hospital como refer\u00eancia regional na aten\u00e7\u00e3o obst\u00e9trica humanizada.<\/span><\/p>\n<p><span style=\"font-weight: 400\">Al\u00e9m disso, a implementa\u00e7\u00e3o da resid\u00eancia configura-se como um importante marco no fortalecimento das pol\u00edticas p\u00fablicas de sa\u00fade, ao contribuir para a amplia\u00e7\u00e3o da oferta de servi\u00e7os especializados e para a qualifica\u00e7\u00e3o da assist\u00eancia prestada \u00e0s pessoas gestantes nos per\u00edodos de pr\u00e9-natal, parto e puerp\u00e9rio. O programa tem como princ\u00edpios norteadores a promo\u00e7\u00e3o de um cuidado humanizado, seguro e baseado em evid\u00eancias cient\u00edficas, com \u00eanfase na autonomia das usu\u00e1rias e na garantia de seus direitos.<\/span><\/p>\n<hr \/>\n<ul>\n<li>\n<h5><strong>Resid\u00eancia em Direitos Sexuais e Reprodutivos<\/strong><\/h5>\n<\/li>\n<\/ul>\n<p><span style=\"font-weight: 400\">A Resid\u00eancia em Direitos Sexuais e Reprodutivos, de car\u00e1ter inovador e pioneiro na regi\u00e3o, tem como objetivo qualificar profissionais para a atua\u00e7\u00e3o no cuidado integral \u00e0 sa\u00fade sexual e reprodutiva dos usu\u00e1rios dos servi\u00e7os ofertados pelo Sistema \u00danico de Sa\u00fade (SUS). O programa contribui para o fortalecimento da interdisciplinaridade e para a forma\u00e7\u00e3o cr\u00edtica e \u00e9tica dos profissionais, com foco na promo\u00e7\u00e3o da equidade, da justi\u00e7a social e da garantia de direitos.<\/span><\/p>\n<p><span style=\"font-weight: 400\">A implementa\u00e7\u00e3o dessa nova resid\u00eancia no Hospital Regional da Mulher Parteira Maria Correia (HRMPMC) representa um marco institucional de grande relev\u00e2ncia, ao posicionar o hospital como refer\u00eancia regional na defesa e promo\u00e7\u00e3o dos direitos sexuais e reprodutivos. O pioneirismo da iniciativa amplia o escopo das a\u00e7\u00f5es desenvolvidas pela institui\u00e7\u00e3o, qualifica o cuidado ofertado \u00e0 popula\u00e7\u00e3o e contribui para a consolida\u00e7\u00e3o de um modelo de aten\u00e7\u00e3o que valoriza a integralidade, o respeito \u00e0 diversidade e o fortalecimento das pol\u00edticas p\u00fablicas voltadas \u00e0 sa\u00fade da mulher e de grupos em situa\u00e7\u00e3o de vulnerabilidade.<\/span><\/p>\n","protected":false},"excerpt":{"rendered":"<p>Resid\u00eancia em Enfermagem Obst\u00e9trica A implanta\u00e7\u00e3o da Resid\u00eancia em Enfermagem Obst\u00e9trica no ano de 2026 no Hospital Regional da Mulher Parteira Maria Correia (HRMPMC), representa um avan\u00e7o estrat\u00e9gico para a rede de aten\u00e7\u00e3o \u00e0 sa\u00fade da mulher no estado. Essa iniciativa fortalece a forma\u00e7\u00e3o de profissionais qualificados, promove a integra\u00e7\u00e3o ensino-servi\u00e7o e contribui diretamente para [&hellip;]<\/p>\n","protected":false},"author":56,"featured_media":0,"parent":0,"menu_order":0,"comment_status":"closed","ping_status":"closed","template":"","meta":[],"_links":{"self":[{"href":"https:\/\/portal.uern.br\/digah\/wp-json\/wp\/v2\/pages\/35606"}],"collection":[{"href":"https:\/\/portal.uern.br\/digah\/wp-json\/wp\/v2\/pages"}],"about":[{"href":"https:\/\/portal.uern.br\/digah\/wp-json\/wp\/v2\/types\/page"}],"author":[{"embeddable":true,"href":"https:\/\/portal.uern.br\/digah\/wp-json\/wp\/v2\/users\/56"}],"replies":[{"embeddable":true,"href":"https:\/\/portal.uern.br\/digah\/wp-json\/wp\/v2\/comments?post=35606"}],"version-history":[{"count":1,"href":"https:\/\/portal.uern.br\/digah\/wp-json\/wp\/v2\/pages\/35606\/revisions"}],"predecessor-version":[{"id":35607,"href":"https:\/\/portal.uern.br\/digah\/wp-json\/wp\/v2\/pages\/35606\/revisions\/35607"}],"wp:attachment":[{"href":"https:\/\/portal.uern.br\/digah\/wp-json\/wp\/v2\/media?parent=35606"}],"curies":[{"name":"wp","href":"https:\/\/api.w.org\/{rel}","templated":true}]}}