{"id":35604,"date":"2026-01-26T15:36:04","date_gmt":"2026-01-26T18:36:04","guid":{"rendered":"https:\/\/portal.uern.br\/digah\/?page_id=35604"},"modified":"2026-01-26T15:46:10","modified_gmt":"2026-01-26T18:46:10","slug":"residencias-vinculadas","status":"publish","type":"page","link":"https:\/\/portal.uern.br\/digah\/residencias-vinculadas\/","title":{"rendered":"Resid\u00eancias vinculadas"},"content":{"rendered":"<ul>\n<li>\n<h5><strong>Programa de Resid\u00eancia M\u00e9dica em Ginecologia e Obstetr\u00edcia<\/strong><\/h5>\n<\/li>\n<\/ul>\n<p><span style=\"font-weight: 400\">A Resid\u00eancia M\u00e9dica em Ginecologia e Obstetr\u00edcia da Universidade do Estado do Rio Grande do Norte (UERN), desenvolvida em parceria com as Prefeituras de Mossor\u00f3 e Pau dos Ferros, constitui-se como um importante programa de forma\u00e7\u00e3o especializada na \u00e1rea da sa\u00fade da mulher. A sele\u00e7\u00e3o dos residentes \u00e9 coordenada pela Comiss\u00e3o de Resid\u00eancia M\u00e9dica (COREME) e executada pela FUNCITERN.\u00a0<\/span><\/p>\n<p><span style=\"font-weight: 400\">Atualmente, o programa conta com 11 residentes em atua\u00e7\u00e3o no Hospital Regional da Mulher Parteira Maria Correia (HRMPMC), os quais desenvolvem atividades assistenciais supervisionadas, contribuindo para o fortalecimento da assist\u00eancia obst\u00e9trica e ginecol\u00f3gica e para a consolida\u00e7\u00e3o do hospital como campo de ensino e forma\u00e7\u00e3o profissional.<\/span><\/p>\n<hr \/>\n<ul>\n<li>\n<h5><strong>Resid\u00eancia M\u00e9dica em Medicina de Fam\u00edlia e Comunidade<\/strong><\/h5>\n<\/li>\n<\/ul>\n<p><span style=\"font-weight: 400\">A Resid\u00eancia M\u00e9dica em Medicina de Fam\u00edlia e Comunidade da Universidade do Estado do Rio Grande do Norte (UERN) constitui um eixo estrat\u00e9gico para a forma\u00e7\u00e3o de profissionais capacitados a atuar de forma integral, resolutiva e humanizada no SUS, favorecendo a integra\u00e7\u00e3o ensino-servi\u00e7o, o trabalho em equipe multiprofissional, a constru\u00e7\u00e3o coletiva do cuidado e a compreens\u00e3o ampliada dos determinantes sociais da sa\u00fade.<\/span><\/p>\n<p><span style=\"font-weight: 400\">Atualmente, o programa inclui 12 residentes, tendo o Hospital Regional da Mulher Parteira Maria Correia (HRMPMC) como um cen\u00e1rio de pr\u00e1tica privilegiado para o desenvolvimento das atividades formativas, ao oferecer uma estrutura assistencial qualificada, diversidade de demandas cl\u00ednicas e um ambiente multiprofissional que favorece a articula\u00e7\u00e3o entre teoria e pr\u00e1tica<\/span><b>.<\/b><\/p>\n<hr \/>\n<ul>\n<li>\n<h5><strong>Resid\u00eancia Multiprofissional em Aten\u00e7\u00e3o B\u00e1sica\/Sa\u00fade da Fam\u00edlia e Comunidade<\/strong><\/h5>\n<\/li>\n<\/ul>\n<p><span style=\"font-weight: 400\">O Hospital Regional da Mulher Parteira Maria Correia (HRMPMC) sedia a Resid\u00eancia Multiprofissional em Aten\u00e7\u00e3o B\u00e1sica\/Sa\u00fade da Fam\u00edlia e Comunidade, ofertada pela Faculdade de Enfermagem (FAEN) da Universidade do Estado do Rio Grande do Norte (UERN). O programa constitui-se como um importante espa\u00e7o de forma\u00e7\u00e3o em servi\u00e7o, voltado \u00e0 qualifica\u00e7\u00e3o de profissionais para atua\u00e7\u00e3o no \u00e2mbito do Sistema \u00danico de Sa\u00fade (SUS), com \u00eanfase no cuidado integral, interdisciplinar e humanizado.<\/span><\/p>\n<p><span style=\"font-weight: 400\">Atualmente, o HRMPMC conta com tr\u00eas residentes do programa, que t\u00eam a institui\u00e7\u00e3o hospitalar como um de seus principais campos de atua\u00e7\u00e3o e forma\u00e7\u00e3o profissional, desenvolvendo atividades pr\u00e1ticas supervisionadas e articuladas \u00e0s a\u00e7\u00f5es assistenciais e educativas. <\/span><span style=\"font-weight: 400\">A inser\u00e7\u00e3o desses profissionais em forma\u00e7\u00e3o favorece tanto o fortalecimento das pr\u00e1ticas de cuidado quanto a consolida\u00e7\u00e3o do hospital como um cen\u00e1rio estrat\u00e9gico de ensino, aprendizagem e educa\u00e7\u00e3o permanente em sa\u00fade, promovendo a integra\u00e7\u00e3o entre teoria e pr\u00e1tica e o aprimoramento cont\u00ednuo das equipes.<\/span><\/p>\n<p>&nbsp;<\/p>\n","protected":false},"excerpt":{"rendered":"<p>Programa de Resid\u00eancia M\u00e9dica em Ginecologia e Obstetr\u00edcia A Resid\u00eancia M\u00e9dica em Ginecologia e Obstetr\u00edcia da Universidade do Estado do Rio Grande do Norte (UERN), desenvolvida em parceria com as Prefeituras de Mossor\u00f3 e Pau dos Ferros, constitui-se como um importante programa de forma\u00e7\u00e3o especializada na \u00e1rea da sa\u00fade da mulher. A sele\u00e7\u00e3o dos residentes [&hellip;]<\/p>\n","protected":false},"author":56,"featured_media":0,"parent":0,"menu_order":0,"comment_status":"closed","ping_status":"closed","template":"","meta":[],"_links":{"self":[{"href":"https:\/\/portal.uern.br\/digah\/wp-json\/wp\/v2\/pages\/35604"}],"collection":[{"href":"https:\/\/portal.uern.br\/digah\/wp-json\/wp\/v2\/pages"}],"about":[{"href":"https:\/\/portal.uern.br\/digah\/wp-json\/wp\/v2\/types\/page"}],"author":[{"embeddable":true,"href":"https:\/\/portal.uern.br\/digah\/wp-json\/wp\/v2\/users\/56"}],"replies":[{"embeddable":true,"href":"https:\/\/portal.uern.br\/digah\/wp-json\/wp\/v2\/comments?post=35604"}],"version-history":[{"count":1,"href":"https:\/\/portal.uern.br\/digah\/wp-json\/wp\/v2\/pages\/35604\/revisions"}],"predecessor-version":[{"id":35605,"href":"https:\/\/portal.uern.br\/digah\/wp-json\/wp\/v2\/pages\/35604\/revisions\/35605"}],"wp:attachment":[{"href":"https:\/\/portal.uern.br\/digah\/wp-json\/wp\/v2\/media?parent=35604"}],"curies":[{"name":"wp","href":"https:\/\/api.w.org\/{rel}","templated":true}]}}