{"id":35596,"date":"2026-01-21T14:49:19","date_gmt":"2026-01-21T17:49:19","guid":{"rendered":"https:\/\/portal.uern.br\/digah\/?page_id=35596"},"modified":"2026-01-26T16:19:32","modified_gmt":"2026-01-26T19:19:32","slug":"2025-2","status":"publish","type":"page","link":"https:\/\/portal.uern.br\/digah\/projetos-de-extensao-vinculados\/2025-2\/","title":{"rendered":"2025"},"content":{"rendered":"<ul>\n<li>\n<h5><b>Pet Sa\u00fade Equidade<\/b><\/h5>\n<\/li>\n<\/ul>\n<p>O Programa PET-Sa\u00fade Equidade, desenvolvido a partir da parceria entre a Universidade do Estado do Rio Grande do Norte (UERN), a Universidade Federal Rural do Semi-\u00c1rido (UFERSA), o Centro Universit\u00e1rio Cat\u00f3lica do Rio Grande do Norte (UniCat\u00f3lica) e a Secretaria Municipal de Sa\u00fade de Mossor\u00f3, atuou no Hospital Regional da Mulher Parteira Maria Correia (HRMPMC) por meio de a\u00e7\u00f5es voltadas \u00e0 integra\u00e7\u00e3o entre ensino, servi\u00e7o e comunidade, configurando-se como uma estrat\u00e9gia relevante para o fortalecimento das pr\u00e1ticas de equidade e inclus\u00e3o no \u00e2mbito da assist\u00eancia em sa\u00fade.<\/p>\n<p>O PET-Sa\u00fade promoveu a\u00e7\u00f5es assistenciais e educativas, por meio de rodas de conversa e atividades de educa\u00e7\u00e3o em sa\u00fade, com foco no fortalecimento do v\u00ednculo materno-infantil e na promo\u00e7\u00e3o do cuidado integral, al\u00e9m de realizar coleta e sistematiza\u00e7\u00e3o de dados no Ambulat\u00f3rio TT (Trans e Travesti). Do ponto de vista formativo e institucional, o PET-Sa\u00fade Equidade contribuiu para o desenvolvimento de compet\u00eancias \u00e9ticas, sociais e profissionais dos discentes, ao mesmo tempo em que fortaleceu a educa\u00e7\u00e3o permanente das equipes do hospital. Dessa forma, a iniciativa consolidou o HRMPMC como espa\u00e7o estrat\u00e9gico para a implementa\u00e7\u00e3o de pr\u00e1ticas inclusivas, interdisciplinares e orientadas pelos princ\u00edpios da equidade, da integralidade e da humaniza\u00e7\u00e3o no Sistema \u00danico de Sa\u00fade (SUS).<\/p>\n","protected":false},"excerpt":{"rendered":"<p>Pet Sa\u00fade Equidade O Programa PET-Sa\u00fade Equidade, desenvolvido a partir da parceria entre a Universidade do Estado do Rio Grande do Norte (UERN), a Universidade Federal Rural do Semi-\u00c1rido (UFERSA), o Centro Universit\u00e1rio Cat\u00f3lica do Rio Grande do Norte (UniCat\u00f3lica) e a Secretaria Municipal de Sa\u00fade de Mossor\u00f3, atuou no Hospital Regional da Mulher Parteira [&hellip;]<\/p>\n","protected":false},"author":56,"featured_media":0,"parent":35526,"menu_order":2,"comment_status":"closed","ping_status":"closed","template":"","meta":[],"_links":{"self":[{"href":"https:\/\/portal.uern.br\/digah\/wp-json\/wp\/v2\/pages\/35596"}],"collection":[{"href":"https:\/\/portal.uern.br\/digah\/wp-json\/wp\/v2\/pages"}],"about":[{"href":"https:\/\/portal.uern.br\/digah\/wp-json\/wp\/v2\/types\/page"}],"author":[{"embeddable":true,"href":"https:\/\/portal.uern.br\/digah\/wp-json\/wp\/v2\/users\/56"}],"replies":[{"embeddable":true,"href":"https:\/\/portal.uern.br\/digah\/wp-json\/wp\/v2\/comments?post=35596"}],"version-history":[{"count":3,"href":"https:\/\/portal.uern.br\/digah\/wp-json\/wp\/v2\/pages\/35596\/revisions"}],"predecessor-version":[{"id":35613,"href":"https:\/\/portal.uern.br\/digah\/wp-json\/wp\/v2\/pages\/35596\/revisions\/35613"}],"up":[{"embeddable":true,"href":"https:\/\/portal.uern.br\/digah\/wp-json\/wp\/v2\/pages\/35526"}],"wp:attachment":[{"href":"https:\/\/portal.uern.br\/digah\/wp-json\/wp\/v2\/media?parent=35596"}],"curies":[{"name":"wp","href":"https:\/\/api.w.org\/{rel}","templated":true}]}}