{"id":35526,"date":"2024-04-19T09:04:36","date_gmt":"2024-04-19T12:04:36","guid":{"rendered":"https:\/\/portal.uern.br\/digah\/?page_id=35526"},"modified":"2026-01-21T14:54:52","modified_gmt":"2026-01-21T17:54:52","slug":"projetos-de-extensao-vinculados","status":"publish","type":"page","link":"https:\/\/portal.uern.br\/digah\/projetos-de-extensao-vinculados\/","title":{"rendered":"Projetos de Extens\u00e3o vinculados"},"content":{"rendered":"<p><span style=\"font-weight: 400\">Os projetos de extens\u00e3o representam um importante elo entre o Hospital Regional da Mulher Parteira Maria Correia, a universidade e a comunidade, promovendo a integra\u00e7\u00e3o entre ensino, pesquisa e assist\u00eancia em sa\u00fade. No contexto hospitalar do HRMPMC, essas a\u00e7\u00f5es contribuem diretamente para a qualifica\u00e7\u00e3o do cuidado, ao possibilitar a aplica\u00e7\u00e3o pr\u00e1tica do conhecimento cient\u00edfico, o desenvolvimento de habilidades profissionais e a atualiza\u00e7\u00e3o constante das equipes envolvidas.<\/span><\/p>\n<p><span style=\"font-weight: 400\">Al\u00e9m de fortalecer a forma\u00e7\u00e3o acad\u00eamica e profissional dos estudantes, os projetos de extens\u00e3o ampliam o acesso da popula\u00e7\u00e3o a a\u00e7\u00f5es educativas, preventivas e assistenciais, favorecendo a humaniza\u00e7\u00e3o do atendimento e a promo\u00e7\u00e3o da sa\u00fade. Para o hospital, essas iniciativas resultam em inova\u00e7\u00e3o nos processos de trabalho, fortalecimento institucional e aprimoramento da qualidade dos servi\u00e7os ofertados.<\/span><\/p>\n","protected":false},"excerpt":{"rendered":"<p>Os projetos de extens\u00e3o representam um importante elo entre o Hospital Regional da Mulher Parteira Maria Correia, a universidade e a comunidade, promovendo a integra\u00e7\u00e3o entre ensino, pesquisa e assist\u00eancia em sa\u00fade. No contexto hospitalar do HRMPMC, essas a\u00e7\u00f5es contribuem diretamente para a qualifica\u00e7\u00e3o do cuidado, ao possibilitar a aplica\u00e7\u00e3o pr\u00e1tica do conhecimento cient\u00edfico, o [&hellip;]<\/p>\n","protected":false},"author":1,"featured_media":0,"parent":0,"menu_order":0,"comment_status":"closed","ping_status":"closed","template":"","meta":[],"_links":{"self":[{"href":"https:\/\/portal.uern.br\/digah\/wp-json\/wp\/v2\/pages\/35526"}],"collection":[{"href":"https:\/\/portal.uern.br\/digah\/wp-json\/wp\/v2\/pages"}],"about":[{"href":"https:\/\/portal.uern.br\/digah\/wp-json\/wp\/v2\/types\/page"}],"author":[{"embeddable":true,"href":"https:\/\/portal.uern.br\/digah\/wp-json\/wp\/v2\/users\/1"}],"replies":[{"embeddable":true,"href":"https:\/\/portal.uern.br\/digah\/wp-json\/wp\/v2\/comments?post=35526"}],"version-history":[{"count":3,"href":"https:\/\/portal.uern.br\/digah\/wp-json\/wp\/v2\/pages\/35526\/revisions"}],"predecessor-version":[{"id":35600,"href":"https:\/\/portal.uern.br\/digah\/wp-json\/wp\/v2\/pages\/35526\/revisions\/35600"}],"wp:attachment":[{"href":"https:\/\/portal.uern.br\/digah\/wp-json\/wp\/v2\/media?parent=35526"}],"curies":[{"name":"wp","href":"https:\/\/api.w.org\/{rel}","templated":true}]}}