{"id":35518,"date":"2024-04-19T09:03:18","date_gmt":"2024-04-19T12:03:18","guid":{"rendered":"https:\/\/portal.uern.br\/digah\/?page_id=35518"},"modified":"2026-01-08T08:59:12","modified_gmt":"2026-01-08T11:59:12","slug":"contato","status":"publish","type":"page","link":"https:\/\/portal.uern.br\/digah\/contato\/","title":{"rendered":"Contato"},"content":{"rendered":"<p><span style=\"font-weight: 400\">Entre em contato conosco para saber mais sobre nossas atividades ou esclarecer suas d\u00favidas. Estamos \u00e0 disposi\u00e7\u00e3o!<\/span><\/p>\n<p><span style=\"font-weight: 400\">E-mail: <\/span><a href=\"mailto:digah@uern.br\"><span style=\"font-weight: 400\">digah@uern.br<\/span><\/a><\/p>\n<p><span style=\"font-weight: 400\">Endere\u00e7o: Avenida Professor Ant\u00f4nio Campos, 1000 \u2013 Bairro Presidente Costa e Silva. <\/span><\/p>\n<p><span style=\"font-weight: 400\">Mossor\u00f3 \u2013 RN, CEP 59625-620.<\/span><\/p>\n","protected":false},"excerpt":{"rendered":"<p>Entre em contato conosco para saber mais sobre nossas atividades ou esclarecer suas d\u00favidas. Estamos \u00e0 disposi\u00e7\u00e3o! E-mail: digah@uern.br Endere\u00e7o: Avenida Professor Ant\u00f4nio Campos, 1000 \u2013 Bairro Presidente Costa e Silva. Mossor\u00f3 \u2013 RN, CEP 59625-620.<\/p>\n","protected":false},"author":1,"featured_media":0,"parent":0,"menu_order":0,"comment_status":"closed","ping_status":"closed","template":"","meta":[],"_links":{"self":[{"href":"https:\/\/portal.uern.br\/digah\/wp-json\/wp\/v2\/pages\/35518"}],"collection":[{"href":"https:\/\/portal.uern.br\/digah\/wp-json\/wp\/v2\/pages"}],"about":[{"href":"https:\/\/portal.uern.br\/digah\/wp-json\/wp\/v2\/types\/page"}],"author":[{"embeddable":true,"href":"https:\/\/portal.uern.br\/digah\/wp-json\/wp\/v2\/users\/1"}],"replies":[{"embeddable":true,"href":"https:\/\/portal.uern.br\/digah\/wp-json\/wp\/v2\/comments?post=35518"}],"version-history":[{"count":3,"href":"https:\/\/portal.uern.br\/digah\/wp-json\/wp\/v2\/pages\/35518\/revisions"}],"predecessor-version":[{"id":35557,"href":"https:\/\/portal.uern.br\/digah\/wp-json\/wp\/v2\/pages\/35518\/revisions\/35557"}],"wp:attachment":[{"href":"https:\/\/portal.uern.br\/digah\/wp-json\/wp\/v2\/media?parent=35518"}],"curies":[{"name":"wp","href":"https:\/\/api.w.org\/{rel}","templated":true}]}}