{"id":35162,"date":"2022-12-06T09:56:47","date_gmt":"2022-12-06T12:56:47","guid":{"rendered":"http:\/\/beta.apps.uern.br\/wordpress\/dice\/?page_id=35162"},"modified":"2025-07-09T15:28:44","modified_gmt":"2025-07-09T18:28:44","slug":"divulgacoes","status":"publish","type":"page","link":"https:\/\/portal.uern.br\/dice\/divulgacoes\/","title":{"rendered":"Divulga\u00e7\u00f5es"},"content":{"rendered":"<p>Calend\u00e1rio da Solenidade de Cola\u00e7\u00e3o de Grau<\/p>\n<p><a href=\"https:\/\/portal.uern.br\/dice\/wp-content\/uploads\/sites\/15\/2025\/07\/CALENDARIO_DAS_SOLENIDADES_DE_COLACAO_DE_GRAU__2025.1.pdf\">2025.1<\/a><\/p>\n","protected":false},"excerpt":{"rendered":"<p>Calend\u00e1rio da Solenidade de Cola\u00e7\u00e3o de Grau 2025.1<\/p>\n","protected":false},"author":1,"featured_media":0,"parent":0,"menu_order":0,"comment_status":"closed","ping_status":"closed","template":"","meta":[],"_links":{"self":[{"href":"https:\/\/portal.uern.br\/dice\/wp-json\/wp\/v2\/pages\/35162"}],"collection":[{"href":"https:\/\/portal.uern.br\/dice\/wp-json\/wp\/v2\/pages"}],"about":[{"href":"https:\/\/portal.uern.br\/dice\/wp-json\/wp\/v2\/types\/page"}],"author":[{"embeddable":true,"href":"https:\/\/portal.uern.br\/dice\/wp-json\/wp\/v2\/users\/1"}],"replies":[{"embeddable":true,"href":"https:\/\/portal.uern.br\/dice\/wp-json\/wp\/v2\/comments?post=35162"}],"version-history":[{"count":6,"href":"https:\/\/portal.uern.br\/dice\/wp-json\/wp\/v2\/pages\/35162\/revisions"}],"predecessor-version":[{"id":35617,"href":"https:\/\/portal.uern.br\/dice\/wp-json\/wp\/v2\/pages\/35162\/revisions\/35617"}],"wp:attachment":[{"href":"https:\/\/portal.uern.br\/dice\/wp-json\/wp\/v2\/media?parent=35162"}],"curies":[{"name":"wp","href":"https:\/\/api.w.org\/{rel}","templated":true}]}}