{"id":35155,"date":"2022-12-06T09:56:00","date_gmt":"2022-12-06T12:56:00","guid":{"rendered":"http:\/\/beta.apps.uern.br\/wordpress\/dice\/?page_id=35155"},"modified":"2025-06-26T14:50:31","modified_gmt":"2025-06-26T17:50:31","slug":"legislacao","status":"publish","type":"page","link":"https:\/\/portal.uern.br\/dice\/legislacao\/","title":{"rendered":"Legisla\u00e7\u00e3o"},"content":{"rendered":"<h4><strong>RESOLU\u00c7\u00d5ES<\/strong><\/h4>\n<p><a href=\"https:\/\/portal.uern.br\/dice\/wp-content\/uploads\/sites\/15\/2022\/12\/4506resolua\u00a7ao_026_2006_consuni_aprova_o_regulamento_do_cerimonial_de_colaa\u00a7ao_de_grau_da_uern1.pdf\"><strong>Resolu\u00e7\u00e3o n\u00ba 26\/2006 &#8211; CONSUNI<\/strong><\/a><br \/>\nAprova o Regulamento do Cerimonial de Cola\u00e7\u00e3o de Grau da Universidade do Estado do Rio Grande do Norte.<\/p>\n<p><a href=\"https:\/\/portal.uern.br\/dice\/wp-content\/uploads\/sites\/15\/2022\/12\/4506resolua\u00a7ao_026_2006_consuni_anexo_i1.pdf\">Anexo I<\/a><br \/>\nRegulamento do Cerimonial de Cola\u00e7\u00e3o de Grau da Universidade do Estado do Rio Grande do Norte.<\/p>\n<p><a href=\"https:\/\/portal.uern.br\/dice\/wp-content\/uploads\/sites\/15\/2022\/12\/4506resolua\u00a7ao_026_2006_consuni_anexo_i1.pdf\">Anexo II<\/a><br \/>\nIndica as cores dos cursos para as cerim\u00f4nias de cola\u00e7\u00e3o de grau da Universidade do Estado do Rio Grande do Norte.<br \/>\n(Faixas e Pingentes dos Capelos para os concluintes e Mur\u00e7a para a Congrega\u00e7\u00e3o).<\/p>\n<p><a href=\"https:\/\/portal.uern.br\/dice\/wp-content\/uploads\/sites\/15\/2025\/06\/SEI_18903894_UERN___Resolucao_9.pdf\">Resolu\u00e7\u00e3o n\u00ba 09\/2023 &#8211; CONSEPE<\/a><br \/>\nAltera a reda\u00e7\u00e3o do \u00a7 3\u00ba, II, do art. 158 do Regulamento dos Cursos de Gradua\u00e7\u00e3o da Uern, e insere os \u00a7\u00a7 4\u00ba, 5\u00b0 e 6\u00ba no mesmo artigo.<\/p>\n<p>&nbsp;<\/p>\n","protected":false},"excerpt":{"rendered":"<p>RESOLU\u00c7\u00d5ES Resolu\u00e7\u00e3o n\u00ba 26\/2006 &#8211; CONSUNI Aprova o Regulamento do Cerimonial de Cola\u00e7\u00e3o de Grau da Universidade do Estado do Rio Grande do Norte. Anexo I Regulamento do Cerimonial de Cola\u00e7\u00e3o de Grau da Universidade do Estado do Rio Grande do Norte. Anexo II Indica as cores dos cursos para as cerim\u00f4nias de cola\u00e7\u00e3o de [&hellip;]<\/p>\n","protected":false},"author":1,"featured_media":0,"parent":0,"menu_order":0,"comment_status":"closed","ping_status":"closed","template":"","meta":[],"_links":{"self":[{"href":"https:\/\/portal.uern.br\/dice\/wp-json\/wp\/v2\/pages\/35155"}],"collection":[{"href":"https:\/\/portal.uern.br\/dice\/wp-json\/wp\/v2\/pages"}],"about":[{"href":"https:\/\/portal.uern.br\/dice\/wp-json\/wp\/v2\/types\/page"}],"author":[{"embeddable":true,"href":"https:\/\/portal.uern.br\/dice\/wp-json\/wp\/v2\/users\/1"}],"replies":[{"embeddable":true,"href":"https:\/\/portal.uern.br\/dice\/wp-json\/wp\/v2\/comments?post=35155"}],"version-history":[{"count":4,"href":"https:\/\/portal.uern.br\/dice\/wp-json\/wp\/v2\/pages\/35155\/revisions"}],"predecessor-version":[{"id":35606,"href":"https:\/\/portal.uern.br\/dice\/wp-json\/wp\/v2\/pages\/35155\/revisions\/35606"}],"wp:attachment":[{"href":"https:\/\/portal.uern.br\/dice\/wp-json\/wp\/v2\/media?parent=35155"}],"curies":[{"name":"wp","href":"https:\/\/api.w.org\/{rel}","templated":true}]}}