{"id":35153,"date":"2022-12-06T09:36:21","date_gmt":"2022-12-06T12:36:21","guid":{"rendered":"http:\/\/beta.apps.uern.br\/wordpress\/dice\/?page_id=35153"},"modified":"2025-06-26T14:33:38","modified_gmt":"2025-06-26T17:33:38","slug":"calendario-de-colacao-de-grau","status":"publish","type":"page","link":"https:\/\/portal.uern.br\/dice\/calendario-de-colacao-de-grau\/","title":{"rendered":"Cola\u00e7\u00e3o de Grau"},"content":{"rendered":"<h4>COLA\u00c7\u00d5ES DE GRAU<\/h4>\n<p>A Cola\u00e7\u00e3o de Grau na Uern \u00e9 um ato solene e obrigat\u00f3rio que oficializa a conclus\u00e3o do curso superior, conferindo o grau aos estudantes que cumpriram todas as exig\u00eancias acad\u00eamicas e administrativas.<\/p>\n<h4>Tipos de Sess\u00e3o de Cola\u00e7\u00e3o de Grau:<\/h4>\n<p>\u2022 Sess\u00e3o Ordin\u00e1ria: realizada ao final de cada semestre letivo para os concluintes de cada campus. \u00c9 neste momento que a Universidade concede a &#8220;Medalha de M\u00e9rito Acad\u00eamico&#8221; ao graduando com melhor desempenho.(<a href=\"https:\/\/portal.uern.br\/dice\/wp-content\/uploads\/sites\/15\/2022\/12\/4506resolua\u00a7ao_026_2006_consuni_anexo_i1.pdf\">Resolu\u00e7\u00e3o 26\/2006-CONSUNI &#8211; Anexo I<\/a>)<\/p>\n<p>\u2022 Sess\u00e3o Extraordin\u00e1ria: Regida pela <a href=\"https:\/\/portal.uern.br\/dice\/wp-content\/uploads\/sites\/15\/2025\/06\/SEI_18903894_UERN___Resolucao_9.pdf\">Resolu\u00e7\u00e3o N.\u00ba 09\/2023 \u2013 CONSEPE<\/a> \u00e9 destinada a estudantes que, por raz\u00f5es excepcionais, n\u00e3o puderam participar da sess\u00e3o ordin\u00e1ria. Pode ser realizada com ou sem rito solene, conforme o n\u00famero de participantes e circunst\u00e2ncias espec\u00edficas.<\/p>\n<p>A DICE \u00e9 respons\u00e1vel por todo o processo de organiza\u00e7\u00e3o do ato solene e planeja e executa os ritos com base nas informa\u00e7\u00f5es oficiais recebidas pela Pr\u00f3-Reitoria de Ensino de Gradua\u00e7\u00e3o (Proeg).<\/p>\n<p>A Diretoria de Cerimonial e Eventos da Uern \u00e9, portanto, a guardi\u00e3 dos ritos acad\u00eamicos e institucionais que celebram a hist\u00f3ria e a miss\u00e3o da nossa Universidade. Em cada solenidade, reafirmamos o compromisso da Uern com a excel\u00eancia, a tradi\u00e7\u00e3o e o futuro.<\/p>\n<h4>S\u00edmbolos que comp\u00f5em o ritual de uma Cola\u00e7\u00e3o de Grau:<\/h4>\n<p><strong>Juramento:<\/strong> \u00c9 o compromisso p\u00fablico de bem-utilizar o poder de conhecimento em favor\u00a0 da promessa feita. Da\u00ed, a import\u00e2ncia da presen\u00e7a de familiares e comunidade ao ato.<br \/>\nO juramento \u00e9 um reconhecimento\u00a0 dos direitos e deveres que o formando assume, a partir do ritual de Cola\u00e7\u00e3o de Grau.<\/p>\n<p><strong>Diploma:<\/strong> Retrato\u00a0 legal\u00a0 a ser apresentado \u00e0 sociedade dos direitos e deveres. O diploma constitui-se em met\u00e1fora do antigo pergaminho no qual se inscrevia e se registrava, \u00e0 posteridade, o que publicamente fora declarado.<\/p>\n<p><strong>Beca:<\/strong> Poder de intelig\u00eancia, do conhecimento, da sabedoria, da ci\u00eancia.\u00a0 A beca, usada na cor\u00a0 preta, tem a fun\u00e7\u00e3o de comunicar que aos formandos est\u00e1 sendo concedida a autoridade para exercer uma profiss\u00e3o, a profiss\u00e3o para a qual se preparam e para cujo exerc\u00edcio a Institui\u00e7\u00e3o Universit\u00e1ria os julgou aptos.<\/p>\n<p><strong>Faixa:<\/strong> Identifica o campo de atua\u00e7\u00e3o do profissional. A faixa, utilizada sobre a beca de cor\u00a0 preta, \u00e9 colorida.\u00a0 A classifica\u00e7\u00e3o das cores, da referida faixa, dizem respeito \u00e0s \u00e1reas espec\u00edficas do conhecimento adquirido pelo grau que \u00e9 concedido ao formando.\u00a0 (<a href=\"https:\/\/portal.uern.br\/dice\/wp-content\/uploads\/sites\/15\/2022\/12\/4506resolua\u00a7ao_026_2006_consuni_anexo_ii1.pdf\">Resolu\u00e7\u00e3o 26\/2006-CONSUNI &#8211; Anexo II<\/a>).<\/p>\n<p><strong>Capelo:<\/strong> Em decorr\u00eancia do significado que o\u00a0capelo possui \u00e9 que na cerim\u00f4nia de outorga de grau, realizada no gabinete do reitor, a autoridade que confere grau se utiliza do capelo como s\u00edmbolo de imposi\u00e7\u00e3o do poder.<\/p>\n<p>As demais atividades relacionadas \u00e0 formatura, como baile, ato ecum\u00eanico, descerramento de placa e aula da saudade, n\u00e3o sofrem qualquer influ\u00eancia do Universidade, podendo os formandos contratar estes servi\u00e7os com empresas especializadas.<\/p>\n","protected":false},"excerpt":{"rendered":"<p>COLA\u00c7\u00d5ES DE GRAU A Cola\u00e7\u00e3o de Grau na Uern \u00e9 um ato solene e obrigat\u00f3rio que oficializa a conclus\u00e3o do curso superior, conferindo o grau aos estudantes que cumpriram todas as exig\u00eancias acad\u00eamicas e administrativas. Tipos de Sess\u00e3o de Cola\u00e7\u00e3o de Grau: \u2022 Sess\u00e3o Ordin\u00e1ria: realizada ao final de cada semestre letivo para os concluintes [&hellip;]<\/p>\n","protected":false},"author":1,"featured_media":0,"parent":0,"menu_order":0,"comment_status":"closed","ping_status":"closed","template":"","meta":[],"_links":{"self":[{"href":"https:\/\/portal.uern.br\/dice\/wp-json\/wp\/v2\/pages\/35153"}],"collection":[{"href":"https:\/\/portal.uern.br\/dice\/wp-json\/wp\/v2\/pages"}],"about":[{"href":"https:\/\/portal.uern.br\/dice\/wp-json\/wp\/v2\/types\/page"}],"author":[{"embeddable":true,"href":"https:\/\/portal.uern.br\/dice\/wp-json\/wp\/v2\/users\/1"}],"replies":[{"embeddable":true,"href":"https:\/\/portal.uern.br\/dice\/wp-json\/wp\/v2\/comments?post=35153"}],"version-history":[{"count":10,"href":"https:\/\/portal.uern.br\/dice\/wp-json\/wp\/v2\/pages\/35153\/revisions"}],"predecessor-version":[{"id":35601,"href":"https:\/\/portal.uern.br\/dice\/wp-json\/wp\/v2\/pages\/35153\/revisions\/35601"}],"wp:attachment":[{"href":"https:\/\/portal.uern.br\/dice\/wp-json\/wp\/v2\/media?parent=35153"}],"curies":[{"name":"wp","href":"https:\/\/api.w.org\/{rel}","templated":true}]}}