{"id":35151,"date":"2022-12-06T09:35:46","date_gmt":"2022-12-06T12:35:46","guid":{"rendered":"http:\/\/beta.apps.uern.br\/wordpress\/dice\/?page_id=35151"},"modified":"2025-06-26T15:20:24","modified_gmt":"2025-06-26T18:20:24","slug":"formularios","status":"publish","type":"page","link":"https:\/\/portal.uern.br\/dice\/formularios\/","title":{"rendered":"Formul\u00e1rios"},"content":{"rendered":"<h4>Formul\u00e1rio de Solicita\u00e7\u00e3o do Cerimonial<\/h4>\n<p>\u2022 O formul\u00e1rio pode ser preenchido diretamente no SEI, clicando no \u00edcone para salv\u00e1-lo no computador e anexando- o novamente ao processo devidamente preenchido.<br \/>\n\u2022 O formul\u00e1rio pode ser preenchido tamb\u00e9m atrav\u00e9s do Adobe Acrobat diretamente no computador. Para isso basta baixar o formul\u00e1rio em branco e preencher no referido programa.<br \/>\n\u2022 Envie o formul\u00e1rio preenchido via SEI \u00e0 Diretoria de Cerimonial e Eventos da UERN \u2013 Dice\/UERN com pelo menos 5 dias de anteced\u00eancia.<\/p>\n<ul>\n<li><a href=\"https:\/\/portal.uern.br\/dice\/wp-content\/uploads\/sites\/15\/2025\/06\/Formulario_de_solicitacao_de_cerimonial_.pdf\">Formul\u00e1rio de Solicita\u00e7\u00e3o do Cerimonial<\/a><\/li>\n<\/ul>\n","protected":false},"excerpt":{"rendered":"<p>Formul\u00e1rio de Solicita\u00e7\u00e3o do Cerimonial \u2022 O formul\u00e1rio pode ser preenchido diretamente no SEI, clicando no \u00edcone para salv\u00e1-lo no computador e anexando- o novamente ao processo devidamente preenchido. \u2022 O formul\u00e1rio pode ser preenchido tamb\u00e9m atrav\u00e9s do Adobe Acrobat diretamente no computador. Para isso basta baixar o formul\u00e1rio em branco e preencher no referido [&hellip;]<\/p>\n","protected":false},"author":1,"featured_media":0,"parent":0,"menu_order":0,"comment_status":"closed","ping_status":"closed","template":"","meta":[],"_links":{"self":[{"href":"https:\/\/portal.uern.br\/dice\/wp-json\/wp\/v2\/pages\/35151"}],"collection":[{"href":"https:\/\/portal.uern.br\/dice\/wp-json\/wp\/v2\/pages"}],"about":[{"href":"https:\/\/portal.uern.br\/dice\/wp-json\/wp\/v2\/types\/page"}],"author":[{"embeddable":true,"href":"https:\/\/portal.uern.br\/dice\/wp-json\/wp\/v2\/users\/1"}],"replies":[{"embeddable":true,"href":"https:\/\/portal.uern.br\/dice\/wp-json\/wp\/v2\/comments?post=35151"}],"version-history":[{"count":4,"href":"https:\/\/portal.uern.br\/dice\/wp-json\/wp\/v2\/pages\/35151\/revisions"}],"predecessor-version":[{"id":35611,"href":"https:\/\/portal.uern.br\/dice\/wp-json\/wp\/v2\/pages\/35151\/revisions\/35611"}],"wp:attachment":[{"href":"https:\/\/portal.uern.br\/dice\/wp-json\/wp\/v2\/media?parent=35151"}],"curies":[{"name":"wp","href":"https:\/\/api.w.org\/{rel}","templated":true}]}}