{"id":35149,"date":"2022-12-06T09:35:26","date_gmt":"2022-12-06T12:35:26","guid":{"rendered":"http:\/\/beta.apps.uern.br\/wordpress\/dice\/?page_id=35149"},"modified":"2025-06-26T15:27:30","modified_gmt":"2025-06-26T18:27:30","slug":"equipe","status":"publish","type":"page","link":"https:\/\/portal.uern.br\/dice\/equipe\/","title":{"rendered":"Equipe"},"content":{"rendered":"<p><strong>Diretoria de Cerimonial e Eventos &#8211; Dice<\/strong><\/p>\n<p><a href=\"mailto:cerimonial@uern.br\">cerimonial@uern.br<\/a><\/p>\n<p>&nbsp;<\/p>\n<p>Diretora de Cerimonial e Eventos<\/p>\n<p><strong>Renatha Rebou\u00e7as de Oliveira<\/strong><\/p>\n<p><a href=\"mailto:renathareboucas@uern.br\">renathareboucas@uern.br<\/a><\/p>\n<p>&nbsp;<\/p>\n<p>Secret\u00e1rio da Diretoria<\/p>\n<p><strong>Jo\u00e3o Batista Freire de Morais<\/strong><\/p>\n<p><a href=\"mailto:joaomorais@uern.br\">joaomorais@uern.br<\/a><\/p>\n<p>&nbsp;<\/p>\n<p>Chefe do Setor de Gest\u00e3o de Cerimonial<\/p>\n<p><strong>Hayanna Morais Falc\u00e3o<\/strong><\/p>\n<p><a href=\"mailto:hayannafalcao@gmail.com\">hayannafalcao@gmail.com<\/a><\/p>\n<p>&nbsp;<\/p>\n<p>Chefe do Setor de Eventos<\/p>\n<p><strong>Juliana Sabrina Perez de Oliveira<\/strong><\/p>\n<p><a href=\"mailto:julianaperez@uern.br\">julianaperez@uern.br<\/a><\/p>\n<p>&nbsp;<\/p>\n<p>Chefe do Setor de Rela\u00e7\u00f5es Institucionais<\/p>\n<p><strong>Laizy Cabral Miranda<\/strong><\/p>\n<p><a href=\"mailto:laizymiranda@uern.br\">laizymiranda@uern.br<\/a><\/p>\n<p>&nbsp;<\/p>\n<p>Chefe do Setor de Condu\u00e7\u00e3o de Solenidades<\/p>\n<p><strong>Ricardo Magno dos Anjos<\/strong><\/p>\n<p><a href=\"mailto:ricardomagno@uern.br\">ricardomagno@uern.br<\/a><\/p>\n<p>&nbsp;<\/p>\n<p>Mestre de Cerim\u00f4nias<\/p>\n<p><strong>Walterlin Silva Lopes<\/strong><\/p>\n<p><a href=\"mailto:walterlinlopes@uern.br\">walterlinlopes@uern.br<\/a><\/p>\n<p>&nbsp;<\/p>\n<p>&nbsp;<\/p>\n<p>&nbsp;<\/p>\n","protected":false},"excerpt":{"rendered":"<p>Diretoria de Cerimonial e Eventos &#8211; Dice cerimonial@uern.br &nbsp; Diretora de Cerimonial e Eventos Renatha Rebou\u00e7as de Oliveira renathareboucas@uern.br &nbsp; Secret\u00e1rio da Diretoria Jo\u00e3o Batista Freire de Morais joaomorais@uern.br &nbsp; Chefe do Setor de Gest\u00e3o de Cerimonial Hayanna Morais Falc\u00e3o hayannafalcao@gmail.com &nbsp; Chefe do Setor de Eventos Juliana Sabrina Perez de Oliveira julianaperez@uern.br &nbsp; Chefe [&hellip;]<\/p>\n","protected":false},"author":1,"featured_media":0,"parent":0,"menu_order":0,"comment_status":"closed","ping_status":"closed","template":"","meta":[],"_links":{"self":[{"href":"https:\/\/portal.uern.br\/dice\/wp-json\/wp\/v2\/pages\/35149"}],"collection":[{"href":"https:\/\/portal.uern.br\/dice\/wp-json\/wp\/v2\/pages"}],"about":[{"href":"https:\/\/portal.uern.br\/dice\/wp-json\/wp\/v2\/types\/page"}],"author":[{"embeddable":true,"href":"https:\/\/portal.uern.br\/dice\/wp-json\/wp\/v2\/users\/1"}],"replies":[{"embeddable":true,"href":"https:\/\/portal.uern.br\/dice\/wp-json\/wp\/v2\/comments?post=35149"}],"version-history":[{"count":5,"href":"https:\/\/portal.uern.br\/dice\/wp-json\/wp\/v2\/pages\/35149\/revisions"}],"predecessor-version":[{"id":35189,"href":"https:\/\/portal.uern.br\/dice\/wp-json\/wp\/v2\/pages\/35149\/revisions\/35189"}],"wp:attachment":[{"href":"https:\/\/portal.uern.br\/dice\/wp-json\/wp\/v2\/media?parent=35149"}],"curies":[{"name":"wp","href":"https:\/\/api.w.org\/{rel}","templated":true}]}}