{"id":35384,"date":"2023-07-26T11:11:08","date_gmt":"2023-07-26T14:11:08","guid":{"rendered":"https:\/\/portal.uern.br\/diaad\/?page_id=35384"},"modified":"2023-07-26T11:11:08","modified_gmt":"2023-07-26T14:11:08","slug":"editais-diaad-2022","status":"publish","type":"page","link":"https:\/\/portal.uern.br\/diaad\/editais-diaad-2022\/","title":{"rendered":"Editais DIAAD 2022"},"content":{"rendered":"<p>Edital de Chamada P\u00fablica para Composi\u00e7\u00e3o de Comiss\u00e3o de Heteroidentifica\u00e7\u00e3o.<\/p>\n","protected":false},"excerpt":{"rendered":"<p>Edital de Chamada P\u00fablica para Composi\u00e7\u00e3o de Comiss\u00e3o de Heteroidentifica\u00e7\u00e3o.<\/p>\n","protected":false},"author":1,"featured_media":0,"parent":0,"menu_order":0,"comment_status":"closed","ping_status":"closed","template":"","meta":[],"_links":{"self":[{"href":"https:\/\/portal.uern.br\/diaad\/wp-json\/wp\/v2\/pages\/35384"}],"collection":[{"href":"https:\/\/portal.uern.br\/diaad\/wp-json\/wp\/v2\/pages"}],"about":[{"href":"https:\/\/portal.uern.br\/diaad\/wp-json\/wp\/v2\/types\/page"}],"author":[{"embeddable":true,"href":"https:\/\/portal.uern.br\/diaad\/wp-json\/wp\/v2\/users\/1"}],"replies":[{"embeddable":true,"href":"https:\/\/portal.uern.br\/diaad\/wp-json\/wp\/v2\/comments?post=35384"}],"version-history":[{"count":1,"href":"https:\/\/portal.uern.br\/diaad\/wp-json\/wp\/v2\/pages\/35384\/revisions"}],"predecessor-version":[{"id":35385,"href":"https:\/\/portal.uern.br\/diaad\/wp-json\/wp\/v2\/pages\/35384\/revisions\/35385"}],"wp:attachment":[{"href":"https:\/\/portal.uern.br\/diaad\/wp-json\/wp\/v2\/media?parent=35384"}],"curies":[{"name":"wp","href":"https:\/\/api.w.org\/{rel}","templated":true}]}}