{"id":35380,"date":"2023-07-26T11:09:27","date_gmt":"2023-07-26T14:09:27","guid":{"rendered":"https:\/\/portal.uern.br\/diaad\/?page_id=35380"},"modified":"2023-08-01T08:14:55","modified_gmt":"2023-08-01T11:14:55","slug":"acoes","status":"publish","type":"page","link":"https:\/\/portal.uern.br\/diaad\/acoes\/","title":{"rendered":"A\u00e7\u00f5es"},"content":{"rendered":"<p><strong>Cotas na UERN<\/strong><\/p>\n<p>As cotas raciais s\u00e3o uma medida de a\u00e7\u00e3o contra a desigualdade social num sistema que privilegia um grupo racial em detrimento de outros. As cotas raciais s\u00e3o a\u00e7\u00f5es afirmativas aplicadas em alguns pa\u00edses, como o Brasil, com o objetivo de diminuir as disparidades econ\u00f4micas, sociais e educacionais entre pessoas de diferentes grupos \u00e9tnico-raciais.<\/p>\n<p>A consolida\u00e7\u00e3o das cotas aconteceu principalmente com a chamada Lei de Cotas, a Lei n\u00ba 12.711 de agosto de 2012. Ela estabelece que todas as institui\u00e7\u00f5es de ensino superior devem destinar metade de suas vagas nos processos seletivos para estudantes egressos de escolas p\u00fablicas, considerando tamb\u00e9m os crit\u00e9rios raciais e sociais, pois considera fatores econ\u00f4micos.<\/p>\n<p>As pessoas negras no Brasil constituem o conjunto das pessoas pretas e pardas, de acordo com o Estatuto da Igualdade Racial, institu\u00eddo Lei n\u00ba 12.288, de 20 de julho de 2010. Elas representam 56% de toda a popula\u00e7\u00e3o brasileira (9,1% pretas e 47% pardas) e, mesmo sendo maioria, est\u00e3o numa minoria de espa\u00e7os considerados importantes na estrutura social.<\/p>\n<p>A UERN foi uma das universidades pioneiras a aderir ao sistema de cotas sociais, ainda no ano de 2002, atrav\u00e9s da Lei Estadual n\u00ba 8.258, adotada em seus processos seletivos a partir de 2004.<br \/>\nE desde janeiro de 2019 temos a Lei de Cotas \u00c9tnico-Raciais na UERN, aprovada sob o n\u00ba 10.480, que institui cotas para pretos, pardos e ind\u00edgenas, dentro do j\u00e1 existente sistema de cota social da universidade.<\/p>\n<p>A Lei de Cotas \u00c9tnico-raciais na UERN representa um grande avan\u00e7o e uma grande contribui\u00e7\u00e3o social, quando amplia o acesso do povo negro e ind\u00edgena \u00e0 nossa universidade.<\/p>\n","protected":false},"excerpt":{"rendered":"<p>Cotas na UERN As cotas raciais s\u00e3o uma medida de a\u00e7\u00e3o contra a desigualdade social num sistema que privilegia um grupo racial em detrimento de outros. As cotas raciais s\u00e3o a\u00e7\u00f5es afirmativas aplicadas em alguns pa\u00edses, como o Brasil, com o objetivo de diminuir as disparidades econ\u00f4micas, sociais e educacionais entre pessoas de diferentes grupos [&hellip;]<\/p>\n","protected":false},"author":1,"featured_media":0,"parent":0,"menu_order":0,"comment_status":"closed","ping_status":"closed","template":"","meta":[],"_links":{"self":[{"href":"https:\/\/portal.uern.br\/diaad\/wp-json\/wp\/v2\/pages\/35380"}],"collection":[{"href":"https:\/\/portal.uern.br\/diaad\/wp-json\/wp\/v2\/pages"}],"about":[{"href":"https:\/\/portal.uern.br\/diaad\/wp-json\/wp\/v2\/types\/page"}],"author":[{"embeddable":true,"href":"https:\/\/portal.uern.br\/diaad\/wp-json\/wp\/v2\/users\/1"}],"replies":[{"embeddable":true,"href":"https:\/\/portal.uern.br\/diaad\/wp-json\/wp\/v2\/comments?post=35380"}],"version-history":[{"count":4,"href":"https:\/\/portal.uern.br\/diaad\/wp-json\/wp\/v2\/pages\/35380\/revisions"}],"predecessor-version":[{"id":35418,"href":"https:\/\/portal.uern.br\/diaad\/wp-json\/wp\/v2\/pages\/35380\/revisions\/35418"}],"wp:attachment":[{"href":"https:\/\/portal.uern.br\/diaad\/wp-json\/wp\/v2\/media?parent=35380"}],"curies":[{"name":"wp","href":"https:\/\/api.w.org\/{rel}","templated":true}]}}