{"id":35378,"date":"2023-07-26T11:08:32","date_gmt":"2023-07-26T14:08:32","guid":{"rendered":"https:\/\/portal.uern.br\/diaad\/?page_id=35378"},"modified":"2025-09-24T10:12:43","modified_gmt":"2025-09-24T13:12:43","slug":"documentos","status":"publish","type":"page","link":"https:\/\/portal.uern.br\/diaad\/documentos\/","title":{"rendered":"Documentos"},"content":{"rendered":"<p><a href=\"https:\/\/portal.uern.br\/proeg\/sisu\/wp-content\/uploads\/sites\/3\/2023\/12\/Resolucao-No-33-2023-CONSEPE-Regulamenta-procedimento-heteroidentificacao-complementar-autodeclaracao-candidatos-negros-e-indigenas.pdf\" target=\"_blank\" rel=\"noopener\">RESOLU\u00c7\u00c3O 33\/2023 &#8211; CONSEPE &#8211; Regulamenta o procedimento de heteroidentifica\u00e7\u00e3o complementar \u00e0 autodeclara\u00e7\u00e3o das\/os candidatas\/os negras\/os (pretas\/os e pardas\/os) e ind\u00edgenas, para fins de preenchimento das vagas destinadas aos processos seletivos no \u00e2mbito da Universidade do Estado do Rio Grande do Norte (Uern) e Revoga a Resolu\u00e7\u00e3o n\u00ba 023\/2021-Consepe<\/a><\/p>\n<p><a href=\"https:\/\/drive.google.com\/file\/d\/1ToS9swIjrGx2f8f3vcOygLv7tPFteSXn\/view?usp=sharing\" rel=\"noopener\">RESOLU\u00c7\u00c3O N\u00ba 12\/2024 \u2013 CD &#8211; Regulamenta o Procedimento de Heteroidentifica\u00e7\u00e3o complementar \u00e0 autodeclara\u00e7\u00e3o das\/os candidatas\/os negras\/os (pretas\/os e pardas\/os), para fins de preenchimento das vagas destinadas a concursos e demais processos seletivos no \u00e2mbito da Funda\u00e7\u00e3o Universidade do Estado do Rio Grande do Norte (Fuern)<\/a><\/p>\n<p><a href=\"https:\/\/drive.google.com\/file\/d\/1AAwkKWMPtTU84QaNfmIoW5vnyKgdGZQw\/view?usp=sharing\" rel=\"noopener\">RESOLU\u00c7\u00c3O N\u00ba 08\/2024 &#8211; CD &#8211; Institui o Programa de Apoio \u00e0 Participa\u00e7\u00e3o de Estudantes em Bancas de Heteroidentifica\u00e7\u00e3o no \u00e2mbito da Uern<\/a><\/p>\n<p><a href=\"https:\/\/drive.google.com\/drive\/folders\/1qzEEvqDlx_a2U8-QD7t7Zhi8qN-3CMXf\">RESOLU\u00c7\u00c3O N\u00ba 24\/2024 &#8211; CD &#8211; Cria o protocolo de atendimento aos casos de viol\u00eancias e de ass\u00e9dios contra mulheres na Universidade do Estado do Rio Grande do Norte (Uern)<\/a><\/p>\n<p><a href=\"https:\/\/lookerstudio.google.com\/u\/0\/reporting\/cd22b200-c4f2-4c8c-849e-31a135f788c8\/page\/p_vn7ywi0akd\">Mais Informa\u00e7\u00f5es da DIAAD, Acesse UERN em N\u00fameros<\/a><\/p>\n<p>&nbsp;<\/p>\n","protected":false},"excerpt":{"rendered":"<p>RESOLU\u00c7\u00c3O 33\/2023 &#8211; CONSEPE &#8211; Regulamenta o procedimento de heteroidentifica\u00e7\u00e3o complementar \u00e0 autodeclara\u00e7\u00e3o das\/os candidatas\/os negras\/os (pretas\/os e pardas\/os) e ind\u00edgenas, para fins de preenchimento das vagas destinadas aos processos seletivos no \u00e2mbito da Universidade do Estado do Rio Grande do Norte (Uern) e Revoga a Resolu\u00e7\u00e3o n\u00ba 023\/2021-Consepe RESOLU\u00c7\u00c3O N\u00ba 12\/2024 \u2013 CD &#8211; [&hellip;]<\/p>\n","protected":false},"author":1,"featured_media":0,"parent":0,"menu_order":0,"comment_status":"closed","ping_status":"closed","template":"","meta":[],"_links":{"self":[{"href":"https:\/\/portal.uern.br\/diaad\/wp-json\/wp\/v2\/pages\/35378"}],"collection":[{"href":"https:\/\/portal.uern.br\/diaad\/wp-json\/wp\/v2\/pages"}],"about":[{"href":"https:\/\/portal.uern.br\/diaad\/wp-json\/wp\/v2\/types\/page"}],"author":[{"embeddable":true,"href":"https:\/\/portal.uern.br\/diaad\/wp-json\/wp\/v2\/users\/1"}],"replies":[{"embeddable":true,"href":"https:\/\/portal.uern.br\/diaad\/wp-json\/wp\/v2\/comments?post=35378"}],"version-history":[{"count":15,"href":"https:\/\/portal.uern.br\/diaad\/wp-json\/wp\/v2\/pages\/35378\/revisions"}],"predecessor-version":[{"id":35588,"href":"https:\/\/portal.uern.br\/diaad\/wp-json\/wp\/v2\/pages\/35378\/revisions\/35588"}],"wp:attachment":[{"href":"https:\/\/portal.uern.br\/diaad\/wp-json\/wp\/v2\/media?parent=35378"}],"curies":[{"name":"wp","href":"https:\/\/api.w.org\/{rel}","templated":true}]}}