{"id":35376,"date":"2023-07-26T11:07:56","date_gmt":"2023-07-26T14:07:56","guid":{"rendered":"https:\/\/portal.uern.br\/diaad\/?page_id=35376"},"modified":"2025-06-26T08:04:37","modified_gmt":"2025-06-26T11:04:37","slug":"organograma-e-equipe","status":"publish","type":"page","link":"https:\/\/portal.uern.br\/diaad\/organograma-e-equipe\/","title":{"rendered":"Organograma e equipe"},"content":{"rendered":"<p><strong>ORGANOGRAMA<\/strong><\/p>\n<p>A\u00a0 <a href=\"https:\/\/portal.uern.br\/diri\/wp-content\/uploads\/sites\/6\/2022\/12\/Resolucao-59-2022-Organogramas.pdf\">Resolu\u00e7\u00e3o n\u00ba 59\/2022<\/a> do Conselho Diretor da Funda\u00e7\u00e3o Universidade do Estado do Rio Grande do Norte (CD \u2013 Fuern), define a estrutura organizacional desta Diretoria da seguinte forma:<\/p>\n<p><img fetchpriority=\"high\" decoding=\"async\" class=\"size-medium wp-image-35408 aligncenter\" src=\"https:\/\/portal.uern.br\/diaad\/wp-content\/uploads\/sites\/25\/2023\/07\/organograma-diaad-266x300.jpg\" alt=\"\" width=\"266\" height=\"300\" srcset=\"https:\/\/portal.uern.br\/diaad\/wp-content\/uploads\/sites\/25\/2023\/07\/organograma-diaad-266x300.jpg 266w, https:\/\/portal.uern.br\/diaad\/wp-content\/uploads\/sites\/25\/2023\/07\/organograma-diaad.jpg 396w\" sizes=\"(max-width: 266px) 100vw, 266px\" \/><\/p>\n<p><strong>EQUIPE<\/strong><\/p>\n<p>DIRETORA<\/p>\n<p>Prof\u00aa. Dr\u00aa. Eliane Anselmo da Silva<br \/>\ncontato: diaad@uern.br<\/p>\n<p>SECRET\u00c1RIA<\/p>\n<p>Taciane de Medeiros Gomes<\/p>\n<p>AUXILIAR ADMINISTRATIVO<\/p>\n<p>Adriele Jairla de Morais Luciano<\/p>\n<p>ESTAGI\u00c1RIO<\/p>\n<p>Daizio Lopes Bezerra Neto<\/p>\n<p>CHEFE DO SETOR DE RELA\u00c7\u00d5ES E IDENTIDADE DE G\u00caNERO, DIREITO DAS MULHERES E DA COMUNIDADE LGBTQIAPN+<\/p>\n<p>Prof\u00aa. Dr\u00aa. Lidiane Alves da Cunha<br \/>\ncontato: genero.diaad@uern.br<\/p>\n<p>CHEFE DO SETOR DE RELA\u00c7\u00d5ES \u00c9TNICO-RACIAIS, DIVERSIDADE E INTERCULTURALIDADE<\/p>\n<p>Prof. Dr. Tobias Arruda Queiroz<br \/>\ncontato:etnicoracial.diaad@uern.br<\/p>\n","protected":false},"excerpt":{"rendered":"<p>ORGANOGRAMA A\u00a0 Resolu\u00e7\u00e3o n\u00ba 59\/2022 do Conselho Diretor da Funda\u00e7\u00e3o Universidade do Estado do Rio Grande do Norte (CD \u2013 Fuern), define a estrutura organizacional desta Diretoria da seguinte forma: EQUIPE DIRETORA Prof\u00aa. Dr\u00aa. Eliane Anselmo da Silva contato: diaad@uern.br SECRET\u00c1RIA Taciane de Medeiros Gomes AUXILIAR ADMINISTRATIVO Adriele Jairla de Morais Luciano ESTAGI\u00c1RIO Daizio Lopes [&hellip;]<\/p>\n","protected":false},"author":1,"featured_media":0,"parent":0,"menu_order":0,"comment_status":"closed","ping_status":"closed","template":"","meta":[],"_links":{"self":[{"href":"https:\/\/portal.uern.br\/diaad\/wp-json\/wp\/v2\/pages\/35376"}],"collection":[{"href":"https:\/\/portal.uern.br\/diaad\/wp-json\/wp\/v2\/pages"}],"about":[{"href":"https:\/\/portal.uern.br\/diaad\/wp-json\/wp\/v2\/types\/page"}],"author":[{"embeddable":true,"href":"https:\/\/portal.uern.br\/diaad\/wp-json\/wp\/v2\/users\/1"}],"replies":[{"embeddable":true,"href":"https:\/\/portal.uern.br\/diaad\/wp-json\/wp\/v2\/comments?post=35376"}],"version-history":[{"count":8,"href":"https:\/\/portal.uern.br\/diaad\/wp-json\/wp\/v2\/pages\/35376\/revisions"}],"predecessor-version":[{"id":35577,"href":"https:\/\/portal.uern.br\/diaad\/wp-json\/wp\/v2\/pages\/35376\/revisions\/35577"}],"wp:attachment":[{"href":"https:\/\/portal.uern.br\/diaad\/wp-json\/wp\/v2\/media?parent=35376"}],"curies":[{"name":"wp","href":"https:\/\/api.w.org\/{rel}","templated":true}]}}