{"id":35374,"date":"2023-07-26T11:04:05","date_gmt":"2023-07-26T14:04:05","guid":{"rendered":"https:\/\/portal.uern.br\/diaad\/?page_id=35374"},"modified":"2025-07-01T09:58:38","modified_gmt":"2025-07-01T12:58:38","slug":"apresentacao","status":"publish","type":"page","link":"https:\/\/portal.uern.br\/diaad\/","title":{"rendered":"Apresenta\u00e7\u00e3o"},"content":{"rendered":"<p>A Diretoria de A\u00e7\u00f5es Afirmativas e Diversidade, criada atrav\u00e9s da Resolu\u00e7\u00e3o n\u00ba 59\/2022 \u2013 CD, \u00e9 um \u00f3rg\u00e3o de apoio administrativo vinculado \u00e0 Reitoria da Universidade do Estado do Rio Grande do Norte (UERN), respons\u00e1vel pelo estabelecimento e implementa\u00e7\u00e3o de pol\u00edticas de a\u00e7\u00f5es afirmativas, diversidade e equidade na institui\u00e7\u00e3o, promovendo a\u00e7\u00f5es e\u00a0 mobiliza\u00e7\u00e3o da comunidade universit\u00e1ria e sociedade em geral para a conviv\u00eancia cidad\u00e3 com as diversidades relacionadas a g\u00eanero e sexualidade, \u00e0 tradi\u00e7\u00e3o das culturas, etnia, ref\u00fagio e migra\u00e7\u00f5es, bem como da promo\u00e7\u00e3o de a\u00e7\u00f5es que possibilitem a revers\u00e3o do cen\u00e1rio de discrimina\u00e7\u00e3o das popula\u00e7\u00f5es.<\/p>\n<p>A miss\u00e3o desta Diretoria consiste em criar mecanismos permanentes de acompanhamento e consulta \u00e0 comunidade, visando verificar a efic\u00e1cia dos procedimentos e a qualidade e repercuss\u00e3o dos resultados alcan\u00e7ados.<\/p>\n<p>Nessa perspectiva, a Diretoria busca desenvolver atividades que fomentam a sensibiliza\u00e7\u00e3o e conscientiza\u00e7\u00e3o sobre as diversas formas de discrimina\u00e7\u00e3o e exclus\u00e3o presentes na sociedade para assim propor debates e alternativas \u00e0s a\u00e7\u00f5es.<\/p>\n<p>Com a amplia\u00e7\u00e3o das pol\u00edticas de a\u00e7\u00f5es afirmativas nos \u00faltimos anos e a necessidade de consolidar a pauta da diversidade, a Universidade do Estado do Rio Grande do Norte \u2013 Uern, criou em novembro de 2022, a Diretoria de A\u00e7\u00f5es Afirmativas e Diversidade \u2013 Diaad.<\/p>\n<p>A Diaad tem como objetivo a promo\u00e7\u00e3o da igualdade e do reconhecimento das diferen\u00e7as e da diversidade no \u00e2mbito da Uern, acompanhando e colaborando com a cria\u00e7\u00e3o de condi\u00e7\u00f5es institucionais que permitam a implementa\u00e7\u00e3o das pol\u00edticas e a\u00e7\u00f5es afirmativas na universidade.<\/p>\n<p>Assim, a Diaad \u00e9 respons\u00e1vel pela proposi\u00e7\u00e3o e articula\u00e7\u00e3o de a\u00e7\u00f5es que mobilizem e sensibilizem a comunidade universit\u00e1ria e a sociedade em geral para a conviv\u00eancia das in\u00fameras realidades presentes na diversidade social, bem como a promo\u00e7\u00e3o de a\u00e7\u00f5es que possibilitem a revers\u00e3o do cen\u00e1rio de discrimina\u00e7\u00e3o das popula\u00e7\u00f5es \u00e0s quais tais pol\u00edticas se destinam.<br \/>\nUm dos focos principais da sua atua\u00e7\u00e3o s\u00e3o os procedimentos de heteroidentifica\u00e7\u00e3o para o acesso \u00e0s cotas \u00e9tnico-raciais e o acompanhamento dos grupos de estudantes cotistas da Uern.<\/p>\n<p>A Diaad \u00e9 formada pela Prof.\u00aa Dr.\u00aa Eliane Anselmo (na Dire\u00e7\u00e3o), pelo Prof. Dr. Tobias Queiroz (no Setor de Rela\u00e7\u00f5es \u00c9tnico-Raciais, Diversidade e Interculturalidade), pela Prof.\u00aa Dr.\u00aa Lidiane Alves da Cunha (no Setor de Rela\u00e7\u00f5es e Identidade de G\u00eanero, Direitos das Mulheres e da Comunidade LGBTQIA+),\u00a0 pela secretaria Taciane Medeiros, e pela t\u00e9cnica administrativa Adriele Jairla.<\/p>\n<p>A Diretoria possui em sua estrutura os seguintes setores organizacionais:<\/p>\n<p>I. Setor de Rela\u00e7\u00f5es \u00c9tnico-Raciais, Diversidade e Interculturalidade;<\/p>\n<p>II. Setor de Rela\u00e7\u00f5es e Identidade de G\u00eanero, Direitos das Mulheres e da Comunidade LGBTQIAPN+<\/p>\n<p>A Diaad est\u00e1 localizada no Campus Central da Uern, no Centro de Conviv\u00eancia.<\/p>\n<p data-start=\"169\" data-end=\"214\">Hor\u00e1rio de funcionamento:\u00a0 07h \u00e0s 13h.<\/p>\n<p>Para entrar em contato com a Diretoria, disponibilizamos o e-mail diaad@uern.br.<\/p>\n","protected":false},"excerpt":{"rendered":"<p>A Diretoria de A\u00e7\u00f5es Afirmativas e Diversidade, criada atrav\u00e9s da Resolu\u00e7\u00e3o n\u00ba 59\/2022 \u2013 CD, \u00e9 um \u00f3rg\u00e3o de apoio administrativo vinculado \u00e0 Reitoria da Universidade do Estado do Rio Grande do Norte (UERN), respons\u00e1vel pelo estabelecimento e implementa\u00e7\u00e3o de pol\u00edticas de a\u00e7\u00f5es afirmativas, diversidade e equidade na institui\u00e7\u00e3o, promovendo a\u00e7\u00f5es e\u00a0 mobiliza\u00e7\u00e3o da comunidade [&hellip;]<\/p>\n","protected":false},"author":1,"featured_media":0,"parent":0,"menu_order":0,"comment_status":"closed","ping_status":"closed","template":"","meta":[],"_links":{"self":[{"href":"https:\/\/portal.uern.br\/diaad\/wp-json\/wp\/v2\/pages\/35374"}],"collection":[{"href":"https:\/\/portal.uern.br\/diaad\/wp-json\/wp\/v2\/pages"}],"about":[{"href":"https:\/\/portal.uern.br\/diaad\/wp-json\/wp\/v2\/types\/page"}],"author":[{"embeddable":true,"href":"https:\/\/portal.uern.br\/diaad\/wp-json\/wp\/v2\/users\/1"}],"replies":[{"embeddable":true,"href":"https:\/\/portal.uern.br\/diaad\/wp-json\/wp\/v2\/comments?post=35374"}],"version-history":[{"count":9,"href":"https:\/\/portal.uern.br\/diaad\/wp-json\/wp\/v2\/pages\/35374\/revisions"}],"predecessor-version":[{"id":35583,"href":"https:\/\/portal.uern.br\/diaad\/wp-json\/wp\/v2\/pages\/35374\/revisions\/35583"}],"wp:attachment":[{"href":"https:\/\/portal.uern.br\/diaad\/wp-json\/wp\/v2\/media?parent=35374"}],"curies":[{"name":"wp","href":"https:\/\/api.w.org\/{rel}","templated":true}]}}