{"id":9,"date":"2022-10-25T13:48:32","date_gmt":"2022-10-25T16:48:32","guid":{"rendered":"https:\/\/paisdemossoro.com.br\/wordpress\/dain\/?page_id=9"},"modified":"2025-06-30T09:10:50","modified_gmt":"2025-06-30T12:10:50","slug":"equipe-dain","status":"publish","type":"page","link":"https:\/\/portal.uern.br\/dain\/equipe-dain\/","title":{"rendered":"Equipe DAIN"},"content":{"rendered":"<h5><strong>1. Dire\u00e7\u00e3o<\/strong><\/h5>\n<p>Diretora &#8211; Ana L\u00facia Oliveira Aguiar<\/p>\n<p>&nbsp;<\/p>\n<h5><strong>2. Secretaria<\/strong><\/h5>\n<p>Secret\u00e1ria Geral &#8211; Luziana Filgueira de Aquino Oliveira<\/p>\n<p>T\u00e9cnica Administrativa &#8211; Debora de Sousa Dantas<\/p>\n<p>&nbsp;<\/p>\n<h5><strong>3. Setor T\u00e9cnico Educacional<\/strong><\/h5>\n<p>Chefe &#8211; Francisco Mayccon Passos Costa<\/p>\n<p>&nbsp;<\/p>\n<h5><strong>4. Setor de Acessibilidade<\/strong><\/h5>\n<p>Chefe &#8211; Claudion Silva de Melo<\/p>\n<p>&nbsp;<\/p>\n<h5><strong>T\u00e9cnicos de Apoio \u00e0 Defici\u00eancia Visual\/Ledor(a)<\/strong><br \/>\n<strong>T\u00e9cnicos Especializados:<\/strong><\/h5>\n<p>Paulo Silas Nunes Peixoto<\/p>\n<p>&nbsp;<\/p>\n<h5><strong>T\u00e9cnicos de Apoio \u00e0 Defici\u00eancia Auditiva e Surdez<\/strong><br \/>\n<strong>Tradutores\/Int\u00e9rpretes de LIBRAS:<\/strong><\/h5>\n<p>Camila Lopes Nobre Magalh\u00e3es<\/p>\n<p>Daniel da Silva Sousa<\/p>\n<p>Mariana Nivea Targino C\u00e2mara<\/p>\n<p>Sabryna R\u00e9gia Machado Melqu\u00edades<\/p>\n<p>Vanessa Nascimento Sobral Le\u00e3o<\/p>\n<p>&nbsp;<\/p>\n<p><strong>Instrutor(a) de LIBRAS<\/strong><\/p>\n<p>Alexandre Fagner Garcia Medeiros<\/p>\n<p>Rocha Giany Paiva Pedrosa<\/p>\n<p>Italo Santos Ferreira<\/p>\n<p>Jullyenne Cristine Machado Mendon\u00e7a<\/p>\n<p>Welizangela Moreira de Almeida<\/p>\n<p>&nbsp;<\/p>\n<h5><strong>Pedagogia<\/strong><\/h5>\n<p>Psicopedagoga: Karla Emanuelle Gomes Pessoa<\/p>\n<p><strong>Professora Auxiliar de Sala de Aula<\/strong><\/p>\n<p>Robersa Maia Fernandes<\/p>\n<h5><strong>Servi\u00e7o Social<\/strong><br \/>\n<strong>Assistente Social<\/strong><\/h5>\n<p>S\u00f4nia Alves Bezerra Lins<\/p>\n<h5><strong>Psicologia<\/strong><br \/>\n<strong>Psic\u00f3logo Educacional:<\/strong><\/h5>\n<p>Francisco Mayccon Passos Costa<\/p>\n","protected":false},"excerpt":{"rendered":"<p>1. Dire\u00e7\u00e3o Diretora &#8211; Ana L\u00facia Oliveira Aguiar &nbsp; 2. Secretaria Secret\u00e1ria Geral &#8211; Luziana Filgueira de Aquino Oliveira T\u00e9cnica Administrativa &#8211; Debora de Sousa Dantas &nbsp; 3. Setor T\u00e9cnico Educacional Chefe &#8211; Francisco Mayccon Passos Costa &nbsp; 4. Setor de Acessibilidade Chefe &#8211; Claudion Silva de Melo &nbsp; T\u00e9cnicos de Apoio \u00e0 Defici\u00eancia Visual\/Ledor(a) [&hellip;]<\/p>\n","protected":false},"author":1,"featured_media":0,"parent":0,"menu_order":0,"comment_status":"closed","ping_status":"closed","template":"","meta":[],"_links":{"self":[{"href":"https:\/\/portal.uern.br\/dain\/wp-json\/wp\/v2\/pages\/9"}],"collection":[{"href":"https:\/\/portal.uern.br\/dain\/wp-json\/wp\/v2\/pages"}],"about":[{"href":"https:\/\/portal.uern.br\/dain\/wp-json\/wp\/v2\/types\/page"}],"author":[{"embeddable":true,"href":"https:\/\/portal.uern.br\/dain\/wp-json\/wp\/v2\/users\/1"}],"replies":[{"embeddable":true,"href":"https:\/\/portal.uern.br\/dain\/wp-json\/wp\/v2\/comments?post=9"}],"version-history":[{"count":13,"href":"https:\/\/portal.uern.br\/dain\/wp-json\/wp\/v2\/pages\/9\/revisions"}],"predecessor-version":[{"id":751,"href":"https:\/\/portal.uern.br\/dain\/wp-json\/wp\/v2\/pages\/9\/revisions\/751"}],"wp:attachment":[{"href":"https:\/\/portal.uern.br\/dain\/wp-json\/wp\/v2\/media?parent=9"}],"curies":[{"name":"wp","href":"https:\/\/api.w.org\/{rel}","templated":true}]}}