{"id":5,"date":"2022-10-25T13:45:57","date_gmt":"2022-10-25T16:45:57","guid":{"rendered":"https:\/\/paisdemossoro.com.br\/wordpress\/dain\/?page_id=5"},"modified":"2025-06-30T09:25:01","modified_gmt":"2025-06-30T12:25:01","slug":"apresentacao","status":"publish","type":"page","link":"https:\/\/portal.uern.br\/dain\/","title":{"rendered":"Apresenta\u00e7\u00e3o"},"content":{"rendered":"<p>A Universidade do Estado do Rio Grande do Norte \u2013 UERN, somando com a Diretoria de A\u00e7\u00f5es Inclusivas desenvolvem no \u00e2mbito da universidade, bem como em contexto local a\u00e7\u00f5es fundamentais na forma\u00e7\u00e3o de recursos humanos, pol\u00edticas e gest\u00e3o da educa\u00e7\u00e3o em diferentes \u00e1reas de conhecimento. Prima esfor\u00e7os pela qualidade de suas atividades de ensino, pesquisa e extens\u00e3o com a\u00e7\u00f5es que busquem a consolida\u00e7\u00e3o da inclus\u00e3o de estudantes com defici\u00eancia, a quebra de barreiras e promo\u00e7\u00e3o da acessibilidade, fortalecida pelo entendimento da pertin\u00eancia da perspectiva de inclus\u00e3o no \u00e2mbito da coletividade.<\/p>\n<p>A DAIN est\u00e1 ligada \u00e0 Administra\u00e7\u00e3o Superior, conforme Resolu\u00e7\u00e3o N\u00ba 05 de 24 de mar\u00e7o de 2015, com um trabalho somado com a Pr\u00f3-Reitoria de Ensino de Gradua\u00e7\u00e3o \u2013 PROEG, a Pr\u00f3-Reitoria de Pesquisa \u2013 PROPEG e a Pr\u00f3-Reitoria de Extens\u00e3o \u2013 PROEX. A partir de 2004, a UERN vivencia uma trajet\u00f3ria de inclus\u00e3o com profissionais dedicados \u00e0 discuss\u00e3o e atividades ligadas \u00e0 diversidade e \u00e0 inclus\u00e3o. A DAIN, oficialmente, foi criada pela Resolu\u00e7\u00e3o n\u00b0 2\/2008 do Conselho Universit\u00e1rio &#8211; CONSUNI, de 18 de abril de 2008, em 2010, passa a Diretoria, atrav\u00e9s da Resolu\u00e7\u00e3o N\u00ba 31\/2010-CD,\u00a0 posteriormente, a ser Diretoria de A\u00e7\u00f5es Inclusivas (DAIN), atrav\u00e9s da Resolu\u00e7\u00e3o n\u00b0 5\/2015-CD e por meio da Resolu\u00e7\u00e3o N\u00b0 04\/2016-CD foi mantida sua natureza de \u00f3rg\u00e3o suplementar, ratificando sua denomina\u00e7\u00e3o e aprovando seu organograma como Diretoria de A\u00e7\u00f5es Inclusivas (DAIN).<\/p>\n<p>O trabalho desenvolvido pela DAIN consubstancia-se nas propostas gerais de a\u00e7\u00e3o com base nas Legisla\u00e7\u00f5es Nacionais e Internacionais de Educa\u00e7\u00e3o Especial &#8211; buscando promover e ampliar interc\u00e2mbio com diversas entidades, objetivando o gerenciamento, a transmiss\u00e3o e a fixa\u00e7\u00e3o de t\u00e9cnicas e metodologias no campo do ensino da Educa\u00e7\u00e3o Especial.<\/p>\n<ul>\n<li><strong>Contato<\/strong>: dain@uern.br<\/li>\n<li><strong>Endere\u00e7o<\/strong>:\u00a0\u00a0BR 110 &#8211; KM 46 &#8211; Rua Prof. Ant\u00f4nio Campos, s\/n &#8211; Costa e Silva &#8211; CEP: 59.633-010 &#8211; Mossor\u00f3\/RN.<\/li>\n<li><strong>Hor\u00e1rio de Atendimento\/Secretaria da Dain<\/strong>: 07:00 \u00e0s 13:00<\/li>\n<\/ul>\n","protected":false},"excerpt":{"rendered":"<p>A Universidade do Estado do Rio Grande do Norte \u2013 UERN, somando com a Diretoria de A\u00e7\u00f5es Inclusivas desenvolvem no \u00e2mbito da universidade, bem como em contexto local a\u00e7\u00f5es fundamentais na forma\u00e7\u00e3o de recursos humanos, pol\u00edticas e gest\u00e3o da educa\u00e7\u00e3o em diferentes \u00e1reas de conhecimento. Prima esfor\u00e7os pela qualidade de suas atividades de ensino, pesquisa [&hellip;]<\/p>\n","protected":false},"author":1,"featured_media":0,"parent":0,"menu_order":0,"comment_status":"closed","ping_status":"closed","template":"","meta":[],"_links":{"self":[{"href":"https:\/\/portal.uern.br\/dain\/wp-json\/wp\/v2\/pages\/5"}],"collection":[{"href":"https:\/\/portal.uern.br\/dain\/wp-json\/wp\/v2\/pages"}],"about":[{"href":"https:\/\/portal.uern.br\/dain\/wp-json\/wp\/v2\/types\/page"}],"author":[{"embeddable":true,"href":"https:\/\/portal.uern.br\/dain\/wp-json\/wp\/v2\/users\/1"}],"replies":[{"embeddable":true,"href":"https:\/\/portal.uern.br\/dain\/wp-json\/wp\/v2\/comments?post=5"}],"version-history":[{"count":5,"href":"https:\/\/portal.uern.br\/dain\/wp-json\/wp\/v2\/pages\/5\/revisions"}],"predecessor-version":[{"id":752,"href":"https:\/\/portal.uern.br\/dain\/wp-json\/wp\/v2\/pages\/5\/revisions\/752"}],"wp:attachment":[{"href":"https:\/\/portal.uern.br\/dain\/wp-json\/wp\/v2\/media?parent=5"}],"curies":[{"name":"wp","href":"https:\/\/api.w.org\/{rel}","templated":true}]}}