{"id":42,"date":"2022-10-25T14:18:51","date_gmt":"2022-10-25T17:18:51","guid":{"rendered":"https:\/\/paisdemossoro.com.br\/wordpress\/dain\/?page_id=42"},"modified":"2025-06-30T09:52:27","modified_gmt":"2025-06-30T12:52:27","slug":"lista-de-contatos","status":"publish","type":"page","link":"https:\/\/portal.uern.br\/dain\/lista-de-contatos\/","title":{"rendered":"Lista de contatos"},"content":{"rendered":"<p><strong>dain@uern.br<\/strong>\u00a0 (Diretoria de A\u00e7\u00f5es Inclusivas &#8211; DAIN)<\/p>\n<p><strong>Hor\u00e1rio de Atendimento\/Secretaria da Dain<\/strong>: 07:00 \u00e0s 13:00<\/p>\n<p>&nbsp;<\/p>\n","protected":false},"excerpt":{"rendered":"<p>dain@uern.br\u00a0 (Diretoria de A\u00e7\u00f5es Inclusivas &#8211; DAIN) Hor\u00e1rio de Atendimento\/Secretaria da Dain: 07:00 \u00e0s 13:00 &nbsp;<\/p>\n","protected":false},"author":1,"featured_media":0,"parent":0,"menu_order":0,"comment_status":"closed","ping_status":"closed","template":"","meta":[],"_links":{"self":[{"href":"https:\/\/portal.uern.br\/dain\/wp-json\/wp\/v2\/pages\/42"}],"collection":[{"href":"https:\/\/portal.uern.br\/dain\/wp-json\/wp\/v2\/pages"}],"about":[{"href":"https:\/\/portal.uern.br\/dain\/wp-json\/wp\/v2\/types\/page"}],"author":[{"embeddable":true,"href":"https:\/\/portal.uern.br\/dain\/wp-json\/wp\/v2\/users\/1"}],"replies":[{"embeddable":true,"href":"https:\/\/portal.uern.br\/dain\/wp-json\/wp\/v2\/comments?post=42"}],"version-history":[{"count":4,"href":"https:\/\/portal.uern.br\/dain\/wp-json\/wp\/v2\/pages\/42\/revisions"}],"predecessor-version":[{"id":753,"href":"https:\/\/portal.uern.br\/dain\/wp-json\/wp\/v2\/pages\/42\/revisions\/753"}],"wp:attachment":[{"href":"https:\/\/portal.uern.br\/dain\/wp-json\/wp\/v2\/media?parent=42"}],"curies":[{"name":"wp","href":"https:\/\/api.w.org\/{rel}","templated":true}]}}