{"id":18,"date":"2022-10-25T13:53:53","date_gmt":"2022-10-25T16:53:53","guid":{"rendered":"https:\/\/paisdemossoro.com.br\/wordpress\/dain\/?page_id=18"},"modified":"2022-10-25T13:54:01","modified_gmt":"2022-10-25T16:54:01","slug":"equipamentos","status":"publish","type":"page","link":"https:\/\/portal.uern.br\/dain\/equipamentos\/","title":{"rendered":"Equipamentos"},"content":{"rendered":"<h5>Ajudas T\u00e9cnicas<\/h5>\n<p>A DAIN, visando a inclus\u00e3o das pessoas com defici\u00eancia especial na UERN, faz uso de diversas tecnologias assistivas (equipamentos especiais, ajudas t\u00e9cnicas, softwares etc.). Dentre as principais, podemos destacar:<\/p>\n<ul>\n<li><strong>Impressora em Braille Index Everes<\/strong>t\u00a0&#8211; O equipamento \u00e9 capaz de converter textos comuns para o braille. Utiliza papel mais encorpado e tem agulhas especiais para fazer as ranhuras nas duas faces da folha. Tendo inclu\u00eddos alto-falantes podem ler o que vai sendo escrito, fazendo o acompanhamento da impress\u00e3o. A edi\u00e7\u00e3o dos textos para impress\u00e3o \u00e9 realizada pelo programa Braille F\u00e1cil que permite que o texto possa ser digitado diretamente no Braille F\u00e1cil ou importado a partir de um editor de textos convencional. O editor de textos utiliza os mesmos comandos do NotePad do Windows, com algumas facilidades adicionais.<\/li>\n<\/ul>\n<p>&nbsp;<\/p>\n<ul>\n<li><strong>Scanner de mesa<\/strong> &#8211;\u00a0possibilita a transfer\u00eancia de textos impressos para microcomputadores. O texto digitalizado pode ser lido atrav\u00e9s de um sintetizador de voz de um terminal Braille, impresso em Braille ou no sistema comum ampliado.<\/li>\n<\/ul>\n<p>&nbsp;<\/p>\n<ul>\n<li><strong>Thermoform<\/strong> &#8211;\u00a0Aparelho duplicador de materiais, empregando calor e v\u00e1cuo, para produzir relevo em pel\u00edcula de PVC, ideal para reprodu\u00e7\u00e3o de mapas e gr\u00e1ficos em relevo.<\/li>\n<\/ul>\n<p>&nbsp;<\/p>\n<ul>\n<li><strong>Reglete, Pun\u00e7\u00e3o<\/strong>\u00a0&#8211;\u00a0 Consistem essencialmente de duas placas de metal ou pl\u00e1stico, fixas de um lado com dobradi\u00e7as, de modo a permitir a introdu\u00e7\u00e3o do papel. A placa superior funciona como a primitiva r\u00e9gua e possui as janelas correspondentes \u00e0s celas Braille. Diretamente sob cada janela, a placa inferior possui, em baixo relevo, a configura\u00e7\u00e3o de cela Braille. Ponto por ponto, as pessoas cegas, com o pun\u00e7\u00e3o, formam o s\u00edmbolo Braille correspondente \u00e0s letras, n\u00fameros ou abreviaturas desejadas. Na reglete,\u00a0e<strong>screve-se o Braille da direita para a esquerda<\/strong>, na seq\u00fc\u00eancia normal de letras ou s\u00edmbolos. <strong>A\u00a0leitura \u00e9 feita normalmente da esquerda para a direita.<\/strong><\/li>\n<\/ul>\n<p>&nbsp;<\/p>\n<ul>\n<li><strong>A M\u00e1quina Perkins Brailer<\/strong> &#8211; \u00c9 constitu\u00edda basicamente por um teclado com seis teclas, cada uma correspondendo a um ponto da Cela Braille, sendo numeradas seguindo uma ordem: tr\u00eas teclas do lado esquerdo e tr\u00eas teclas do lado direito. A tecla central diferente marca apenas o espa\u00e7o. Existem ainda duas teclas situadas nos dois lados desse teclado principal, um pouco separada deles, sendo que a do lado esquerdo serve para mudar de linha e a da direita para retrocesso. Colocado, o papel \u00e9 enrolado manualmente e preso por dois bot\u00f5es situados ao lado do rolo. O toque de uma ou mais teclas simultaneamente produz a combina\u00e7\u00e3o dos pontos em relevo, correspondendo ao s\u00edmbolo desejado. Com a combina\u00e7\u00e3o dos seis pontos forma-se o c\u00f3digo de 63 sinais diferentes, que representam as 26 letras do alfabeto, acentua\u00e7\u00e3o, pontua\u00e7\u00e3o, n\u00fameros, s\u00edmbolos matem\u00e1ticos e qu\u00edmicos, partituras musicais e outros;<\/li>\n<\/ul>\n<p>&nbsp;<\/p>\n<ul>\n<li><strong>Sorob\u00e3<\/strong>\u00a0&#8211; O Sorob\u00e3 \u00e9 um aparelho de c\u00e1lculo. Na escrita de n\u00fameros reside a principal vantagem, que recomenda o sistema sorob\u00e3 como m\u00e9todo ideal de c\u00e1lculo para deficientes visuais. Com alguma habilidade o deficiente visual pode escrever n\u00fameros no sorob\u00e3 com a mesma velocidade ou at\u00e9 mesmo mais r\u00e1pido que um vidente escreve a l\u00e1pis no caderno. O Sorob\u00e3 est\u00e1 dividido em dois ret\u00e2ngulos: um largo com 4 rodinhas em cada eixo e, outro estreito com apenas 1 rodinha. Serve de separa\u00e7\u00e3o entre os ret\u00e2ngulos uma tabuinha chamada r\u00e9gua, que tem, de 3 em 3 eixos um ponto em relevo, tendo seis ao todo. \u00c9 junto da r\u00e9gua que se escreve e que se l\u00ea os algarismos. Para se calcular com o Sorob\u00e3, coloca-se o mesmo sobre uma mesa de modo que o ret\u00e2ngulo largo fique mais pr\u00f3ximo de quem vai calcular.<\/li>\n<\/ul>\n<p>&nbsp;<\/p>\n<ul>\n<li><strong>Bengala dobr\u00e1vel<\/strong>\u00a0&#8211; as bengalas podem ser definidas como um &#8220;prolongamento do tato&#8221; para o cego. Elas ajudam a pessoa com defici\u00eancia a locomover-se em ambientes conhecidos e desconhecidos. Com seu aux\u00edlio, o indiv\u00edduo tem condi\u00e7\u00f5es de &#8220;perceber&#8221; os obst\u00e1culos que est\u00e3o \u00e0 sua volta.<\/li>\n<\/ul>\n<p>&nbsp;<\/p>\n<ul>\n<li><strong>Lupas<\/strong>\u00a0&#8211; Lentes convergentes que ampliam os objetos, utilizadas para aux\u00edlio da leitura do deficiente Visual &#8211; Baixa Vis\u00e3o.<\/li>\n<\/ul>\n<p>&nbsp;<\/p>\n<ul>\n<li><strong>Livros em Braille<\/strong><\/li>\n<\/ul>\n","protected":false},"excerpt":{"rendered":"<p>Ajudas T\u00e9cnicas A DAIN, visando a inclus\u00e3o das pessoas com defici\u00eancia especial na UERN, faz uso de diversas tecnologias assistivas (equipamentos especiais, ajudas t\u00e9cnicas, softwares etc.). Dentre as principais, podemos destacar: Impressora em Braille Index Everest\u00a0&#8211; O equipamento \u00e9 capaz de converter textos comuns para o braille. Utiliza papel mais encorpado e tem agulhas especiais [&hellip;]<\/p>\n","protected":false},"author":1,"featured_media":0,"parent":0,"menu_order":0,"comment_status":"closed","ping_status":"closed","template":"","meta":[],"_links":{"self":[{"href":"https:\/\/portal.uern.br\/dain\/wp-json\/wp\/v2\/pages\/18"}],"collection":[{"href":"https:\/\/portal.uern.br\/dain\/wp-json\/wp\/v2\/pages"}],"about":[{"href":"https:\/\/portal.uern.br\/dain\/wp-json\/wp\/v2\/types\/page"}],"author":[{"embeddable":true,"href":"https:\/\/portal.uern.br\/dain\/wp-json\/wp\/v2\/users\/1"}],"replies":[{"embeddable":true,"href":"https:\/\/portal.uern.br\/dain\/wp-json\/wp\/v2\/comments?post=18"}],"version-history":[{"count":3,"href":"https:\/\/portal.uern.br\/dain\/wp-json\/wp\/v2\/pages\/18\/revisions"}],"predecessor-version":[{"id":710,"href":"https:\/\/portal.uern.br\/dain\/wp-json\/wp\/v2\/pages\/18\/revisions\/710"}],"wp:attachment":[{"href":"https:\/\/portal.uern.br\/dain\/wp-json\/wp\/v2\/media?parent=18"}],"curies":[{"name":"wp","href":"https:\/\/api.w.org\/{rel}","templated":true}]}}