{"id":12,"date":"2022-10-25T13:49:40","date_gmt":"2022-10-25T16:49:40","guid":{"rendered":"https:\/\/paisdemossoro.com.br\/wordpress\/dain\/?page_id=12"},"modified":"2025-06-26T10:27:30","modified_gmt":"2025-06-26T13:27:30","slug":"discentes","status":"publish","type":"page","link":"https:\/\/portal.uern.br\/dain\/discentes\/","title":{"rendered":"Discentes"},"content":{"rendered":"<h5>Semestre 2025.1<\/h5>\n<p><img fetchpriority=\"high\" decoding=\"async\" class=\"alignnone wp-image-745 \" src=\"https:\/\/portal.uern.br\/dain\/wp-content\/uploads\/sites\/8\/2025\/06\/Quantitativo-de-alunos-com-deficiencias-na-UERN-2025.1-2-300x186.png\" alt=\"Gr\u00e1fico de barras verticais na cor azul com o t\u00edtulo \u2018Quantitativo de alunos com defici\u00eancia na UERN - 2025.1\u2019. O eixo horizontal apresenta as categorias: Campus distribu\u00eddos entre Mossor\u00f3, Pau dos Ferros, Ass\u00fa, Caic\u00f3, Natal, Patu, DEAD e P\u00f3s-Gradua\u00e7\u00e3o. O eixo vertical exibe quantidades de 0 a 150 alunos. O Campus Mossor\u00f3 conta com 142 alunos, Natal (32 alunos), Pau dos Ferros (24 alunos). DEAD (19), P\u00f3s-Gradua\u00e7\u00e3o (13), Caic\u00f3 (12), Ass\u00fa (11) e Patu (10).\" width=\"789\" height=\"490\" srcset=\"https:\/\/portal.uern.br\/dain\/wp-content\/uploads\/sites\/8\/2025\/06\/Quantitativo-de-alunos-com-deficiencias-na-UERN-2025.1-2-300x186.png 300w, https:\/\/portal.uern.br\/dain\/wp-content\/uploads\/sites\/8\/2025\/06\/Quantitativo-de-alunos-com-deficiencias-na-UERN-2025.1-2.png 723w\" sizes=\"(max-width: 789px) 100vw, 789px\" \/><\/p>\n<p>Total de alunos: 263<br \/>\nFonte: Dain 2025<\/p>\n","protected":false},"excerpt":{"rendered":"<p>Semestre 2025.1 Total de alunos: 263 Fonte: Dain 2025<\/p>\n","protected":false},"author":1,"featured_media":0,"parent":0,"menu_order":0,"comment_status":"closed","ping_status":"closed","template":"","meta":[],"_links":{"self":[{"href":"https:\/\/portal.uern.br\/dain\/wp-json\/wp\/v2\/pages\/12"}],"collection":[{"href":"https:\/\/portal.uern.br\/dain\/wp-json\/wp\/v2\/pages"}],"about":[{"href":"https:\/\/portal.uern.br\/dain\/wp-json\/wp\/v2\/types\/page"}],"author":[{"embeddable":true,"href":"https:\/\/portal.uern.br\/dain\/wp-json\/wp\/v2\/users\/1"}],"replies":[{"embeddable":true,"href":"https:\/\/portal.uern.br\/dain\/wp-json\/wp\/v2\/comments?post=12"}],"version-history":[{"count":17,"href":"https:\/\/portal.uern.br\/dain\/wp-json\/wp\/v2\/pages\/12\/revisions"}],"predecessor-version":[{"id":747,"href":"https:\/\/portal.uern.br\/dain\/wp-json\/wp\/v2\/pages\/12\/revisions\/747"}],"wp:attachment":[{"href":"https:\/\/portal.uern.br\/dain\/wp-json\/wp\/v2\/media?parent=12"}],"curies":[{"name":"wp","href":"https:\/\/api.w.org\/{rel}","templated":true}]}}