{"id":98937,"date":"2022-10-05T07:55:52","date_gmt":"2022-10-05T10:55:52","guid":{"rendered":"https:\/\/portal.uern.br\/conselhos\/?page_id=98937"},"modified":"2023-03-01T09:00:40","modified_gmt":"2023-03-01T12:00:40","slug":"resolucoes-conselho-curador","status":"publish","type":"page","link":"https:\/\/portal.uern.br\/conselhos\/resolucoes-conselho-curador\/","title":{"rendered":"Resolu\u00e7\u00f5es Conselho Curador"},"content":{"rendered":"<style>\n    .wpdmdt-toolbar {\n        padding: 10px;\n    }\n\n    .wpdmdt-toolbarb {\n        padding: 5px 10px 10px;\n    }\n\n    .wpdmdt-toolbar > div {\n        display: inline-block;\n    }\n\n    table, td, th {\n        border: 0;\n    }\n\n    #wpdm-all-packages .card {\n        overflow: hidden;\n    }\n\n    .dataTables_wrapper .table {\n        margin: 0;\n    }\n\n    #wpdmmydls-beeaf8456900d0cbe9c3ffdd1a163a61 {\n        border-bottom: 1px solid #dddddd;\n        border-top: 1px solid #dddddd;\n        font-size: 10pt;\n        min-width: 100%;\n    }\n\n    #wpdmmydls-beeaf8456900d0cbe9c3ffdd1a163a61 .wpdm-download-link img {\n        box-shadow: none !important;\n        max-width: 100%;\n    }\n\n    .w3eden .pagination {\n        margin: 0 !important;\n    }\n\n    #wpdmmydls-beeaf8456900d0cbe9c3ffdd1a163a61 td:not(:first-child) {\n        vertical-align: middle !important;\n    }\n\n    #wpdmmydls-beeaf8456900d0cbe9c3ffdd1a163a61 td.__dt_col_download_link .btn {\n        display: block;\n        width: 100%;\n    }\n\n    #wpdmmydls-beeaf8456900d0cbe9c3ffdd1a163a61 td.__dt_col_download_link,\n    #wpdmmydls-beeaf8456900d0cbe9c3ffdd1a163a61 th#download_link {\n        max-width: 155px !important;\n        width: 155px;\n\n    }\n\n    #wpdmmydls-beeaf8456900d0cbe9c3ffdd1a163a61 th {\n        background-color: rgba(0, 0, 0, 0.04);\n        border-bottom: 1px solid rgba(0, 0, 0, 0.025);\n    }\n\n    #wpdmmydls-beeaf8456900d0cbe9c3ffdd1a163a61_length label,\n    #wpdmmydls-beeaf8456900d0cbe9c3ffdd1a163a61_filter label {\n        font-weight: 400;\n    }\n\n    #wpdmmydls-beeaf8456900d0cbe9c3ffdd1a163a61_filter input[type=search] {\n        display: inline-block;\n        width: 200px;\n        font-size: 12px;\n    }\n\n    #wpdmmydls-beeaf8456900d0cbe9c3ffdd1a163a61_length select {\n        display: inline-block;\n        width: 60px;\n        font-size: 11px;\n    }\n\n    #wpdmmydls-beeaf8456900d0cbe9c3ffdd1a163a61 .package-title {\n        color: #36597C;\n        font-size: 11pt;\n        font-weight: 700;\n    }\n\n    #wpdmmydls-beeaf8456900d0cbe9c3ffdd1a163a61 .small-txt {\n        margin-right: 7px;\n    }\n\n    #wpdmmydls-beeaf8456900d0cbe9c3ffdd1a163a61 td.__dt_col_categories {\n        max-width: 300px;\n    }\n\n    #wpdmmydls-beeaf8456900d0cbe9c3ffdd1a163a61 .small-txt,\n    #wpdmmydls-beeaf8456900d0cbe9c3ffdd1a163a61 small {\n        font-size: 9pt;\n    }\n\n    .w3eden .table-striped tbody tr:nth-of-type(2n+1) {\n        background-color: rgba(0, 0, 0, 0.015);\n    }\n\n    .dataTables_wrapper .dataTables_paginate .paginate_button:active,\n    .dataTables_wrapper .dataTables_paginate .paginate_button:focus,\n    .dataTables_wrapper .dataTables_paginate .paginate_button:hover,\n    .dataTables_wrapper .dataTables_paginate .paginate_button {\n        margin: 0 !important;\n        padding: 0 !important;\n        border: 0 !important;\n        background: transparent !important;\n    }\n\n    .paginate_button.page-item.active a {\n        background: var(--color-primary) !important;\n        color: #fff !important;\n    }\n\n\n    @media (max-width: 799px) {\n        #wpdmmydls-beeaf8456900d0cbe9c3ffdd1a163a61 tr {\n            display: block;\n            border: 3px solid rgba(0, 0, 0, 0.3) !important;\n            margin-bottom: 10px !important;\n            position: relative;\n        }\n\n        #wpdmmydls-beeaf8456900d0cbe9c3ffdd1a163a61 thead {\n            display: none;\n        }\n\n        #wpdmmydls-beeaf8456900d0cbe9c3ffdd1a163a61,\n        #wpdmmydls-beeaf8456900d0cbe9c3ffdd1a163a61 td:first-child {\n            border: 0 !important;\n        }\n\n        #wpdmmydls-beeaf8456900d0cbe9c3ffdd1a163a61 td {\n            display: block;\n        }\n\n        #wpdmmydls-beeaf8456900d0cbe9c3ffdd1a163a61 td.__dt_col_download_link {\n            display: block;\n            max-width: 100% !important;\n            width: auto !important;\n\n        }\n    }\n\n\n<\/style>\n<div class=\"w3eden\">\n    <div id=\"wpdm-all-packages\">\n        <table id=\"wpdmmydls-beeaf8456900d0cbe9c3ffdd1a163a61\" class=\"table table-striped wpdm-all-packages-table\">\n            <thead>\n            <tr>\n\t\t\t\t                    <th style='width: 230px !important;min-width: 230px !important;max-width: 230px !important;' id=\"title\"\n                                                                        class=\"\">T\u00edtulo<\/th>\n\t\t\t\t                    <th  id=\"excerpt\"\n                                                                        class=\"hidden-sm hidden-xs\">Ementa<\/th>\n\t\t\t\t                    <th style='width: 155px !important;min-width: 155px !important;max-width: 155px !important;' id=\"download_link\"\n                                                                        class=\"hidden-sm hidden-xs\">Download<\/th>\n\t\t\t\t\n            <\/tr>\n            <\/thead>\n            <tbody>\n\t\t\t\n                    <tr class=\"__dt_row\">\n\t\t\t\t\t\t                            <td                                     class=\"__dt_col_0 __dt_col __dt_col_title\"\n\t\t\t\t\t\t\t\t\tstyle=\"background-image: url('https:\/\/portal.uern.br\/conselhos\/wp-content\/plugins\/download-manager\/assets\/file-type-icons\/pdf.svg');background-size: 36px;background-position: 5px 8px;background-repeat:  no-repeat;padding-left: 52px;line-height: normal;\">\n\t\t\t\t\t\t\t\t<strong>Resolu\u00e7\u00e3o n\u00ba 01\/2025 &#8211; CC<\/strong><br\/><div class=\"hidden-md hidden-lg td-mobile\"><\/div>\n\n                            <\/td>\n\t\t\t\t\t\t                            <td                                     class=\"__dt_col_1 __dt_col __dt_col_excerpt\"\n\t\t\t\t\t\t\t\t\t>\n\t\t\t\t\t\t\t\t<div class='__dt_excerpt '>Aprova os nomes dos representantes dos segmentos sociais da comunidade para o bi\u00eanio 2025\/2027<\/div>\n\n                            <\/td>\n\t\t\t\t\t\t                            <td                                     class=\"__dt_col_2 __dt_col __dt_col_download_link\"\n\t\t\t\t\t\t\t\t\t>\n\t\t\t\t\t\t\t\t<a class='wpdm-download-link download-on-click btn btn-primary ' rel='nofollow' href='#' data-pid='100597' data-downloadurl=\"https:\/\/portal.uern.br\/conselhos\/download\/resolucao-no-01-2025-cc\/?wpdmdl=100597&refresh=6a0029293266e1778395433\" >Download<\/a>\n\n                            <\/td>\n\t\t\t\t\t\t\n                    <\/tr>\n\t\t\t\t\n                    <tr class=\"__dt_row\">\n\t\t\t\t\t\t                            <td                                     class=\"__dt_col_0 __dt_col __dt_col_title\"\n\t\t\t\t\t\t\t\t\tstyle=\"background-image: url('https:\/\/portal.uern.br\/conselhos\/wp-content\/plugins\/download-manager\/assets\/file-type-icons\/pdf.svg');background-size: 36px;background-position: 5px 8px;background-repeat:  no-repeat;padding-left: 52px;line-height: normal;\">\n\t\t\t\t\t\t\t\t<strong>Resolu\u00e7\u00e3o n\u00ba 01\/2024 &#8211; CC<\/strong><br\/><div class=\"hidden-md hidden-lg td-mobile\"><\/div>\n\n                            <\/td>\n\t\t\t\t\t\t                            <td                                     class=\"__dt_col_1 __dt_col __dt_col_excerpt\"\n\t\t\t\t\t\t\t\t\t>\n\t\t\t\t\t\t\t\t<div class='__dt_excerpt '>Institui o SIGElei\u00e7\u00e3o para gerenciamento processo eleitoral escolha representantes CC<\/div>\n\n                            <\/td>\n\t\t\t\t\t\t                            <td                                     class=\"__dt_col_2 __dt_col __dt_col_download_link\"\n\t\t\t\t\t\t\t\t\t>\n\t\t\t\t\t\t\t\t<a class='wpdm-download-link download-on-click btn btn-primary ' rel='nofollow' href='#' data-pid='100487' data-downloadurl=\"https:\/\/portal.uern.br\/conselhos\/download\/resolucao-no-01-2024-cc\/?wpdmdl=100487&refresh=6a002929392331778395433\" >Download<\/a>\n\n                            <\/td>\n\t\t\t\t\t\t\n                    <\/tr>\n\t\t\t\t\n                    <tr class=\"__dt_row\">\n\t\t\t\t\t\t                            <td                                     class=\"__dt_col_0 __dt_col __dt_col_title\"\n\t\t\t\t\t\t\t\t\tstyle=\"background-image: url('https:\/\/portal.uern.br\/conselhos\/wp-content\/plugins\/download-manager\/assets\/file-type-icons\/pdf.svg');background-size: 36px;background-position: 5px 8px;background-repeat:  no-repeat;padding-left: 52px;line-height: normal;\">\n\t\t\t\t\t\t\t\t<strong>Resolu\u00e7\u00e3o n\u00ba 02\/2023 &#8211; CC<\/strong><br\/><div class=\"hidden-md hidden-lg td-mobile\"><\/div>\n\n                            <\/td>\n\t\t\t\t\t\t                            <td                                     class=\"__dt_col_1 __dt_col __dt_col_excerpt\"\n\t\t\t\t\t\t\t\t\t>\n\t\t\t\t\t\t\t\t<div class='__dt_excerpt '>Constitui a Comiss\u00e3o Especial de Trabalho (CET) para elaborar o novo Regimento Interno do Conselho Curador (CC) da Funda\u00e7\u00e3o Universidade do Estado do Rio Grande do Norte (Fuern)<\/div>\n\n                            <\/td>\n\t\t\t\t\t\t                            <td                                     class=\"__dt_col_2 __dt_col __dt_col_download_link\"\n\t\t\t\t\t\t\t\t\t>\n\t\t\t\t\t\t\t\t<a class='wpdm-download-link download-on-click btn btn-primary ' rel='nofollow' href='#' data-pid='100291' data-downloadurl=\"https:\/\/portal.uern.br\/conselhos\/download\/resolucao-no-02-2023-cc\/?wpdmdl=100291&refresh=6a0029293d0771778395433\" >Download<\/a>\n\n                            <\/td>\n\t\t\t\t\t\t\n                    <\/tr>\n\t\t\t\t\n                    <tr class=\"__dt_row\">\n\t\t\t\t\t\t                            <td                                     class=\"__dt_col_0 __dt_col __dt_col_title\"\n\t\t\t\t\t\t\t\t\tstyle=\"background-image: url('https:\/\/portal.uern.br\/conselhos\/wp-content\/plugins\/download-manager\/assets\/file-type-icons\/pdf.svg');background-size: 36px;background-position: 5px 8px;background-repeat:  no-repeat;padding-left: 52px;line-height: normal;\">\n\t\t\t\t\t\t\t\t<strong>Resolu\u00e7\u00e3o n\u00ba 01\/2023 &#8211; CC<\/strong><br\/><div class=\"hidden-md hidden-lg td-mobile\"><\/div>\n\n                            <\/td>\n\t\t\t\t\t\t                            <td                                     class=\"__dt_col_1 __dt_col __dt_col_excerpt\"\n\t\t\t\t\t\t\t\t\t>\n\t\t\t\t\t\t\t\t<div class='__dt_excerpt '>Aprova nomes dos representantes dos segmentos sociais da comunidade para o Bi\u00eanio 2023-2025<\/div>\n\n                            <\/td>\n\t\t\t\t\t\t                            <td                                     class=\"__dt_col_2 __dt_col __dt_col_download_link\"\n\t\t\t\t\t\t\t\t\t>\n\t\t\t\t\t\t\t\t<a class='wpdm-download-link download-on-click btn btn-primary ' rel='nofollow' href='#' data-pid='100292' data-downloadurl=\"https:\/\/portal.uern.br\/conselhos\/download\/resolucao-no-01-2023-cc\/?wpdmdl=100292&refresh=6a002929411a31778395433\" >Download<\/a>\n\n                            <\/td>\n\t\t\t\t\t\t\n                    <\/tr>\n\t\t\t\t\n                    <tr class=\"__dt_row\">\n\t\t\t\t\t\t                            <td                                     class=\"__dt_col_0 __dt_col __dt_col_title\"\n\t\t\t\t\t\t\t\t\tstyle=\"background-image: url('https:\/\/portal.uern.br\/conselhos\/wp-content\/plugins\/download-manager\/assets\/file-type-icons\/pdf.svg');background-size: 36px;background-position: 5px 8px;background-repeat:  no-repeat;padding-left: 52px;line-height: normal;\">\n\t\t\t\t\t\t\t\t<strong>Resolu\u00e7\u00e3o N\u00b0 01\/2022 &#8211; CC<\/strong><br\/><div class=\"hidden-md hidden-lg td-mobile\"><\/div>\n\n                            <\/td>\n\t\t\t\t\t\t                            <td                                     class=\"__dt_col_1 __dt_col __dt_col_excerpt\"\n\t\t\t\t\t\t\t\t\t>\n\t\t\t\t\t\t\t\t<div class='__dt_excerpt '>Constitui Comiss\u00e3o para alterar o artigo 27 do Regimento Interno do CC<\/div>\n\n                            <\/td>\n\t\t\t\t\t\t                            <td                                     class=\"__dt_col_2 __dt_col __dt_col_download_link\"\n\t\t\t\t\t\t\t\t\t>\n\t\t\t\t\t\t\t\t<a class='wpdm-download-link download-on-click btn btn-primary ' rel='nofollow' href='#' data-pid='34182' data-downloadurl=\"https:\/\/portal.uern.br\/conselhos\/download\/resolucao-n-01-2022-cc\/?wpdmdl=34182&refresh=6a002929472601778395433\" >Download<\/a>\n\n                            <\/td>\n\t\t\t\t\t\t\n                    <\/tr>\n\t\t\t\t\n                    <tr class=\"__dt_row\">\n\t\t\t\t\t\t                            <td                                     class=\"__dt_col_0 __dt_col __dt_col_title\"\n\t\t\t\t\t\t\t\t\tstyle=\"background-image: url('https:\/\/portal.uern.br\/conselhos\/wp-content\/plugins\/download-manager\/assets\/file-type-icons\/pdf.svg');background-size: 36px;background-position: 5px 8px;background-repeat:  no-repeat;padding-left: 52px;line-height: normal;\">\n\t\t\t\t\t\t\t\t<strong>Resolu\u00e7\u00e3o N\u00b0 02\/2021 &#8211; CC<\/strong><br\/><div class=\"hidden-md hidden-lg td-mobile\"><\/div>\n\n                            <\/td>\n\t\t\t\t\t\t                            <td                                     class=\"__dt_col_1 __dt_col __dt_col_excerpt\"\n\t\t\t\t\t\t\t\t\t>\n\t\t\t\t\t\t\t\t<div class='__dt_excerpt '>Aprova nomes dos representantes dos segmentos sociais da comunidade para o Bi\u00eanio 2021-2023<\/div>\n\n                            <\/td>\n\t\t\t\t\t\t                            <td                                     class=\"__dt_col_2 __dt_col __dt_col_download_link\"\n\t\t\t\t\t\t\t\t\t>\n\t\t\t\t\t\t\t\t<a class='wpdm-download-link download-on-click btn btn-primary ' rel='nofollow' href='#' data-pid='34181' data-downloadurl=\"https:\/\/portal.uern.br\/conselhos\/download\/resolucao-n-02-2021-cc\/?wpdmdl=34181&refresh=6a0029294b8a01778395433\" >Download<\/a>\n\n                            <\/td>\n\t\t\t\t\t\t\n                    <\/tr>\n\t\t\t\t\n                    <tr class=\"__dt_row\">\n\t\t\t\t\t\t                            <td                                     class=\"__dt_col_0 __dt_col __dt_col_title\"\n\t\t\t\t\t\t\t\t\tstyle=\"background-image: url('https:\/\/portal.uern.br\/conselhos\/wp-content\/plugins\/download-manager\/assets\/file-type-icons\/pdf.svg');background-size: 36px;background-position: 5px 8px;background-repeat:  no-repeat;padding-left: 52px;line-height: normal;\">\n\t\t\t\t\t\t\t\t<strong>Resolu\u00e7\u00e3o N\u00ba 01\/2021 &#8211; CC<\/strong><br\/><div class=\"hidden-md hidden-lg td-mobile\"><\/div>\n\n                            <\/td>\n\t\t\t\t\t\t                            <td                                     class=\"__dt_col_1 __dt_col __dt_col_excerpt\"\n\t\t\t\t\t\t\t\t\t>\n\t\t\t\t\t\t\t\t<div class='__dt_excerpt '>Estabelece, em car\u00e1ter excepcional, normas referentes \u00e0 realiza\u00e7\u00e3o das reuni\u00f5es por videoconfer\u00eancia<\/div>\n\n                            <\/td>\n\t\t\t\t\t\t                            <td                                     class=\"__dt_col_2 __dt_col __dt_col_download_link\"\n\t\t\t\t\t\t\t\t\t>\n\t\t\t\t\t\t\t\t<a class='wpdm-download-link download-on-click btn btn-primary ' rel='nofollow' href='#' data-pid='34180' data-downloadurl=\"https:\/\/portal.uern.br\/conselhos\/download\/resolucao-no-01-2021-cc\/?wpdmdl=34180&refresh=6a00292962a841778395433\" >Download<\/a>\n\n                            <\/td>\n\t\t\t\t\t\t\n                    <\/tr>\n\t\t\t\t\t\t\t            <\/tbody>\n        <\/table>\n\n\t\t<div class='text-center'><ul class='pagination wpdm-pagination pagination-centered text-center'><\/ul><\/div>\n    <\/div>\n<\/div>\n\n","protected":false},"excerpt":{"rendered":"","protected":false},"author":1,"featured_media":0,"parent":0,"menu_order":0,"comment_status":"closed","ping_status":"closed","template":"","meta":[],"_links":{"self":[{"href":"https:\/\/portal.uern.br\/conselhos\/wp-json\/wp\/v2\/pages\/98937"}],"collection":[{"href":"https:\/\/portal.uern.br\/conselhos\/wp-json\/wp\/v2\/pages"}],"about":[{"href":"https:\/\/portal.uern.br\/conselhos\/wp-json\/wp\/v2\/types\/page"}],"author":[{"embeddable":true,"href":"https:\/\/portal.uern.br\/conselhos\/wp-json\/wp\/v2\/users\/1"}],"replies":[{"embeddable":true,"href":"https:\/\/portal.uern.br\/conselhos\/wp-json\/wp\/v2\/comments?post=98937"}],"version-history":[{"count":1,"href":"https:\/\/portal.uern.br\/conselhos\/wp-json\/wp\/v2\/pages\/98937\/revisions"}],"predecessor-version":[{"id":98938,"href":"https:\/\/portal.uern.br\/conselhos\/wp-json\/wp\/v2\/pages\/98937\/revisions\/98938"}],"wp:attachment":[{"href":"https:\/\/portal.uern.br\/conselhos\/wp-json\/wp\/v2\/media?parent=98937"}],"curies":[{"name":"wp","href":"https:\/\/api.w.org\/{rel}","templated":true}]}}