{"id":100372,"date":"2024-06-07T09:41:03","date_gmt":"2024-06-07T12:41:03","guid":{"rendered":"https:\/\/portal.uern.br\/conselhos\/?page_id=100372"},"modified":"2026-03-10T10:01:38","modified_gmt":"2026-03-10T13:01:38","slug":"conselheiros-consuni","status":"publish","type":"page","link":"https:\/\/portal.uern.br\/conselhos\/conselheiros-consuni\/","title":{"rendered":"Conselheiros CONSUNI"},"content":{"rendered":"<p><b>Conselho Universit\u00e1rio (Consuni)<\/b><\/p>\n<p><strong>\u00a0 \u00a0 \u00a0 \u00a0 \u00a0 \u00a0 \u00a0 \u00a0 \u00a0 \u00a0 \u00a0 \u00a0 \u00a0 \u00a0 \u00a0 \u00a0 \u00a0 \u00a0 \u00a0 \u00a0 \u00a0 \u00a0 \u00a0 \u00a0 \u00a0 \u00a0 \u00a0 \u00a0 \u00a0 \u00a0 \u00a0 \u00a0 \u00a0 \u00a0 \u00a0 \u00a0 \u00a0 \u00a0 \u00a0 \u00a0 \u00a0 \u00a0 \u00a0 \u00a0 \u00a0 \u00a0 \u00a0 \u00a0 \u00a0 \u00a0 \u00a0 \u00a0 \u00a0 \u00a0 \u00a0 \u00a0 Composi\u00e7\u00e3o<\/strong><\/p>\n<table>\n<thead>\n<tr>\n<th><b>N\u00ba<\/b><\/th>\n<th colspan=\"2\"><b>REPRESENTA\u00c7\u00c3O<\/b><\/th>\n<th><b>CONSELHEIROS TITULARES<\/b><\/th>\n<th><b>PER\u00cdODO DO MANDATO<\/b><\/th>\n<\/tr>\n<\/thead>\n<tbody>\n<tr>\n<td colspan=\"2\">\n<p style=\"text-align: center\">01<\/p>\n<\/td>\n<td><span style=\"font-weight: 400\">Reitor \u2013 Presidente<\/span><\/td>\n<td style=\"text-align: left\"><span style=\"font-weight: 400\">Profa. Cic\u00edlia Raquel Maia Leite<\/span><\/td>\n<td style=\"text-align: center\"><span style=\"font-weight: 400\">Nato<br \/>\n<\/span><span style=\"font-weight: 400\">(28\/09\/2029)<\/span><\/td>\n<\/tr>\n<tr>\n<td colspan=\"2\">\n<p style=\"text-align: center\">02<\/p>\n<\/td>\n<td><span style=\"font-weight: 400\">Vice-Reitor \u2013 Vice-Presidente<\/span><\/td>\n<td><span style=\"font-weight: 400\">Prof. Francisco Dantas de Medeiros Neto<\/span><\/td>\n<td style=\"text-align: center\"><span style=\"font-weight: 400\">Nato<br \/>\n<\/span><span style=\"font-weight: 400\">(28\/09\/2029)<\/span><\/td>\n<\/tr>\n<tr>\n<td colspan=\"2\">\n<p style=\"text-align: center\">03<\/p>\n<\/td>\n<td><span style=\"font-weight: 400\">Pr\u00f3-Reitoria de Ensino de Gradua\u00e7\u00e3o<\/span><\/td>\n<td><span style=\"font-weight: 400\">Profa. Fernanda Abreu de Oliveira<\/span><\/td>\n<td style=\"text-align: center\"><span style=\"font-weight: 400\">Nato<br \/>\n<\/span><span style=\"font-weight: 400\">(28\/09\/2029)<\/span><\/td>\n<\/tr>\n<tr>\n<td colspan=\"2\">\n<p style=\"text-align: center\">04<\/p>\n<\/td>\n<td><span style=\"font-weight: 400\">Pr\u00f3-Reitoria de Pesquisa e P\u00f3s-Gradua\u00e7\u00e3o<\/span><\/td>\n<td><span style=\"font-weight: 400\">Profa. Ellany Gurgel Cosme do Nascimento<\/span><\/td>\n<td style=\"text-align: center\"><span style=\"font-weight: 400\">Nato<br \/>\n<\/span><span style=\"font-weight: 400\">(28\/09\/2029)<\/span><\/td>\n<\/tr>\n<tr>\n<td colspan=\"2\">\n<p style=\"text-align: center\">05<\/p>\n<\/td>\n<td><span style=\"font-weight: 400\">Pr\u00f3-Reitoria de Extens\u00e3o<\/span><\/td>\n<td style=\"text-align: left\"><span style=\"font-weight: 400\">Prof. Esdra Marchezan Sales<\/span><\/td>\n<td style=\"text-align: center\"><span style=\"font-weight: 400\">Nato<br \/>\n<\/span><span style=\"font-weight: 400\">(28\/09\/2029)<\/span><\/td>\n<\/tr>\n<tr>\n<td colspan=\"2\">\n<p style=\"text-align: center\">06<\/p>\n<\/td>\n<td><span style=\"font-weight: 400\">Dire\u00e7\u00e3o da Facem<\/span><\/td>\n<td><span style=\"font-weight: 400\">Prof. Leovigildo Cavalcanti de Albuquerque Neto<\/span><\/td>\n<td style=\"text-align: center\"><span style=\"font-weight: 400\">Nato<br \/>\n<\/span><span style=\"font-weight: 400\">(27\/06\/2026)<\/span><\/td>\n<\/tr>\n<tr>\n<td colspan=\"2\">\n<p style=\"text-align: center\">07<\/p>\n<\/td>\n<td><span style=\"font-weight: 400\">Dire\u00e7\u00e3o da Fasso<\/span><\/td>\n<td><span style=\"font-weight: 400\">Profa. Joana D&#8217;arc Lacerda Alves Felipe<\/span><\/td>\n<td style=\"text-align: center\"><span style=\"font-weight: 400\">Nato<br \/>\n<\/span><span style=\"font-weight: 400\">(30\/09\/2026)<\/span><\/td>\n<\/tr>\n<tr>\n<td colspan=\"2\">\n<p style=\"text-align: center\">08<\/p>\n<\/td>\n<td><span style=\"font-weight: 400\">Dire\u00e7\u00e3o da FE<\/span><\/td>\n<td style=\"text-align: left\"><span style=\"font-weight: 400\">Profa. Meyre Ester Barbosa de Oliveira<\/span><\/td>\n<td style=\"text-align: center\"><span style=\"font-weight: 400\">Nato<br \/>\n<\/span><span style=\"font-weight: 400\">(18\/05\/2026)<\/span><\/td>\n<\/tr>\n<tr>\n<td colspan=\"2\">\n<p style=\"text-align: center\">09<\/p>\n<\/td>\n<td>Dire\u00e7\u00e3o da Fala<\/td>\n<td>Profa. Iara Maria Carneiro de Freitas<\/td>\n<td style=\"text-align: center\">Nato<br \/>\n(02\/06\/2028)<\/td>\n<\/tr>\n<tr>\n<td colspan=\"2\">\n<p style=\"text-align: center\">10<\/p>\n<\/td>\n<td><span style=\"font-weight: 400\">Dire\u00e7\u00e3o da Faen<\/span><\/td>\n<td><span style=\"font-weight: 400\">Prof. Francisco Rafael Ribeiro Soares<\/span><\/td>\n<td style=\"text-align: center\"><span style=\"font-weight: 400\">Nato<br \/>\n<\/span><span style=\"font-weight: 400\">(11\/07\/2026)<\/span><\/td>\n<\/tr>\n<tr>\n<td colspan=\"2\">\n<p style=\"text-align: center\">11<\/p>\n<\/td>\n<td><span style=\"font-weight: 400\">Dire\u00e7\u00e3o da Faef<\/span><\/td>\n<td><span style=\"font-weight: 400\">Profa. Danielle de Sousa Bessa dos Santos<\/span><\/td>\n<td style=\"text-align: center\"><span style=\"font-weight: 400\">Nato<br \/>\n<\/span><span style=\"font-weight: 400\">(22\/06\/2026)<\/span><\/td>\n<\/tr>\n<tr>\n<td colspan=\"2\">\n<p style=\"text-align: center\">12<\/p>\n<\/td>\n<td><span style=\"font-weight: 400\">Dire\u00e7\u00e3o da Fafic<\/span><\/td>\n<td><span style=\"font-weight: 400\">Prof. Marc\u00edlio Lima Falc\u00e3o<\/span><\/td>\n<td style=\"text-align: center\"><span style=\"font-weight: 400\">Nato<br \/>\n<\/span><span style=\"font-weight: 400\">(26\/07\/2026)<\/span><\/td>\n<\/tr>\n<tr>\n<td colspan=\"2\">\n<p style=\"text-align: center\">13<\/p>\n<\/td>\n<td><span style=\"font-weight: 400\">Dire\u00e7\u00e3o da Fanat<\/span><\/td>\n<td><span style=\"font-weight: 400\">Prof. Jos\u00e9 Ronaldo Pereira da Silva<\/span><\/td>\n<td style=\"text-align: center\"><span style=\"font-weight: 400\">Nato<br \/>\n<\/span><span style=\"font-weight: 400\">(13\/05\/2028)<\/span><\/td>\n<\/tr>\n<tr>\n<td colspan=\"2\">\n<p style=\"text-align: center\">14<\/p>\n<\/td>\n<td><span style=\"font-weight: 400\">Dire\u00e7\u00e3o da FAD<\/span><\/td>\n<td><span style=\"font-weight: 400\">Profa. Inessa da Mota Linhares <\/span><span style=\"font-family: inherit;font-size: inherit\">Vasconcelos<\/span><\/td>\n<td style=\"text-align: center\"><span style=\"font-weight: 400\">Nato<br \/>\n<\/span><span style=\"font-weight: 400\">31\/03\/2027<\/span><\/td>\n<\/tr>\n<tr>\n<td colspan=\"2\">\n<p style=\"text-align: center\">15<\/p>\n<\/td>\n<td><span style=\"font-weight: 400\">Dire\u00e7\u00e3o da Facs<\/span><\/td>\n<td><span style=\"font-weight: 400\">Profa. Allyssandra Maria Lima Rodrigues Maia\u00a0<\/span><\/td>\n<td style=\"text-align: center\"><span style=\"font-weight: 400\">Nato<br \/>\n<\/span><span style=\"font-weight: 400\">(31\/07\/2026)<\/span><\/td>\n<\/tr>\n<tr>\n<td colspan=\"2\">\n<p style=\"text-align: center\">16<\/p>\n<\/td>\n<td><span style=\"font-weight: 400\">Dire\u00e7\u00e3o do <\/span><i><span style=\"font-weight: 400\">Campus<\/span><\/i><span style=\"font-weight: 400\"> Avan\u00e7ado de Assu<\/span><\/td>\n<td><span style=\"font-weight: 400\">Prof. Raimundo In\u00e1cio da Silva Filho<\/span>Nato<\/td>\n<td style=\"text-align: center\"><span style=\"font-weight: 400\">Nato<br \/>\n<\/span><span style=\"font-weight: 400\">(01\/06\/2026)<\/span><\/td>\n<\/tr>\n<tr>\n<td colspan=\"2\">\n<p style=\"text-align: center\">17<\/p>\n<\/td>\n<td>Dire\u00e7\u00e3o do <i>Campus<\/i> Avan\u00e7ado de P. Ferros<\/td>\n<td>Prof. Jailson Jos\u00e9 dos Santos<\/td>\n<td style=\"text-align: center\">Nato<br \/>\n(31\/05\/2028)<\/td>\n<\/tr>\n<tr>\n<td colspan=\"2\">\n<p style=\"text-align: center\">18<\/p>\n<\/td>\n<td><span style=\"font-weight: 400\">Dire\u00e7\u00e3o do <\/span><i><span style=\"font-weight: 400\">Campus<\/span><\/i><span style=\"font-weight: 400\"> Avan\u00e7ado<\/span> <span style=\"font-weight: 400\">de Patu<\/span><\/td>\n<td><span style=\"font-weight: 400\">Profa. Cl\u00e1udia Maria Fel\u00edcio Ferreira Tom\u00e9<\/span><\/td>\n<td style=\"text-align: center\"><span style=\"font-weight: 400\">Nato<br \/>\n<\/span><span style=\"font-weight: 400\">(04\/05\/2026)<\/span><\/td>\n<\/tr>\n<tr>\n<td colspan=\"2\">\n<p style=\"text-align: center\">19<\/p>\n<\/td>\n<td>Dire\u00e7\u00e3o do <i>Campus<\/i> Avan\u00e7ado de Natal<\/td>\n<td>Profa. Patr\u00edcia Moreira de Menezes<\/td>\n<td style=\"text-align: center\">Nato<br \/>\n(14\/12\/2028)<\/td>\n<\/tr>\n<tr>\n<td colspan=\"2\">\n<p style=\"text-align: center\">20<\/p>\n<\/td>\n<td><span style=\"font-weight: 400\">Dire\u00e7\u00e3o do <\/span><i><span style=\"font-weight: 400\">Campus<\/span><\/i><span style=\"font-weight: 400\"> Avan\u00e7ado de Caic\u00f3<\/span><\/td>\n<td><span style=\"font-weight: 400\">Prof. Jos\u00e9 Teixeira Neto <\/span><\/td>\n<td style=\"text-align: center\"><span style=\"font-weight: 400\">Nato<br \/>\n<\/span><span style=\"font-weight: 400\">(21\/07\/2029)<\/span><\/td>\n<\/tr>\n<tr>\n<td colspan=\"2\">\n<p style=\"text-align: center\">21<\/p>\n<\/td>\n<td><span style=\"font-weight: 400\">Presidente da Aduern<\/span><\/td>\n<td><span style=\"font-weight: 400\">Prof. Jefferson Garrido de Ara\u00fajo Neto<\/span><\/td>\n<td style=\"text-align: center\"><span style=\"font-weight: 400\">Nato<br \/>\n<\/span><span style=\"font-weight: 400\">(11\/09\/2027)<\/span><\/td>\n<\/tr>\n<tr>\n<td colspan=\"2\">\n<p style=\"text-align: center\">22<\/p>\n<\/td>\n<td>Representante dos Docentes<\/td>\n<td>Profa. J\u00e9ssica Neiva de Figueiredo Leite Ara\u00fajo<\/td>\n<td style=\"text-align: center\">03\/12\/2026<\/td>\n<\/tr>\n<tr>\n<td colspan=\"2\">\n<p style=\"text-align: center\">23<\/p>\n<\/td>\n<td>Representante dos Docentes<\/td>\n<td>Prof. Gutemberg Henrique Dias<\/td>\n<td style=\"text-align: center\">01\/07\/2027<\/td>\n<\/tr>\n<tr>\n<td colspan=\"2\">\n<p style=\"text-align: center\">24<\/p>\n<\/td>\n<td>Representante dos Docentes<\/td>\n<td>Prof. Jos\u00e9 Mairton Figueiredo de Fran\u00e7a<\/td>\n<td style=\"text-align: center\">03\/12\/2026<\/td>\n<\/tr>\n<tr>\n<td colspan=\"2\">\n<p style=\"text-align: center\">25<\/p>\n<\/td>\n<td>Representante dos Docentes<\/td>\n<td>Profa. Adriana Morais Jales (reconduzida)<\/td>\n<td style=\"text-align: center\">03\/12\/2026<\/td>\n<\/tr>\n<tr>\n<td colspan=\"2\">\n<p style=\"text-align: center\">26<\/p>\n<\/td>\n<td>Representante dos Docentes<\/td>\n<td>Profa. Ceres Germanna Braga Morais (reconduzida)<\/td>\n<td style=\"text-align: center\">03\/12\/2026<\/td>\n<\/tr>\n<tr>\n<td colspan=\"2\">\n<p style=\"text-align: center\">27<\/p>\n<\/td>\n<td>Representante dos Docentes<\/td>\n<td>Profa. Sirleyde Dias de Almeida<\/td>\n<td style=\"text-align: center\">13\/05\/2027<\/td>\n<\/tr>\n<tr>\n<td colspan=\"2\">\n<p style=\"text-align: center\">28<\/p>\n<\/td>\n<td>Representante dos Docentes<\/td>\n<td>Prof. Rosalvo Nobre Carneiro<\/td>\n<td style=\"text-align: center\">13\/05\/2027<\/td>\n<\/tr>\n<tr>\n<td colspan=\"2\">\n<p style=\"text-align: center\">29<\/p>\n<\/td>\n<td><span style=\"font-weight: 400\">Presidente do Sintauern<\/span><\/td>\n<td><span style=\"font-weight: 400\">TNS. Fabio Bentes Tavares de Melo<\/span><\/td>\n<td style=\"text-align: center\"><span style=\"font-weight: 400\">Nato<br \/>\n<\/span><span style=\"font-weight: 400\">(16\/10\/2027)<\/span><\/td>\n<\/tr>\n<tr>\n<td colspan=\"2\">\n<p style=\"text-align: center\">30<\/p>\n<\/td>\n<td>Representante dos T\u00e9cnico Administrativos<\/td>\n<td>TNM. Ana Ang\u00e9lica do Nascimento Nogueira (reconduzida)<\/td>\n<td style=\"text-align: center\">03\/12\/2026<\/td>\n<\/tr>\n<tr>\n<td colspan=\"2\">\n<p style=\"text-align: center\">31<\/p>\n<\/td>\n<td>Representante dos T\u00e9cnico Administrativos<\/td>\n<td>TNS. Ivana Soares Barros Celestino<\/td>\n<td style=\"text-align: center\">03\/12\/2026<\/td>\n<\/tr>\n<tr>\n<td colspan=\"2\">\n<p style=\"text-align: center\">32<\/p>\n<\/td>\n<td>Representante dos T\u00e9cnico Administrativos<\/td>\n<td>TNS. S\u00e9phora Edite Nogueira do Couto Borges<\/td>\n<td style=\"text-align: center\">03\/12\/2026<\/td>\n<\/tr>\n<tr>\n<td colspan=\"2\">\n<p style=\"text-align: center\">33<\/p>\n<\/td>\n<td>Representante dos T\u00e9cnico Administrativos<\/td>\n<td style=\"text-align: left\">TNS. Venaide Maia Dantas (reconduzida)<\/td>\n<td style=\"text-align: center\">03\/12\/2026<\/td>\n<\/tr>\n<tr>\n<td colspan=\"2\">\n<p style=\"text-align: center\"><strong>34<\/strong><\/p>\n<\/td>\n<td><strong>Presidente do DCE<\/strong><\/td>\n<td><strong>Disc. Aguardando elei\u00e7\u00e3o e posse\u00a0<\/strong><\/td>\n<td style=\"text-align: center\"><strong>Nato<\/strong><\/p>\n<p><strong>(xxxxxxx)<\/strong><\/td>\n<\/tr>\n<tr>\n<td colspan=\"2\">\n<p style=\"text-align: center\"><strong>35<\/strong><\/p>\n<\/td>\n<td><strong>Representante dos Discentes<\/strong><\/td>\n<td><strong>Disc. Aguardando elei\u00e7\u00e3o e posse\u00a0<\/strong><\/td>\n<td style=\"text-align: center\"><strong>x-x-x-x-x<\/strong><\/td>\n<\/tr>\n<tr>\n<td colspan=\"2\">\n<p style=\"text-align: center\">36<\/p>\n<\/td>\n<td><strong>R<\/strong>epresentante dos Discentes<\/td>\n<td>Disc. Jo\u00e3o Vitor De Almeida Lima<\/td>\n<td style=\"text-align: center\">14\/10\/2026<\/td>\n<\/tr>\n<tr>\n<td colspan=\"2\">\n<p style=\"text-align: center\">37<\/p>\n<\/td>\n<td><strong>Representante dos Discentes<\/strong><\/td>\n<td><strong>Disc. Clara Cauane Oliveira Silva<\/strong><\/td>\n<td style=\"text-align: center\"><strong>Falta tomar posse<\/strong><\/td>\n<\/tr>\n<tr>\n<td colspan=\"2\">\n<p style=\"text-align: center\">38<\/p>\n<\/td>\n<td><strong>Representante dos Discentes<\/strong><\/td>\n<td><strong>Aguardando elei\u00e7\u00e3o e posse\u00a0<\/strong><\/td>\n<td style=\"text-align: center\"><strong>x-x-x-x-x<\/strong><\/td>\n<\/tr>\n<tr>\n<td colspan=\"2\">\n<p style=\"text-align: center\">39<\/p>\n<\/td>\n<td>Representante da Comunidade<\/td>\n<td>Jos\u00e9 R\u00f4mulo Arnaud Am\u00e2ncio<\/td>\n<td style=\"text-align: center\">03\/12\/2026<\/td>\n<\/tr>\n<tr>\n<td colspan=\"2\">\n<p style=\"text-align: center\">40<\/p>\n<\/td>\n<td><b>Representante da Comunidade\u00a0<\/b><\/td>\n<td><b>Manoel de Freitas Nobre<\/b><\/td>\n<td style=\"text-align: center\"><b>Falta tomar posse<\/b><\/td>\n<\/tr>\n<\/tbody>\n<\/table>\n<p>&nbsp;<\/p>\n<table>\n<thead>\n<tr>\n<th>N\u00ba<\/th>\n<th>REPRESENTA\u00c7\u00c3O<\/th>\n<th>CONSELHEIROS SUPLENTES<\/th>\n<th>PER\u00cdODO DO MANDATO<\/th>\n<\/tr>\n<\/thead>\n<tbody>\n<tr>\n<td>\n<p style=\"text-align: center\">01<\/p>\n<\/td>\n<td>Pr\u00f3-Reitoria Adjunta de Ensino de Gradua\u00e7\u00e3o<\/td>\n<td>Prof. Rommel Wladimir de Lima<\/td>\n<td style=\"text-align: center\">Nato<br \/>\n(28\/09\/2029)<\/td>\n<\/tr>\n<tr>\n<td>\n<p style=\"text-align: center\">02<\/p>\n<\/td>\n<td>Pr\u00f3-Reitoria Adjunta de Pesquisa e P\u00f3s-Gradua\u00e7\u00e3o<\/td>\n<td>Prof. Cl\u00e1udio Lopes de Vasconcelos<\/td>\n<td style=\"text-align: center\">Nato<br \/>\n(28\/09\/2029)<\/td>\n<\/tr>\n<tr>\n<td>\n<p style=\"text-align: center\">03<\/p>\n<\/td>\n<td>Pr\u00f3-Reitoria Adjunta de Extens\u00e3o<\/td>\n<td>Profa. Am\u00e9lia Carolina Lopes Fernandes<\/td>\n<td style=\"text-align: center\">Nato<br \/>\n(28\/09\/2029)<\/td>\n<\/tr>\n<tr>\n<td>\n<p style=\"text-align: center\">04<\/p>\n<\/td>\n<td><span style=\"font-weight: 400\">Vice-Dire\u00e7\u00e3o da Facem<\/span><\/td>\n<td><span style=\"font-weight: 400\">Prof. S\u00e9rgio Luiz Pedrosa Silva<\/span><\/td>\n<td style=\"text-align: center\"><span style=\"font-weight: 400\">Nato<br \/>\n<\/span><span style=\"font-weight: 400\">(27\/06\/2026)<\/span><\/td>\n<\/tr>\n<tr>\n<td>\n<p style=\"text-align: center\">05<\/p>\n<\/td>\n<td>Vice- Dire\u00e7\u00e3o da Fasso<\/td>\n<td>Profa. Riv\u00e2nia L\u00facia Moura de Assise<\/td>\n<td style=\"text-align: center\">Nato<br \/>\n(30\/09\/2026)<\/td>\n<\/tr>\n<tr>\n<td>\n<p style=\"text-align: center\"><strong>06<\/strong><\/p>\n<\/td>\n<td><strong>Vice- Dire\u00e7\u00e3o da FE<\/strong><\/td>\n<td><strong>Aguardando nomea\u00e7\u00e3o e posse\u00a0<\/strong><\/td>\n<td style=\"text-align: center\"><strong>Nato<br \/>\n(x-x-x-x-x-x)<\/strong><\/td>\n<\/tr>\n<tr>\n<td>\n<p style=\"text-align: center\">07<\/p>\n<\/td>\n<td>Vice- Dire\u00e7\u00e3o da Fala<\/td>\n<td>Prof. Nilson Roberto Barros da Silva<\/td>\n<td style=\"text-align: center\">Nato<br \/>\n(02\/06\/2028)<\/td>\n<\/tr>\n<tr>\n<td>\n<p style=\"text-align: center\">08<\/p>\n<\/td>\n<td>Vice- Dire\u00e7\u00e3o da Faen<\/td>\n<td>Prof. Johny Carlos de Queiroz<\/td>\n<td style=\"text-align: center\">Nato<br \/>\n(10\/07\/2026)<\/td>\n<\/tr>\n<tr>\n<td>\n<p style=\"text-align: center\">09<\/p>\n<\/td>\n<td><span style=\"font-weight: 400\">Vice- Dire\u00e7\u00e3o da Faef<\/span><\/td>\n<td>Profa. Camila Ursulla Batista Carlos<\/td>\n<td style=\"text-align: center\"><span style=\"font-weight: 400\">Nato<br \/>\n<\/span><span style=\"font-weight: 400\">(22\/06\/2026)<\/span><\/td>\n<\/tr>\n<tr>\n<td>\n<p style=\"text-align: center\">10<\/p>\n<\/td>\n<td><span style=\"font-weight: 400\">Vice- Dire\u00e7\u00e3o da Fafic<\/span><\/td>\n<td><span style=\"font-weight: 400\">Prof. Jo\u00e3o Freire Rodrigues<\/span><\/td>\n<td style=\"text-align: center\"><span style=\"font-weight: 400\">Nato<br \/>\n<\/span><span style=\"font-weight: 400\">(26\/07\/2026)<\/span><\/td>\n<\/tr>\n<tr>\n<td>\n<p style=\"text-align: center\">11<\/p>\n<\/td>\n<td><span style=\"font-weight: 400\">Vice-Diretor da Fanat<\/span><\/td>\n<td><span style=\"font-weight: 400\">Profa. Ma\u00edsa Clari Farias Barbalho de Mendon\u00e7a<\/span><\/td>\n<td style=\"text-align: center\"><span style=\"font-weight: 400\">Nato<br \/>\n<\/span><span style=\"font-weight: 400\">(13\/05\/2028)<\/span><\/td>\n<\/tr>\n<tr>\n<td>\n<p style=\"text-align: center\">12<\/p>\n<\/td>\n<td><span style=\"font-weight: 400\">Vice- Dire\u00e7\u00e3o da FAD<\/span><\/td>\n<td><span style=\"font-weight: 400\">Profa. Elissandra Barbosa Fernandes Filgueira<\/span><\/td>\n<td style=\"text-align: center\"><span style=\"font-weight: 400\">Nato<br \/>\n<\/span><span style=\"font-weight: 400\">(31\/03\/2027)<\/span><\/td>\n<\/tr>\n<tr>\n<td>\n<p style=\"text-align: center\"><strong>13<\/strong><\/p>\n<\/td>\n<td><strong>Vice- Dire\u00e7\u00e3o da Facs<\/strong><\/td>\n<td><strong>Aguardando elei\u00e7\u00e3o, nomea\u00e7\u00e3o e posse\u00a0<\/strong><\/td>\n<td style=\"text-align: center\"><strong>Nato<br \/>\n(x-x-x-x-x-x)<\/strong><\/td>\n<\/tr>\n<tr>\n<td>\n<p style=\"text-align: center\">14<\/p>\n<\/td>\n<td><span style=\"font-weight: 400\">Vice- Dire\u00e7\u00e3o do <\/span><i><span style=\"font-weight: 400\">Campus<\/span><\/i><span style=\"font-weight: 400\"> Avan\u00e7ado de Assu<\/span><\/td>\n<td><span style=\"font-weight: 400\">Profa. Guianezza Mescherichia de G\u00f3is Saraiva Meira<\/span><\/td>\n<td style=\"text-align: center\"><span style=\"font-weight: 400\">Nato<br \/>\n<\/span><span style=\"font-weight: 400\">(01\/06\/2026)<\/span><\/td>\n<\/tr>\n<tr>\n<td>\n<p style=\"text-align: center\">15<\/p>\n<\/td>\n<td>Vice- Dire\u00e7\u00e3o do <i>Campus<\/i> Avan\u00e7ado de Pau dos Ferros<\/td>\n<td>Profa. Sidneia Maia de Oliveira Rego<\/td>\n<td style=\"text-align: center\">Nato<br \/>\n(31\/05\/2028)<\/td>\n<\/tr>\n<tr>\n<td>\n<p style=\"text-align: center\">16<\/p>\n<\/td>\n<td><span style=\"font-weight: 400\">Vice- Dire\u00e7\u00e3o do <\/span><i><span style=\"font-weight: 400\">Campus<\/span><\/i><span style=\"font-weight: 400\"> Avan\u00e7ado<\/span> <span style=\"font-weight: 400\">de Patu<\/span><\/td>\n<td><span style=\"font-weight: 400\">Prof. Benedito Manoel do Nascimento<\/span><\/td>\n<td style=\"text-align: center\">Nato<br \/>\n(04\/05\/2026)<\/td>\n<\/tr>\n<tr>\n<td>\n<p style=\"text-align: center\">17<\/p>\n<\/td>\n<td>Vice- Dire\u00e7\u00e3o do <i>Campus<\/i> Avan\u00e7ado de Natal<\/td>\n<td>Profa. Bartira Paragua\u00e7u Falc\u00e3o Dantas Rocha<\/td>\n<td style=\"text-align: center\">Nato<br \/>\n(14\/12\/2028)<\/td>\n<\/tr>\n<tr>\n<td>\n<p style=\"text-align: center\">18<\/p>\n<\/td>\n<td><span style=\"font-weight: 400\">Vice- Dire\u00e7\u00e3o do <\/span><i><span style=\"font-weight: 400\">Campus<\/span><\/i><span style=\"font-weight: 400\"> Avan\u00e7ado de Caic\u00f3<\/span><\/td>\n<td>Prof. Gl\u00e9cio Clemente de Ara\u00fajo Filho<\/td>\n<td style=\"text-align: center\"><span style=\"font-weight: 400\">Nato<br \/>\n<\/span><span style=\"font-weight: 400\">(21\/07\/2029)<\/span><\/td>\n<\/tr>\n<tr>\n<td>\n<p style=\"text-align: center\">19<\/p>\n<\/td>\n<td><span style=\"font-weight: 400\">Vice-Presidente da Aduern<\/span><\/td>\n<td><span style=\"font-weight: 400\">Profa. Magda Fabiana do Amaral Pereira Lima<\/span><\/td>\n<td style=\"text-align: center\"><span style=\"font-weight: 400\">Nato<br \/>\n<\/span><span style=\"font-weight: 400\">(11\/09\/2027)<\/span><\/td>\n<\/tr>\n<tr>\n<td>\n<p style=\"text-align: center\">20<\/p>\n<\/td>\n<td>Representante dos Docentes<\/td>\n<td>Prof. Francisco Chagas de Lima J\u00fanior<\/td>\n<td style=\"text-align: center\">14\/10\/2027<\/td>\n<\/tr>\n<tr>\n<td>\n<p style=\"text-align: center\">21<\/p>\n<\/td>\n<td>Representante dos Docentes<\/td>\n<td>Prof. Francisco Fabiano de Freitas Mendes<\/td>\n<td style=\"text-align: center\">14\/10\/2027<\/td>\n<\/tr>\n<tr>\n<td>\n<p style=\"text-align: center\">22<\/p>\n<\/td>\n<td>Representante dos Docentes<\/td>\n<td>Prof. Francisco Ramos Neves<\/td>\n<td style=\"text-align: center\">14\/10\/2027<\/td>\n<\/tr>\n<tr>\n<td>\n<p style=\"text-align: center\">23<\/p>\n<\/td>\n<td>Representante dos Docentes<\/td>\n<td>Prof. Jos\u00e9 Anselmo de Carvalho J\u00fanior<\/td>\n<td style=\"text-align: center\">14\/10\/2027<\/td>\n<\/tr>\n<tr>\n<td>\n<p style=\"text-align: center\"><strong>24<\/strong><\/p>\n<\/td>\n<td><strong>Representante dos Docentes<\/strong><\/td>\n<td><strong>Aguardando elei\u00e7\u00e3o e posse<\/strong><\/td>\n<td style=\"text-align: center\"><strong>x-x-x-x-x<\/strong><\/td>\n<\/tr>\n<tr>\n<td>\n<p style=\"text-align: center\"><strong>25<\/strong><\/p>\n<\/td>\n<td><strong>Representante dos Docentes<\/strong><\/td>\n<td><strong>Aguardando elei\u00e7\u00e3o e posse<\/strong><\/td>\n<td style=\"text-align: center\"><strong>x-x-x-x-x<\/strong><\/td>\n<\/tr>\n<tr>\n<td>\n<p style=\"text-align: center\"><strong>26<\/strong><\/p>\n<\/td>\n<td><strong>Representante dos Docentes<\/strong><\/td>\n<td><b>Aguardando elei\u00e7\u00e3o e posse<\/b><\/td>\n<td style=\"text-align: center\"><b>x-x-x-x-x<\/b><\/td>\n<\/tr>\n<tr>\n<td>\n<p style=\"text-align: center\">27<\/p>\n<\/td>\n<td><span style=\"font-weight: 400\">Vice-Presidente do Sintauern<\/span><\/td>\n<td><span style=\"font-weight: 400\">TNS. Marcela Karin Pereira Ribeiro<\/span><\/td>\n<td style=\"text-align: center\"><span style=\"font-weight: 400\">Nato<br \/>\n<\/span><span style=\"font-weight: 400\">(16\/10\/2027)<\/span><\/td>\n<\/tr>\n<tr>\n<td>\n<p style=\"text-align: center\">28<\/p>\n<\/td>\n<td>Representante dos T\u00e9cnico Administrativos<\/td>\n<td>TNS. N\u00e1dia Rog\u00e9ria de Morais<\/td>\n<td style=\"text-align: center\">03\/12\/2026<\/td>\n<\/tr>\n<tr>\n<td>\n<p style=\"text-align: center\">29<\/p>\n<\/td>\n<td>Representante dos T\u00e9cnico Administrativos<\/td>\n<td>TNS. Rodrigo Vicenti Medeiros Oliveira (reconduzido)<\/td>\n<td style=\"text-align: center\">03\/12\/2026<\/td>\n<\/tr>\n<tr>\n<td>\n<p style=\"text-align: center\">30<\/p>\n<\/td>\n<td>Representante dos T\u00e9cnico Administrativos<\/td>\n<td>T\u00e9c. Marcos Derby de Sousa Lima<\/td>\n<td style=\"text-align: center\">14\/10\/2027<\/td>\n<\/tr>\n<tr>\n<td>\n<p style=\"text-align: center\">31<\/p>\n<\/td>\n<td>Representante dos T\u00e9cnico Administrativos<\/td>\n<td>T\u00e9c. Jorge Luiz Medeiros da Costa<\/td>\n<td style=\"text-align: center\">14\/10\/2027<\/td>\n<\/tr>\n<tr>\n<td>\n<p style=\"text-align: center\"><strong>32<\/strong><\/p>\n<\/td>\n<td><strong>Vice-Presidente do DCE<\/strong><\/td>\n<td><strong>Aguardando elei\u00e7\u00e3o e posse<\/strong><\/td>\n<td style=\"text-align: center\"><strong>Nato<\/strong><\/p>\n<p><strong>(x-x-x-x-x)<\/strong><\/td>\n<\/tr>\n<tr>\n<td>\n<p style=\"text-align: center\">33<\/p>\n<\/td>\n<td><strong>Representante dos Discentes<\/strong><\/td>\n<td><strong>Aguardando elei\u00e7\u00e3o e posse<\/strong><\/td>\n<td style=\"text-align: center\"><strong>x-x-x-x-x<\/strong><\/td>\n<\/tr>\n<tr>\n<td>\n<p style=\"text-align: center\">34<\/p>\n<\/td>\n<td>Representante dos Discentes<\/td>\n<td>Disc. Sarah Let\u00edcia Paiva<\/td>\n<td style=\"text-align: center\">01\/07\/2026<\/td>\n<\/tr>\n<tr>\n<td>\n<p style=\"text-align: center\">35<\/p>\n<\/td>\n<td>Representante dos Discentes<\/td>\n<td>Disc. Davi Fernandes de Oliveira<\/td>\n<td style=\"text-align: center\">03\/12\/2025<\/td>\n<\/tr>\n<tr>\n<td>\n<p style=\"text-align: center\">36<\/p>\n<\/td>\n<td>Representante dos Discentes<\/td>\n<td>Disc. Jana\u00edna Emiliana dos Santos<\/td>\n<td style=\"text-align: center\">13\/05\/2026<\/td>\n<\/tr>\n<\/tbody>\n<\/table>\n<p>&nbsp;<\/p>\n","protected":false},"excerpt":{"rendered":"<p>Conselho Universit\u00e1rio (Consuni) \u00a0 \u00a0 \u00a0 \u00a0 \u00a0 \u00a0 \u00a0 \u00a0 \u00a0 \u00a0 \u00a0 \u00a0 \u00a0 \u00a0 \u00a0 \u00a0 \u00a0 \u00a0 \u00a0 \u00a0 \u00a0 \u00a0 \u00a0 \u00a0 \u00a0 \u00a0 \u00a0 \u00a0 \u00a0 \u00a0 \u00a0 \u00a0 \u00a0 \u00a0 \u00a0 \u00a0 \u00a0 \u00a0 \u00a0 \u00a0 \u00a0 \u00a0 \u00a0 \u00a0 \u00a0 \u00a0 \u00a0 \u00a0 \u00a0 \u00a0 \u00a0 \u00a0 [&hellip;]<\/p>\n","protected":false},"author":1,"featured_media":0,"parent":0,"menu_order":0,"comment_status":"closed","ping_status":"closed","template":"","meta":[],"_links":{"self":[{"href":"https:\/\/portal.uern.br\/conselhos\/wp-json\/wp\/v2\/pages\/100372"}],"collection":[{"href":"https:\/\/portal.uern.br\/conselhos\/wp-json\/wp\/v2\/pages"}],"about":[{"href":"https:\/\/portal.uern.br\/conselhos\/wp-json\/wp\/v2\/types\/page"}],"author":[{"embeddable":true,"href":"https:\/\/portal.uern.br\/conselhos\/wp-json\/wp\/v2\/users\/1"}],"replies":[{"embeddable":true,"href":"https:\/\/portal.uern.br\/conselhos\/wp-json\/wp\/v2\/comments?post=100372"}],"version-history":[{"count":36,"href":"https:\/\/portal.uern.br\/conselhos\/wp-json\/wp\/v2\/pages\/100372\/revisions"}],"predecessor-version":[{"id":100738,"href":"https:\/\/portal.uern.br\/conselhos\/wp-json\/wp\/v2\/pages\/100372\/revisions\/100738"}],"wp:attachment":[{"href":"https:\/\/portal.uern.br\/conselhos\/wp-json\/wp\/v2\/media?parent=100372"}],"curies":[{"name":"wp","href":"https:\/\/api.w.org\/{rel}","templated":true}]}}