{"id":100365,"date":"2024-06-07T09:22:22","date_gmt":"2024-06-07T12:22:22","guid":{"rendered":"https:\/\/portal.uern.br\/conselhos\/?page_id=100365"},"modified":"2025-06-24T16:44:41","modified_gmt":"2025-06-24T19:44:41","slug":"conselheiros-cc","status":"publish","type":"page","link":"https:\/\/portal.uern.br\/conselhos\/conselheiros-cc\/","title":{"rendered":"Conselheiros CC"},"content":{"rendered":"<p><b>CONSELHO CURADOR\u00a0<\/b><\/p>\n<p><b>Composi\u00e7\u00e3o\u00a0<\/b><\/p>\n<table>\n<tbody>\n<tr>\n<td style=\"text-align: center\"><b>N.\u00ba<\/b><\/td>\n<td style=\"text-align: center\"><b>REPRESENTA\u00c7\u00c3O<\/b><\/td>\n<td style=\"text-align: center\"><b>CONSELHEIROS TITULARES<\/b><\/td>\n<td style=\"text-align: center\"><b>PER\u00cdODO DO MANDATO<\/b><\/td>\n<\/tr>\n<tr>\n<td>\n<p style=\"text-align: center\">01<\/p>\n<\/td>\n<td><span style=\"font-weight: 400\">Representante do Governo do Estado<\/span><\/td>\n<td style=\"text-align: center\"><span style=\"font-weight: 400\">Tarc\u00edsio Da Silveira Barra<\/span><\/td>\n<td style=\"text-align: center\"><span style=\"font-weight: 400\">29\/08\/2025<\/span><\/td>\n<\/tr>\n<tr>\n<td>\n<p style=\"text-align: center\">02<\/p>\n<\/td>\n<td><span style=\"font-weight: 400\">Representante do Governo do Estado<\/span><\/td>\n<td style=\"text-align: center\"><span style=\"font-weight: 400\">Francisco Fabiano De Freitas Mendes<\/span><\/td>\n<td style=\"text-align: center\"><span style=\"font-weight: 400\">29\/08\/2025<\/span><\/td>\n<\/tr>\n<tr>\n<td>\n<p style=\"text-align: center\">03<\/p>\n<\/td>\n<td><span style=\"font-weight: 400\">Representante da Comunidade\u00a0<\/span><\/td>\n<td style=\"text-align: center\"><span style=\"font-weight: 400\">Francisco Vilmar Pereira<\/span><\/td>\n<td style=\"text-align: center\"><span style=\"font-weight: 400\">29\/08\/2025<\/span><\/td>\n<\/tr>\n<tr>\n<td>\n<p style=\"text-align: center\">04<\/p>\n<\/td>\n<td>Representante da Comunidade<\/td>\n<td style=\"text-align: center\">Nilson Brasil Leite<\/td>\n<td style=\"text-align: center\">26\/11\/2026<\/td>\n<\/tr>\n<tr>\n<td>\n<p style=\"text-align: center\">05<\/p>\n<\/td>\n<td><span style=\"font-weight: 400\">Representante da Comunidade\u00a0<\/span><\/td>\n<td style=\"text-align: center\"><span style=\"font-weight: 400\">Lu\u00eds Claudio Domotor<\/span><\/td>\n<td style=\"text-align: center\"><span style=\"font-weight: 400\">29\/08\/2025<\/span><\/td>\n<\/tr>\n<tr>\n<td>\n<p style=\"text-align: center\">06<\/p>\n<\/td>\n<td><span style=\"font-weight: 400\">Representante dos Docentes<\/span><\/td>\n<td style=\"text-align: center\"><span style=\"font-weight: 400\">Jos\u00e9 Sueldo C\u00e2mara Ferreira<\/span><\/td>\n<td style=\"text-align: center\"><span style=\"font-weight: 400\">29\/08\/2025<\/span><\/td>\n<\/tr>\n<tr>\n<td>\n<p style=\"text-align: center\">07<\/p>\n<\/td>\n<td><span style=\"font-weight: 400\">Representante dos Docentes<\/span><\/td>\n<td style=\"text-align: center\">\u00c1lvaro Marcos Pereira Lima<\/td>\n<td style=\"text-align: center\"><span style=\"font-weight: 400\">24\/06\/2027<\/span><\/td>\n<\/tr>\n<tr>\n<td>\n<p style=\"text-align: center\">08<\/p>\n<\/td>\n<td><span style=\"font-weight: 400\">Representante dos T\u00e9cnico-Administrativos\u00a0<\/span><\/td>\n<td style=\"text-align: center\">Carmem L\u00facia da Silva Sousa<\/td>\n<td style=\"text-align: center\"><span style=\"font-weight: 400\">24\/06\/2027<\/span><\/td>\n<\/tr>\n<tr>\n<td>\n<p style=\"text-align: center\">09<\/p>\n<\/td>\n<td><span style=\"font-weight: 400\">Representante dos T\u00e9cnico-Administrativos\u00a0<\/span><\/td>\n<td style=\"text-align: center\">Hugo Ferreira dos Santos<\/td>\n<td style=\"text-align: center\"><span style=\"font-weight: 400\">24\/06\/2027<\/span><\/td>\n<\/tr>\n<tr>\n<td style=\"text-align: center\">\n<p style=\"text-align: center\">10<\/p>\n<\/td>\n<td style=\"text-align: left\"><span style=\"font-weight: 400\">Representante dos Discentes<\/span><\/td>\n<td style=\"text-align: center\">Cindy Vit\u00f3ria Alves de Ara\u00fajo<\/td>\n<td style=\"text-align: center\"><span style=\"font-weight: 400\">24\/06\/2026<\/span><\/td>\n<\/tr>\n<\/tbody>\n<\/table>\n<p>&nbsp;<\/p>\n<table>\n<tbody>\n<tr>\n<td><b>N.\u00ba<\/b><\/td>\n<td style=\"text-align: center\"><b>REPRESENTA\u00c7\u00c3O<\/b><\/td>\n<td style=\"text-align: center\"><b>CONSELHEIROS SUPLENTES<\/b><\/td>\n<td style=\"text-align: center\"><b>PER\u00cdODO DO MANDATO<\/b><\/td>\n<\/tr>\n<tr>\n<td>\n<p style=\"text-align: center\">01<\/p>\n<\/td>\n<td><span style=\"font-weight: 400\">Representante do Governo do Estado<\/span><\/td>\n<td style=\"text-align: center\"><span style=\"font-weight: 400\">Wendson Dantas de Ara\u00fajo Medeiros<\/span><\/td>\n<td style=\"text-align: center\"><span style=\"font-weight: 400\">14\/11\/2025<\/span><\/td>\n<\/tr>\n<tr>\n<td><\/td>\n<td><span style=\"font-weight: 400\">Representante do Governo do Estado<\/span><\/td>\n<td style=\"text-align: center\"><span style=\"font-weight: 400\">Aguardando elei\u00e7\u00e3o e posse<\/span><\/td>\n<td style=\"text-align: center\"><span style=\"font-weight: 400\">x-x-x-x<\/span><\/td>\n<\/tr>\n<tr>\n<td>\n<p style=\"text-align: center\">03<\/p>\n<\/td>\n<td>\n<p style=\"text-align: left\"><span style=\"font-family: inherit;font-size: inherit\">Representante da Comunidade\u00a0<\/span><\/p>\n<\/td>\n<td style=\"text-align: center\">\u00a0<span style=\"font-weight: 400\">Pablo de Castro Santos<\/span><\/td>\n<td style=\"text-align: center\"><span style=\"font-weight: 400\">29\/08\/2025<\/span><\/td>\n<\/tr>\n<tr>\n<td>\n<p style=\"text-align: center\">04<\/p>\n<\/td>\n<td>\n<p style=\"text-align: left\"><span style=\"font-family: inherit;font-size: inherit\">Representante da Comunidade\u00a0<\/span><\/p>\n<\/td>\n<td style=\"text-align: center\"><span style=\"font-weight: 400\">Aguardando elei\u00e7\u00e3o e posse<\/span><\/td>\n<td style=\"text-align: center\"><span style=\"font-weight: 400\">x-x-x-x<\/span><\/td>\n<\/tr>\n<tr>\n<td>\n<p style=\"text-align: center\">05<\/p>\n<\/td>\n<td>\n<p style=\"text-align: left\"><span style=\"font-family: inherit;font-size: inherit\">Representante da Comunidade\u00a0<\/span><\/p>\n<\/td>\n<td style=\"text-align: center\"><span style=\"font-weight: 400\">Aguardando elei\u00e7\u00e3o e posse<\/span><\/td>\n<td style=\"text-align: center\"><span style=\"font-weight: 400\">x-x-x-x<\/span><\/td>\n<\/tr>\n<tr>\n<td>\n<p style=\"text-align: center\">06<\/p>\n<\/td>\n<td><span style=\"font-weight: 400\">Representante dos Docentes<\/span><\/td>\n<td style=\"text-align: center\"><span style=\"font-weight: 400\">Aguardando elei\u00e7\u00e3o e posse<\/span><\/td>\n<td style=\"text-align: center\"><span style=\"font-weight: 400\">x-x-x-x<\/span><\/td>\n<\/tr>\n<tr>\n<td>\n<p style=\"text-align: center\">07<\/p>\n<\/td>\n<td><span style=\"font-weight: 400\">Representante dos Docentes<\/span><\/td>\n<td style=\"text-align: center\"><span style=\"font-weight: 400\">Aguardando elei\u00e7\u00e3o e posse<\/span><\/td>\n<td style=\"text-align: center\"><span style=\"font-weight: 400\">x-x-x-x<\/span><\/td>\n<\/tr>\n<tr>\n<td>\n<p style=\"text-align: center\">08<\/p>\n<\/td>\n<td><span style=\"font-weight: 400\">Representante dos T\u00e9cnico-Administrativos<\/span><\/td>\n<td style=\"text-align: center\">Alan Max Torquato de Souza<\/td>\n<td style=\"text-align: center\"><span style=\"font-weight: 400\">24\/06\/2027<\/span><\/td>\n<\/tr>\n<tr>\n<td>\n<p style=\"text-align: center\">09<\/p>\n<\/td>\n<td><span style=\"font-weight: 400\">Representante dos T\u00e9cnico-Administrativos<\/span><\/td>\n<td style=\"text-align: center\">Lucas Moreira Rosado<\/td>\n<td style=\"text-align: center\"><span style=\"font-weight: 400\">24\/06\/2027<\/span><\/td>\n<\/tr>\n<tr>\n<td>\n<p style=\"text-align: center\">10<\/p>\n<\/td>\n<td><span style=\"font-weight: 400\">Representante dos Discentes\u00a0<\/span><\/td>\n<td style=\"text-align: center\">Rebeca de Sousa Fernandes<\/td>\n<td style=\"text-align: center\"><span style=\"font-weight: 400\">24\/06\/2026<\/span><\/td>\n<\/tr>\n<\/tbody>\n<\/table>\n<p>&nbsp;<\/p>\n","protected":false},"excerpt":{"rendered":"<p>CONSELHO CURADOR\u00a0 Composi\u00e7\u00e3o\u00a0 N.\u00ba REPRESENTA\u00c7\u00c3O CONSELHEIROS TITULARES PER\u00cdODO DO MANDATO 01 Representante do Governo do Estado Tarc\u00edsio Da Silveira Barra 29\/08\/2025 02 Representante do Governo do Estado Francisco Fabiano De Freitas Mendes 29\/08\/2025 03 Representante da Comunidade\u00a0 Francisco Vilmar Pereira 29\/08\/2025 04 Representante da Comunidade Nilson Brasil Leite 26\/11\/2026 05 Representante da Comunidade\u00a0 Lu\u00eds Claudio [&hellip;]<\/p>\n","protected":false},"author":1,"featured_media":0,"parent":0,"menu_order":0,"comment_status":"closed","ping_status":"closed","template":"","meta":[],"_links":{"self":[{"href":"https:\/\/portal.uern.br\/conselhos\/wp-json\/wp\/v2\/pages\/100365"}],"collection":[{"href":"https:\/\/portal.uern.br\/conselhos\/wp-json\/wp\/v2\/pages"}],"about":[{"href":"https:\/\/portal.uern.br\/conselhos\/wp-json\/wp\/v2\/types\/page"}],"author":[{"embeddable":true,"href":"https:\/\/portal.uern.br\/conselhos\/wp-json\/wp\/v2\/users\/1"}],"replies":[{"embeddable":true,"href":"https:\/\/portal.uern.br\/conselhos\/wp-json\/wp\/v2\/comments?post=100365"}],"version-history":[{"count":9,"href":"https:\/\/portal.uern.br\/conselhos\/wp-json\/wp\/v2\/pages\/100365\/revisions"}],"predecessor-version":[{"id":100596,"href":"https:\/\/portal.uern.br\/conselhos\/wp-json\/wp\/v2\/pages\/100365\/revisions\/100596"}],"wp:attachment":[{"href":"https:\/\/portal.uern.br\/conselhos\/wp-json\/wp\/v2\/media?parent=100365"}],"curies":[{"name":"wp","href":"https:\/\/api.w.org\/{rel}","templated":true}]}}