{"id":830,"date":"2023-06-19T14:19:49","date_gmt":"2023-06-19T17:19:49","guid":{"rendered":"https:\/\/portal.uern.br\/caico\/?page_id=830"},"modified":"2026-03-06T14:45:13","modified_gmt":"2026-03-06T17:45:13","slug":"apresentacao","status":"publish","type":"page","link":"https:\/\/portal.uern.br\/caico\/apresentacao\/","title":{"rendered":"Apresenta\u00e7\u00e3o"},"content":{"rendered":"<h5>Campus Avan\u00e7ado de Caic\u00f3<\/h5>\n<p>O Campus Avan\u00e7ado de Caic\u00f3 oferta os cursos de gradua\u00e7\u00e3o em Enfermagem (Bacharelado), Filosofia (Licenciatura) e Odontologia (Bacharelado), al\u00e9m do Mestrado Profissional em Filosofia-PROF-FILO e do Mestrado Profissional em Sa\u00fade da Fam\u00edlia-PROF-SA\u00daDE.<\/p>\n<p>Confira informa\u00e7\u00f5es do corpo docente dos professores deste Campus\u00a0<a href=\"https:\/\/portal.uern.br\/caico\/corpo-docente\/\">clicando aqui<\/a>.<\/p>\n<p>&nbsp;<\/p>\n<h5>Enfermagem<\/h5>\n<p>O curso de Enfermagem possui a modalidade de Bacharelado, ingresso anual no primeiro semestre letivo, com 36 (trinta e seis) vagas iniciais e funcionamento em turno integral (manh\u00e3 e tarde). A mais recente renova\u00e7\u00e3o do reconhecimento ocorreu em 2016 com o Decreto n\u00ba 26.352 de 15 de setembro de 2016, alcan\u00e7ando o conceito final 5 (cinco). No Exame Nacional de Desempenho de Estudantes \u2013 ENADE o curso atingiu as notas em 2013 e 2016 conceito 4 (quatro).<\/p>\n<p>Confira a p\u00e1gina do curso de Enfermagem\u00a0<a href=\"https:\/\/portal.uern.br\/caico\/den\/\">clicando aqui<\/a>.<\/p>\n<p>&nbsp;<\/p>\n<h5>Filosofia<\/h5>\n<p>O Curso de Filosofia oferece a habilita\u00e7\u00e3o em Licenciatura, com ingresso anual no primeiro semestre letivo, com 40 (quarenta) vagas iniciais e funcionamento no turno noturno. A mais recente renova\u00e7\u00e3o do reconhecimento foi oficializada a partir da publica\u00e7\u00e3o do Decreto N\u00ba 28.408, de 18 de outubro de 2018, conquistando conceito final 4,36. No Exame Nacional de Desempenho de Estudantes \u2013 ENADE o curso atingiu as notas em 2017 o conceito 2 (dois) e em 2022 o conceito 3 (tr\u00eas).<\/p>\n<p>Confira a p\u00e1gina do curso de Filosofia\u00a0<a href=\"http:\/\/caico.uern.br\/dfi\">clicando aqui<\/a>.<\/p>\n<p>Confira a matriz curricular do curso de Filosofia\u00a0<a href=\"https:\/\/portal.uern.br\/caico\/dfi\/matrizes-curriculares\/\">clicando aqui<\/a>.<\/p>\n<p>&nbsp;<\/p>\n<h5>Odontologia<\/h5>\n<p>O Curso de Odontologia d\u00e1-se na modalidade de Bacharelado, ingresso anual no segundo semestre letivo, com 20 (vinte) vagas iniciais e funcionamento em turno integral (manh\u00e3, tarde e noite). A mais recente renova\u00e7\u00e3o do reconhecimento foi oficializada com o Decreto Estadual n\u00ba 27.964\/2018, de 16 de maio de 2018, alcan\u00e7ando o conceito final 4,22 (quatro pontos e vinte e dois d\u00e9cimos). No Exame Nacional de Desempenho de Estudantes \u2013 ENADE o curso atingiu as notas em 2013, conceito 5 (cinco), em 2016, conceito 4 (quatro) e em 2019 conceito 4 (quatro).<\/p>\n<p>Confira a p\u00e1gina do curso de Odontologia\u00a0<a href=\"https:\/\/portal.uern.br\/caico\/do\/\">clicando aqui<\/a>.<\/p>\n","protected":false},"excerpt":{"rendered":"<p>Campus Avan\u00e7ado de Caic\u00f3 O Campus Avan\u00e7ado de Caic\u00f3 oferta os cursos de gradua\u00e7\u00e3o em Enfermagem (Bacharelado), Filosofia (Licenciatura) e Odontologia (Bacharelado), al\u00e9m do Mestrado Profissional em Filosofia-PROF-FILO e do Mestrado Profissional em Sa\u00fade da Fam\u00edlia-PROF-SA\u00daDE. Confira informa\u00e7\u00f5es do corpo docente dos professores deste Campus\u00a0clicando aqui. &nbsp; Enfermagem O curso de Enfermagem possui a modalidade [&hellip;]<\/p>\n","protected":false},"author":1,"featured_media":0,"parent":0,"menu_order":0,"comment_status":"closed","ping_status":"closed","template":"","meta":{"footnotes":""},"class_list":["post-830","page","type-page","status-publish","hentry"],"_links":{"self":[{"href":"https:\/\/portal.uern.br\/caico\/wp-json\/wp\/v2\/pages\/830","targetHints":{"allow":["GET"]}}],"collection":[{"href":"https:\/\/portal.uern.br\/caico\/wp-json\/wp\/v2\/pages"}],"about":[{"href":"https:\/\/portal.uern.br\/caico\/wp-json\/wp\/v2\/types\/page"}],"author":[{"embeddable":true,"href":"https:\/\/portal.uern.br\/caico\/wp-json\/wp\/v2\/users\/1"}],"replies":[{"embeddable":true,"href":"https:\/\/portal.uern.br\/caico\/wp-json\/wp\/v2\/comments?post=830"}],"version-history":[{"count":5,"href":"https:\/\/portal.uern.br\/caico\/wp-json\/wp\/v2\/pages\/830\/revisions"}],"predecessor-version":[{"id":1214,"href":"https:\/\/portal.uern.br\/caico\/wp-json\/wp\/v2\/pages\/830\/revisions\/1214"}],"wp:attachment":[{"href":"https:\/\/portal.uern.br\/caico\/wp-json\/wp\/v2\/media?parent=830"}],"curies":[{"name":"wp","href":"https:\/\/api.w.org\/{rel}","templated":true}]}}