{"id":223,"date":"2022-09-21T15:41:54","date_gmt":"2022-09-21T18:41:54","guid":{"rendered":"https:\/\/paisdemossoro.com.br\/wordpress\/caico\/?page_id=223"},"modified":"2026-03-06T14:39:10","modified_gmt":"2026-03-06T17:39:10","slug":"eventos","status":"publish","type":"page","link":"https:\/\/portal.uern.br\/caico\/eventos\/","title":{"rendered":"Eventos"},"content":{"rendered":"<ul>\n<li><strong>84\u00aa Semana Brasileira de Enfermagem da Universidade do Estado do Rio Grande do Norte\/UERN &#8211; Campus Caic\u00f3<\/strong><\/li>\n<\/ul>\n<p><a href=\"https:\/\/drive.google.com\/file\/d\/1V61KA5UBnBSYnqytthVjaQFKr3xmlTJ4\/view?usp=sharing\">Confer\u00eancia de Certificados<\/a><\/p>\n<ul>\n<li><strong>A UERN E OS DESAFIOS DO ENSINO REMOTO:\u00a0MEDIA\u00c7\u00c3O E (IN) FORMA\u00c7\u00c3O DID\u00c1TICO- PEDAG\u00d3GICA NA UNIVERSIDADE<\/strong><\/li>\n<\/ul>\n<p><a href=\"https:\/\/docs.google.com\/spreadsheets\/d\/1YYdEtaBLml5YzsSpbk3kz9GPt0jy8xqRoeLTFqPgtRI\/edit?usp=sharing\">Confer\u00eancia de Certificados<\/a><\/p>\n<ul>\n<li><strong>O que diz a *Ci\u00eancia sobre a covid-19, a cloroquina e a ivermectina?<\/strong><\/li>\n<\/ul>\n<p><a href=\"https:\/\/docs.google.com\/spreadsheets\/d\/1n4TgmoGYi73oucGCN5-yCyXeMy9gQrRBNZT75otMvgE\/edit?usp=sharing\">Confer\u00eancia de Certificados<\/a><\/p>\n<ul>\n<li><strong>Auto Avalia\u00e7\u00e3o: um instrumento de transforma\u00e7\u00f5es pessoais e institucionais<\/strong><\/li>\n<\/ul>\n<p><a href=\"https:\/\/docs.google.com\/spreadsheets\/d\/1Vt-YG_SZgWSWi-b0gt13u9KXY26iETzLcsG8LHjOoLA\/edit?usp=sharing\">Confer\u00eancia de Certificados<\/a><\/p>\n<ul>\n<li><strong>AULA MAGNA DE ABERTURA DE SEMESTRE DO DEPARTAMENTO DE FILOSOFIA &#8211; UERN &#8211; CAIC\u00d3\u00a0<\/strong><\/li>\n<\/ul>\n<p><a href=\"https:\/\/docs.google.com\/spreadsheets\/d\/1Lii-67ZWcbqqU-FNvALX6oEgO_uauUErFF62AW5LXno\/edit?usp=sharing\">Confer\u00eancia de Certificados<\/a><\/p>\n<ul>\n<li><strong>Fil\u00f3sofas que nos formam<\/strong><\/li>\n<\/ul>\n<p><a href=\"https:\/\/docs.google.com\/spreadsheets\/d\/1pjdHh0sWG-s4fcRC-oX61g0S0sxRWn861Si22A4OkyU\/edit?usp=sharing\">Confer\u00eancia de Certificados<\/a><\/p>\n<ul>\n<li><strong>UERN Socialmente Afrorrefer\u00eanciada: da luta \u00e0 Implementa\u00e7\u00e3o das Cotas \u00c9tnico-Raciais e da Comiss\u00e3o de Heteroidentifica\u00e7\u00e3o na Semana Pedag\u00f3gica 2021.1<\/strong><\/li>\n<\/ul>\n<p><a href=\"https:\/\/docs.google.com\/spreadsheets\/d\/1QzkOo_QdCoAWarAYc6wm9GRC0lqp4h1iHb0UAoaj8ak\/edit?usp=sharing\">Confer\u00eancia de Certificados<\/a><\/p>\n<ul>\n<li><strong>Encontro do Semestre Letivo 2021.1 (Enfermagem)<\/strong><\/li>\n<\/ul>\n<p><a href=\"https:\/\/docs.google.com\/spreadsheets\/d\/1LbmL7S_p5dJfuO-BPM4cTPV5FZUv8VDpmeBQtgVG1Ec\/edit?usp=sharing\">Confer\u00eancia de Certificados<\/a><\/p>\n<ul>\n<li><strong>Minicurso de atualiza\u00e7\u00e3o em feridas e curativos: A assist\u00eancia ao portador de feridas na cl\u00ednica m\u00e9dica do HRSTFF<\/strong><\/li>\n<\/ul>\n<p><a href=\"https:\/\/docs.google.com\/spreadsheets\/d\/1z4rlR92_-8R3s3bHzWRRAydQ8O8wJPgUlyW04Q8pGjM\/edit?usp=sharing\">Confer\u00eancia de Certificados<\/a><\/p>\n<ul>\n<li><strong>No\u00e7\u00f5es b\u00e1sicas de Atendimento Pr\u00e9-hospitalar em situa\u00e7\u00f5es de trauma<\/strong><\/li>\n<\/ul>\n<p>Confer\u00eancia de Certificados do curso de No\u00e7\u00f5es b\u00e1sicas dispon\u00edvel em breve! Para d\u00favidas imediatas entrar em<\/p>\n<p>contato com caico@uern.br<\/p>\n<ul>\n<li><strong>Certificados ELO UERN<\/strong>\n<ul>\n<li>Parte do certificados est\u00e1 publicada na p\u00e1gina do evento e possuem autentica\u00e7\u00e3o via documento no SEI: <a href=\"https:\/\/elouern.proex.uern.br\/certificados\">ELO Uern &#8211; Certificados<\/a><\/li>\n<\/ul>\n<\/li>\n<\/ul>\n<p>&nbsp;<\/p>\n","protected":false},"excerpt":{"rendered":"<p>84\u00aa Semana Brasileira de Enfermagem da Universidade do Estado do Rio Grande do Norte\/UERN &#8211; Campus Caic\u00f3 Confer\u00eancia de Certificados A UERN E OS DESAFIOS DO ENSINO REMOTO:\u00a0MEDIA\u00c7\u00c3O E (IN) FORMA\u00c7\u00c3O DID\u00c1TICO- PEDAG\u00d3GICA NA UNIVERSIDADE Confer\u00eancia de Certificados O que diz a *Ci\u00eancia sobre a covid-19, a cloroquina e a ivermectina? Confer\u00eancia de Certificados Auto [&hellip;]<\/p>\n","protected":false},"author":1,"featured_media":0,"parent":0,"menu_order":0,"comment_status":"closed","ping_status":"closed","template":"","meta":{"footnotes":""},"class_list":["post-223","page","type-page","status-publish","hentry"],"_links":{"self":[{"href":"https:\/\/portal.uern.br\/caico\/wp-json\/wp\/v2\/pages\/223","targetHints":{"allow":["GET"]}}],"collection":[{"href":"https:\/\/portal.uern.br\/caico\/wp-json\/wp\/v2\/pages"}],"about":[{"href":"https:\/\/portal.uern.br\/caico\/wp-json\/wp\/v2\/types\/page"}],"author":[{"embeddable":true,"href":"https:\/\/portal.uern.br\/caico\/wp-json\/wp\/v2\/users\/1"}],"replies":[{"embeddable":true,"href":"https:\/\/portal.uern.br\/caico\/wp-json\/wp\/v2\/comments?post=223"}],"version-history":[{"count":7,"href":"https:\/\/portal.uern.br\/caico\/wp-json\/wp\/v2\/pages\/223\/revisions"}],"predecessor-version":[{"id":1025,"href":"https:\/\/portal.uern.br\/caico\/wp-json\/wp\/v2\/pages\/223\/revisions\/1025"}],"wp:attachment":[{"href":"https:\/\/portal.uern.br\/caico\/wp-json\/wp\/v2\/media?parent=223"}],"curies":[{"name":"wp","href":"https:\/\/api.w.org\/{rel}","templated":true}]}}